{"id":506,"date":"2023-07-06T06:19:17","date_gmt":"2023-07-06T06:19:17","guid":{"rendered":"https:\/\/sushidaro.prelanzamiento.es\/?page_id=506"},"modified":"2024-01-17T11:37:12","modified_gmt":"2024-01-17T11:37:12","slug":"restaurante-sushi-sant-feliu-de-guixols","status":"publish","type":"page","link":"https:\/\/sushidaro.com\/fr\/restaurante-sushi-sant-feliu-de-guixols\/","title":{"rendered":"Restaurant de sushis Sant Feliu de Gu\u00edxols"},"content":{"rendered":"<div data-elementor-type=\"wp-page\" data-elementor-id=\"506\" class=\"elementor elementor-506\" data-elementor-post-type=\"page\">\n\t\t\t\t\t\t<section class=\"elementor-section elementor-top-section elementor-element elementor-element-8b148b9 elementor-section-full_width elementor-section-height-default elementor-section-height-default\" data-id=\"8b148b9\" data-element_type=\"section\" data-settings=\"{&quot;background_background&quot;:&quot;classic&quot;}\">\n\t\t\t\t\t\t<div class=\"elementor-container elementor-column-gap-default\">\n\t\t\t\t\t<div class=\"elementor-column elementor-col-100 elementor-top-column elementor-element elementor-element-75b2eeb\" data-id=\"75b2eeb\" data-element_type=\"column\">\n\t\t\t<div class=\"elementor-widget-wrap elementor-element-populated\">\n\t\t\t\t\t<div class=\"elementor-background-overlay\"><\/div>\n\t\t\t\t\t\t<section class=\"elementor-section elementor-inner-section elementor-element elementor-element-3175d79 elementor-section-boxed elementor-section-height-default elementor-section-height-default\" data-id=\"3175d79\" data-element_type=\"section\">\n\t\t\t\t\t\t<div class=\"elementor-container elementor-column-gap-default\">\n\t\t\t\t\t<div class=\"elementor-column elementor-col-100 elementor-inner-column elementor-element elementor-element-ebbbb55\" data-id=\"ebbbb55\" data-element_type=\"column\" data-settings=\"{&quot;background_background&quot;:&quot;classic&quot;}\">\n\t\t\t<div class=\"elementor-widget-wrap elementor-element-populated\">\n\t\t\t\t\t\t<div class=\"elementor-element elementor-element-25ae3df elementor-invisible elementor-widget elementor-widget-heading\" data-id=\"25ae3df\" data-element_type=\"widget\" data-settings=\"{&quot;_animation&quot;:&quot;fadeInUp&quot;}\" data-widget_type=\"heading.default\">\n\t\t\t\t<div class=\"elementor-widget-container\">\n\t\t\t\t\t<h3 class=\"elementor-heading-title elementor-size-default\">Restaurant de sushis Sant Feliu de Gu\u00edxols<\/h3>\t\t\t\t<\/div>\n\t\t\t\t<\/div>\n\t\t\t\t\t<\/div>\n\t\t<\/div>\n\t\t\t\t\t<\/div>\n\t\t<\/section>\n\t\t\t\t\t<\/div>\n\t\t<\/div>\n\t\t\t\t\t<\/div>\n\t\t<\/section>\n\t\t\t\t<section class=\"elementor-section elementor-top-section elementor-element elementor-element-4b88dc2d elementor-section-content-middle elementor-section-boxed elementor-section-height-default elementor-section-height-default\" data-id=\"4b88dc2d\" data-element_type=\"section\" data-settings=\"{&quot;background_background&quot;:&quot;classic&quot;}\">\n\t\t\t\t\t\t\t<div class=\"elementor-background-overlay\"><\/div>\n\t\t\t\t\t\t\t<div class=\"elementor-container elementor-column-gap-default\">\n\t\t\t\t\t<div class=\"elementor-column elementor-col-50 elementor-top-column elementor-element elementor-element-45a53d88 elementor-invisible\" data-id=\"45a53d88\" data-element_type=\"column\" data-settings=\"{&quot;animation&quot;:&quot;fadeInLeft&quot;}\">\n\t\t\t<div class=\"elementor-widget-wrap elementor-element-populated\">\n\t\t\t\t\t\t<div class=\"elementor-element elementor-element-7f783685 elementor-widget elementor-widget-text-editor\" data-id=\"7f783685\" data-element_type=\"widget\" data-widget_type=\"text-editor.default\">\n\t\t\t\t<div class=\"elementor-widget-container\">\n\t\t\t\t\t\t\t\t\t<p>Bienvenue chez Sushi d&#039;Aro : le meilleur restaurant de sushis de Sant Feliu de Gu\u00edxols !<\/p><p>D\u00e9couvrez une exp\u00e9rience culinaire exceptionnelle dans notre <strong>restaurant de sushis \u00e0 Sant Feliu de Gu\u00edxols. <\/strong>Chez Sushi d&#039;Aro, nous fusionnons la tradition japonaise avec des touches modernes pour vous proposer des plats exquis et uniques qui vous donneront envie de revenir encore et encore.<\/p><p>Notre <strong>restaurant de sushis dans Sant Feliu de Gu\u00edxols<\/strong> Il est connu pour son atmosph\u00e8re chaleureuse et \u00e9l\u00e9gante, parfaite pour profiter d&#039;un d\u00eener romantique, d&#039;un d\u00e9jeuner d&#039;affaires ou simplement d&#039;une soir\u00e9e amusante entre amis. Avec un emplacement privil\u00e9gi\u00e9 \u00e0 proximit\u00e9 du centre-ville, nous sommes la destination id\u00e9ale pour les amateurs de sushi et de saveurs japonaises authentiques.<\/p><p>Chez Sushi d&#039;Aro, nous sommes fiers d&#039;offrir une grande vari\u00e9t\u00e9 d&#039;options de sushis et de plats japonais pour tous les palais. Notre talentueuse \u00e9quipe de chefs utilise uniquement des ingr\u00e9dients frais et de haute qualit\u00e9 pour cr\u00e9er d&#039;authentiques chefs-d&#039;\u0153uvre culinaires qui raviront vos sens.<\/p><p>Que vous pr\u00e9f\u00e9riez les nigiri ou sashimis classiques, les rouleaux de sushi cr\u00e9atifs ou les d\u00e9licieux plats chauds comme le teriyaki ou le ramen, vous trouverez une vari\u00e9t\u00e9 d&#039;options sur notre menu. Notre objectif est de d\u00e9passer vos attentes et de vous offrir une exp\u00e9rience culinaire inoubliable.<\/p>\t\t\t\t\t\t\t\t<\/div>\n\t\t\t\t<\/div>\n\t\t\t\t<div class=\"elementor-element elementor-element-80b054a elementor-widget elementor-widget-image\" data-id=\"80b054a\" data-element_type=\"widget\" data-widget_type=\"image.default\">\n\t\t\t\t<div class=\"elementor-widget-container\">\n\t\t\t\t\t\t\t\t\t\t\t\t\t\t\t<img fetchpriority=\"high\" decoding=\"async\" width=\"1024\" height=\"724\" src=\"https:\/\/sushidaro.com\/wp-content\/uploads\/2024\/01\/Sushi-restaurante-1024x724.png\" class=\"attachment-large size-large wp-image-1172\" alt=\"Trabajador poniendo todos los sushis juntos para llevarlos a la mesa\" srcset=\"https:\/\/sushidaro.com\/wp-content\/uploads\/2024\/01\/Sushi-restaurante-1024x724.png 1024w, https:\/\/sushidaro.com\/wp-content\/uploads\/2024\/01\/Sushi-restaurante-300x212.png 300w, https:\/\/sushidaro.com\/wp-content\/uploads\/2024\/01\/Sushi-restaurante-768x543.png 768w, https:\/\/sushidaro.com\/wp-content\/uploads\/2024\/01\/Sushi-restaurante-1536x1086.png 1536w, https:\/\/sushidaro.com\/wp-content\/uploads\/2024\/01\/Sushi-restaurante-18x12.png 18w, https:\/\/sushidaro.com\/wp-content\/uploads\/2024\/01\/Sushi-restaurante.png 2000w\" sizes=\"(max-width: 1024px) 100vw, 1024px\" \/>\t\t\t\t\t\t\t\t\t\t\t\t\t\t\t<\/div>\n\t\t\t\t<\/div>\n\t\t\t\t<div class=\"elementor-element elementor-element-58e711d elementor-align-center elementor-widget elementor-widget-button\" data-id=\"58e711d\" data-element_type=\"widget\" data-widget_type=\"button.default\">\n\t\t\t\t<div class=\"elementor-widget-container\">\n\t\t\t\t\t\t\t\t\t<div class=\"elementor-button-wrapper\">\n\t\t\t\t\t<a class=\"elementor-button elementor-button-link elementor-size-sm\" href=\"https:\/\/sushidaro.com\/fr\/reservas-y-contacto\/\">\n\t\t\t\t\t\t<span class=\"elementor-button-content-wrapper\">\n\t\t\t\t\t\t\t\t\t<span class=\"elementor-button-text\">CONTACTEZ-NOUS<\/span>\n\t\t\t\t\t<\/span>\n\t\t\t\t\t<\/a>\n\t\t\t\t<\/div>\n\t\t\t\t\t\t\t\t<\/div>\n\t\t\t\t<\/div>\n\t\t\t\t<div class=\"elementor-element elementor-element-d19dba4 elementor-widget elementor-widget-text-editor\" data-id=\"d19dba4\" data-element_type=\"widget\" data-widget_type=\"text-editor.default\">\n\t\t\t\t<div class=\"elementor-widget-container\">\n\t\t\t\t\t\t\t\t\t<p style=\"text-align: justify;\">En plus de l&#039;excellente nourriture, dans notre\u00a0<strong>restaurant de sushis dans Sant Feliu de Gu\u00edxols<\/strong>\u00a0Nous offrons \u00e9galement un service impeccable. Notre personnel amical et attentif se fera un plaisir de vous guider \u00e0 travers le menu, de vous recommander des plats et de s&#039;assurer que vous disposez de tout ce dont vous avez besoin pour profiter pleinement de votre visite.<\/p><p style=\"text-align: justify;\">Ne manquez pas l&#039;occasion de go\u00fbter nos plats sp\u00e9ciaux, soigneusement s\u00e9lectionn\u00e9s par nos chefs. Nous proposons \u00e9galement des options v\u00e9g\u00e9tariennes et v\u00e9g\u00e9taliennes pour ceux qui pr\u00e9f\u00e8rent un r\u00e9gime \u00e0 base de plantes.<\/p><p style=\"text-align: justify;\">\u00cates-vous pr\u00eat \u00e0 vous lancer dans un voyage gastronomique plein de saveurs authentiques et surprenantes ? Chez Sushi d&#039;Aro, le meilleur\u00a0<strong>restaurant de sushis dans Sant Feliu de Gu\u00edxols<\/strong>, nous vous invitons \u00e0 explorer un monde de d\u00e9lices japonais qui raviront m\u00eame les palais les plus exigeants.<\/p><p style=\"text-align: justify;\">Notre restaurant est strat\u00e9giquement situ\u00e9 dans le charmant Sant Feliu de Gu\u00edxols, entour\u00e9 de belles plages et de paysages impressionnants. D\u00e8s votre arriv\u00e9e dans nos installations, vous serez accueillis avec un accueil chaleureux et une ambiance cosy qui vous transportera directement au Japon.<\/p><p style=\"text-align: justify;\">Bref, si vous recherchez un restaurant de sushi \u00e0 Sant Feliu de Gu\u00edxols qui offre une exp\u00e9rience culinaire exceptionnelle, une ambiance chaleureuse et un service de qualit\u00e9, Sushi d&#039;Aro est le choix parfait. Venez vous laisser emporter par les saveurs exquises du Japon au c\u0153ur de Sant Feliu de Gu\u00edxols.<\/p><p style=\"text-align: justify;\">R\u00e9servez votre table d\u00e8s maintenant chez Sushi d&#039;Aro et d\u00e9couvrez pourquoi nous sommes le restaurant de sushi le plus populaire de Sant Feliu de Gu\u00edxols !<\/p>\t\t\t\t\t\t\t\t<\/div>\n\t\t\t\t<\/div>\n\t\t\t\t\t<\/div>\n\t\t<\/div>\n\t\t\t\t<div class=\"elementor-column elementor-col-50 elementor-top-column elementor-element elementor-element-74719e3 elementor-invisible\" data-id=\"74719e3\" data-element_type=\"column\" data-settings=\"{&quot;animation&quot;:&quot;fadeInLeft&quot;}\">\n\t\t\t<div class=\"elementor-widget-wrap elementor-element-populated\">\n\t\t\t\t\t\t<section class=\"elementor-section elementor-inner-section elementor-element elementor-element-f5d5b0e elementor-section-boxed elementor-section-height-default elementor-section-height-default\" data-id=\"f5d5b0e\" data-element_type=\"section\" data-settings=\"{&quot;background_background&quot;:&quot;classic&quot;}\">\n\t\t\t\t\t\t<div class=\"elementor-container elementor-column-gap-default\">\n\t\t\t\t\t<div class=\"elementor-column elementor-col-100 elementor-inner-column elementor-element elementor-element-a9ae017\" data-id=\"a9ae017\" data-element_type=\"column\">\n\t\t\t<div class=\"elementor-widget-wrap elementor-element-populated\">\n\t\t\t\t\t\t<div class=\"elementor-element elementor-element-108db37 elementor-widget elementor-widget-heading\" data-id=\"108db37\" data-element_type=\"widget\" data-widget_type=\"heading.default\">\n\t\t\t\t<div class=\"elementor-widget-container\">\n\t\t\t\t\t<h2 class=\"elementor-heading-title elementor-size-default\">Contactez-nous<\/h2>\t\t\t\t<\/div>\n\t\t\t\t<\/div>\n\t\t\t\t<div class=\"elementor-element elementor-element-edcf080 elementor-button-align-stretch elementor-widget elementor-widget-form\" data-id=\"edcf080\" data-element_type=\"widget\" data-settings=\"{&quot;step_next_label&quot;:&quot;Next&quot;,&quot;step_previous_label&quot;:&quot;Previous&quot;,&quot;button_width&quot;:&quot;100&quot;,&quot;step_type&quot;:&quot;number_text&quot;,&quot;step_icon_shape&quot;:&quot;circle&quot;}\" data-widget_type=\"form.default\">\n\t\t\t\t<div class=\"elementor-widget-container\">\n\t\t\t\t\t\t\t<form class=\"elementor-form\" method=\"post\" name=\"New Form\" aria-label=\"Nouveau formulaire\" action=\"\">\n\t\t\t<input type=\"hidden\" name=\"post_id\" value=\"506\"\/>\n\t\t\t<input type=\"hidden\" name=\"form_id\" value=\"edcf080\"\/>\n\t\t\t<input type=\"hidden\" name=\"referer_title\" value=\"Sushi d&#039;Aro \u2013 Sushi Restaurant Platja d&#039;Aro\" \/>\n\n\t\t\t\n\t\t\t<div class=\"elementor-form-fields-wrapper elementor-labels-above\">\n\t\t\t\t\t\t\t\t<div class=\"elementor-field-type-text elementor-field-group elementor-column elementor-field-group-name elementor-col-100 elementor-field-required\">\n\t\t\t\t\t\t\t\t\t\t\t\t<label for=\"form-field-name\" class=\"elementor-field-label\">\n\t\t\t\t\t\t\t\tnom\t\t\t\t\t\t\t<\/label>\n\t\t\t\t\t\t\t\t\t\t\t\t\t\t<input size=\"1\" type=\"text\" name=\"form_fields[name]\" id=\"form-field-name\" class=\"elementor-field elementor-size-sm  elementor-field-textual\" placeholder=\"nom\" required=\"required\">\n\t\t\t\t\t\t\t\t\t\t\t<\/div>\n\t\t\t\t\t\t\t\t<div class=\"elementor-field-type-tel elementor-field-group elementor-column elementor-field-group-field_109e067 elementor-col-100 elementor-field-required\">\n\t\t\t\t\t\t\t\t\t\t\t\t<label for=\"form-field-field_109e067\" class=\"elementor-field-label\">\n\t\t\t\t\t\t\t\tT\u00e9l\u00e9phone\t\t\t\t\t\t\t<\/label>\n\t\t\t\t\t\t\t\t<input size=\"1\" type=\"tel\" name=\"form_fields[field_109e067]\" id=\"form-field-field_109e067\" class=\"elementor-field elementor-size-sm  elementor-field-textual\" placeholder=\"T\u00e9l\u00e9phone\" required=\"required\" pattern=\"[0-9()#&amp;+*-=.]+\" title=\"Only numbers and phone characters (#, -, *, etc) are accepted.\">\n\n\t\t\t\t\t\t<\/div>\n\t\t\t\t\t\t\t\t<div class=\"elementor-field-type-email elementor-field-group elementor-column elementor-field-group-email elementor-col-100 elementor-field-required\">\n\t\t\t\t\t\t\t\t\t\t\t\t<label for=\"form-field-email\" class=\"elementor-field-label\">\n\t\t\t\t\t\t\t\tE-mail\t\t\t\t\t\t\t<\/label>\n\t\t\t\t\t\t\t\t\t\t\t\t\t\t<input size=\"1\" type=\"email\" name=\"form_fields[email]\" id=\"form-field-email\" class=\"elementor-field elementor-size-sm  elementor-field-textual\" placeholder=\"E-mail\" required=\"required\">\n\t\t\t\t\t\t\t\t\t\t\t<\/div>\n\t\t\t\t\t\t\t\t<div class=\"elementor-field-type-textarea elementor-field-group elementor-column elementor-field-group-message elementor-col-100 elementor-field-required\">\n\t\t\t\t\t\t\t\t\t\t\t\t<label for=\"form-field-message\" class=\"elementor-field-label\">\n\t\t\t\t\t\t\t\tMessage ou demande\t\t\t\t\t\t\t<\/label>\n\t\t\t\t\t\t<textarea class=\"elementor-field-textual elementor-field  elementor-size-sm\" name=\"form_fields[message]\" id=\"form-field-message\" rows=\"4\" placeholder=\"Message ou demande\" required=\"required\"><\/textarea>\t\t\t\t<\/div>\n\t\t\t\t\t\t\t\t<div class=\"elementor-field-type-acceptance elementor-field-group elementor-column elementor-field-group-field_b102615 elementor-col-100 elementor-field-required\">\n\t\t\t\t\t\t\t<div class=\"elementor-field-subgroup\">\n\t\t\t<span class=\"elementor-field-option\">\n\t\t\t\t<input type=\"checkbox\" name=\"form_fields[field_b102615]\" id=\"form-field-field_b102615\" class=\"elementor-field elementor-size-sm  elementor-acceptance-field\" required=\"required\">\n\t\t\t\t<label for=\"form-field-field_b102615\">J&#039;ai lu et j&#039;accepte les <a href=\"https:\/\/sushidaro.com\/fr\/politica-de-privacidad\/\">Politique de confidentialit\u00e9.<\/a><\/label>\t\t\t<\/span>\n\t\t<\/div>\n\t\t\t\t\t\t<\/div>\n\t\t\t\t\t\t\t\t<div class=\"elementor-field-type-recaptcha_v3 elementor-field-group elementor-column elementor-field-group-field_555b85b elementor-col-100 recaptcha_v3-bottomleft\">\n\t\t\t\t\t<div class=\"elementor-field\" id=\"form-field-field_555b85b\"><div class=\"elementor-g-recaptcha\" data-sitekey=\"6LdKulsnAAAAAGT8Zgn4YkmpCobtOxGFwVt-iHnC\" data-type=\"v3\" data-action=\"Form\" data-badge=\"bottomleft\" data-size=\"invisible\"><\/div><\/div>\t\t\t\t<\/div>\n\t\t\t\t\t\t\t\t<div class=\"elementor-field-group elementor-column elementor-field-type-submit elementor-col-100 e-form__buttons\">\n\t\t\t\t\t<button class=\"elementor-button elementor-size-sm\" type=\"submit\">\n\t\t\t\t\t\t<span class=\"elementor-button-content-wrapper\">\n\t\t\t\t\t\t\t\t\t\t\t\t\t\t\t\t\t\t\t\t\t\t<span class=\"elementor-button-text\">ENVOYER<\/span>\n\t\t\t\t\t\t\t\t\t\t\t\t\t<\/span>\n\t\t\t\t\t<\/button>\n\t\t\t\t<\/div>\n\t\t\t<\/div>\n\t\t<input type=\"hidden\" name=\"trp-form-language\" value=\"fr\"\/><\/form>\n\t\t\t\t\t\t<\/div>\n\t\t\t\t<\/div>\n\t\t\t\t\t<\/div>\n\t\t<\/div>\n\t\t\t\t\t<\/div>\n\t\t<\/section>\n\t\t\t\t\t<\/div>\n\t\t<\/div>\n\t\t\t\t\t<\/div>\n\t\t<\/section>\n\t\t\t\t<\/div>","protected":false},"excerpt":{"rendered":"<p>\u00a1Bienvenido a Sushi d&#8217;Aro: el mejor restaurante de sushi en Sant Feliu de Gu\u00edxols! Descubre una experiencia culinaria excepcional en nuestro restaurante de sushi en Sant Feliu de Gu\u00edxols. En Sushi d&#8217;Aro, fusionamos la tradici\u00f3n japonesa con toques modernos para ofrecerte platos exquisitos y \u00fanicos que te dejar\u00e1n con ganas de volver una y otra&hellip;&nbsp;<a href=\"https:\/\/sushidaro.com\/fr\/restaurante-sushi-sant-feliu-de-guixols\/\" rel=\"bookmark\"><span class=\"screen-reader-text\">Restaurant de sushis Sant Feliu de Gu\u00edxols<\/span><\/a><\/p>","protected":false},"author":1,"featured_media":0,"parent":0,"menu_order":0,"comment_status":"closed","ping_status":"closed","template":"page-templates\/template-pagebuilder-full-width.php","meta":{"neve_meta_sidebar":"","neve_meta_container":"","neve_meta_enable_content_width":"off","neve_meta_content_width":100,"neve_meta_title_alignment":"","neve_meta_author_avatar":"","neve_post_elements_order":"","neve_meta_disable_header":"","neve_meta_disable_footer":"","neve_meta_disable_title":"","footnotes":""},"class_list":["post-506","page","type-page","status-publish","hentry"],"yoast_head":"<!-- This site is optimized with the Yoast SEO plugin v25.3.1 - https:\/\/yoast.com\/wordpress\/plugins\/seo\/ -->\n<title>Restaurante sushi Sant Feliu de Gu\u00edxols - Sushi d&#039;Aro \u2013 Sushi Restaurant Platja d&#039;Aro<\/title>\n<meta name=\"robots\" content=\"index, follow, max-snippet:-1, max-image-preview:large, max-video-preview:-1\" \/>\n<link rel=\"canonical\" href=\"https:\/\/sushidaro.com\/fr\/restaurante-sushi-sant-feliu-de-guixols\/\" \/>\n<meta property=\"og:locale\" content=\"fr_FR\" \/>\n<meta property=\"og:type\" content=\"article\" \/>\n<meta property=\"og:title\" content=\"Restaurante sushi Sant Feliu de Gu\u00edxols - Sushi d&#039;Aro \u2013 Sushi Restaurant Platja d&#039;Aro\" \/>\n<meta property=\"og:description\" content=\"\u00a1Bienvenido a Sushi d&#8217;Aro: el mejor restaurante de sushi en Sant Feliu de Gu\u00edxols! Descubre una experiencia culinaria excepcional en nuestro restaurante de sushi en Sant Feliu de Gu\u00edxols. En Sushi d&#8217;Aro, fusionamos la tradici\u00f3n japonesa con toques modernos para ofrecerte platos exquisitos y \u00fanicos que te dejar\u00e1n con ganas de volver una y otra&hellip;&nbsp;Restaurante sushi Sant Feliu de Gu\u00edxols\" \/>\n<meta property=\"og:url\" content=\"https:\/\/sushidaro.com\/fr\/restaurante-sushi-sant-feliu-de-guixols\/\" \/>\n<meta property=\"og:site_name\" content=\"Sushi d&#039;Aro \u2013 Sushi Restaurant Platja d&#039;Aro\" \/>\n<meta property=\"article:modified_time\" content=\"2024-01-17T11:37:12+00:00\" \/>\n<meta property=\"og:image\" content=\"https:\/\/sushidaro.com\/wp-content\/uploads\/2024\/01\/Sushi-restaurante-1024x724.png\" \/>\n<meta name=\"twitter:card\" content=\"summary_large_image\" \/>\n<meta name=\"twitter:label1\" content=\"Dur\u00e9e de lecture estim\u00e9e\" \/>\n\t<meta name=\"twitter:data1\" content=\"3 minutes\" \/>\n<script type=\"application\/ld+json\" class=\"yoast-schema-graph\">{\"@context\":\"https:\/\/schema.org\",\"@graph\":[{\"@type\":\"WebPage\",\"@id\":\"https:\/\/sushidaro.com\/restaurante-sushi-sant-feliu-de-guixols\/\",\"url\":\"https:\/\/sushidaro.com\/restaurante-sushi-sant-feliu-de-guixols\/\",\"name\":\"Restaurante sushi Sant Feliu de Gu\u00edxols - Sushi d&#039;Aro \u2013 Sushi Restaurant Platja d&#039;Aro\",\"isPartOf\":{\"@id\":\"https:\/\/sushidaro.com\/#website\"},\"primaryImageOfPage\":{\"@id\":\"https:\/\/sushidaro.com\/restaurante-sushi-sant-feliu-de-guixols\/#primaryimage\"},\"image\":{\"@id\":\"https:\/\/sushidaro.com\/restaurante-sushi-sant-feliu-de-guixols\/#primaryimage\"},\"thumbnailUrl\":\"https:\/\/sushidaro.com\/wp-content\/uploads\/2024\/01\/Sushi-restaurante-1024x724.png\",\"datePublished\":\"2023-07-06T06:19:17+00:00\",\"dateModified\":\"2024-01-17T11:37:12+00:00\",\"breadcrumb\":{\"@id\":\"https:\/\/sushidaro.com\/restaurante-sushi-sant-feliu-de-guixols\/#breadcrumb\"},\"inLanguage\":\"fr-FR\",\"potentialAction\":[{\"@type\":\"ReadAction\",\"target\":[\"https:\/\/sushidaro.com\/restaurante-sushi-sant-feliu-de-guixols\/\"]}]},{\"@type\":\"ImageObject\",\"inLanguage\":\"fr-FR\",\"@id\":\"https:\/\/sushidaro.com\/restaurante-sushi-sant-feliu-de-guixols\/#primaryimage\",\"url\":\"https:\/\/sushidaro.com\/wp-content\/uploads\/2024\/01\/Sushi-restaurante-1024x724.png\",\"contentUrl\":\"https:\/\/sushidaro.com\/wp-content\/uploads\/2024\/01\/Sushi-restaurante-1024x724.png\"},{\"@type\":\"BreadcrumbList\",\"@id\":\"https:\/\/sushidaro.com\/restaurante-sushi-sant-feliu-de-guixols\/#breadcrumb\",\"itemListElement\":[{\"@type\":\"ListItem\",\"position\":1,\"name\":\"Portada\",\"item\":\"https:\/\/sushidaro.com\/\"},{\"@type\":\"ListItem\",\"position\":2,\"name\":\"Restaurante sushi Sant Feliu de Gu\u00edxols\"}]},{\"@type\":\"WebSite\",\"@id\":\"https:\/\/sushidaro.com\/#website\",\"url\":\"https:\/\/sushidaro.com\/\",\"name\":\"Sushi d&#039;Aro \u2013 Sushi Restaurant Platja d&#039;Aro\",\"description\":\"Restaurante de Sushi en Girona\",\"potentialAction\":[{\"@type\":\"SearchAction\",\"target\":{\"@type\":\"EntryPoint\",\"urlTemplate\":\"https:\/\/sushidaro.com\/?s={search_term_string}\"},\"query-input\":{\"@type\":\"PropertyValueSpecification\",\"valueRequired\":true,\"valueName\":\"search_term_string\"}}],\"inLanguage\":\"fr-FR\"}]}<\/script>\n<!-- \/ Yoast SEO plugin. -->","yoast_head_json":{"title":"Restaurante sushi Sant Feliu de Gu\u00edxols - Sushi d&#039;Aro \u2013 Sushi Restaurant Platja d&#039;Aro","robots":{"index":"index","follow":"follow","max-snippet":"max-snippet:-1","max-image-preview":"max-image-preview:large","max-video-preview":"max-video-preview:-1"},"canonical":"https:\/\/sushidaro.com\/fr\/restaurante-sushi-sant-feliu-de-guixols\/","og_locale":"fr_FR","og_type":"article","og_title":"Restaurante sushi Sant Feliu de Gu\u00edxols - Sushi d&#039;Aro \u2013 Sushi Restaurant Platja d&#039;Aro","og_description":"\u00a1Bienvenido a Sushi d&#8217;Aro: el mejor restaurante de sushi en Sant Feliu de Gu\u00edxols! Descubre una experiencia culinaria excepcional en nuestro restaurante de sushi en Sant Feliu de Gu\u00edxols. En Sushi d&#8217;Aro, fusionamos la tradici\u00f3n japonesa con toques modernos para ofrecerte platos exquisitos y \u00fanicos que te dejar\u00e1n con ganas de volver una y otra&hellip;&nbsp;Restaurante sushi Sant Feliu de Gu\u00edxols","og_url":"https:\/\/sushidaro.com\/fr\/restaurante-sushi-sant-feliu-de-guixols\/","og_site_name":"Sushi d&#039;Aro \u2013 Sushi Restaurant Platja d&#039;Aro","article_modified_time":"2024-01-17T11:37:12+00:00","og_image":[{"url":"https:\/\/sushidaro.com\/wp-content\/uploads\/2024\/01\/Sushi-restaurante-1024x724.png","type":"","width":"","height":""}],"twitter_card":"summary_large_image","twitter_misc":{"Dur\u00e9e de lecture estim\u00e9e":"3 minutes"},"schema":{"@context":"https:\/\/schema.org","@graph":[{"@type":"WebPage","@id":"https:\/\/sushidaro.com\/restaurante-sushi-sant-feliu-de-guixols\/","url":"https:\/\/sushidaro.com\/restaurante-sushi-sant-feliu-de-guixols\/","name":"Restaurante sushi Sant Feliu de Gu\u00edxols - Sushi d&#039;Aro \u2013 Sushi Restaurant Platja d&#039;Aro","isPartOf":{"@id":"https:\/\/sushidaro.com\/#website"},"primaryImageOfPage":{"@id":"https:\/\/sushidaro.com\/restaurante-sushi-sant-feliu-de-guixols\/#primaryimage"},"image":{"@id":"https:\/\/sushidaro.com\/restaurante-sushi-sant-feliu-de-guixols\/#primaryimage"},"thumbnailUrl":"https:\/\/sushidaro.com\/wp-content\/uploads\/2024\/01\/Sushi-restaurante-1024x724.png","datePublished":"2023-07-06T06:19:17+00:00","dateModified":"2024-01-17T11:37:12+00:00","breadcrumb":{"@id":"https:\/\/sushidaro.com\/restaurante-sushi-sant-feliu-de-guixols\/#breadcrumb"},"inLanguage":"fr-FR","potentialAction":[{"@type":"ReadAction","target":["https:\/\/sushidaro.com\/restaurante-sushi-sant-feliu-de-guixols\/"]}]},{"@type":"ImageObject","inLanguage":"fr-FR","@id":"https:\/\/sushidaro.com\/restaurante-sushi-sant-feliu-de-guixols\/#primaryimage","url":"https:\/\/sushidaro.com\/wp-content\/uploads\/2024\/01\/Sushi-restaurante-1024x724.png","contentUrl":"https:\/\/sushidaro.com\/wp-content\/uploads\/2024\/01\/Sushi-restaurante-1024x724.png"},{"@type":"BreadcrumbList","@id":"https:\/\/sushidaro.com\/restaurante-sushi-sant-feliu-de-guixols\/#breadcrumb","itemListElement":[{"@type":"ListItem","position":1,"name":"Portada","item":"https:\/\/sushidaro.com\/"},{"@type":"ListItem","position":2,"name":"Restaurante sushi Sant Feliu de Gu\u00edxols"}]},{"@type":"WebSite","@id":"https:\/\/sushidaro.com\/#website","url":"https:\/\/sushidaro.com\/","name":"Sushi d&#039;Aro \u2013 Sushi Restaurant Platja d&#039;Aro","description":"Restaurante de Sushi en Girona","potentialAction":[{"@type":"SearchAction","target":{"@type":"EntryPoint","urlTemplate":"https:\/\/sushidaro.com\/?s={search_term_string}"},"query-input":{"@type":"PropertyValueSpecification","valueRequired":true,"valueName":"search_term_string"}}],"inLanguage":"fr-FR"}]}},"_links":{"self":[{"href":"https:\/\/sushidaro.com\/fr\/wp-json\/wp\/v2\/pages\/506","targetHints":{"allow":["GET"]}}],"collection":[{"href":"https:\/\/sushidaro.com\/fr\/wp-json\/wp\/v2\/pages"}],"about":[{"href":"https:\/\/sushidaro.com\/fr\/wp-json\/wp\/v2\/types\/page"}],"author":[{"embeddable":true,"href":"https:\/\/sushidaro.com\/fr\/wp-json\/wp\/v2\/users\/1"}],"replies":[{"embeddable":true,"href":"https:\/\/sushidaro.com\/fr\/wp-json\/wp\/v2\/comments?post=506"}],"version-history":[{"count":16,"href":"https:\/\/sushidaro.com\/fr\/wp-json\/wp\/v2\/pages\/506\/revisions"}],"predecessor-version":[{"id":1198,"href":"https:\/\/sushidaro.com\/fr\/wp-json\/wp\/v2\/pages\/506\/revisions\/1198"}],"wp:attachment":[{"href":"https:\/\/sushidaro.com\/fr\/wp-json\/wp\/v2\/media?parent=506"}],"curies":[{"name":"wp","href":"https:\/\/api.w.org\/{rel}","templated":true}]}}