{"id":459,"date":"2023-07-06T06:17:19","date_gmt":"2023-07-06T06:17:19","guid":{"rendered":"https:\/\/sushidaro.prelanzamiento.es\/?page_id=459"},"modified":"2024-01-18T08:24:22","modified_gmt":"2024-01-18T08:24:22","slug":"sushi-costa-brava","status":"publish","type":"page","link":"https:\/\/sushidaro.com\/fr\/sushi-costa-brava\/","title":{"rendered":"Sushis Costa Brava"},"content":{"rendered":"<div data-elementor-type=\"wp-page\" data-elementor-id=\"459\" class=\"elementor elementor-459\" data-elementor-post-type=\"page\">\n\t\t\t\t\t\t<section class=\"elementor-section elementor-top-section elementor-element elementor-element-3995524 elementor-section-full_width elementor-section-height-default elementor-section-height-default\" data-id=\"3995524\" data-element_type=\"section\" data-settings=\"{&quot;background_background&quot;:&quot;classic&quot;}\">\n\t\t\t\t\t\t<div class=\"elementor-container elementor-column-gap-default\">\n\t\t\t\t\t<div class=\"elementor-column elementor-col-100 elementor-top-column elementor-element elementor-element-0a4108d\" data-id=\"0a4108d\" data-element_type=\"column\">\n\t\t\t<div class=\"elementor-widget-wrap elementor-element-populated\">\n\t\t\t\t\t<div class=\"elementor-background-overlay\"><\/div>\n\t\t\t\t\t\t<section class=\"elementor-section elementor-inner-section elementor-element elementor-element-30a6c60 elementor-section-boxed elementor-section-height-default elementor-section-height-default\" data-id=\"30a6c60\" data-element_type=\"section\">\n\t\t\t\t\t\t<div class=\"elementor-container elementor-column-gap-default\">\n\t\t\t\t\t<div class=\"elementor-column elementor-col-100 elementor-inner-column elementor-element elementor-element-9ab8bf4\" data-id=\"9ab8bf4\" data-element_type=\"column\" data-settings=\"{&quot;background_background&quot;:&quot;classic&quot;}\">\n\t\t\t<div class=\"elementor-widget-wrap elementor-element-populated\">\n\t\t\t\t\t\t<div class=\"elementor-element elementor-element-5eb049e elementor-invisible elementor-widget elementor-widget-heading\" data-id=\"5eb049e\" data-element_type=\"widget\" data-settings=\"{&quot;_animation&quot;:&quot;fadeInUp&quot;}\" data-widget_type=\"heading.default\">\n\t\t\t\t<div class=\"elementor-widget-container\">\n\t\t\t\t\t<h3 class=\"elementor-heading-title elementor-size-default\">Sushis Costa Brava<\/h3>\t\t\t\t<\/div>\n\t\t\t\t<\/div>\n\t\t\t\t\t<\/div>\n\t\t<\/div>\n\t\t\t\t\t<\/div>\n\t\t<\/section>\n\t\t\t\t\t<\/div>\n\t\t<\/div>\n\t\t\t\t\t<\/div>\n\t\t<\/section>\n\t\t\t\t<section class=\"elementor-section elementor-top-section elementor-element elementor-element-4b88dc2d elementor-section-content-middle elementor-section-boxed elementor-section-height-default elementor-section-height-default\" data-id=\"4b88dc2d\" data-element_type=\"section\" data-settings=\"{&quot;background_background&quot;:&quot;classic&quot;}\">\n\t\t\t\t\t\t\t<div class=\"elementor-background-overlay\"><\/div>\n\t\t\t\t\t\t\t<div class=\"elementor-container elementor-column-gap-default\">\n\t\t\t\t\t<div class=\"elementor-column elementor-col-50 elementor-top-column elementor-element elementor-element-45a53d88 elementor-invisible\" data-id=\"45a53d88\" data-element_type=\"column\" data-settings=\"{&quot;animation&quot;:&quot;fadeInLeft&quot;}\">\n\t\t\t<div class=\"elementor-widget-wrap elementor-element-populated\">\n\t\t\t\t\t\t<div class=\"elementor-element elementor-element-7f783685 elementor-widget elementor-widget-text-editor\" data-id=\"7f783685\" data-element_type=\"widget\" data-widget_type=\"text-editor.default\">\n\t\t\t\t<div class=\"elementor-widget-container\">\n\t\t\t\t\t\t\t\t\t<p style=\"text-align: justify;\">Bienvenue chez Sushi d&#039;Aro, votre destination <strong>sushis sur la Costa Brava<\/strong>!<\/p><p style=\"text-align: justify;\">Chez Sushi d&#039;Aro, nous sommes fiers de proposer une cuisine japonaise authentique au c\u0153ur de la magnifique Costa Brava. Notre objectif est d&#039;offrir \u00e0 votre palais une exp\u00e9rience culinaire unique combinant les saveurs traditionnelles du sushi avec les ingr\u00e9dients frais et locaux qui abondent dans cette magnifique r\u00e9gion.<\/p><p style=\"text-align: justify;\">Qu&#039;est-ce qui nous rend sp\u00e9cial ? Tout d\u2019abord, notre passion pour la qualit\u00e9. Chaque plat que nous servons <strong>sushis sur la Costa Brava<\/strong> Il est pr\u00e9par\u00e9 avec beaucoup de soin et d\u2019attention aux d\u00e9tails. Nos chefs experts s\u00e9lectionnent soigneusement les ingr\u00e9dients les plus frais et de haute qualit\u00e9 pour garantir que chaque bouch\u00e9e soit une explosion de saveurs.<\/p><p style=\"text-align: justify;\">De plus, nous sommes fiers d&#039;\u00eatre un restaurant soucieux de l&#039;environnement. Nous valorisons la durabilit\u00e9 et nous effor\u00e7ons de travailler avec des fournisseurs locaux qui partagent notre vision. En utilisant des produits frais et locaux, nous r\u00e9duisons notre empreinte carbone et soutenons la communaut\u00e9 dans laquelle nous vivons.<\/p><p style=\"text-align: justify;\">Que vous recherchiez des sushis traditionnels comme le nigiri et le sashimi, ou que vous pr\u00e9f\u00e9riez des options plus cr\u00e9atives comme les rouleaux signature, chez Sushi d&#039;Aro, nous avons quelque chose pour tous les amateurs de sushi. Notre menu complet propose une grande vari\u00e9t\u00e9 de plats pour satisfaire vos envies et ravir votre palais.<\/p>\t\t\t\t\t\t\t\t<\/div>\n\t\t\t\t<\/div>\n\t\t\t\t<div class=\"elementor-element elementor-element-629a942 elementor-widget elementor-widget-image\" data-id=\"629a942\" data-element_type=\"widget\" data-widget_type=\"image.default\">\n\t\t\t\t<div class=\"elementor-widget-container\">\n\t\t\t\t\t\t\t\t\t\t\t\t\t\t\t<img fetchpriority=\"high\" decoding=\"async\" width=\"1024\" height=\"724\" src=\"https:\/\/sushidaro.com\/wp-content\/uploads\/2024\/01\/Restaurante-sushi-1024x724.png\" class=\"attachment-large size-large wp-image-1174\" alt=\"Proceso de elaboraci\u00f3n Sushi\" srcset=\"https:\/\/sushidaro.com\/wp-content\/uploads\/2024\/01\/Restaurante-sushi-1024x724.png 1024w, https:\/\/sushidaro.com\/wp-content\/uploads\/2024\/01\/Restaurante-sushi-300x212.png 300w, https:\/\/sushidaro.com\/wp-content\/uploads\/2024\/01\/Restaurante-sushi-768x543.png 768w, https:\/\/sushidaro.com\/wp-content\/uploads\/2024\/01\/Restaurante-sushi-1536x1086.png 1536w, https:\/\/sushidaro.com\/wp-content\/uploads\/2024\/01\/Restaurante-sushi-18x12.png 18w, https:\/\/sushidaro.com\/wp-content\/uploads\/2024\/01\/Restaurante-sushi.png 2000w\" sizes=\"(max-width: 1024px) 100vw, 1024px\" \/>\t\t\t\t\t\t\t\t\t\t\t\t\t\t\t<\/div>\n\t\t\t\t<\/div>\n\t\t\t\t<div class=\"elementor-element elementor-element-ed61489 elementor-align-center elementor-widget elementor-widget-button\" data-id=\"ed61489\" data-element_type=\"widget\" data-widget_type=\"button.default\">\n\t\t\t\t<div class=\"elementor-widget-container\">\n\t\t\t\t\t\t\t\t\t<div class=\"elementor-button-wrapper\">\n\t\t\t\t\t<a class=\"elementor-button elementor-button-link elementor-size-sm\" href=\"https:\/\/sushidaro.com\/fr\/reservas-y-contacto\/\">\n\t\t\t\t\t\t<span class=\"elementor-button-content-wrapper\">\n\t\t\t\t\t\t\t\t\t<span class=\"elementor-button-text\">CONTACTEZ-NOUS<\/span>\n\t\t\t\t\t<\/span>\n\t\t\t\t\t<\/a>\n\t\t\t\t<\/div>\n\t\t\t\t\t\t\t\t<\/div>\n\t\t\t\t<\/div>\n\t\t\t\t<div class=\"elementor-element elementor-element-5e551d6 elementor-widget elementor-widget-text-editor\" data-id=\"5e551d6\" data-element_type=\"widget\" data-widget_type=\"text-editor.default\">\n\t\t\t\t<div class=\"elementor-widget-container\">\n\t\t\t\t\t\t\t\t\t<p style=\"text-align: justify;\">De plus, nous proposons des options v\u00e9g\u00e9tariennes et v\u00e9g\u00e9taliennes pour ceux qui suivent un r\u00e9gime \u00e0 base de plantes. Nous pensons que tout le monde devrait pouvoir profiter de l\u2019exp\u00e9rience sushi, quelles que soient ses pr\u00e9f\u00e9rences alimentaires.<\/p><p style=\"text-align: justify;\">Chez Sushi d&#039;Aro, nous vous invitons \u00e0 d\u00e9guster le meilleur\u00a0<strong>sushis sur la Costa Brava<\/strong>. Notre atmosph\u00e8re chaleureuse et \u00e9l\u00e9gante vous fera sentir comme chez vous, tandis que vous vous plongerez dans une d\u00e9licieuse vari\u00e9t\u00e9 de petits pains, de nigiri et de sashimi, tous savamment pr\u00e9par\u00e9s et pr\u00e9sent\u00e9s avec \u00e9l\u00e9gance.<\/p><p style=\"text-align: justify;\">Notre engagement envers l&#039;excellence se refl\u00e8te non seulement dans nos plats, mais \u00e9galement dans notre service impeccable. Notre personnel qualifi\u00e9 se consacre \u00e0 vous offrir une exp\u00e9rience unique et satisfaisante. Nous serons heureux de vous guider \u00e0 travers notre menu et de vous recommander les meilleures options en fonction de vos pr\u00e9f\u00e9rences.<\/p><p style=\"text-align: justify;\">Si vous pr\u00e9voyez une occasion sp\u00e9ciale ou souhaitez simplement savourer un d\u00e9licieux repas dans une atmosph\u00e8re chaleureuse, notre personnel amical et attentionn\u00e9 se fera un plaisir de vous accueillir. Nous nous effor\u00e7ons de fournir un service exceptionnel et de rendre votre visite inoubliable.<\/p><p style=\"text-align: justify;\">Venez nous rendre visite chez Sushi d&#039;Aro, situ\u00e9 sur la magnifique Costa Brava. Nous vous assurons une exp\u00e9rience culinaire unique, o\u00f9 les sushis rencontrent le charme m\u00e9diterran\u00e9en. Vous ne regretterez pas!<\/p><p style=\"text-align: justify;\"><strong>Sushis Costa Brava<\/strong>, sushi d&#039;Aro : un mariage parfait entre les saveurs japonaises et la beaut\u00e9 de la r\u00e9gion.<\/p>\t\t\t\t\t\t\t\t<\/div>\n\t\t\t\t<\/div>\n\t\t\t\t\t<\/div>\n\t\t<\/div>\n\t\t\t\t<div class=\"elementor-column elementor-col-50 elementor-top-column elementor-element elementor-element-74719e3 elementor-invisible\" data-id=\"74719e3\" data-element_type=\"column\" data-settings=\"{&quot;animation&quot;:&quot;fadeInLeft&quot;}\">\n\t\t\t<div class=\"elementor-widget-wrap elementor-element-populated\">\n\t\t\t\t\t\t<section class=\"elementor-section elementor-inner-section elementor-element elementor-element-f5d5b0e elementor-section-boxed elementor-section-height-default elementor-section-height-default\" data-id=\"f5d5b0e\" data-element_type=\"section\" data-settings=\"{&quot;background_background&quot;:&quot;classic&quot;}\">\n\t\t\t\t\t\t<div class=\"elementor-container elementor-column-gap-default\">\n\t\t\t\t\t<div class=\"elementor-column elementor-col-100 elementor-inner-column elementor-element elementor-element-a9ae017\" data-id=\"a9ae017\" data-element_type=\"column\">\n\t\t\t<div class=\"elementor-widget-wrap elementor-element-populated\">\n\t\t\t\t\t\t<div class=\"elementor-element elementor-element-108db37 elementor-widget elementor-widget-heading\" data-id=\"108db37\" data-element_type=\"widget\" data-widget_type=\"heading.default\">\n\t\t\t\t<div class=\"elementor-widget-container\">\n\t\t\t\t\t<h2 class=\"elementor-heading-title elementor-size-default\">Contactez-nous<\/h2>\t\t\t\t<\/div>\n\t\t\t\t<\/div>\n\t\t\t\t<div class=\"elementor-element elementor-element-edcf080 elementor-button-align-stretch elementor-widget elementor-widget-form\" data-id=\"edcf080\" data-element_type=\"widget\" data-settings=\"{&quot;step_next_label&quot;:&quot;Next&quot;,&quot;step_previous_label&quot;:&quot;Previous&quot;,&quot;button_width&quot;:&quot;100&quot;,&quot;step_type&quot;:&quot;number_text&quot;,&quot;step_icon_shape&quot;:&quot;circle&quot;}\" data-widget_type=\"form.default\">\n\t\t\t\t<div class=\"elementor-widget-container\">\n\t\t\t\t\t\t\t<form class=\"elementor-form\" method=\"post\" name=\"New Form\" aria-label=\"Nouveau formulaire\" action=\"\">\n\t\t\t<input type=\"hidden\" name=\"post_id\" value=\"459\"\/>\n\t\t\t<input type=\"hidden\" name=\"form_id\" value=\"edcf080\"\/>\n\t\t\t<input type=\"hidden\" name=\"referer_title\" value=\"Sushi d&#039;Aro \u2013 Sushi Restaurant Platja d&#039;Aro\" \/>\n\n\t\t\t\n\t\t\t<div class=\"elementor-form-fields-wrapper elementor-labels-above\">\n\t\t\t\t\t\t\t\t<div class=\"elementor-field-type-text elementor-field-group elementor-column elementor-field-group-name elementor-col-100 elementor-field-required\">\n\t\t\t\t\t\t\t\t\t\t\t\t<label for=\"form-field-name\" class=\"elementor-field-label\">\n\t\t\t\t\t\t\t\tnom\t\t\t\t\t\t\t<\/label>\n\t\t\t\t\t\t\t\t\t\t\t\t\t\t<input size=\"1\" type=\"text\" name=\"form_fields[name]\" id=\"form-field-name\" class=\"elementor-field elementor-size-sm  elementor-field-textual\" placeholder=\"nom\" required=\"required\">\n\t\t\t\t\t\t\t\t\t\t\t<\/div>\n\t\t\t\t\t\t\t\t<div class=\"elementor-field-type-tel elementor-field-group elementor-column elementor-field-group-field_109e067 elementor-col-100 elementor-field-required\">\n\t\t\t\t\t\t\t\t\t\t\t\t<label for=\"form-field-field_109e067\" class=\"elementor-field-label\">\n\t\t\t\t\t\t\t\tT\u00e9l\u00e9phone\t\t\t\t\t\t\t<\/label>\n\t\t\t\t\t\t\t\t<input size=\"1\" type=\"tel\" name=\"form_fields[field_109e067]\" id=\"form-field-field_109e067\" class=\"elementor-field elementor-size-sm  elementor-field-textual\" placeholder=\"T\u00e9l\u00e9phone\" required=\"required\" pattern=\"[0-9()#&amp;+*-=.]+\" title=\"Only numbers and phone characters (#, -, *, etc) are accepted.\">\n\n\t\t\t\t\t\t<\/div>\n\t\t\t\t\t\t\t\t<div class=\"elementor-field-type-email elementor-field-group elementor-column elementor-field-group-email elementor-col-100 elementor-field-required\">\n\t\t\t\t\t\t\t\t\t\t\t\t<label for=\"form-field-email\" class=\"elementor-field-label\">\n\t\t\t\t\t\t\t\tE-mail\t\t\t\t\t\t\t<\/label>\n\t\t\t\t\t\t\t\t\t\t\t\t\t\t<input size=\"1\" type=\"email\" name=\"form_fields[email]\" id=\"form-field-email\" class=\"elementor-field elementor-size-sm  elementor-field-textual\" placeholder=\"E-mail\" required=\"required\">\n\t\t\t\t\t\t\t\t\t\t\t<\/div>\n\t\t\t\t\t\t\t\t<div class=\"elementor-field-type-textarea elementor-field-group elementor-column elementor-field-group-message elementor-col-100 elementor-field-required\">\n\t\t\t\t\t\t\t\t\t\t\t\t<label for=\"form-field-message\" class=\"elementor-field-label\">\n\t\t\t\t\t\t\t\tMessage ou demande\t\t\t\t\t\t\t<\/label>\n\t\t\t\t\t\t<textarea class=\"elementor-field-textual elementor-field  elementor-size-sm\" name=\"form_fields[message]\" id=\"form-field-message\" rows=\"4\" placeholder=\"Message ou demande\" required=\"required\"><\/textarea>\t\t\t\t<\/div>\n\t\t\t\t\t\t\t\t<div class=\"elementor-field-type-acceptance elementor-field-group elementor-column elementor-field-group-field_b102615 elementor-col-100 elementor-field-required\">\n\t\t\t\t\t\t\t<div class=\"elementor-field-subgroup\">\n\t\t\t<span class=\"elementor-field-option\">\n\t\t\t\t<input type=\"checkbox\" name=\"form_fields[field_b102615]\" id=\"form-field-field_b102615\" class=\"elementor-field elementor-size-sm  elementor-acceptance-field\" required=\"required\">\n\t\t\t\t<label for=\"form-field-field_b102615\">J&#039;ai lu et j&#039;accepte les <a href=\"https:\/\/sushidaro.com\/fr\/politica-de-privacidad\/\">Politique de confidentialit\u00e9.<\/a><\/label>\t\t\t<\/span>\n\t\t<\/div>\n\t\t\t\t\t\t<\/div>\n\t\t\t\t\t\t\t\t<div class=\"elementor-field-type-recaptcha_v3 elementor-field-group elementor-column elementor-field-group-field_e6ea0a2 elementor-col-100 recaptcha_v3-bottomleft\">\n\t\t\t\t\t<div class=\"elementor-field\" id=\"form-field-field_e6ea0a2\"><div class=\"elementor-g-recaptcha\" data-sitekey=\"6LdKulsnAAAAAGT8Zgn4YkmpCobtOxGFwVt-iHnC\" data-type=\"v3\" data-action=\"Form\" data-badge=\"bottomleft\" data-size=\"invisible\"><\/div><\/div>\t\t\t\t<\/div>\n\t\t\t\t\t\t\t\t<div class=\"elementor-field-group elementor-column elementor-field-type-submit elementor-col-100 e-form__buttons\">\n\t\t\t\t\t<button class=\"elementor-button elementor-size-sm\" type=\"submit\">\n\t\t\t\t\t\t<span class=\"elementor-button-content-wrapper\">\n\t\t\t\t\t\t\t\t\t\t\t\t\t\t\t\t\t\t\t\t\t\t<span class=\"elementor-button-text\">ENVOYER<\/span>\n\t\t\t\t\t\t\t\t\t\t\t\t\t<\/span>\n\t\t\t\t\t<\/button>\n\t\t\t\t<\/div>\n\t\t\t<\/div>\n\t\t<input type=\"hidden\" name=\"trp-form-language\" value=\"fr\"\/><\/form>\n\t\t\t\t\t\t<\/div>\n\t\t\t\t<\/div>\n\t\t\t\t\t<\/div>\n\t\t<\/div>\n\t\t\t\t\t<\/div>\n\t\t<\/section>\n\t\t\t\t\t<\/div>\n\t\t<\/div>\n\t\t\t\t\t<\/div>\n\t\t<\/section>\n\t\t\t\t<\/div>","protected":false},"excerpt":{"rendered":"<p>\u00a1Bienvenido a Sushi d&#8217;Aro, tu destino de sushi en la Costa Brava! En Sushi d&#8217;Aro nos enorgullece ofrecer aut\u00e9ntica cocina japonesa en el coraz\u00f3n de la hermosa Costa Brava. Nuestro objetivo es llevar a tu paladar una experiencia culinaria \u00fanica que combine los sabores tradicionales del sushi con los ingredientes frescos y locales que abundan&hellip;&nbsp;<a href=\"https:\/\/sushidaro.com\/fr\/sushi-costa-brava\/\" rel=\"bookmark\"><span class=\"screen-reader-text\">Sushis Costa Brava<\/span><\/a><\/p>","protected":false},"author":1,"featured_media":0,"parent":0,"menu_order":0,"comment_status":"closed","ping_status":"closed","template":"page-templates\/template-pagebuilder-full-width.php","meta":{"neve_meta_sidebar":"","neve_meta_container":"","neve_meta_enable_content_width":"off","neve_meta_content_width":100,"neve_meta_title_alignment":"","neve_meta_author_avatar":"","neve_post_elements_order":"","neve_meta_disable_header":"","neve_meta_disable_footer":"","neve_meta_disable_title":"","footnotes":""},"class_list":["post-459","page","type-page","status-publish","hentry"],"yoast_head":"<!-- This site is optimized with the Yoast SEO plugin v25.3.1 - https:\/\/yoast.com\/wordpress\/plugins\/seo\/ -->\n<title>Sushi Costa Brava - Sushi d&#039;Aro \u2013 Sushi Restaurant Platja d&#039;Aro<\/title>\n<meta name=\"robots\" content=\"index, follow, max-snippet:-1, max-image-preview:large, max-video-preview:-1\" \/>\n<link rel=\"canonical\" href=\"https:\/\/sushidaro.com\/fr\/sushi-costa-brava\/\" \/>\n<meta property=\"og:locale\" content=\"fr_FR\" \/>\n<meta property=\"og:type\" content=\"article\" \/>\n<meta property=\"og:title\" content=\"Sushi Costa Brava - Sushi d&#039;Aro \u2013 Sushi Restaurant Platja d&#039;Aro\" \/>\n<meta property=\"og:description\" content=\"\u00a1Bienvenido a Sushi d&#8217;Aro, tu destino de sushi en la Costa Brava! En Sushi d&#8217;Aro nos enorgullece ofrecer aut\u00e9ntica cocina japonesa en el coraz\u00f3n de la hermosa Costa Brava. Nuestro objetivo es llevar a tu paladar una experiencia culinaria \u00fanica que combine los sabores tradicionales del sushi con los ingredientes frescos y locales que abundan&hellip;&nbsp;Sushi Costa Brava\" \/>\n<meta property=\"og:url\" content=\"https:\/\/sushidaro.com\/fr\/sushi-costa-brava\/\" \/>\n<meta property=\"og:site_name\" content=\"Sushi d&#039;Aro \u2013 Sushi Restaurant Platja d&#039;Aro\" \/>\n<meta property=\"article:modified_time\" content=\"2024-01-18T08:24:22+00:00\" \/>\n<meta property=\"og:image\" content=\"https:\/\/sushidaro.com\/wp-content\/uploads\/2024\/01\/Restaurante-sushi-1024x724.png\" \/>\n<meta name=\"twitter:card\" content=\"summary_large_image\" \/>\n<meta name=\"twitter:label1\" content=\"Dur\u00e9e de lecture estim\u00e9e\" \/>\n\t<meta name=\"twitter:data1\" content=\"3 minutes\" \/>\n<script type=\"application\/ld+json\" class=\"yoast-schema-graph\">{\"@context\":\"https:\/\/schema.org\",\"@graph\":[{\"@type\":\"WebPage\",\"@id\":\"https:\/\/sushidaro.com\/sushi-costa-brava\/\",\"url\":\"https:\/\/sushidaro.com\/sushi-costa-brava\/\",\"name\":\"Sushi Costa Brava - Sushi d&#039;Aro \u2013 Sushi Restaurant Platja d&#039;Aro\",\"isPartOf\":{\"@id\":\"https:\/\/sushidaro.com\/#website\"},\"primaryImageOfPage\":{\"@id\":\"https:\/\/sushidaro.com\/sushi-costa-brava\/#primaryimage\"},\"image\":{\"@id\":\"https:\/\/sushidaro.com\/sushi-costa-brava\/#primaryimage\"},\"thumbnailUrl\":\"https:\/\/sushidaro.com\/wp-content\/uploads\/2024\/01\/Restaurante-sushi-1024x724.png\",\"datePublished\":\"2023-07-06T06:17:19+00:00\",\"dateModified\":\"2024-01-18T08:24:22+00:00\",\"breadcrumb\":{\"@id\":\"https:\/\/sushidaro.com\/sushi-costa-brava\/#breadcrumb\"},\"inLanguage\":\"fr-FR\",\"potentialAction\":[{\"@type\":\"ReadAction\",\"target\":[\"https:\/\/sushidaro.com\/sushi-costa-brava\/\"]}]},{\"@type\":\"ImageObject\",\"inLanguage\":\"fr-FR\",\"@id\":\"https:\/\/sushidaro.com\/sushi-costa-brava\/#primaryimage\",\"url\":\"https:\/\/sushidaro.com\/wp-content\/uploads\/2024\/01\/Restaurante-sushi-1024x724.png\",\"contentUrl\":\"https:\/\/sushidaro.com\/wp-content\/uploads\/2024\/01\/Restaurante-sushi-1024x724.png\"},{\"@type\":\"BreadcrumbList\",\"@id\":\"https:\/\/sushidaro.com\/sushi-costa-brava\/#breadcrumb\",\"itemListElement\":[{\"@type\":\"ListItem\",\"position\":1,\"name\":\"Portada\",\"item\":\"https:\/\/sushidaro.com\/\"},{\"@type\":\"ListItem\",\"position\":2,\"name\":\"Sushi Costa Brava\"}]},{\"@type\":\"WebSite\",\"@id\":\"https:\/\/sushidaro.com\/#website\",\"url\":\"https:\/\/sushidaro.com\/\",\"name\":\"Sushi d&#039;Aro \u2013 Sushi Restaurant Platja d&#039;Aro\",\"description\":\"Restaurante de Sushi en Girona\",\"potentialAction\":[{\"@type\":\"SearchAction\",\"target\":{\"@type\":\"EntryPoint\",\"urlTemplate\":\"https:\/\/sushidaro.com\/?s={search_term_string}\"},\"query-input\":{\"@type\":\"PropertyValueSpecification\",\"valueRequired\":true,\"valueName\":\"search_term_string\"}}],\"inLanguage\":\"fr-FR\"}]}<\/script>\n<!-- \/ Yoast SEO plugin. -->","yoast_head_json":{"title":"Sushi Costa Brava - Sushi d&#039;Aro \u2013 Sushi Restaurant Platja d&#039;Aro","robots":{"index":"index","follow":"follow","max-snippet":"max-snippet:-1","max-image-preview":"max-image-preview:large","max-video-preview":"max-video-preview:-1"},"canonical":"https:\/\/sushidaro.com\/fr\/sushi-costa-brava\/","og_locale":"fr_FR","og_type":"article","og_title":"Sushi Costa Brava - Sushi d&#039;Aro \u2013 Sushi Restaurant Platja d&#039;Aro","og_description":"\u00a1Bienvenido a Sushi d&#8217;Aro, tu destino de sushi en la Costa Brava! En Sushi d&#8217;Aro nos enorgullece ofrecer aut\u00e9ntica cocina japonesa en el coraz\u00f3n de la hermosa Costa Brava. Nuestro objetivo es llevar a tu paladar una experiencia culinaria \u00fanica que combine los sabores tradicionales del sushi con los ingredientes frescos y locales que abundan&hellip;&nbsp;Sushi Costa Brava","og_url":"https:\/\/sushidaro.com\/fr\/sushi-costa-brava\/","og_site_name":"Sushi d&#039;Aro \u2013 Sushi Restaurant Platja d&#039;Aro","article_modified_time":"2024-01-18T08:24:22+00:00","og_image":[{"url":"https:\/\/sushidaro.com\/wp-content\/uploads\/2024\/01\/Restaurante-sushi-1024x724.png","type":"","width":"","height":""}],"twitter_card":"summary_large_image","twitter_misc":{"Dur\u00e9e de lecture estim\u00e9e":"3 minutes"},"schema":{"@context":"https:\/\/schema.org","@graph":[{"@type":"WebPage","@id":"https:\/\/sushidaro.com\/sushi-costa-brava\/","url":"https:\/\/sushidaro.com\/sushi-costa-brava\/","name":"Sushi Costa Brava - Sushi d&#039;Aro \u2013 Sushi Restaurant Platja d&#039;Aro","isPartOf":{"@id":"https:\/\/sushidaro.com\/#website"},"primaryImageOfPage":{"@id":"https:\/\/sushidaro.com\/sushi-costa-brava\/#primaryimage"},"image":{"@id":"https:\/\/sushidaro.com\/sushi-costa-brava\/#primaryimage"},"thumbnailUrl":"https:\/\/sushidaro.com\/wp-content\/uploads\/2024\/01\/Restaurante-sushi-1024x724.png","datePublished":"2023-07-06T06:17:19+00:00","dateModified":"2024-01-18T08:24:22+00:00","breadcrumb":{"@id":"https:\/\/sushidaro.com\/sushi-costa-brava\/#breadcrumb"},"inLanguage":"fr-FR","potentialAction":[{"@type":"ReadAction","target":["https:\/\/sushidaro.com\/sushi-costa-brava\/"]}]},{"@type":"ImageObject","inLanguage":"fr-FR","@id":"https:\/\/sushidaro.com\/sushi-costa-brava\/#primaryimage","url":"https:\/\/sushidaro.com\/wp-content\/uploads\/2024\/01\/Restaurante-sushi-1024x724.png","contentUrl":"https:\/\/sushidaro.com\/wp-content\/uploads\/2024\/01\/Restaurante-sushi-1024x724.png"},{"@type":"BreadcrumbList","@id":"https:\/\/sushidaro.com\/sushi-costa-brava\/#breadcrumb","itemListElement":[{"@type":"ListItem","position":1,"name":"Portada","item":"https:\/\/sushidaro.com\/"},{"@type":"ListItem","position":2,"name":"Sushi Costa Brava"}]},{"@type":"WebSite","@id":"https:\/\/sushidaro.com\/#website","url":"https:\/\/sushidaro.com\/","name":"Sushi d&#039;Aro \u2013 Sushi Restaurant Platja d&#039;Aro","description":"Restaurante de Sushi en Girona","potentialAction":[{"@type":"SearchAction","target":{"@type":"EntryPoint","urlTemplate":"https:\/\/sushidaro.com\/?s={search_term_string}"},"query-input":{"@type":"PropertyValueSpecification","valueRequired":true,"valueName":"search_term_string"}}],"inLanguage":"fr-FR"}]}},"_links":{"self":[{"href":"https:\/\/sushidaro.com\/fr\/wp-json\/wp\/v2\/pages\/459","targetHints":{"allow":["GET"]}}],"collection":[{"href":"https:\/\/sushidaro.com\/fr\/wp-json\/wp\/v2\/pages"}],"about":[{"href":"https:\/\/sushidaro.com\/fr\/wp-json\/wp\/v2\/types\/page"}],"author":[{"embeddable":true,"href":"https:\/\/sushidaro.com\/fr\/wp-json\/wp\/v2\/users\/1"}],"replies":[{"embeddable":true,"href":"https:\/\/sushidaro.com\/fr\/wp-json\/wp\/v2\/comments?post=459"}],"version-history":[{"count":16,"href":"https:\/\/sushidaro.com\/fr\/wp-json\/wp\/v2\/pages\/459\/revisions"}],"predecessor-version":[{"id":1210,"href":"https:\/\/sushidaro.com\/fr\/wp-json\/wp\/v2\/pages\/459\/revisions\/1210"}],"wp:attachment":[{"href":"https:\/\/sushidaro.com\/fr\/wp-json\/wp\/v2\/media?parent=459"}],"curies":[{"name":"wp","href":"https:\/\/api.w.org\/{rel}","templated":true}]}}