{"id":457,"date":"2023-07-06T06:13:53","date_gmt":"2023-07-06T06:13:53","guid":{"rendered":"https:\/\/sushidaro.prelanzamiento.es\/?page_id=457"},"modified":"2024-01-18T08:21:16","modified_gmt":"2024-01-18T08:21:16","slug":"sushi-para-llevar-girona","status":"publish","type":"page","link":"https:\/\/sushidaro.com\/fr\/sushi-para-llevar-girona\/","title":{"rendered":"Sushi \u00e0 emporter G\u00e9rone"},"content":{"rendered":"<div data-elementor-type=\"wp-page\" data-elementor-id=\"457\" class=\"elementor elementor-457\" data-elementor-post-type=\"page\">\n\t\t\t\t\t\t<section class=\"elementor-section elementor-top-section elementor-element elementor-element-5daf7e1 elementor-section-full_width elementor-section-height-default elementor-section-height-default\" data-id=\"5daf7e1\" data-element_type=\"section\" data-settings=\"{&quot;background_background&quot;:&quot;classic&quot;}\">\n\t\t\t\t\t\t<div class=\"elementor-container elementor-column-gap-default\">\n\t\t\t\t\t<div class=\"elementor-column elementor-col-100 elementor-top-column elementor-element elementor-element-2d5cea3\" data-id=\"2d5cea3\" data-element_type=\"column\">\n\t\t\t<div class=\"elementor-widget-wrap elementor-element-populated\">\n\t\t\t\t\t<div class=\"elementor-background-overlay\"><\/div>\n\t\t\t\t\t\t<section class=\"elementor-section elementor-inner-section elementor-element elementor-element-df8b495 elementor-section-boxed elementor-section-height-default elementor-section-height-default\" data-id=\"df8b495\" data-element_type=\"section\">\n\t\t\t\t\t\t<div class=\"elementor-container elementor-column-gap-default\">\n\t\t\t\t\t<div class=\"elementor-column elementor-col-100 elementor-inner-column elementor-element elementor-element-f0d13e0\" data-id=\"f0d13e0\" data-element_type=\"column\" data-settings=\"{&quot;background_background&quot;:&quot;classic&quot;}\">\n\t\t\t<div class=\"elementor-widget-wrap elementor-element-populated\">\n\t\t\t\t\t\t<div class=\"elementor-element elementor-element-4a8074c elementor-invisible elementor-widget elementor-widget-heading\" data-id=\"4a8074c\" data-element_type=\"widget\" data-settings=\"{&quot;_animation&quot;:&quot;fadeInUp&quot;}\" data-widget_type=\"heading.default\">\n\t\t\t\t<div class=\"elementor-widget-container\">\n\t\t\t\t\t<h3 class=\"elementor-heading-title elementor-size-default\">Sushi \u00e0 emporter G\u00e9rone<\/h3>\t\t\t\t<\/div>\n\t\t\t\t<\/div>\n\t\t\t\t\t<\/div>\n\t\t<\/div>\n\t\t\t\t\t<\/div>\n\t\t<\/section>\n\t\t\t\t\t<\/div>\n\t\t<\/div>\n\t\t\t\t\t<\/div>\n\t\t<\/section>\n\t\t\t\t<section class=\"elementor-section elementor-top-section elementor-element elementor-element-4b88dc2d elementor-section-content-middle elementor-section-boxed elementor-section-height-default elementor-section-height-default\" data-id=\"4b88dc2d\" data-element_type=\"section\" data-settings=\"{&quot;background_background&quot;:&quot;classic&quot;}\">\n\t\t\t\t\t\t\t<div class=\"elementor-background-overlay\"><\/div>\n\t\t\t\t\t\t\t<div class=\"elementor-container elementor-column-gap-default\">\n\t\t\t\t\t<div class=\"elementor-column elementor-col-50 elementor-top-column elementor-element elementor-element-45a53d88 elementor-invisible\" data-id=\"45a53d88\" data-element_type=\"column\" data-settings=\"{&quot;animation&quot;:&quot;fadeInLeft&quot;}\">\n\t\t\t<div class=\"elementor-widget-wrap elementor-element-populated\">\n\t\t\t\t\t\t<div class=\"elementor-element elementor-element-7f783685 elementor-widget elementor-widget-text-editor\" data-id=\"7f783685\" data-element_type=\"widget\" data-widget_type=\"text-editor.default\">\n\t\t\t\t<div class=\"elementor-widget-container\">\n\t\t\t\t\t\t\t\t\t<p style=\"text-align: justify;\">Profitez du meilleur <strong>Sushis \u00e0 emporter \u00e0 G\u00e9rone<\/strong><\/p>\n<p style=\"text-align: justify;\">Bienvenue chez Sushi d&#039;Aro, votre destination num\u00e9ro un pour profiter du meilleur <strong>sushis \u00e0 emporter \u00e0 G\u00e9rone<\/strong>. Si vous \u00eates amateur de cuisine japonaise et recherchez des saveurs authentiques et fra\u00eeches, vous \u00eates au bon endroit. Notre \u00e9quipe de chefs experts a perfectionn\u00e9 l&#039;art de pr\u00e9parer les sushis et nous sommes pr\u00eats \u00e0 vous offrir une exp\u00e9rience culinaire exceptionnelle que vous n&#039;oublierez pas.<\/p>\n<p style=\"text-align: justify;\">Pourquoi choisir notre <strong>sushis \u00e0 emporter \u00e0 G\u00e9rone<\/strong>? La r\u00e9ponse est simple : qualit\u00e9 et commodit\u00e9. Nous utilisons uniquement les ingr\u00e9dients les plus frais et de haute qualit\u00e9 pour cr\u00e9er nos d\u00e9licieux plats de sushi. Du saumon moelleux et tendre \u00e0 l&#039;avocat cr\u00e9meux et aux l\u00e9gumes croquants, chaque bouch\u00e9e est soigneusement pr\u00e9par\u00e9e pour offrir une explosion de saveurs \u00e0 votre palais.<\/p>\n<p style=\"text-align: justify;\">Notre menu offre une grande vari\u00e9t\u00e9 d&#039;options pour satisfaire tous les go\u00fbts et pr\u00e9f\u00e9rences. Que vous aimiez les sushis classiques, les rouleaux de sushi cr\u00e9atifs ou les nigiri et sashimi traditionnels, nous avons quelque chose pour vous. De plus, nous proposons \u00e9galement des options v\u00e9g\u00e9tariennes et v\u00e9g\u00e9taliennes afin que tout le monde puisse profiter de notre cuisine japonaise.<\/p>\n<p style=\"text-align: justify;\">Comment fonctionne notre service? <strong>sushis \u00e0 emporter \u00e0 G\u00e9rone<\/strong>? C&#039;est tr\u00e8s simple. Visitez simplement notre site Web ou appelez notre num\u00e9ro de t\u00e9l\u00e9phone pour passer votre commande. Notre \u00e9quipe se chargera de pr\u00e9parer vos sushis frais et pr\u00eats \u00e0 emporter quand vous le souhaitez. Nous proposons \u00e9galement des options de livraison \u00e0 domicile afin que vous puissiez profiter de nos d\u00e9licieux plats sans sortir de chez vous.<\/p>\t\t\t\t\t\t\t\t<\/div>\n\t\t\t\t<\/div>\n\t\t\t\t<div class=\"elementor-element elementor-element-7381c82 elementor-align-center elementor-widget elementor-widget-button\" data-id=\"7381c82\" data-element_type=\"widget\" data-widget_type=\"button.default\">\n\t\t\t\t<div class=\"elementor-widget-container\">\n\t\t\t\t\t\t\t\t\t<div class=\"elementor-button-wrapper\">\n\t\t\t\t\t<a class=\"elementor-button elementor-button-link elementor-size-sm\" href=\"https:\/\/sushidaro.com\/fr\/reservas-y-contacto\/\">\n\t\t\t\t\t\t<span class=\"elementor-button-content-wrapper\">\n\t\t\t\t\t\t\t\t\t<span class=\"elementor-button-text\">CONTACTEZ-NOUS<\/span>\n\t\t\t\t\t<\/span>\n\t\t\t\t\t<\/a>\n\t\t\t\t<\/div>\n\t\t\t\t\t\t\t\t<\/div>\n\t\t\t\t<\/div>\n\t\t\t\t<div class=\"elementor-element elementor-element-84b3389 elementor-widget elementor-widget-text-editor\" data-id=\"84b3389\" data-element_type=\"widget\" data-widget_type=\"text-editor.default\">\n\t\t\t\t<div class=\"elementor-widget-container\">\n\t\t\t\t\t\t\t\t\t<p style=\"text-align: justify;\">Notre engagement envers la qualit\u00e9 et la fra\u00eecheur est in\u00e9branlable. Nous travaillons en \u00e9troite collaboration avec des fournisseurs locaux de confiance pour garantir que chaque ingr\u00e9dient que nous utilisons r\u00e9pond \u00e0 nos normes rigoureuses. Du riz parfaitement cuit aux algues nori croustillantes, chaque \u00e9l\u00e9ment est soigneusement s\u00e9lectionn\u00e9 pour vous faire vivre une exp\u00e9rience sushi exceptionnelle.<\/p><p style=\"text-align: justify;\">De plus, nous nous soucions de votre sant\u00e9 et de votre bien-\u00eatre. C&#039;est pourquoi nos chefs sont form\u00e9s aux techniques culinaires traditionnelles japonaises pour garantir que nos plats sont \u00e9quilibr\u00e9s et nutritifs. Nous utilisons des techniques de cuisson pr\u00e9cises et \u00e9vitons l&#039;utilisation d&#039;additifs artificiels pour vous offrir une exp\u00e9rience culinaire saine et d\u00e9licieuse.<\/p><p style=\"text-align: justify;\">Chez Sushi d&#039;Aro, nous sommes fiers de fournir un service client exceptionnel. Notre \u00e9quipe amicale et professionnelle est toujours pr\u00eate \u00e0 vous aider et \u00e0 veiller \u00e0 ce que votre exp\u00e9rience soit parfaite. Nous appr\u00e9cions votre satisfaction et nous effor\u00e7ons de d\u00e9passer vos attentes \u00e0 chaque visite.<\/p><p style=\"text-align: justify;\">Ne manquez pas l&#039;occasion de go\u00fbter les meilleurs sushis \u00e0 emporter de G\u00e9rone. Visitez-nous aujourd&#039;hui ou commandez en ligne et d\u00e9couvrez pourquoi nous sommes la destination pr\u00e9f\u00e9r\u00e9e des amateurs de sushi de la r\u00e9gion. Que vous planifiiez un d\u00e9jeuner rapide ou un d\u00eener sp\u00e9cial \u00e0 la maison, nous sommes l\u00e0 pour vous offrir une exp\u00e9rience culinaire in\u00e9gal\u00e9e.<\/p><p style=\"text-align: justify;\">Chez Sushi d&#039;Aro, le go\u00fbt authentique du Japon est \u00e0 port\u00e9e de main. Venez d\u00e9couvrir d\u00e8s aujourd&#039;hui notre vari\u00e9t\u00e9 de sushis \u00e0 emporter \u00e0 G\u00e9rone !<\/p>\t\t\t\t\t\t\t\t<\/div>\n\t\t\t\t<\/div>\n\t\t\t\t\t<\/div>\n\t\t<\/div>\n\t\t\t\t<div class=\"elementor-column elementor-col-50 elementor-top-column elementor-element elementor-element-74719e3 elementor-invisible\" data-id=\"74719e3\" data-element_type=\"column\" data-settings=\"{&quot;animation&quot;:&quot;fadeInLeft&quot;}\">\n\t\t\t<div class=\"elementor-widget-wrap elementor-element-populated\">\n\t\t\t\t\t\t<section class=\"elementor-section elementor-inner-section elementor-element elementor-element-f5d5b0e elementor-section-boxed elementor-section-height-default elementor-section-height-default\" data-id=\"f5d5b0e\" data-element_type=\"section\" data-settings=\"{&quot;background_background&quot;:&quot;classic&quot;}\">\n\t\t\t\t\t\t<div class=\"elementor-container elementor-column-gap-default\">\n\t\t\t\t\t<div class=\"elementor-column elementor-col-100 elementor-inner-column elementor-element elementor-element-a9ae017\" data-id=\"a9ae017\" data-element_type=\"column\">\n\t\t\t<div class=\"elementor-widget-wrap elementor-element-populated\">\n\t\t\t\t\t\t<div class=\"elementor-element elementor-element-108db37 elementor-widget elementor-widget-heading\" data-id=\"108db37\" data-element_type=\"widget\" data-widget_type=\"heading.default\">\n\t\t\t\t<div class=\"elementor-widget-container\">\n\t\t\t\t\t<h2 class=\"elementor-heading-title elementor-size-default\">Contactez-nous<\/h2>\t\t\t\t<\/div>\n\t\t\t\t<\/div>\n\t\t\t\t<div class=\"elementor-element elementor-element-edcf080 elementor-button-align-stretch elementor-widget elementor-widget-form\" data-id=\"edcf080\" data-element_type=\"widget\" data-settings=\"{&quot;step_next_label&quot;:&quot;Next&quot;,&quot;step_previous_label&quot;:&quot;Previous&quot;,&quot;button_width&quot;:&quot;100&quot;,&quot;step_type&quot;:&quot;number_text&quot;,&quot;step_icon_shape&quot;:&quot;circle&quot;}\" data-widget_type=\"form.default\">\n\t\t\t\t<div class=\"elementor-widget-container\">\n\t\t\t\t\t\t\t<form class=\"elementor-form\" method=\"post\" name=\"New Form\" aria-label=\"Nouveau formulaire\" action=\"\">\n\t\t\t<input type=\"hidden\" name=\"post_id\" value=\"457\"\/>\n\t\t\t<input type=\"hidden\" name=\"form_id\" value=\"edcf080\"\/>\n\t\t\t<input type=\"hidden\" name=\"referer_title\" value=\"Sushi d&#039;Aro \u2013 Sushi Restaurant Platja d&#039;Aro\" \/>\n\n\t\t\t\n\t\t\t<div class=\"elementor-form-fields-wrapper elementor-labels-above\">\n\t\t\t\t\t\t\t\t<div class=\"elementor-field-type-text elementor-field-group elementor-column elementor-field-group-name elementor-col-100 elementor-field-required\">\n\t\t\t\t\t\t\t\t\t\t\t\t<label for=\"form-field-name\" class=\"elementor-field-label\">\n\t\t\t\t\t\t\t\tnom\t\t\t\t\t\t\t<\/label>\n\t\t\t\t\t\t\t\t\t\t\t\t\t\t<input size=\"1\" type=\"text\" name=\"form_fields[name]\" id=\"form-field-name\" class=\"elementor-field elementor-size-sm  elementor-field-textual\" placeholder=\"nom\" required=\"required\">\n\t\t\t\t\t\t\t\t\t\t\t<\/div>\n\t\t\t\t\t\t\t\t<div class=\"elementor-field-type-tel elementor-field-group elementor-column elementor-field-group-field_109e067 elementor-col-100 elementor-field-required\">\n\t\t\t\t\t\t\t\t\t\t\t\t<label for=\"form-field-field_109e067\" class=\"elementor-field-label\">\n\t\t\t\t\t\t\t\tT\u00e9l\u00e9phone\t\t\t\t\t\t\t<\/label>\n\t\t\t\t\t\t\t\t<input size=\"1\" type=\"tel\" name=\"form_fields[field_109e067]\" id=\"form-field-field_109e067\" class=\"elementor-field elementor-size-sm  elementor-field-textual\" placeholder=\"T\u00e9l\u00e9phone\" required=\"required\" pattern=\"[0-9()#&amp;+*-=.]+\" title=\"Only numbers and phone characters (#, -, *, etc) are accepted.\">\n\n\t\t\t\t\t\t<\/div>\n\t\t\t\t\t\t\t\t<div class=\"elementor-field-type-email elementor-field-group elementor-column elementor-field-group-email elementor-col-100 elementor-field-required\">\n\t\t\t\t\t\t\t\t\t\t\t\t<label for=\"form-field-email\" class=\"elementor-field-label\">\n\t\t\t\t\t\t\t\tE-mail\t\t\t\t\t\t\t<\/label>\n\t\t\t\t\t\t\t\t\t\t\t\t\t\t<input size=\"1\" type=\"email\" name=\"form_fields[email]\" id=\"form-field-email\" class=\"elementor-field elementor-size-sm  elementor-field-textual\" placeholder=\"E-mail\" required=\"required\">\n\t\t\t\t\t\t\t\t\t\t\t<\/div>\n\t\t\t\t\t\t\t\t<div class=\"elementor-field-type-textarea elementor-field-group elementor-column elementor-field-group-message elementor-col-100 elementor-field-required\">\n\t\t\t\t\t\t\t\t\t\t\t\t<label for=\"form-field-message\" class=\"elementor-field-label\">\n\t\t\t\t\t\t\t\tMessage ou demande\t\t\t\t\t\t\t<\/label>\n\t\t\t\t\t\t<textarea class=\"elementor-field-textual elementor-field  elementor-size-sm\" name=\"form_fields[message]\" id=\"form-field-message\" rows=\"4\" placeholder=\"Message ou demande\" required=\"required\"><\/textarea>\t\t\t\t<\/div>\n\t\t\t\t\t\t\t\t<div class=\"elementor-field-type-acceptance elementor-field-group elementor-column elementor-field-group-field_b102615 elementor-col-100 elementor-field-required\">\n\t\t\t\t\t\t\t<div class=\"elementor-field-subgroup\">\n\t\t\t<span class=\"elementor-field-option\">\n\t\t\t\t<input type=\"checkbox\" name=\"form_fields[field_b102615]\" id=\"form-field-field_b102615\" class=\"elementor-field elementor-size-sm  elementor-acceptance-field\" required=\"required\">\n\t\t\t\t<label for=\"form-field-field_b102615\">J&#039;ai lu et j&#039;accepte les <a href=\"https:\/\/sushidaro.com\/fr\/politica-de-privacidad\/\">Politique de confidentialit\u00e9.<\/a><\/label>\t\t\t<\/span>\n\t\t<\/div>\n\t\t\t\t\t\t<\/div>\n\t\t\t\t\t\t\t\t<div class=\"elementor-field-type-recaptcha_v3 elementor-field-group elementor-column elementor-field-group-field_9a7dd0c elementor-col-100 recaptcha_v3-bottomleft\">\n\t\t\t\t\t<div class=\"elementor-field\" id=\"form-field-field_9a7dd0c\"><div class=\"elementor-g-recaptcha\" data-sitekey=\"6LdKulsnAAAAAGT8Zgn4YkmpCobtOxGFwVt-iHnC\" data-type=\"v3\" data-action=\"Form\" data-badge=\"bottomleft\" data-size=\"invisible\"><\/div><\/div>\t\t\t\t<\/div>\n\t\t\t\t\t\t\t\t<div class=\"elementor-field-group elementor-column elementor-field-type-submit elementor-col-100 e-form__buttons\">\n\t\t\t\t\t<button class=\"elementor-button elementor-size-sm\" type=\"submit\">\n\t\t\t\t\t\t<span class=\"elementor-button-content-wrapper\">\n\t\t\t\t\t\t\t\t\t\t\t\t\t\t\t\t\t\t\t\t\t\t<span class=\"elementor-button-text\">ENVOYER<\/span>\n\t\t\t\t\t\t\t\t\t\t\t\t\t<\/span>\n\t\t\t\t\t<\/button>\n\t\t\t\t<\/div>\n\t\t\t<\/div>\n\t\t<input type=\"hidden\" name=\"trp-form-language\" value=\"fr\"\/><\/form>\n\t\t\t\t\t\t<\/div>\n\t\t\t\t<\/div>\n\t\t\t\t\t<\/div>\n\t\t<\/div>\n\t\t\t\t\t<\/div>\n\t\t<\/section>\n\t\t\t\t\t<\/div>\n\t\t<\/div>\n\t\t\t\t\t<\/div>\n\t\t<\/section>\n\t\t\t\t<\/div>","protected":false},"excerpt":{"rendered":"<p>Disfruta del Mejor Sushi para Llevar en Girona Bienvenido a Sushi d&#8217;Aro, tu destino n\u00famero uno para disfrutar del mejor sushi para llevar en Girona. Si eres un amante de la gastronom\u00eda japonesa y buscas sabores aut\u00e9nticos y frescos, est\u00e1s en el lugar correcto. Nuestro equipo de expertos chefs ha perfeccionado el arte de preparar&hellip;&nbsp;<a href=\"https:\/\/sushidaro.com\/fr\/sushi-para-llevar-girona\/\" rel=\"bookmark\"><span class=\"screen-reader-text\">Sushi \u00e0 emporter G\u00e9rone<\/span><\/a><\/p>","protected":false},"author":1,"featured_media":0,"parent":0,"menu_order":0,"comment_status":"closed","ping_status":"closed","template":"page-templates\/template-pagebuilder-full-width.php","meta":{"neve_meta_sidebar":"","neve_meta_container":"","neve_meta_enable_content_width":"off","neve_meta_content_width":100,"neve_meta_title_alignment":"","neve_meta_author_avatar":"","neve_post_elements_order":"","neve_meta_disable_header":"","neve_meta_disable_footer":"","neve_meta_disable_title":"","footnotes":""},"class_list":["post-457","page","type-page","status-publish","hentry"],"yoast_head":"<!-- This site is optimized with the Yoast SEO plugin v25.3.1 - https:\/\/yoast.com\/wordpress\/plugins\/seo\/ -->\n<title>Sushi para llevar Girona - Sushi d&#039;Aro \u2013 Sushi Restaurant Platja d&#039;Aro<\/title>\n<meta name=\"robots\" content=\"index, follow, max-snippet:-1, max-image-preview:large, max-video-preview:-1\" \/>\n<link rel=\"canonical\" href=\"https:\/\/sushidaro.com\/fr\/sushi-para-llevar-girona\/\" \/>\n<meta property=\"og:locale\" content=\"fr_FR\" \/>\n<meta property=\"og:type\" content=\"article\" \/>\n<meta property=\"og:title\" content=\"Sushi para llevar Girona - Sushi d&#039;Aro \u2013 Sushi Restaurant Platja d&#039;Aro\" \/>\n<meta property=\"og:description\" content=\"Disfruta del Mejor Sushi para Llevar en Girona Bienvenido a Sushi d&#8217;Aro, tu destino n\u00famero uno para disfrutar del mejor sushi para llevar en Girona. Si eres un amante de la gastronom\u00eda japonesa y buscas sabores aut\u00e9nticos y frescos, est\u00e1s en el lugar correcto. Nuestro equipo de expertos chefs ha perfeccionado el arte de preparar&hellip;&nbsp;Sushi para llevar Girona\" \/>\n<meta property=\"og:url\" content=\"https:\/\/sushidaro.com\/fr\/sushi-para-llevar-girona\/\" \/>\n<meta property=\"og:site_name\" content=\"Sushi d&#039;Aro \u2013 Sushi Restaurant Platja d&#039;Aro\" \/>\n<meta property=\"article:modified_time\" content=\"2024-01-18T08:21:16+00:00\" \/>\n<meta name=\"twitter:card\" content=\"summary_large_image\" \/>\n<meta name=\"twitter:label1\" content=\"Dur\u00e9e de lecture estim\u00e9e\" \/>\n\t<meta name=\"twitter:data1\" content=\"3 minutes\" \/>\n<script type=\"application\/ld+json\" class=\"yoast-schema-graph\">{\"@context\":\"https:\/\/schema.org\",\"@graph\":[{\"@type\":\"WebPage\",\"@id\":\"https:\/\/sushidaro.com\/sushi-para-llevar-girona\/\",\"url\":\"https:\/\/sushidaro.com\/sushi-para-llevar-girona\/\",\"name\":\"Sushi para llevar Girona - Sushi d&#039;Aro \u2013 Sushi Restaurant Platja d&#039;Aro\",\"isPartOf\":{\"@id\":\"https:\/\/sushidaro.com\/#website\"},\"datePublished\":\"2023-07-06T06:13:53+00:00\",\"dateModified\":\"2024-01-18T08:21:16+00:00\",\"breadcrumb\":{\"@id\":\"https:\/\/sushidaro.com\/sushi-para-llevar-girona\/#breadcrumb\"},\"inLanguage\":\"fr-FR\",\"potentialAction\":[{\"@type\":\"ReadAction\",\"target\":[\"https:\/\/sushidaro.com\/sushi-para-llevar-girona\/\"]}]},{\"@type\":\"BreadcrumbList\",\"@id\":\"https:\/\/sushidaro.com\/sushi-para-llevar-girona\/#breadcrumb\",\"itemListElement\":[{\"@type\":\"ListItem\",\"position\":1,\"name\":\"Portada\",\"item\":\"https:\/\/sushidaro.com\/\"},{\"@type\":\"ListItem\",\"position\":2,\"name\":\"Sushi para llevar Girona\"}]},{\"@type\":\"WebSite\",\"@id\":\"https:\/\/sushidaro.com\/#website\",\"url\":\"https:\/\/sushidaro.com\/\",\"name\":\"Sushi d&#039;Aro \u2013 Sushi Restaurant Platja d&#039;Aro\",\"description\":\"Restaurante de Sushi en Girona\",\"potentialAction\":[{\"@type\":\"SearchAction\",\"target\":{\"@type\":\"EntryPoint\",\"urlTemplate\":\"https:\/\/sushidaro.com\/?s={search_term_string}\"},\"query-input\":{\"@type\":\"PropertyValueSpecification\",\"valueRequired\":true,\"valueName\":\"search_term_string\"}}],\"inLanguage\":\"fr-FR\"}]}<\/script>\n<!-- \/ Yoast SEO plugin. -->","yoast_head_json":{"title":"Sushi para llevar Girona - Sushi d&#039;Aro \u2013 Sushi Restaurant Platja d&#039;Aro","robots":{"index":"index","follow":"follow","max-snippet":"max-snippet:-1","max-image-preview":"max-image-preview:large","max-video-preview":"max-video-preview:-1"},"canonical":"https:\/\/sushidaro.com\/fr\/sushi-para-llevar-girona\/","og_locale":"fr_FR","og_type":"article","og_title":"Sushi para llevar Girona - Sushi d&#039;Aro \u2013 Sushi Restaurant Platja d&#039;Aro","og_description":"Disfruta del Mejor Sushi para Llevar en Girona Bienvenido a Sushi d&#8217;Aro, tu destino n\u00famero uno para disfrutar del mejor sushi para llevar en Girona. Si eres un amante de la gastronom\u00eda japonesa y buscas sabores aut\u00e9nticos y frescos, est\u00e1s en el lugar correcto. Nuestro equipo de expertos chefs ha perfeccionado el arte de preparar&hellip;&nbsp;Sushi para llevar Girona","og_url":"https:\/\/sushidaro.com\/fr\/sushi-para-llevar-girona\/","og_site_name":"Sushi d&#039;Aro \u2013 Sushi Restaurant Platja d&#039;Aro","article_modified_time":"2024-01-18T08:21:16+00:00","twitter_card":"summary_large_image","twitter_misc":{"Dur\u00e9e de lecture estim\u00e9e":"3 minutes"},"schema":{"@context":"https:\/\/schema.org","@graph":[{"@type":"WebPage","@id":"https:\/\/sushidaro.com\/sushi-para-llevar-girona\/","url":"https:\/\/sushidaro.com\/sushi-para-llevar-girona\/","name":"Sushi para llevar Girona - Sushi d&#039;Aro \u2013 Sushi Restaurant Platja d&#039;Aro","isPartOf":{"@id":"https:\/\/sushidaro.com\/#website"},"datePublished":"2023-07-06T06:13:53+00:00","dateModified":"2024-01-18T08:21:16+00:00","breadcrumb":{"@id":"https:\/\/sushidaro.com\/sushi-para-llevar-girona\/#breadcrumb"},"inLanguage":"fr-FR","potentialAction":[{"@type":"ReadAction","target":["https:\/\/sushidaro.com\/sushi-para-llevar-girona\/"]}]},{"@type":"BreadcrumbList","@id":"https:\/\/sushidaro.com\/sushi-para-llevar-girona\/#breadcrumb","itemListElement":[{"@type":"ListItem","position":1,"name":"Portada","item":"https:\/\/sushidaro.com\/"},{"@type":"ListItem","position":2,"name":"Sushi para llevar Girona"}]},{"@type":"WebSite","@id":"https:\/\/sushidaro.com\/#website","url":"https:\/\/sushidaro.com\/","name":"Sushi d&#039;Aro \u2013 Sushi Restaurant Platja d&#039;Aro","description":"Restaurante de Sushi en Girona","potentialAction":[{"@type":"SearchAction","target":{"@type":"EntryPoint","urlTemplate":"https:\/\/sushidaro.com\/?s={search_term_string}"},"query-input":{"@type":"PropertyValueSpecification","valueRequired":true,"valueName":"search_term_string"}}],"inLanguage":"fr-FR"}]}},"_links":{"self":[{"href":"https:\/\/sushidaro.com\/fr\/wp-json\/wp\/v2\/pages\/457","targetHints":{"allow":["GET"]}}],"collection":[{"href":"https:\/\/sushidaro.com\/fr\/wp-json\/wp\/v2\/pages"}],"about":[{"href":"https:\/\/sushidaro.com\/fr\/wp-json\/wp\/v2\/types\/page"}],"author":[{"embeddable":true,"href":"https:\/\/sushidaro.com\/fr\/wp-json\/wp\/v2\/users\/1"}],"replies":[{"embeddable":true,"href":"https:\/\/sushidaro.com\/fr\/wp-json\/wp\/v2\/comments?post=457"}],"version-history":[{"count":16,"href":"https:\/\/sushidaro.com\/fr\/wp-json\/wp\/v2\/pages\/457\/revisions"}],"predecessor-version":[{"id":1207,"href":"https:\/\/sushidaro.com\/fr\/wp-json\/wp\/v2\/pages\/457\/revisions\/1207"}],"wp:attachment":[{"href":"https:\/\/sushidaro.com\/fr\/wp-json\/wp\/v2\/media?parent=457"}],"curies":[{"name":"wp","href":"https:\/\/api.w.org\/{rel}","templated":true}]}}