{"id":351,"date":"2023-07-02T19:41:15","date_gmt":"2023-07-02T19:41:15","guid":{"rendered":"https:\/\/sushidaro.prelanzamiento.es\/?page_id=351"},"modified":"2023-07-02T19:42:13","modified_gmt":"2023-07-02T19:42:13","slug":"mapa-del-sitio","status":"publish","type":"page","link":"https:\/\/sushidaro.com\/fr\/mapa-del-sitio\/","title":{"rendered":"Plan du Site"},"content":{"rendered":"<div data-elementor-type=\"wp-page\" data-elementor-id=\"351\" class=\"elementor elementor-351\" data-elementor-post-type=\"page\">\n\t\t\t\t\t\t<section class=\"elementor-section elementor-top-section elementor-element elementor-element-45eabb2a elementor-section-full_width elementor-section-height-default elementor-section-height-default\" data-id=\"45eabb2a\" data-element_type=\"section\">\n\t\t\t\t\t\t<div class=\"elementor-container elementor-column-gap-default\">\n\t\t\t\t\t<div class=\"elementor-column elementor-col-100 elementor-top-column elementor-element elementor-element-6642b5a\" data-id=\"6642b5a\" data-element_type=\"column\" data-settings=\"{&quot;background_background&quot;:&quot;classic&quot;}\">\n\t\t\t<div class=\"elementor-widget-wrap elementor-element-populated\">\n\t\t\t\t\t<div class=\"elementor-background-overlay\"><\/div>\n\t\t\t\t\t\t<section class=\"elementor-section elementor-inner-section elementor-element elementor-element-701b54a5 elementor-section-boxed elementor-section-height-default elementor-section-height-default\" data-id=\"701b54a5\" data-element_type=\"section\">\n\t\t\t\t\t\t<div class=\"elementor-container elementor-column-gap-default\">\n\t\t\t\t\t<div class=\"elementor-column elementor-col-100 elementor-inner-column elementor-element elementor-element-44a6ba5a\" data-id=\"44a6ba5a\" data-element_type=\"column\" data-settings=\"{&quot;background_background&quot;:&quot;classic&quot;}\">\n\t\t\t<div class=\"elementor-widget-wrap elementor-element-populated\">\n\t\t\t\t\t\t<div class=\"elementor-element elementor-element-4d80cb33 elementor-invisible elementor-widget elementor-widget-heading\" data-id=\"4d80cb33\" data-element_type=\"widget\" data-settings=\"{&quot;_animation&quot;:&quot;fadeInUp&quot;}\" data-widget_type=\"heading.default\">\n\t\t\t\t<div class=\"elementor-widget-container\">\n\t\t\t\t\t<h3 class=\"elementor-heading-title elementor-size-default\">Plan du Site<\/h3>\t\t\t\t<\/div>\n\t\t\t\t<\/div>\n\t\t\t\t\t<\/div>\n\t\t<\/div>\n\t\t\t\t\t<\/div>\n\t\t<\/section>\n\t\t\t\t\t<\/div>\n\t\t<\/div>\n\t\t\t\t\t<\/div>\n\t\t<\/section>\n\t\t\t\t<section class=\"elementor-section elementor-top-section elementor-element elementor-element-4b88dc2d elementor-section-content-middle elementor-section-boxed elementor-section-height-default elementor-section-height-default\" data-id=\"4b88dc2d\" data-element_type=\"section\" data-settings=\"{&quot;background_background&quot;:&quot;classic&quot;}\">\n\t\t\t\t\t\t\t<div class=\"elementor-background-overlay\"><\/div>\n\t\t\t\t\t\t\t<div class=\"elementor-container elementor-column-gap-default\">\n\t\t\t\t\t<div class=\"elementor-column elementor-col-100 elementor-top-column elementor-element elementor-element-45a53d88 elementor-invisible\" data-id=\"45a53d88\" data-element_type=\"column\" data-settings=\"{&quot;animation&quot;:&quot;fadeInLeft&quot;}\">\n\t\t\t<div class=\"elementor-widget-wrap elementor-element-populated\">\n\t\t\t\t\t\t<div class=\"elementor-element elementor-element-df98c54 elementor-widget elementor-widget-sitemap\" data-id=\"df98c54\" data-element_type=\"widget\" data-widget_type=\"sitemap.default\">\n\t\t\t\t<div class=\"elementor-widget-container\">\n\t\t\t\t\t<div class=\"elementor-sitemap-wrap\"><div class=\"elementor-sitemap-section\"><h2 class=\"elementor-sitemap-title elementor-sitemap-page-title\">Pages<\/h2><ul class=\"elementor-sitemap-list elementor-sitemap-page-list\"><li class=\"elementor-sitemap-item elementor-sitemap-item-page page_item page-item-620\"><a href=\"https:\/\/sushidaro.com\/fr\/catering-y-eventos\/\">Restauration<\/a><\/li><li class=\"elementor-sitemap-item elementor-sitemap-item-page page_item page-item-545\"><a href=\"https:\/\/sushidaro.com\/fr\/restaurante-sushi-calonge\/\">Restaurant de sushis \u00e0 Calonge<\/a><\/li><li class=\"elementor-sitemap-item elementor-sitemap-item-page page_item page-item-512\"><a href=\"https:\/\/sushidaro.com\/fr\/restaurante-sushi-castell-daro\/\">Restaurant de sushis \u00e0 Castell d&#039;Aro<\/a><\/li><li class=\"elementor-sitemap-item elementor-sitemap-item-page page_item page-item-508\"><a href=\"https:\/\/sushidaro.com\/fr\/restaurante-sushi-costa-brava\/\">restaurant de sushis sur la Costa Brava<\/a><\/li><li class=\"elementor-sitemap-item elementor-sitemap-item-page page_item page-item-509\"><a href=\"https:\/\/sushidaro.com\/fr\/restaurante-sushi-girona\/\">Restaurant de sushis \u00e0 G\u00e9rone<\/a><\/li><li class=\"elementor-sitemap-item elementor-sitemap-item-page page_item page-item-510\"><a href=\"https:\/\/sushidaro.com\/fr\/restaurante-sushi-palamos\/\">Restaurant de sushis \u00e0 Palam\u00f3s<\/a><\/li><li class=\"elementor-sitemap-item elementor-sitemap-item-page page_item page-item-511\"><a href=\"https:\/\/sushidaro.com\/fr\/restaurante-sushi-platja-daro\/\">Restaurant de sushis \u00e0 Platja d&#039;Aro<\/a><\/li><li class=\"elementor-sitemap-item elementor-sitemap-item-page page_item page-item-505\"><a href=\"https:\/\/sushidaro.com\/fr\/restaurante-sushi-sagaro\/\">Restaurant de sushis S&#039;Agar\u00f3<\/a><\/li><li class=\"elementor-sitemap-item elementor-sitemap-item-page page_item page-item-506\"><a href=\"https:\/\/sushidaro.com\/fr\/restaurante-sushi-sant-feliu-de-guixols\/\">Restaurant de sushis Sant Feliu de Gu\u00edxols<\/a><\/li><li class=\"elementor-sitemap-item elementor-sitemap-item-page page_item page-item-507\"><a href=\"https:\/\/sushidaro.com\/fr\/restaurante-sushi\/\">restaurant de sushis<\/a><\/li><li class=\"elementor-sitemap-item elementor-sitemap-item-page page_item page-item-459\"><a href=\"https:\/\/sushidaro.com\/fr\/sushi-costa-brava\/\">Sushis Costa Brava<\/a><\/li><li class=\"elementor-sitemap-item elementor-sitemap-item-page page_item page-item-460\"><a href=\"https:\/\/sushidaro.com\/fr\/sushi-girona\/\">Sushi G\u00e9rone<\/a><\/li><li class=\"elementor-sitemap-item elementor-sitemap-item-page page_item page-item-455\"><a href=\"https:\/\/sushidaro.com\/fr\/sushi-para-llevar-calonge\/\">Sushis \u00e0 emporter Calonge<\/a><\/li><li class=\"elementor-sitemap-item elementor-sitemap-item-page page_item page-item-456\"><a href=\"https:\/\/sushidaro.com\/fr\/sushi-para-llevar-costa-brava\/\">Sushis \u00e0 emporter sur la Costa Brava<\/a><\/li><li class=\"elementor-sitemap-item elementor-sitemap-item-page page_item page-item-457\"><a href=\"https:\/\/sushidaro.com\/fr\/sushi-para-llevar-girona\/\">Sushi \u00e0 emporter G\u00e9rone<\/a><\/li><li class=\"elementor-sitemap-item elementor-sitemap-item-page page_item page-item-458\"><a href=\"https:\/\/sushidaro.com\/fr\/sushi-para-llevar-platja-daro\/\">Sushi \u00e0 emporter platja d&#039;aro<\/a><\/li><li class=\"elementor-sitemap-item elementor-sitemap-item-page page_item page-item-454\"><a href=\"https:\/\/sushidaro.com\/fr\/sushi-para-llevar-sant-feliu-de-guixols\/\">Sushis \u00e0 emporter Sant Fel\u00edu de Gu\u00edxols<\/a><\/li><li class=\"elementor-sitemap-item elementor-sitemap-item-page page_item page-item-450\"><a href=\"https:\/\/sushidaro.com\/fr\/sushi-platja-daro\/\">Sushi Platja d&#039;Aro<\/a><\/li><li class=\"elementor-sitemap-item elementor-sitemap-item-page page_item page-item-453\"><a href=\"https:\/\/sushidaro.com\/fr\/sushi-restaurante\/\">restaurant de sushis<\/a><\/li><li class=\"elementor-sitemap-item elementor-sitemap-item-page page_item page-item-452\"><a href=\"https:\/\/sushidaro.com\/fr\/tataki-de-atun-girona\/\">Tataki de thon de G\u00e9rone<\/a><\/li><li class=\"elementor-sitemap-item elementor-sitemap-item-page page_item page-item-451\"><a href=\"https:\/\/sushidaro.com\/fr\/tataki-de-atun-platja-daro\/\">Tataki de thon \u00e0 Platja d&#039;Aro<\/a><\/li><li class=\"elementor-sitemap-item elementor-sitemap-item-page page_item page-item-351\"><a href=\"https:\/\/sushidaro.com\/fr\/mapa-del-sitio\/\">Plan du Site<\/a><\/li><li class=\"elementor-sitemap-item elementor-sitemap-item-page page_item page-item-345\"><a href=\"https:\/\/sushidaro.com\/fr\/declaracion-de-accesibilidad\/\">La d\u00e9claration d&#039;accessibilit\u00e9<\/a><\/li><li class=\"elementor-sitemap-item elementor-sitemap-item-page page_item page-item-338\"><a href=\"https:\/\/sushidaro.com\/fr\/condiciones-generales\/\">Conditions g\u00e9n\u00e9rales<\/a><\/li><li class=\"elementor-sitemap-item elementor-sitemap-item-page page_item page-item-332\"><a href=\"https:\/\/sushidaro.com\/fr\/politica-de-proteccion-de-datos\/\">Politique de protection des donn\u00e9es<\/a><\/li><li class=\"elementor-sitemap-item elementor-sitemap-item-page page_item page-item-325\"><a href=\"https:\/\/sushidaro.com\/fr\/politica-de-cookies\/\">Politique en mati\u00e8re de cookies<\/a><\/li><li class=\"elementor-sitemap-item elementor-sitemap-item-page page_item page-item-317\"><a href=\"https:\/\/sushidaro.com\/fr\/aviso-legal\/\">Avis juridique<\/a><\/li><li class=\"elementor-sitemap-item elementor-sitemap-item-page page_item page-item-249\"><a href=\"https:\/\/sushidaro.com\/fr\/blog\/\">Blog<\/a><\/li><li class=\"elementor-sitemap-item elementor-sitemap-item-page page_item page-item-234\"><a href=\"https:\/\/sushidaro.com\/fr\/take-away\/\">Take Away<\/a><\/li><li class=\"elementor-sitemap-item elementor-sitemap-item-page page_item page-item-194\"><a href=\"https:\/\/sushidaro.com\/fr\/reservas-y-contacto\/\">Les r\u00e9servations et contact<\/a><\/li><li class=\"elementor-sitemap-item elementor-sitemap-item-page page_item page-item-183\"><a href=\"https:\/\/sushidaro.com\/fr\/carta\/\">Carte<\/a><\/li><li class=\"elementor-sitemap-item elementor-sitemap-item-page page_item page-item-151\"><a href=\"https:\/\/sushidaro.com\/fr\/sobre-nosotros\/\">\u00c0 propos de nous<\/a><\/li><li class=\"elementor-sitemap-item elementor-sitemap-item-page page_item page-item-11\"><a href=\"https:\/\/sushidaro.com\/fr\/\">La maison<\/a><\/li><\/ul><\/div><\/div>\t\t\t\t<\/div>\n\t\t\t\t<\/div>\n\t\t\t\t\t<\/div>\n\t\t<\/div>\n\t\t\t\t\t<\/div>\n\t\t<\/section>\n\t\t\t\t<\/div>","protected":false},"excerpt":{"rendered":"","protected":false},"author":1,"featured_media":0,"parent":0,"menu_order":0,"comment_status":"closed","ping_status":"closed","template":"page-templates\/template-pagebuilder-full-width.php","meta":{"neve_meta_sidebar":"","neve_meta_container":"","neve_meta_enable_content_width":"off","neve_meta_content_width":100,"neve_meta_title_alignment":"","neve_meta_author_avatar":"","neve_post_elements_order":"","neve_meta_disable_header":"","neve_meta_disable_footer":"","neve_meta_disable_title":"","footnotes":""},"class_list":["post-351","page","type-page","status-publish","hentry"],"yoast_head":"<!-- This site is optimized with the Yoast SEO plugin v25.3.1 - https:\/\/yoast.com\/wordpress\/plugins\/seo\/ -->\n<title>Mapa del sitio - Sushi d&#039;Aro \u2013 Sushi Restaurant Platja d&#039;Aro<\/title>\n<meta name=\"robots\" content=\"index, follow, max-snippet:-1, max-image-preview:large, max-video-preview:-1\" \/>\n<link rel=\"canonical\" href=\"https:\/\/sushidaro.com\/fr\/mapa-del-sitio\/\" \/>\n<meta property=\"og:locale\" content=\"fr_FR\" \/>\n<meta property=\"og:type\" content=\"article\" \/>\n<meta property=\"og:title\" content=\"Mapa del sitio - Sushi d&#039;Aro \u2013 Sushi Restaurant Platja d&#039;Aro\" \/>\n<meta property=\"og:url\" content=\"https:\/\/sushidaro.com\/fr\/mapa-del-sitio\/\" \/>\n<meta property=\"og:site_name\" content=\"Sushi d&#039;Aro \u2013 Sushi Restaurant Platja d&#039;Aro\" \/>\n<meta property=\"article:modified_time\" content=\"2023-07-02T19:42:13+00:00\" \/>\n<meta name=\"twitter:card\" content=\"summary_large_image\" \/>\n<script type=\"application\/ld+json\" class=\"yoast-schema-graph\">{\"@context\":\"https:\/\/schema.org\",\"@graph\":[{\"@type\":\"WebPage\",\"@id\":\"https:\/\/sushidaro.com\/mapa-del-sitio\/\",\"url\":\"https:\/\/sushidaro.com\/mapa-del-sitio\/\",\"name\":\"Mapa del sitio - Sushi d&#039;Aro \u2013 Sushi Restaurant Platja d&#039;Aro\",\"isPartOf\":{\"@id\":\"https:\/\/sushidaro.com\/#website\"},\"datePublished\":\"2023-07-02T19:41:15+00:00\",\"dateModified\":\"2023-07-02T19:42:13+00:00\",\"breadcrumb\":{\"@id\":\"https:\/\/sushidaro.com\/mapa-del-sitio\/#breadcrumb\"},\"inLanguage\":\"fr-FR\",\"potentialAction\":[{\"@type\":\"ReadAction\",\"target\":[\"https:\/\/sushidaro.com\/mapa-del-sitio\/\"]}]},{\"@type\":\"BreadcrumbList\",\"@id\":\"https:\/\/sushidaro.com\/mapa-del-sitio\/#breadcrumb\",\"itemListElement\":[{\"@type\":\"ListItem\",\"position\":1,\"name\":\"Portada\",\"item\":\"https:\/\/sushidaro.com\/\"},{\"@type\":\"ListItem\",\"position\":2,\"name\":\"Mapa del sitio\"}]},{\"@type\":\"WebSite\",\"@id\":\"https:\/\/sushidaro.com\/#website\",\"url\":\"https:\/\/sushidaro.com\/\",\"name\":\"Sushi d&#039;Aro \u2013 Sushi Restaurant Platja d&#039;Aro\",\"description\":\"Restaurante de Sushi en Girona\",\"potentialAction\":[{\"@type\":\"SearchAction\",\"target\":{\"@type\":\"EntryPoint\",\"urlTemplate\":\"https:\/\/sushidaro.com\/?s={search_term_string}\"},\"query-input\":{\"@type\":\"PropertyValueSpecification\",\"valueRequired\":true,\"valueName\":\"search_term_string\"}}],\"inLanguage\":\"fr-FR\"}]}<\/script>\n<!-- \/ Yoast SEO plugin. -->","yoast_head_json":{"title":"Mapa del sitio - Sushi d&#039;Aro \u2013 Sushi Restaurant Platja d&#039;Aro","robots":{"index":"index","follow":"follow","max-snippet":"max-snippet:-1","max-image-preview":"max-image-preview:large","max-video-preview":"max-video-preview:-1"},"canonical":"https:\/\/sushidaro.com\/fr\/mapa-del-sitio\/","og_locale":"fr_FR","og_type":"article","og_title":"Mapa del sitio - Sushi d&#039;Aro \u2013 Sushi Restaurant Platja d&#039;Aro","og_url":"https:\/\/sushidaro.com\/fr\/mapa-del-sitio\/","og_site_name":"Sushi d&#039;Aro \u2013 Sushi Restaurant Platja d&#039;Aro","article_modified_time":"2023-07-02T19:42:13+00:00","twitter_card":"summary_large_image","schema":{"@context":"https:\/\/schema.org","@graph":[{"@type":"WebPage","@id":"https:\/\/sushidaro.com\/mapa-del-sitio\/","url":"https:\/\/sushidaro.com\/mapa-del-sitio\/","name":"Mapa del sitio - Sushi d&#039;Aro \u2013 Sushi Restaurant Platja d&#039;Aro","isPartOf":{"@id":"https:\/\/sushidaro.com\/#website"},"datePublished":"2023-07-02T19:41:15+00:00","dateModified":"2023-07-02T19:42:13+00:00","breadcrumb":{"@id":"https:\/\/sushidaro.com\/mapa-del-sitio\/#breadcrumb"},"inLanguage":"fr-FR","potentialAction":[{"@type":"ReadAction","target":["https:\/\/sushidaro.com\/mapa-del-sitio\/"]}]},{"@type":"BreadcrumbList","@id":"https:\/\/sushidaro.com\/mapa-del-sitio\/#breadcrumb","itemListElement":[{"@type":"ListItem","position":1,"name":"Portada","item":"https:\/\/sushidaro.com\/"},{"@type":"ListItem","position":2,"name":"Mapa del sitio"}]},{"@type":"WebSite","@id":"https:\/\/sushidaro.com\/#website","url":"https:\/\/sushidaro.com\/","name":"Sushi d&#039;Aro \u2013 Sushi Restaurant Platja d&#039;Aro","description":"Restaurante de Sushi en Girona","potentialAction":[{"@type":"SearchAction","target":{"@type":"EntryPoint","urlTemplate":"https:\/\/sushidaro.com\/?s={search_term_string}"},"query-input":{"@type":"PropertyValueSpecification","valueRequired":true,"valueName":"search_term_string"}}],"inLanguage":"fr-FR"}]}},"_links":{"self":[{"href":"https:\/\/sushidaro.com\/fr\/wp-json\/wp\/v2\/pages\/351","targetHints":{"allow":["GET"]}}],"collection":[{"href":"https:\/\/sushidaro.com\/fr\/wp-json\/wp\/v2\/pages"}],"about":[{"href":"https:\/\/sushidaro.com\/fr\/wp-json\/wp\/v2\/types\/page"}],"author":[{"embeddable":true,"href":"https:\/\/sushidaro.com\/fr\/wp-json\/wp\/v2\/users\/1"}],"replies":[{"embeddable":true,"href":"https:\/\/sushidaro.com\/fr\/wp-json\/wp\/v2\/comments?post=351"}],"version-history":[{"count":5,"href":"https:\/\/sushidaro.com\/fr\/wp-json\/wp\/v2\/pages\/351\/revisions"}],"predecessor-version":[{"id":356,"href":"https:\/\/sushidaro.com\/fr\/wp-json\/wp\/v2\/pages\/351\/revisions\/356"}],"wp:attachment":[{"href":"https:\/\/sushidaro.com\/fr\/wp-json\/wp\/v2\/media?parent=351"}],"curies":[{"name":"wp","href":"https:\/\/api.w.org\/{rel}","templated":true}]}}