{"id":345,"date":"2023-07-02T19:36:45","date_gmt":"2023-07-02T19:36:45","guid":{"rendered":"https:\/\/sushidaro.prelanzamiento.es\/?page_id=345"},"modified":"2023-07-02T19:40:29","modified_gmt":"2023-07-02T19:40:29","slug":"declaracion-de-accesibilidad","status":"publish","type":"page","link":"https:\/\/sushidaro.com\/fr\/declaracion-de-accesibilidad\/","title":{"rendered":"La d\u00e9claration d&#039;accessibilit\u00e9"},"content":{"rendered":"<div data-elementor-type=\"wp-page\" data-elementor-id=\"345\" class=\"elementor elementor-345\" data-elementor-post-type=\"page\">\n\t\t\t\t\t\t<section class=\"elementor-section elementor-top-section elementor-element elementor-element-45eabb2a elementor-section-full_width elementor-section-height-default elementor-section-height-default\" data-id=\"45eabb2a\" data-element_type=\"section\">\n\t\t\t\t\t\t<div class=\"elementor-container elementor-column-gap-default\">\n\t\t\t\t\t<div class=\"elementor-column elementor-col-100 elementor-top-column elementor-element elementor-element-6642b5a\" data-id=\"6642b5a\" data-element_type=\"column\" data-settings=\"{&quot;background_background&quot;:&quot;classic&quot;}\">\n\t\t\t<div class=\"elementor-widget-wrap elementor-element-populated\">\n\t\t\t\t\t<div class=\"elementor-background-overlay\"><\/div>\n\t\t\t\t\t\t<section class=\"elementor-section elementor-inner-section elementor-element elementor-element-701b54a5 elementor-section-boxed elementor-section-height-default elementor-section-height-default\" data-id=\"701b54a5\" data-element_type=\"section\">\n\t\t\t\t\t\t<div class=\"elementor-container elementor-column-gap-default\">\n\t\t\t\t\t<div class=\"elementor-column elementor-col-100 elementor-inner-column elementor-element elementor-element-44a6ba5a\" data-id=\"44a6ba5a\" data-element_type=\"column\" data-settings=\"{&quot;background_background&quot;:&quot;classic&quot;}\">\n\t\t\t<div class=\"elementor-widget-wrap elementor-element-populated\">\n\t\t\t\t\t\t<div class=\"elementor-element elementor-element-4d80cb33 elementor-invisible elementor-widget elementor-widget-heading\" data-id=\"4d80cb33\" data-element_type=\"widget\" data-settings=\"{&quot;_animation&quot;:&quot;fadeInUp&quot;}\" data-widget_type=\"heading.default\">\n\t\t\t\t<div class=\"elementor-widget-container\">\n\t\t\t\t\t<h3 class=\"elementor-heading-title elementor-size-default\">La d\u00e9claration d&#039;accessibilit\u00e9<\/h3>\t\t\t\t<\/div>\n\t\t\t\t<\/div>\n\t\t\t\t\t<\/div>\n\t\t<\/div>\n\t\t\t\t\t<\/div>\n\t\t<\/section>\n\t\t\t\t\t<\/div>\n\t\t<\/div>\n\t\t\t\t\t<\/div>\n\t\t<\/section>\n\t\t\t\t<section class=\"elementor-section elementor-top-section elementor-element elementor-element-4b88dc2d elementor-section-content-middle elementor-section-boxed elementor-section-height-default elementor-section-height-default\" data-id=\"4b88dc2d\" data-element_type=\"section\" data-settings=\"{&quot;background_background&quot;:&quot;classic&quot;}\">\n\t\t\t\t\t\t\t<div class=\"elementor-background-overlay\"><\/div>\n\t\t\t\t\t\t\t<div class=\"elementor-container elementor-column-gap-default\">\n\t\t\t\t\t<div class=\"elementor-column elementor-col-100 elementor-top-column elementor-element elementor-element-45a53d88 elementor-invisible\" data-id=\"45a53d88\" data-element_type=\"column\" data-settings=\"{&quot;animation&quot;:&quot;fadeInLeft&quot;}\">\n\t\t\t<div class=\"elementor-widget-wrap elementor-element-populated\">\n\t\t\t\t\t\t<div class=\"elementor-element elementor-element-7f783685 elementor-widget elementor-widget-text-editor\" data-id=\"7f783685\" data-element_type=\"widget\" data-widget_type=\"text-editor.default\">\n\t\t\t\t<div class=\"elementor-widget-container\">\n\t\t\t\t\t\t\t\t\t<p>SUSHIDARO SL. s&#039;engage \u00e0 rendre accessible le site web, conform\u00e9ment \u00e0 l&#039;Arr\u00eat\u00e9 Royal 1112\/2018 du 7 septembre sur l&#039;accessibilit\u00e9 des sites web et des applications mobiles dans le secteur public.<\/p><p>Cette d\u00e9claration d&#039;accessibilit\u00e9 s&#039;applique au site web\u00a0<a href=\"http:\/\/sushidaro.com\/fr\/\">sushidaro.com<\/a><\/p><p><strong>Statut de conformit\u00e9<\/strong><\/p><p>Ce site est d\u00e9velopp\u00e9 en conformit\u00e9 avec la RD 1112\/2018<\/p><p><strong>Pr\u00e9paration pour la suite de la d\u00e9claration d&#039;accessibilit\u00e9<\/strong><\/p><p>Cette d\u00e9claration a \u00e9t\u00e9 r\u00e9dig\u00e9e le 2 janvier 2023.<\/p><p>La m\u00e9thode utilis\u00e9e pour la pr\u00e9paration de la d\u00e9claration a \u00e9t\u00e9 une auto-\u00e9valuation.<\/p><p><strong>Les Observations et les informations de contact<\/strong><\/p><p>Vous pouvez effectuer les communications relatives aux exigences en mati\u00e8re d&#039;accessibilit\u00e9 (article 10.2).\u00e0 la RD 1112\/2018) comme, par exemple:<\/p><ul><li>Rapport d&#039;\u00e9ventuelles d\u00e9faillances de la part de ce site web<\/li><li>Transmettre d&#039;autres difficult\u00e9s d&#039;acc\u00e8s au contenu<\/li><li>Avez d&#039;autres questions ou des suggestions d&#039;am\u00e9lioration concernant l&#039;accessibilit\u00e9 du site web<\/li><\/ul><p>par le biais de la\u00a0<a href=\"https:\/\/sushidaro.com\/fr\/reservas-y-contacto\/\">formulaire de contact<\/a>\u00a0de ce site web ou par le biais du num\u00e9ro de t\u00e9l\u00e9phone (+34)\u00a0<a href=\"tel:615300334\">6615300334<\/a><\/p><p>Vous pouvez soumettre:<\/p><ul><li>Plainte concernant la conformit\u00e9 avec les exigences de la RD 1112\/2018 ou<\/li><li>Application de l&#039;accessibilit\u00e9 de l&#039;Information relative \u00e0:<ul><li>Contenu qui sont exclus du champ d&#039;application de la RD 1112\/2018, tel qu&#039;\u00e9tabli par l&#039;article 3, paragraphe 4<\/li><li>Contenu qui sont exempt\u00e9es de la conformit\u00e9 avec les exigences de l&#039;accessibilit\u00e9 \u00e0 imposer une charge disproportionn\u00e9e<\/li><\/ul><\/li><\/ul><p>Dans l&#039;Application de l&#039;information accessible, vous devez r\u00e9aliser, avec clart\u00e9, les faits, les raisons et la demande qui vous permettent de voir que cette demande est raisonnable et l\u00e9gitime.<\/p><p>Les plaintes et les r\u00e9clamations sur l&#039;acc\u00e8s \u00e0 l&#039;information doit \u00eatre faite par l&#039;\u00e9lectronique de bureau (\u00e0 l&#039;<a href=\"https:\/\/sede.red.gob.es\/procedimientos\/quejas-y-sugerencias\">https:\/\/sede.red.gob.es\/procedimientos\/quejas-y-sugerencias)<\/a>et doivent \u00eatre re\u00e7ues et trait\u00e9es par le domaine des Syst\u00e8mes, du R\u00e9seau d&#039;Information.est.<\/p><p><strong>Contenu facultatif<\/strong><\/p><p>Si vous souhaitez modifier la taille de la police du texte dans le graphique utilis\u00e9 par les navigateurs web les menus suivants:<\/p><ul><li>Internet Explorer, Mozilla et Firefox: Affichage &gt; Taille du texte<\/li><li>Op\u00e9ra: Affichage &gt; Zoom<\/li><li>Safari: Affichage &gt; agrandir la taille du texte<\/li><li>Chrome: les Contr\u00f4les de la page en cours &gt; Taille du texte<\/li><li>Pour modifier la taille de tout sur la page:<ul><li>Ctrl + + pour agrandir<\/li><li>Ctrl + \u2013 pour diminuer<\/li><li>Ctrl + 0 pour restaurer la taille d&#039;origine du texte<\/li><li>Si ce que vous voulez est de remplacer la feuille de style ou de modifier la couleur du texte, vous pouvez vous r\u00e9f\u00e9rer \u00e0 la page Comment Changer la Taille du Texte ou des Couleurs de la WAI, dont vous pouvez lire traduit de l&#039;espagnol dans la Fa\u00e7on de modifier la taille du texte ou des couleurs?<\/li><\/ul><\/li><\/ul>\t\t\t\t\t\t\t\t<\/div>\n\t\t\t\t<\/div>\n\t\t\t\t\t<\/div>\n\t\t<\/div>\n\t\t\t\t\t<\/div>\n\t\t<\/section>\n\t\t\t\t<\/div>","protected":false},"excerpt":{"rendered":"<p>SUSHIDARO SL. s'engage \u00e0 rendre son site Web accessible, conform\u00e9ment au d\u00e9cret royal 1112\/2018, du 7 septembre, sur l'accessibilit\u00e9 des sites Web et des applications du secteur public pour les appareils mobiles. Cette d\u00e9claration d'accessibilit\u00e9 s'applique au site web sushidaro.com Statut de conformit\u00e9 Ce site web est d\u00e9velopp\u00e9 par SUSHIDARO S.L., S.L., conform\u00e9ment...&nbsp;<a href=\"https:\/\/sushidaro.com\/fr\/declaracion-de-accesibilidad\/\" rel=\"bookmark\"><span class=\"screen-reader-text\">La d\u00e9claration d&#039;accessibilit\u00e9<\/span><\/a><\/p>","protected":false},"author":1,"featured_media":0,"parent":0,"menu_order":0,"comment_status":"closed","ping_status":"closed","template":"page-templates\/template-pagebuilder-full-width.php","meta":{"neve_meta_sidebar":"","neve_meta_container":"","neve_meta_enable_content_width":"off","neve_meta_content_width":100,"neve_meta_title_alignment":"","neve_meta_author_avatar":"","neve_post_elements_order":"","neve_meta_disable_header":"","neve_meta_disable_footer":"","neve_meta_disable_title":"","footnotes":""},"class_list":["post-345","page","type-page","status-publish","hentry"],"yoast_head":"<!-- This site is optimized with the Yoast SEO plugin v25.3.1 - https:\/\/yoast.com\/wordpress\/plugins\/seo\/ -->\n<title>Declaraci\u00f3n de accesibilidad - Sushi d&#039;Aro \u2013 Sushi Restaurant Platja d&#039;Aro<\/title>\n<meta name=\"robots\" content=\"index, follow, max-snippet:-1, max-image-preview:large, max-video-preview:-1\" \/>\n<link rel=\"canonical\" href=\"https:\/\/sushidaro.com\/fr\/declaracion-de-accesibilidad\/\" \/>\n<meta property=\"og:locale\" content=\"fr_FR\" \/>\n<meta property=\"og:type\" content=\"article\" \/>\n<meta property=\"og:title\" content=\"Declaraci\u00f3n de accesibilidad - Sushi d&#039;Aro \u2013 Sushi Restaurant Platja d&#039;Aro\" \/>\n<meta property=\"og:description\" content=\"SUSHIDARO SL. se ha comprometido a hacer accesible su sitio web, de conformidad con el Real Decreto 1112\/2018, de 7 de septiembre, sobre accesibilidad de los sitios web y aplicaciones para dispositivos m\u00f3viles del sector p\u00fablico. La presente declaraci\u00f3n de accesibilidad se aplica al sitio web\u00a0sushidaro.com Situaci\u00f3n de cumplimiento Este sitio web se encuentra desarrollado&hellip;&nbsp;Declaraci\u00f3n de accesibilidad\" \/>\n<meta property=\"og:url\" content=\"https:\/\/sushidaro.com\/fr\/declaracion-de-accesibilidad\/\" \/>\n<meta property=\"og:site_name\" content=\"Sushi d&#039;Aro \u2013 Sushi Restaurant Platja d&#039;Aro\" \/>\n<meta property=\"article:modified_time\" content=\"2023-07-02T19:40:29+00:00\" \/>\n<meta name=\"twitter:card\" content=\"summary_large_image\" \/>\n<meta name=\"twitter:label1\" content=\"Dur\u00e9e de lecture estim\u00e9e\" \/>\n\t<meta name=\"twitter:data1\" content=\"2 minutes\" \/>\n<script type=\"application\/ld+json\" class=\"yoast-schema-graph\">{\"@context\":\"https:\/\/schema.org\",\"@graph\":[{\"@type\":\"WebPage\",\"@id\":\"https:\/\/sushidaro.com\/declaracion-de-accesibilidad\/\",\"url\":\"https:\/\/sushidaro.com\/declaracion-de-accesibilidad\/\",\"name\":\"Declaraci\u00f3n de accesibilidad - Sushi d&#039;Aro \u2013 Sushi Restaurant Platja d&#039;Aro\",\"isPartOf\":{\"@id\":\"https:\/\/sushidaro.com\/#website\"},\"datePublished\":\"2023-07-02T19:36:45+00:00\",\"dateModified\":\"2023-07-02T19:40:29+00:00\",\"breadcrumb\":{\"@id\":\"https:\/\/sushidaro.com\/declaracion-de-accesibilidad\/#breadcrumb\"},\"inLanguage\":\"fr-FR\",\"potentialAction\":[{\"@type\":\"ReadAction\",\"target\":[\"https:\/\/sushidaro.com\/declaracion-de-accesibilidad\/\"]}]},{\"@type\":\"BreadcrumbList\",\"@id\":\"https:\/\/sushidaro.com\/declaracion-de-accesibilidad\/#breadcrumb\",\"itemListElement\":[{\"@type\":\"ListItem\",\"position\":1,\"name\":\"Portada\",\"item\":\"https:\/\/sushidaro.com\/\"},{\"@type\":\"ListItem\",\"position\":2,\"name\":\"Declaraci\u00f3n de accesibilidad\"}]},{\"@type\":\"WebSite\",\"@id\":\"https:\/\/sushidaro.com\/#website\",\"url\":\"https:\/\/sushidaro.com\/\",\"name\":\"Sushi d&#039;Aro \u2013 Sushi Restaurant Platja d&#039;Aro\",\"description\":\"Restaurante de Sushi en Girona\",\"potentialAction\":[{\"@type\":\"SearchAction\",\"target\":{\"@type\":\"EntryPoint\",\"urlTemplate\":\"https:\/\/sushidaro.com\/?s={search_term_string}\"},\"query-input\":{\"@type\":\"PropertyValueSpecification\",\"valueRequired\":true,\"valueName\":\"search_term_string\"}}],\"inLanguage\":\"fr-FR\"}]}<\/script>\n<!-- \/ Yoast SEO plugin. -->","yoast_head_json":{"title":"Declaraci\u00f3n de accesibilidad - Sushi d&#039;Aro \u2013 Sushi Restaurant Platja d&#039;Aro","robots":{"index":"index","follow":"follow","max-snippet":"max-snippet:-1","max-image-preview":"max-image-preview:large","max-video-preview":"max-video-preview:-1"},"canonical":"https:\/\/sushidaro.com\/fr\/declaracion-de-accesibilidad\/","og_locale":"fr_FR","og_type":"article","og_title":"Declaraci\u00f3n de accesibilidad - Sushi d&#039;Aro \u2013 Sushi Restaurant Platja d&#039;Aro","og_description":"SUSHIDARO SL. se ha comprometido a hacer accesible su sitio web, de conformidad con el Real Decreto 1112\/2018, de 7 de septiembre, sobre accesibilidad de los sitios web y aplicaciones para dispositivos m\u00f3viles del sector p\u00fablico. La presente declaraci\u00f3n de accesibilidad se aplica al sitio web\u00a0sushidaro.com Situaci\u00f3n de cumplimiento Este sitio web se encuentra desarrollado&hellip;&nbsp;Declaraci\u00f3n de accesibilidad","og_url":"https:\/\/sushidaro.com\/fr\/declaracion-de-accesibilidad\/","og_site_name":"Sushi d&#039;Aro \u2013 Sushi Restaurant Platja d&#039;Aro","article_modified_time":"2023-07-02T19:40:29+00:00","twitter_card":"summary_large_image","twitter_misc":{"Dur\u00e9e de lecture estim\u00e9e":"2 minutes"},"schema":{"@context":"https:\/\/schema.org","@graph":[{"@type":"WebPage","@id":"https:\/\/sushidaro.com\/declaracion-de-accesibilidad\/","url":"https:\/\/sushidaro.com\/declaracion-de-accesibilidad\/","name":"Declaraci\u00f3n de accesibilidad - Sushi d&#039;Aro \u2013 Sushi Restaurant Platja d&#039;Aro","isPartOf":{"@id":"https:\/\/sushidaro.com\/#website"},"datePublished":"2023-07-02T19:36:45+00:00","dateModified":"2023-07-02T19:40:29+00:00","breadcrumb":{"@id":"https:\/\/sushidaro.com\/declaracion-de-accesibilidad\/#breadcrumb"},"inLanguage":"fr-FR","potentialAction":[{"@type":"ReadAction","target":["https:\/\/sushidaro.com\/declaracion-de-accesibilidad\/"]}]},{"@type":"BreadcrumbList","@id":"https:\/\/sushidaro.com\/declaracion-de-accesibilidad\/#breadcrumb","itemListElement":[{"@type":"ListItem","position":1,"name":"Portada","item":"https:\/\/sushidaro.com\/"},{"@type":"ListItem","position":2,"name":"Declaraci\u00f3n de accesibilidad"}]},{"@type":"WebSite","@id":"https:\/\/sushidaro.com\/#website","url":"https:\/\/sushidaro.com\/","name":"Sushi d&#039;Aro \u2013 Sushi Restaurant Platja d&#039;Aro","description":"Restaurante de Sushi en Girona","potentialAction":[{"@type":"SearchAction","target":{"@type":"EntryPoint","urlTemplate":"https:\/\/sushidaro.com\/?s={search_term_string}"},"query-input":{"@type":"PropertyValueSpecification","valueRequired":true,"valueName":"search_term_string"}}],"inLanguage":"fr-FR"}]}},"_links":{"self":[{"href":"https:\/\/sushidaro.com\/fr\/wp-json\/wp\/v2\/pages\/345","targetHints":{"allow":["GET"]}}],"collection":[{"href":"https:\/\/sushidaro.com\/fr\/wp-json\/wp\/v2\/pages"}],"about":[{"href":"https:\/\/sushidaro.com\/fr\/wp-json\/wp\/v2\/types\/page"}],"author":[{"embeddable":true,"href":"https:\/\/sushidaro.com\/fr\/wp-json\/wp\/v2\/users\/1"}],"replies":[{"embeddable":true,"href":"https:\/\/sushidaro.com\/fr\/wp-json\/wp\/v2\/comments?post=345"}],"version-history":[{"count":4,"href":"https:\/\/sushidaro.com\/fr\/wp-json\/wp\/v2\/pages\/345\/revisions"}],"predecessor-version":[{"id":350,"href":"https:\/\/sushidaro.com\/fr\/wp-json\/wp\/v2\/pages\/345\/revisions\/350"}],"wp:attachment":[{"href":"https:\/\/sushidaro.com\/fr\/wp-json\/wp\/v2\/media?parent=345"}],"curies":[{"name":"wp","href":"https:\/\/api.w.org\/{rel}","templated":true}]}}