{"id":332,"date":"2023-07-02T19:24:33","date_gmt":"2023-07-02T19:24:33","guid":{"rendered":"https:\/\/sushidaro.prelanzamiento.es\/?page_id=332"},"modified":"2023-07-02T19:27:48","modified_gmt":"2023-07-02T19:27:48","slug":"politica-de-proteccion-de-datos","status":"publish","type":"page","link":"https:\/\/sushidaro.com\/fr\/politica-de-proteccion-de-datos\/","title":{"rendered":"Politique de protection des donn\u00e9es"},"content":{"rendered":"<div data-elementor-type=\"wp-page\" data-elementor-id=\"332\" class=\"elementor elementor-332\" data-elementor-post-type=\"page\">\n\t\t\t\t\t\t<section class=\"elementor-section elementor-top-section elementor-element elementor-element-45eabb2a elementor-section-full_width elementor-section-height-default elementor-section-height-default\" data-id=\"45eabb2a\" data-element_type=\"section\">\n\t\t\t\t\t\t<div class=\"elementor-container elementor-column-gap-default\">\n\t\t\t\t\t<div class=\"elementor-column elementor-col-100 elementor-top-column elementor-element elementor-element-6642b5a\" data-id=\"6642b5a\" data-element_type=\"column\" data-settings=\"{&quot;background_background&quot;:&quot;classic&quot;}\">\n\t\t\t<div class=\"elementor-widget-wrap elementor-element-populated\">\n\t\t\t\t\t<div class=\"elementor-background-overlay\"><\/div>\n\t\t\t\t\t\t<section class=\"elementor-section elementor-inner-section elementor-element elementor-element-701b54a5 elementor-section-boxed elementor-section-height-default elementor-section-height-default\" data-id=\"701b54a5\" data-element_type=\"section\">\n\t\t\t\t\t\t<div class=\"elementor-container elementor-column-gap-default\">\n\t\t\t\t\t<div class=\"elementor-column elementor-col-100 elementor-inner-column elementor-element elementor-element-44a6ba5a\" data-id=\"44a6ba5a\" data-element_type=\"column\" data-settings=\"{&quot;background_background&quot;:&quot;classic&quot;}\">\n\t\t\t<div class=\"elementor-widget-wrap elementor-element-populated\">\n\t\t\t\t\t\t<div class=\"elementor-element elementor-element-4d80cb33 elementor-invisible elementor-widget elementor-widget-heading\" data-id=\"4d80cb33\" data-element_type=\"widget\" data-settings=\"{&quot;_animation&quot;:&quot;fadeInUp&quot;}\" data-widget_type=\"heading.default\">\n\t\t\t\t<div class=\"elementor-widget-container\">\n\t\t\t\t\t<h3 class=\"elementor-heading-title elementor-size-default\">Politique de protection des donn\u00e9es<\/h3>\t\t\t\t<\/div>\n\t\t\t\t<\/div>\n\t\t\t\t\t<\/div>\n\t\t<\/div>\n\t\t\t\t\t<\/div>\n\t\t<\/section>\n\t\t\t\t\t<\/div>\n\t\t<\/div>\n\t\t\t\t\t<\/div>\n\t\t<\/section>\n\t\t\t\t<section class=\"elementor-section elementor-top-section elementor-element elementor-element-4b88dc2d elementor-section-content-middle elementor-section-boxed elementor-section-height-default elementor-section-height-default\" data-id=\"4b88dc2d\" data-element_type=\"section\" data-settings=\"{&quot;background_background&quot;:&quot;classic&quot;}\">\n\t\t\t\t\t\t\t<div class=\"elementor-background-overlay\"><\/div>\n\t\t\t\t\t\t\t<div class=\"elementor-container elementor-column-gap-default\">\n\t\t\t\t\t<div class=\"elementor-column elementor-col-100 elementor-top-column elementor-element elementor-element-45a53d88 elementor-invisible\" data-id=\"45a53d88\" data-element_type=\"column\" data-settings=\"{&quot;animation&quot;:&quot;fadeInLeft&quot;}\">\n\t\t\t<div class=\"elementor-widget-wrap elementor-element-populated\">\n\t\t\t\t\t\t<div class=\"elementor-element elementor-element-7f783685 elementor-widget elementor-widget-text-editor\" data-id=\"7f783685\" data-element_type=\"widget\" data-widget_type=\"text-editor.default\">\n\t\t\t\t<div class=\"elementor-widget-container\">\n\t\t\t\t\t\t\t\t\t<p>LE PROPRI\u00c9TAIRE s&#039;engage \u00e0 prot\u00e9ger la vie priv\u00e9e des utilisateurs qui acc\u00e8dent \u00e0 ce site web et\/ou de ses services. L&#039;utilisation du site et\/ou les services offerts par LE PROPRI\u00c9TAIRE implique l&#039;acceptation par l&#039;utilisateur des dispositions contenues dans la pr\u00e9sente Politique de Confidentialit\u00e9 et que vos donn\u00e9es personnelles sont trait\u00e9es comme stipul\u00e9es. S&#039;il vous pla\u00eet, gardez \u00e0 l&#039;esprit que, malgr\u00e9 le fait qu&#039;il peut y avoir des liens \u00e0 partir de notre site vers d&#039;autres sites internet et les r\u00e9seaux sociaux, cette Politique de Confidentialit\u00e9 ne s&#039;applique pas aux sites web d&#039;autres entreprises ou organismes pour lesquels le site est redirig\u00e9. LE PROPRI\u00c9TAIRE ne contr\u00f4le pas le contenu des sites tiers, ni n&#039;accepte aucune responsabilit\u00e9 pour le contenu ou les politiques de confidentialit\u00e9 de ces sites web.<\/p><p>\u00a0<\/p><p class=\"text-bold\"><strong>Des informations de base sur le traitement des donn\u00e9es (R\u00e8glement (UE) 2016\/679 et CE 3\/2018)<\/strong><\/p><table><tbody><tr><td>Responsable pour le traitement<\/td><td>LE TITULAIRE.<br \/>Nos donn\u00e9es sont contenues dans la\u00a0<a href=\"https:\/\/sushidaro.com\/fr\/aviso-legal\/\" target=\"blank\" rel=\"noopener\">avis juridique<\/a>\u00a0de ce site web.<\/td><\/tr><tr><td>Le but du traitement<\/td><td>Proposer et g\u00e9rer nos produits et\/ou services.<\/td><\/tr><tr><td>L\u00e9gitimation<\/td><td>Obtenu le consentement de la partie int\u00e9ress\u00e9e. L&#039;ex\u00e9cution du contrat de service.<\/td><\/tr><tr><td>Destinataires<\/td><td>Les donn\u00e9es ne seront pas communiqu\u00e9es \u00e0 des tiers, sauf si requis par la Loi ou est n\u00e9cessaire pour atteindre la finalit\u00e9 du traitement.<\/td><\/tr><tr><td>Droits des personnes<\/td><td>Les parties int\u00e9ress\u00e9es ont le droit d&#039;exercer les droits d&#039;acc\u00e8s, de rectification, de limitation de traitement, de suppression, de portabilit\u00e9 et d&#039;opposition en envoyant votre demande \u00e0 notre adresse.<\/td><\/tr><tr><td>Dur\u00e9e de conservation des donn\u00e9es<\/td><td>Aussi longtemps que la relation commerciale ou pendant les ann\u00e9es n\u00e9cessaires pour se conformer \u00e0 des obligations l\u00e9gales.<\/td><\/tr><tr><td>Demande<\/td><td>Les parties int\u00e9ress\u00e9es peuvent contacter l&#039;AEPD pr\u00e9senter la r\u00e9clamation qui vous semble appropri\u00e9e.<\/td><\/tr><tr><td>Des informations suppl\u00e9mentaires<\/td><td>Vous pouvez consulter suppl\u00e9mentaires et des informations d\u00e9taill\u00e9es ci-dessous dans la partie \u201cQuestions sur la vie priv\u00e9e\u201d.<\/td><\/tr><\/tbody><\/table><p>\u00a0<\/p><p class=\"titol text-bold text-uppercase\"><strong>Questions sur la vie priv\u00e9e<\/strong><\/p><p>En conformit\u00e9 avec le R\u00e8glement (UE) 2016\/679 du Parlement Europ\u00e9en et du Conseil, du 27 avril 2016, (RGPD), et la Loi Organique 3\/2018, du 5 d\u00e9cembre, sur la Protection des Donn\u00e9es Personnelles et de garantie des droits num\u00e9riques (LOPDGDD nous vous proposons les informations suivantes concernant le traitement de vos donn\u00e9es personnelles:<\/p><p>\u00a0<\/p><p class=\"text-bold\"><strong>Qui est le responsable du traitement de vos donn\u00e9es?<\/strong><\/p><p>LE TITULAIRE.<br \/>Nos donn\u00e9es sont contenues dans la\u00a0<a href=\"https:\/\/sushidaro.com\/fr\/aviso-legal\/\" target=\"blank\" rel=\"noopener\">avis juridique<\/a>\u00a0de ce site web.<\/p><p class=\"text-bold\">Ce but nous traitons vos donn\u00e9es personnelles?<\/p><div class=\"cont\"><ul><li>Nous traitons les informations que vous nous fournissez afin de fournir et de facturer nos services et nos produits.<\/li><\/ul><\/div><div class=\"cont\"><ul><li>Si vous nous donnez votre consentement, nous pouvons \u00e9galement traiter vos donn\u00e9es pour vous envoyer des informations sur nos activit\u00e9s, de services et de produits.<\/li><\/ul><\/div><div class=\"cont\"><ul><li>Si vous participez \u00e0 un de nos concours et\/ou \u00e0 un concours, nous allons publier votre nom et votre pr\u00e9nom, et votre image, dans les diff\u00e9rents espaces et les moyens de communication et de diffusion que nous utilisons, y compris les r\u00e9seaux sociaux, dans le but de promouvoir nos activit\u00e9s, de services et de produits.<\/li><\/ul><p>\u00a0<\/p><\/div><p class=\"text-bold\"><strong>Combien de temps conservons-nous vos donn\u00e9es?<\/strong><\/p><p>Les donn\u00e9es personnelles fournies seront conserv\u00e9es pendant que vous \u00eates un utilisateur de nos services ou souhaitez recevoir des informations, et si vous participez \u00e0 une promotion alors que vous \u00eates actif, et puis, pendant les p\u00e9riodes \u00e9tablies pour respecter nos obligations l\u00e9gales.<\/p><p>\u00a0<\/p><p class=\"text-bold\"><strong>Qu&#039;est-ce que la l\u00e9gitimation de l&#039;intervention pour le traitement de vos donn\u00e9es?<\/strong><\/p><p>La base juridique pour le traitement de vos donn\u00e9es sont les consentements que vous nous donnez.<\/p><p>\u00c0 l&#039;\u00e9gard des informations qui sont envoy\u00e9es par les enfants sous l&#039;\u00e2ge de 16 ans, on aura compris que ce qui a \u00e9t\u00e9, avec le consentement de leurs repr\u00e9sentants l\u00e9gaux. Si pas, le repr\u00e9sentant l\u00e9gal d&#039;un mineur doit nous en avertir d\u00e8s qu&#039;elle en a connaissance.<\/p><p>\u00a0<\/p><p class=\"text-bold\"><strong>Ce que les b\u00e9n\u00e9ficiaires de communiquer vos donn\u00e9es?<\/strong><\/p><p>Les donn\u00e9es ne seront pas communiqu\u00e9es \u00e0 des tiers, sauf si requis par la Loi ou est n\u00e9cessaire pour atteindre la finalit\u00e9 du traitement.<\/p><p>\u00a0<\/p><p class=\"text-bold\"><strong>Quels sont vos droits lorsque vous nous fournissez vos donn\u00e9es?<\/strong><\/p><div class=\"cont\"><ul><li>Toute personne a le droit d&#039;obtenir la confirmation au sujet de savoir si nous essayons de ou pas leurs donn\u00e9es personnelles.<\/li><\/ul><\/div><div class=\"cont\"><ul><li>Les parties int\u00e9ress\u00e9es ont le droit d&#039;acc\u00e9der \u00e0 leurs donn\u00e9es personnelles, ainsi que de demander la rectification des donn\u00e9es inexactes ou, le cas \u00e9ch\u00e9ant, demander leur suppression, lorsque, parmi d&#039;autres raisons, les donn\u00e9es ne sont plus n\u00e9cessaires aux fins pour lesquelles elles ont \u00e9t\u00e9 collect\u00e9es.<\/li><\/ul><\/div><div class=\"cont\"><ul><li>Dans certaines circonstances, les parties int\u00e9ress\u00e9es peuvent demander la limitation du traitement de leurs donn\u00e9es, dans ce cas seulement de la conserver pour l&#039;exercice ou la d\u00e9fense des revendications.<\/li><\/ul><\/div><div class=\"cont\"><ul><li>Aussi, dans certaines circonstances et pour des raisons li\u00e9es \u00e0 votre situation particuli\u00e8re, les parties int\u00e9ress\u00e9es peuvent s&#039;opposer au traitement de leurs donn\u00e9es.<\/li><\/ul><\/div><div class=\"cont\"><ul><li>Les parties int\u00e9ress\u00e9es ont \u00e9galement le droit \u00e0 la portabilit\u00e9 de vos donn\u00e9es.<\/li><\/ul><\/div><div class=\"cont\"><ul><li>Enfin, les parties int\u00e9ress\u00e9es ont le droit de d\u00e9poser une plainte aupr\u00e8s de l&#039;Autorit\u00e9 de surveillance comp\u00e9tente.<\/li><\/ul><p>\u00a0<\/p><\/div><p class=\"text-bold\"><strong>Comment pouvez-vous exercer vos droits?<\/strong><\/p><p>En \u00e9crivant et en joignant une copie d&#039;un document qui vous identifie, \u00e0 notre adresse physique ou \u00e9lectronique.<\/p><p>\u00a0<\/p><p class=\"text-bold\"><strong>Comment avons-nous obtenu vos donn\u00e9es?<\/strong><\/p><p>Les donn\u00e9es personnelles que nous proviennent de la partie int\u00e9ress\u00e9e. L&#039;int\u00e9ress\u00e9 garantit que les donn\u00e9es personnelles fournies sont vraies et est responsable de la communication de toute modification de ceux-ci. Les donn\u00e9es sont marqu\u00e9s d&#039;un ast\u00e9risque sont obligatoires pour \u00eatre en mesure de donner le service demand\u00e9.<\/p><p>\u00a0<\/p><p class=\"text-bold\"><strong>Quelles sont les donn\u00e9es que nous traitons?<\/strong><\/p><p>Les cat\u00e9gories de donn\u00e9es que nous traitons dans la prestation de nos services sont les suivants:<\/p><div class=\"cont\"><ul><li>Les donn\u00e9es de caract\u00e8res d&#039;identification<\/li><\/ul><\/div><div class=\"cont\"><ul><li>Adresses postale et \u00e9lectronique<\/li><\/ul><\/div><div class=\"cont\"><ul><li>D&#039;autres donn\u00e9es demand\u00e9es dans l&#039;un de nos formulaires<\/li><\/ul><\/div><p>Les donn\u00e9es sont limit\u00e9es, \u00e9tant donn\u00e9 que seulement de traiter les donn\u00e9es n\u00e9cessaires \u00e0 la prestation de nos services et la gestion de notre activit\u00e9.<\/p><p>\u00a0<\/p><p class=\"text-bold\"><strong>Utilisons-nous des cookies?<\/strong><\/p><p>Nous utilisons des cookies lors de la navigation dans notre site web, avec le consentement \u00e9clair\u00e9 de l&#039;utilisateur. L&#039;utilisateur peut configurer son navigateur pour \u00eatre averti de l&#039;utilisation de cookies et pour emp\u00eacher leur utilisation. Pour plus d&#039;informations, visitez notre\u00a0<a href=\"https:\/\/sushidaro.com\/fr\/politica-de-cookies\/\" target=\"blank\" rel=\"noopener\">politique en mati\u00e8re de cookies<\/a>.<\/p><p>\u00a0<\/p><p class=\"text-bold\"><strong>Des mesures de s\u00e9curit\u00e9 que pouvons-nous appliquer?<\/strong><\/p><p>Nous appliquons des mesures de s\u00e9curit\u00e9 \u00e9tablies dans l&#039;article 32 de la RGPD, par cons\u00e9quent, nous avons adopt\u00e9 les mesures de s\u00e9curit\u00e9 n\u00e9cessaires pour assurer un niveau de s\u00e9curit\u00e9 adapt\u00e9 au risque du traitement des donn\u00e9es, nous effectuons, avec des m\u00e9canismes qui nous permettent d&#039;assurer la confidentialit\u00e9, l&#039;int\u00e9grit\u00e9, la disponibilit\u00e9 et la r\u00e9silience des syst\u00e8mes permanents et des services de traitement.<\/p><p>Certaines de ces mesures sont les suivantes:<\/p><div class=\"cont\"><ul><li>Politique d&#039;Information traitement de donn\u00e9es du personnel.<\/li><\/ul><\/div><div class=\"cont\"><ul><li>Les sauvegardes r\u00e9guli\u00e8res.<\/li><\/ul><\/div><div class=\"cont\"><ul><li>Contr\u00f4ler l&#039;acc\u00e8s aux donn\u00e9es.<\/li><\/ul><\/div><div class=\"cont\"><ul><li>Les processus de v\u00e9rification, de l&#039;\u00e9valuation et de l&#039;\u00e9valuation sur une base r\u00e9guli\u00e8re.<\/li><\/ul><\/div><p>\u00a0<\/p>\t\t\t\t\t\t\t\t<\/div>\n\t\t\t\t<\/div>\n\t\t\t\t\t<\/div>\n\t\t<\/div>\n\t\t\t\t\t<\/div>\n\t\t<\/section>\n\t\t\t\t<\/div>","protected":false},"excerpt":{"rendered":"<p>EL TITULAR se compromete a proteger la privacidad de los usuarios que accedan a esta web y\/o cualquiera de sus servicios. La utilizaci\u00f3n de la web y\/o de cualquiera de los servicios ofrecidos por EL TITULAR implica la aceptaci\u00f3n por el usuario de las disposiciones contenidas en la presente Pol\u00edtica de Privacidad y que sus&hellip;&nbsp;<a href=\"https:\/\/sushidaro.com\/fr\/politica-de-proteccion-de-datos\/\" rel=\"bookmark\"><span class=\"screen-reader-text\">Politique de protection des donn\u00e9es<\/span><\/a><\/p>","protected":false},"author":1,"featured_media":0,"parent":0,"menu_order":0,"comment_status":"closed","ping_status":"closed","template":"page-templates\/template-pagebuilder-full-width.php","meta":{"neve_meta_sidebar":"","neve_meta_container":"","neve_meta_enable_content_width":"off","neve_meta_content_width":100,"neve_meta_title_alignment":"","neve_meta_author_avatar":"","neve_post_elements_order":"","neve_meta_disable_header":"","neve_meta_disable_footer":"","neve_meta_disable_title":"","footnotes":""},"class_list":["post-332","page","type-page","status-publish","hentry"],"yoast_head":"<!-- This site is optimized with the Yoast SEO plugin v25.3.1 - https:\/\/yoast.com\/wordpress\/plugins\/seo\/ -->\n<title>Pol\u00edtica de protecci\u00f3n de datos - Sushi d&#039;Aro \u2013 Sushi Restaurant Platja d&#039;Aro<\/title>\n<meta name=\"robots\" content=\"index, follow, max-snippet:-1, max-image-preview:large, max-video-preview:-1\" \/>\n<link rel=\"canonical\" href=\"https:\/\/sushidaro.com\/fr\/politica-de-proteccion-de-datos\/\" \/>\n<meta property=\"og:locale\" content=\"fr_FR\" \/>\n<meta property=\"og:type\" content=\"article\" \/>\n<meta property=\"og:title\" content=\"Pol\u00edtica de protecci\u00f3n de datos - Sushi d&#039;Aro \u2013 Sushi Restaurant Platja d&#039;Aro\" \/>\n<meta property=\"og:description\" content=\"EL TITULAR se compromete a proteger la privacidad de los usuarios que accedan a esta web y\/o cualquiera de sus servicios. La utilizaci\u00f3n de la web y\/o de cualquiera de los servicios ofrecidos por EL TITULAR implica la aceptaci\u00f3n por el usuario de las disposiciones contenidas en la presente Pol\u00edtica de Privacidad y que sus&hellip;&nbsp;Pol\u00edtica de protecci\u00f3n de datos\" \/>\n<meta property=\"og:url\" content=\"https:\/\/sushidaro.com\/fr\/politica-de-proteccion-de-datos\/\" \/>\n<meta property=\"og:site_name\" content=\"Sushi d&#039;Aro \u2013 Sushi Restaurant Platja d&#039;Aro\" \/>\n<meta property=\"article:modified_time\" content=\"2023-07-02T19:27:48+00:00\" \/>\n<meta name=\"twitter:card\" content=\"summary_large_image\" \/>\n<meta name=\"twitter:label1\" content=\"Dur\u00e9e de lecture estim\u00e9e\" \/>\n\t<meta name=\"twitter:data1\" content=\"5 minutes\" \/>\n<script type=\"application\/ld+json\" class=\"yoast-schema-graph\">{\"@context\":\"https:\/\/schema.org\",\"@graph\":[{\"@type\":\"WebPage\",\"@id\":\"https:\/\/sushidaro.com\/politica-de-proteccion-de-datos\/\",\"url\":\"https:\/\/sushidaro.com\/politica-de-proteccion-de-datos\/\",\"name\":\"Pol\u00edtica de protecci\u00f3n de datos - Sushi d&#039;Aro \u2013 Sushi Restaurant Platja d&#039;Aro\",\"isPartOf\":{\"@id\":\"https:\/\/sushidaro.com\/#website\"},\"datePublished\":\"2023-07-02T19:24:33+00:00\",\"dateModified\":\"2023-07-02T19:27:48+00:00\",\"breadcrumb\":{\"@id\":\"https:\/\/sushidaro.com\/politica-de-proteccion-de-datos\/#breadcrumb\"},\"inLanguage\":\"fr-FR\",\"potentialAction\":[{\"@type\":\"ReadAction\",\"target\":[\"https:\/\/sushidaro.com\/politica-de-proteccion-de-datos\/\"]}]},{\"@type\":\"BreadcrumbList\",\"@id\":\"https:\/\/sushidaro.com\/politica-de-proteccion-de-datos\/#breadcrumb\",\"itemListElement\":[{\"@type\":\"ListItem\",\"position\":1,\"name\":\"Portada\",\"item\":\"https:\/\/sushidaro.com\/\"},{\"@type\":\"ListItem\",\"position\":2,\"name\":\"Pol\u00edtica de protecci\u00f3n de datos\"}]},{\"@type\":\"WebSite\",\"@id\":\"https:\/\/sushidaro.com\/#website\",\"url\":\"https:\/\/sushidaro.com\/\",\"name\":\"Sushi d&#039;Aro \u2013 Sushi Restaurant Platja d&#039;Aro\",\"description\":\"Restaurante de Sushi en Girona\",\"potentialAction\":[{\"@type\":\"SearchAction\",\"target\":{\"@type\":\"EntryPoint\",\"urlTemplate\":\"https:\/\/sushidaro.com\/?s={search_term_string}\"},\"query-input\":{\"@type\":\"PropertyValueSpecification\",\"valueRequired\":true,\"valueName\":\"search_term_string\"}}],\"inLanguage\":\"fr-FR\"}]}<\/script>\n<!-- \/ Yoast SEO plugin. -->","yoast_head_json":{"title":"Pol\u00edtica de protecci\u00f3n de datos - Sushi d&#039;Aro \u2013 Sushi Restaurant Platja d&#039;Aro","robots":{"index":"index","follow":"follow","max-snippet":"max-snippet:-1","max-image-preview":"max-image-preview:large","max-video-preview":"max-video-preview:-1"},"canonical":"https:\/\/sushidaro.com\/fr\/politica-de-proteccion-de-datos\/","og_locale":"fr_FR","og_type":"article","og_title":"Pol\u00edtica de protecci\u00f3n de datos - Sushi d&#039;Aro \u2013 Sushi Restaurant Platja d&#039;Aro","og_description":"EL TITULAR se compromete a proteger la privacidad de los usuarios que accedan a esta web y\/o cualquiera de sus servicios. La utilizaci\u00f3n de la web y\/o de cualquiera de los servicios ofrecidos por EL TITULAR implica la aceptaci\u00f3n por el usuario de las disposiciones contenidas en la presente Pol\u00edtica de Privacidad y que sus&hellip;&nbsp;Pol\u00edtica de protecci\u00f3n de datos","og_url":"https:\/\/sushidaro.com\/fr\/politica-de-proteccion-de-datos\/","og_site_name":"Sushi d&#039;Aro \u2013 Sushi Restaurant Platja d&#039;Aro","article_modified_time":"2023-07-02T19:27:48+00:00","twitter_card":"summary_large_image","twitter_misc":{"Dur\u00e9e de lecture estim\u00e9e":"5 minutes"},"schema":{"@context":"https:\/\/schema.org","@graph":[{"@type":"WebPage","@id":"https:\/\/sushidaro.com\/politica-de-proteccion-de-datos\/","url":"https:\/\/sushidaro.com\/politica-de-proteccion-de-datos\/","name":"Pol\u00edtica de protecci\u00f3n de datos - Sushi d&#039;Aro \u2013 Sushi Restaurant Platja d&#039;Aro","isPartOf":{"@id":"https:\/\/sushidaro.com\/#website"},"datePublished":"2023-07-02T19:24:33+00:00","dateModified":"2023-07-02T19:27:48+00:00","breadcrumb":{"@id":"https:\/\/sushidaro.com\/politica-de-proteccion-de-datos\/#breadcrumb"},"inLanguage":"fr-FR","potentialAction":[{"@type":"ReadAction","target":["https:\/\/sushidaro.com\/politica-de-proteccion-de-datos\/"]}]},{"@type":"BreadcrumbList","@id":"https:\/\/sushidaro.com\/politica-de-proteccion-de-datos\/#breadcrumb","itemListElement":[{"@type":"ListItem","position":1,"name":"Portada","item":"https:\/\/sushidaro.com\/"},{"@type":"ListItem","position":2,"name":"Pol\u00edtica de protecci\u00f3n de datos"}]},{"@type":"WebSite","@id":"https:\/\/sushidaro.com\/#website","url":"https:\/\/sushidaro.com\/","name":"Sushi d&#039;Aro \u2013 Sushi Restaurant Platja d&#039;Aro","description":"Restaurante de Sushi en Girona","potentialAction":[{"@type":"SearchAction","target":{"@type":"EntryPoint","urlTemplate":"https:\/\/sushidaro.com\/?s={search_term_string}"},"query-input":{"@type":"PropertyValueSpecification","valueRequired":true,"valueName":"search_term_string"}}],"inLanguage":"fr-FR"}]}},"_links":{"self":[{"href":"https:\/\/sushidaro.com\/fr\/wp-json\/wp\/v2\/pages\/332","targetHints":{"allow":["GET"]}}],"collection":[{"href":"https:\/\/sushidaro.com\/fr\/wp-json\/wp\/v2\/pages"}],"about":[{"href":"https:\/\/sushidaro.com\/fr\/wp-json\/wp\/v2\/types\/page"}],"author":[{"embeddable":true,"href":"https:\/\/sushidaro.com\/fr\/wp-json\/wp\/v2\/users\/1"}],"replies":[{"embeddable":true,"href":"https:\/\/sushidaro.com\/fr\/wp-json\/wp\/v2\/comments?post=332"}],"version-history":[{"count":4,"href":"https:\/\/sushidaro.com\/fr\/wp-json\/wp\/v2\/pages\/332\/revisions"}],"predecessor-version":[{"id":337,"href":"https:\/\/sushidaro.com\/fr\/wp-json\/wp\/v2\/pages\/332\/revisions\/337"}],"wp:attachment":[{"href":"https:\/\/sushidaro.com\/fr\/wp-json\/wp\/v2\/media?parent=332"}],"curies":[{"name":"wp","href":"https:\/\/api.w.org\/{rel}","templated":true}]}}