{"id":317,"date":"2023-07-02T19:14:05","date_gmt":"2023-07-02T19:14:05","guid":{"rendered":"https:\/\/sushidaro.prelanzamiento.es\/?page_id=317"},"modified":"2023-07-02T19:18:40","modified_gmt":"2023-07-02T19:18:40","slug":"aviso-legal","status":"publish","type":"page","link":"https:\/\/sushidaro.com\/fr\/aviso-legal\/","title":{"rendered":"Avis juridique"},"content":{"rendered":"<div data-elementor-type=\"wp-page\" data-elementor-id=\"317\" class=\"elementor elementor-317\" data-elementor-post-type=\"page\">\n\t\t\t\t\t\t<section class=\"elementor-section elementor-top-section elementor-element elementor-element-45eabb2a elementor-section-full_width elementor-section-height-default elementor-section-height-default\" data-id=\"45eabb2a\" data-element_type=\"section\">\n\t\t\t\t\t\t<div class=\"elementor-container elementor-column-gap-default\">\n\t\t\t\t\t<div class=\"elementor-column elementor-col-100 elementor-top-column elementor-element elementor-element-6642b5a\" data-id=\"6642b5a\" data-element_type=\"column\" data-settings=\"{&quot;background_background&quot;:&quot;classic&quot;}\">\n\t\t\t<div class=\"elementor-widget-wrap elementor-element-populated\">\n\t\t\t\t\t<div class=\"elementor-background-overlay\"><\/div>\n\t\t\t\t\t\t<section class=\"elementor-section elementor-inner-section elementor-element elementor-element-701b54a5 elementor-section-boxed elementor-section-height-default elementor-section-height-default\" data-id=\"701b54a5\" data-element_type=\"section\">\n\t\t\t\t\t\t<div class=\"elementor-container elementor-column-gap-default\">\n\t\t\t\t\t<div class=\"elementor-column elementor-col-100 elementor-inner-column elementor-element elementor-element-44a6ba5a\" data-id=\"44a6ba5a\" data-element_type=\"column\" data-settings=\"{&quot;background_background&quot;:&quot;classic&quot;}\">\n\t\t\t<div class=\"elementor-widget-wrap elementor-element-populated\">\n\t\t\t\t\t\t<div class=\"elementor-element elementor-element-4d80cb33 elementor-invisible elementor-widget elementor-widget-heading\" data-id=\"4d80cb33\" data-element_type=\"widget\" data-settings=\"{&quot;_animation&quot;:&quot;fadeInUp&quot;}\" data-widget_type=\"heading.default\">\n\t\t\t\t<div class=\"elementor-widget-container\">\n\t\t\t\t\t<h3 class=\"elementor-heading-title elementor-size-default\">Avis juridique<\/h3>\t\t\t\t<\/div>\n\t\t\t\t<\/div>\n\t\t\t\t\t<\/div>\n\t\t<\/div>\n\t\t\t\t\t<\/div>\n\t\t<\/section>\n\t\t\t\t\t<\/div>\n\t\t<\/div>\n\t\t\t\t\t<\/div>\n\t\t<\/section>\n\t\t\t\t<section class=\"elementor-section elementor-top-section elementor-element elementor-element-4b88dc2d elementor-section-content-middle elementor-section-boxed elementor-section-height-default elementor-section-height-default\" data-id=\"4b88dc2d\" data-element_type=\"section\" data-settings=\"{&quot;background_background&quot;:&quot;classic&quot;}\">\n\t\t\t\t\t\t\t<div class=\"elementor-background-overlay\"><\/div>\n\t\t\t\t\t\t\t<div class=\"elementor-container elementor-column-gap-default\">\n\t\t\t\t\t<div class=\"elementor-column elementor-col-100 elementor-top-column elementor-element elementor-element-45a53d88 elementor-invisible\" data-id=\"45a53d88\" data-element_type=\"column\" data-settings=\"{&quot;animation&quot;:&quot;fadeInLeft&quot;}\">\n\t\t\t<div class=\"elementor-widget-wrap elementor-element-populated\">\n\t\t\t\t\t\t<div class=\"elementor-element elementor-element-7f783685 elementor-widget elementor-widget-text-editor\" data-id=\"7f783685\" data-element_type=\"widget\" data-widget_type=\"text-editor.default\">\n\t\t\t\t<div class=\"elementor-widget-container\">\n\t\t\t\t\t\t\t\t\t<p>Conform\u00e9ment \u00e0 la Loi 34\/2002 de Services de la Soci\u00e9t\u00e9 de l&#039;Information et du Commerce \u00c9lectronique, nous vous informons que le pr\u00e9sent site est la propri\u00e9t\u00e9 de SUSHIDARO SL (ci-apr\u00e8s LE \u201cTITULAIRE\u201d), avec CIF: B55222269, sise \u00e0 la RUE JOSEP BAS 21, 17250 PLATJA d&#039;ARO Girona; t\u00e9l\u00e9phone 615300334.<\/p><p>\u00a0<\/p><p class=\"titol text-bold text-uppercase\"><strong>PROPRI\u00c9T\u00c9 INTELLECTUELLE ET INDUSTRIELLE<\/strong><\/p><p>Le contenu de ce site, y compris le texte, les images et les conceptions graphiques, appartiennent AU TITULAIRE, ou \u00e0 des tiers ayant autoris\u00e9 leur utilisation. LE TITULAIRE pr\u00e9sente ces contenus d&#039;information et de promotion. LE PROPRI\u00c9TAIRE autorise son utilisation exclusivement \u00e0 ces fins. Toute utilisation de ces mod\u00e8les, des images ou des textes doit express\u00e9ment mentionner votre appartenance \u00e0 LA PROPRI\u00c9TAIRE, qui se r\u00e9serve le droit d&#039;entamer des actions juridiques appropri\u00e9es pour r\u00e9parer les dommages caus\u00e9s par tout acte qui constitue une violation de leurs droits de propri\u00e9t\u00e9 intellectuelle ou industrielle.<\/p><p>\u00a0<\/p><p class=\"titol text-bold text-uppercase\"><strong>EXCLUSION DE RESPONSABILIT\u00c9<\/strong><\/p><p>LE PROPRI\u00c9TAIRE des actes avec la plus grande diligence possible, de sorte que les donn\u00e9es et les informations qu&#039;il propose sur son site web est \u00e0 jour et en prenant le temps, mais ne garantit pas ni n&#039;est responsable pour l&#039;exactitude et la mise \u00e0 jour des contenus du site, et se r\u00e9serve le droit de modifier lesdits contenus \u00e0 tout moment. LE PROPRI\u00c9TAIRE ne sera pas responsable pour les informations qui peuvent \u00eatre obtenus gr\u00e2ce \u00e0 des liens inclus dans le site web.<\/p><p>Relations commerciales avec les clients sera r\u00e9gi par les Conditions G\u00e9n\u00e9rales qui, dans votre cas, peut \u00eatre \u00e9tabli par LE TITULAIRE dans un document sp\u00e9cifique \u00e0 cet effet, ou par les accords concrets qui pourraient \u00eatre convenus avec les clients.<\/p><p>\u00a0<\/p><p class=\"titol text-bold text-uppercase\"><strong>CONDITIONS D&#039;UTILISATION<\/strong><\/p><p>L&#039;utilisation de ce site web implique l&#039;acceptation pleine et enti\u00e8re des termes et conditions du pr\u00e9sent avis l\u00e9gal. Tout litige relatif \u00e0 ce site sera r\u00e9gie exclusivement par la loi de l&#039;\u00c9tat espagnol. Tous les utilisateurs du site, quel que soit le territoire dans lequel il est accessible, vous vous engagez \u00e0 la conformit\u00e9 et le respect de ces termes et conditions, en renon\u00e7ant express\u00e9ment \u00e0 toute autre juridiction qui pourrait lui correspondre.<\/p>\t\t\t\t\t\t\t\t<\/div>\n\t\t\t\t<\/div>\n\t\t\t\t\t<\/div>\n\t\t<\/div>\n\t\t\t\t\t<\/div>\n\t\t<\/section>\n\t\t\t\t<\/div>","protected":false},"excerpt":{"rendered":"<p>De conformidad con la Ley 34\/2002, de Servicios de la Sociedad de la Informaci\u00f3n y de Comercio Electr\u00f3nico, le informamos que esta web es titularidad de SUSHIDARO SL, (en adelante \u201cEL TITULAR\u201d), con CIF: B55222269, con domicilio en CARRER JOSEP BAS 21, 17250 PLATJA D\u2019ARO, Girona; tel\u00e9fono 615300334. \u00a0 PROPIEDAD INTELECTUAL E INDUSTRIAL Los contenidos&hellip;&nbsp;<a href=\"https:\/\/sushidaro.com\/fr\/aviso-legal\/\" rel=\"bookmark\"><span class=\"screen-reader-text\">Avis juridique<\/span><\/a><\/p>","protected":false},"author":1,"featured_media":0,"parent":0,"menu_order":0,"comment_status":"closed","ping_status":"closed","template":"page-templates\/template-pagebuilder-full-width.php","meta":{"neve_meta_sidebar":"","neve_meta_container":"","neve_meta_enable_content_width":"off","neve_meta_content_width":100,"neve_meta_title_alignment":"","neve_meta_author_avatar":"","neve_post_elements_order":"","neve_meta_disable_header":"","neve_meta_disable_footer":"","neve_meta_disable_title":"","footnotes":""},"class_list":["post-317","page","type-page","status-publish","hentry"],"yoast_head":"<!-- This site is optimized with the Yoast SEO plugin v25.3.1 - https:\/\/yoast.com\/wordpress\/plugins\/seo\/ -->\n<title>Aviso legal - Sushi d&#039;Aro \u2013 Sushi Restaurant Platja d&#039;Aro<\/title>\n<meta name=\"robots\" content=\"index, follow, max-snippet:-1, max-image-preview:large, max-video-preview:-1\" \/>\n<link rel=\"canonical\" href=\"https:\/\/sushidaro.com\/fr\/aviso-legal\/\" \/>\n<meta property=\"og:locale\" content=\"fr_FR\" \/>\n<meta property=\"og:type\" content=\"article\" \/>\n<meta property=\"og:title\" content=\"Aviso legal - Sushi d&#039;Aro \u2013 Sushi Restaurant Platja d&#039;Aro\" \/>\n<meta property=\"og:description\" content=\"De conformidad con la Ley 34\/2002, de Servicios de la Sociedad de la Informaci\u00f3n y de Comercio Electr\u00f3nico, le informamos que esta web es titularidad de SUSHIDARO SL, (en adelante \u201cEL TITULAR\u201d), con CIF: B55222269, con domicilio en CARRER JOSEP BAS 21, 17250 PLATJA D\u2019ARO, Girona; tel\u00e9fono 615300334. \u00a0 PROPIEDAD INTELECTUAL E INDUSTRIAL Los contenidos&hellip;&nbsp;Aviso legal\" \/>\n<meta property=\"og:url\" content=\"https:\/\/sushidaro.com\/fr\/aviso-legal\/\" \/>\n<meta property=\"og:site_name\" content=\"Sushi d&#039;Aro \u2013 Sushi Restaurant Platja d&#039;Aro\" \/>\n<meta property=\"article:modified_time\" content=\"2023-07-02T19:18:40+00:00\" \/>\n<meta name=\"twitter:card\" content=\"summary_large_image\" \/>\n<meta name=\"twitter:label1\" content=\"Dur\u00e9e de lecture estim\u00e9e\" \/>\n\t<meta name=\"twitter:data1\" content=\"2 minutes\" \/>\n<script type=\"application\/ld+json\" class=\"yoast-schema-graph\">{\"@context\":\"https:\/\/schema.org\",\"@graph\":[{\"@type\":\"WebPage\",\"@id\":\"https:\/\/sushidaro.com\/aviso-legal\/\",\"url\":\"https:\/\/sushidaro.com\/aviso-legal\/\",\"name\":\"Aviso legal - Sushi d&#039;Aro \u2013 Sushi Restaurant Platja d&#039;Aro\",\"isPartOf\":{\"@id\":\"https:\/\/sushidaro.com\/#website\"},\"datePublished\":\"2023-07-02T19:14:05+00:00\",\"dateModified\":\"2023-07-02T19:18:40+00:00\",\"breadcrumb\":{\"@id\":\"https:\/\/sushidaro.com\/aviso-legal\/#breadcrumb\"},\"inLanguage\":\"fr-FR\",\"potentialAction\":[{\"@type\":\"ReadAction\",\"target\":[\"https:\/\/sushidaro.com\/aviso-legal\/\"]}]},{\"@type\":\"BreadcrumbList\",\"@id\":\"https:\/\/sushidaro.com\/aviso-legal\/#breadcrumb\",\"itemListElement\":[{\"@type\":\"ListItem\",\"position\":1,\"name\":\"Portada\",\"item\":\"https:\/\/sushidaro.com\/\"},{\"@type\":\"ListItem\",\"position\":2,\"name\":\"Aviso legal\"}]},{\"@type\":\"WebSite\",\"@id\":\"https:\/\/sushidaro.com\/#website\",\"url\":\"https:\/\/sushidaro.com\/\",\"name\":\"Sushi d&#039;Aro \u2013 Sushi Restaurant Platja d&#039;Aro\",\"description\":\"Restaurante de Sushi en Girona\",\"potentialAction\":[{\"@type\":\"SearchAction\",\"target\":{\"@type\":\"EntryPoint\",\"urlTemplate\":\"https:\/\/sushidaro.com\/?s={search_term_string}\"},\"query-input\":{\"@type\":\"PropertyValueSpecification\",\"valueRequired\":true,\"valueName\":\"search_term_string\"}}],\"inLanguage\":\"fr-FR\"}]}<\/script>\n<!-- \/ Yoast SEO plugin. -->","yoast_head_json":{"title":"Aviso legal - Sushi d&#039;Aro \u2013 Sushi Restaurant Platja d&#039;Aro","robots":{"index":"index","follow":"follow","max-snippet":"max-snippet:-1","max-image-preview":"max-image-preview:large","max-video-preview":"max-video-preview:-1"},"canonical":"https:\/\/sushidaro.com\/fr\/aviso-legal\/","og_locale":"fr_FR","og_type":"article","og_title":"Aviso legal - Sushi d&#039;Aro \u2013 Sushi Restaurant Platja d&#039;Aro","og_description":"De conformidad con la Ley 34\/2002, de Servicios de la Sociedad de la Informaci\u00f3n y de Comercio Electr\u00f3nico, le informamos que esta web es titularidad de SUSHIDARO SL, (en adelante \u201cEL TITULAR\u201d), con CIF: B55222269, con domicilio en CARRER JOSEP BAS 21, 17250 PLATJA D\u2019ARO, Girona; tel\u00e9fono 615300334. \u00a0 PROPIEDAD INTELECTUAL E INDUSTRIAL Los contenidos&hellip;&nbsp;Aviso legal","og_url":"https:\/\/sushidaro.com\/fr\/aviso-legal\/","og_site_name":"Sushi d&#039;Aro \u2013 Sushi Restaurant Platja d&#039;Aro","article_modified_time":"2023-07-02T19:18:40+00:00","twitter_card":"summary_large_image","twitter_misc":{"Dur\u00e9e de lecture estim\u00e9e":"2 minutes"},"schema":{"@context":"https:\/\/schema.org","@graph":[{"@type":"WebPage","@id":"https:\/\/sushidaro.com\/aviso-legal\/","url":"https:\/\/sushidaro.com\/aviso-legal\/","name":"Aviso legal - Sushi d&#039;Aro \u2013 Sushi Restaurant Platja d&#039;Aro","isPartOf":{"@id":"https:\/\/sushidaro.com\/#website"},"datePublished":"2023-07-02T19:14:05+00:00","dateModified":"2023-07-02T19:18:40+00:00","breadcrumb":{"@id":"https:\/\/sushidaro.com\/aviso-legal\/#breadcrumb"},"inLanguage":"fr-FR","potentialAction":[{"@type":"ReadAction","target":["https:\/\/sushidaro.com\/aviso-legal\/"]}]},{"@type":"BreadcrumbList","@id":"https:\/\/sushidaro.com\/aviso-legal\/#breadcrumb","itemListElement":[{"@type":"ListItem","position":1,"name":"Portada","item":"https:\/\/sushidaro.com\/"},{"@type":"ListItem","position":2,"name":"Aviso legal"}]},{"@type":"WebSite","@id":"https:\/\/sushidaro.com\/#website","url":"https:\/\/sushidaro.com\/","name":"Sushi d&#039;Aro \u2013 Sushi Restaurant Platja d&#039;Aro","description":"Restaurante de Sushi en Girona","potentialAction":[{"@type":"SearchAction","target":{"@type":"EntryPoint","urlTemplate":"https:\/\/sushidaro.com\/?s={search_term_string}"},"query-input":{"@type":"PropertyValueSpecification","valueRequired":true,"valueName":"search_term_string"}}],"inLanguage":"fr-FR"}]}},"_links":{"self":[{"href":"https:\/\/sushidaro.com\/fr\/wp-json\/wp\/v2\/pages\/317","targetHints":{"allow":["GET"]}}],"collection":[{"href":"https:\/\/sushidaro.com\/fr\/wp-json\/wp\/v2\/pages"}],"about":[{"href":"https:\/\/sushidaro.com\/fr\/wp-json\/wp\/v2\/types\/page"}],"author":[{"embeddable":true,"href":"https:\/\/sushidaro.com\/fr\/wp-json\/wp\/v2\/users\/1"}],"replies":[{"embeddable":true,"href":"https:\/\/sushidaro.com\/fr\/wp-json\/wp\/v2\/comments?post=317"}],"version-history":[{"count":7,"href":"https:\/\/sushidaro.com\/fr\/wp-json\/wp\/v2\/pages\/317\/revisions"}],"predecessor-version":[{"id":324,"href":"https:\/\/sushidaro.com\/fr\/wp-json\/wp\/v2\/pages\/317\/revisions\/324"}],"wp:attachment":[{"href":"https:\/\/sushidaro.com\/fr\/wp-json\/wp\/v2\/media?parent=317"}],"curies":[{"name":"wp","href":"https:\/\/api.w.org\/{rel}","templated":true}]}}