{"id":510,"date":"2023-07-06T06:21:57","date_gmt":"2023-07-06T06:21:57","guid":{"rendered":"https:\/\/sushidaro.prelanzamiento.es\/?page_id=510"},"modified":"2024-01-17T11:31:27","modified_gmt":"2024-01-17T11:31:27","slug":"restaurante-sushi-palamos","status":"publish","type":"page","link":"https:\/\/sushidaro.com\/ca\/restaurante-sushi-palamos\/","title":{"rendered":"Restaurant sushi Palam\u00f3s"},"content":{"rendered":"<div data-elementor-type=\"wp-page\" data-elementor-id=\"510\" class=\"elementor elementor-510\" data-elementor-post-type=\"page\">\n\t\t\t\t\t\t<section class=\"elementor-section elementor-top-section elementor-element elementor-element-99cfd93 elementor-section-full_width elementor-section-height-default elementor-section-height-default\" data-id=\"99cfd93\" data-element_type=\"section\" data-settings=\"{&quot;background_background&quot;:&quot;classic&quot;}\">\n\t\t\t\t\t\t<div class=\"elementor-container elementor-column-gap-default\">\n\t\t\t\t\t<div class=\"elementor-column elementor-col-100 elementor-top-column elementor-element elementor-element-aaf3b9c\" data-id=\"aaf3b9c\" data-element_type=\"column\">\n\t\t\t<div class=\"elementor-widget-wrap elementor-element-populated\">\n\t\t\t\t\t<div class=\"elementor-background-overlay\"><\/div>\n\t\t\t\t\t\t<section class=\"elementor-section elementor-inner-section elementor-element elementor-element-04d6ce6 elementor-section-boxed elementor-section-height-default elementor-section-height-default\" data-id=\"04d6ce6\" data-element_type=\"section\">\n\t\t\t\t\t\t<div class=\"elementor-container elementor-column-gap-default\">\n\t\t\t\t\t<div class=\"elementor-column elementor-col-100 elementor-inner-column elementor-element elementor-element-af58920\" data-id=\"af58920\" data-element_type=\"column\" data-settings=\"{&quot;background_background&quot;:&quot;classic&quot;}\">\n\t\t\t<div class=\"elementor-widget-wrap elementor-element-populated\">\n\t\t\t\t\t\t<div class=\"elementor-element elementor-element-beb97e2 elementor-invisible elementor-widget elementor-widget-heading\" data-id=\"beb97e2\" data-element_type=\"widget\" data-settings=\"{&quot;_animation&quot;:&quot;fadeInUp&quot;}\" data-widget_type=\"heading.default\">\n\t\t\t\t<div class=\"elementor-widget-container\">\n\t\t\t\t\t<h3 class=\"elementor-heading-title elementor-size-default\">Restaurant sushi Palam\u00f3s<\/h3>\t\t\t\t<\/div>\n\t\t\t\t<\/div>\n\t\t\t\t\t<\/div>\n\t\t<\/div>\n\t\t\t\t\t<\/div>\n\t\t<\/section>\n\t\t\t\t\t<\/div>\n\t\t<\/div>\n\t\t\t\t\t<\/div>\n\t\t<\/section>\n\t\t\t\t<section class=\"elementor-section elementor-top-section elementor-element elementor-element-4b88dc2d elementor-section-content-middle elementor-section-boxed elementor-section-height-default elementor-section-height-default\" data-id=\"4b88dc2d\" data-element_type=\"section\" data-settings=\"{&quot;background_background&quot;:&quot;classic&quot;}\">\n\t\t\t\t\t\t\t<div class=\"elementor-background-overlay\"><\/div>\n\t\t\t\t\t\t\t<div class=\"elementor-container elementor-column-gap-default\">\n\t\t\t\t\t<div class=\"elementor-column elementor-col-50 elementor-top-column elementor-element elementor-element-45a53d88 elementor-invisible\" data-id=\"45a53d88\" data-element_type=\"column\" data-settings=\"{&quot;animation&quot;:&quot;fadeInLeft&quot;}\">\n\t\t\t<div class=\"elementor-widget-wrap elementor-element-populated\">\n\t\t\t\t\t\t<div class=\"elementor-element elementor-element-7f783685 elementor-widget elementor-widget-text-editor\" data-id=\"7f783685\" data-element_type=\"widget\" data-widget_type=\"text-editor.default\">\n\t\t\t\t<div class=\"elementor-widget-container\">\n\t\t\t\t\t\t\t\t\t<p>Benvingut a Sushi d&#039;Aro, el millor<strong> restaurant de sushi a Palam\u00f3s<\/strong>!<\/p><p>A Sushi d&#039;Aro ens enorgulleix oferir-te una experi\u00e8ncia culin\u00e0ria \u00fanica, fusionant el millor de la gastronomia japonesa amb productes frescos i d&#039;alta qualitat. El nostre restaurant est\u00e0 ubicat al cor de Palam\u00f3s, envoltat de la bellesa del mar i de l&#039;encant de la Costa Brava.<\/p><p>Qu\u00e8 ens fa destacar com el millor <strong>restaurant de sushi a Palam\u00f3s<\/strong>? El nostre comprom\u00eds amb l&#039;excel\u00b7l\u00e8ncia a cada plat que servim. Els nostres talentosos xefs, experts en la preparaci\u00f3 de sushi tradicional i creatiu, treballen amb passi\u00f3 i precisi\u00f3 per oferir-te una explosi\u00f3 de sabors a cada mos.<\/p><p>A Sushi d&#039;Aro, sabem que la frescor \u00e9s clau per a una experi\u00e8ncia gastron\u00f2mica inoblidable. Per aix\u00f2, ens prove\u00efm di\u00e0riament dels millors ingredients, acuradament seleccionats. Des del peix m\u00e9s fresc fins als vegetals m\u00e9s cruixents, cada element als nostres plats est\u00e0 dissenyat per delectar els teus sentits i satisfer el teu paladar.<\/p><p>El nostre men\u00fa ofereix una gran varietat d&#039;opcions per satisfer tots els gustos i prefer\u00e8ncies. Des de cl\u00e0ssics com el nigiri i el maki, fins a creacions \u00faniques de la casa, com el sushi picant de llagostins o el rotllo tempura d&#039;alvocat, trobar\u00e0s alguna cosa per a tots els amants del <strong>sushi <\/strong>al nostre<strong> restaurant a Palam\u00f3s<\/strong>.<\/p>\t\t\t\t\t\t\t\t<\/div>\n\t\t\t\t<\/div>\n\t\t\t\t<div class=\"elementor-element elementor-element-5020b49 elementor-widget elementor-widget-image\" data-id=\"5020b49\" data-element_type=\"widget\" data-widget_type=\"image.default\">\n\t\t\t\t<div class=\"elementor-widget-container\">\n\t\t\t\t\t\t\t\t\t\t\t\t\t\t\t<img fetchpriority=\"high\" decoding=\"async\" width=\"1024\" height=\"724\" src=\"https:\/\/sushidaro.com\/wp-content\/uploads\/2024\/01\/Sushi-restaurante-1024x724.png\" class=\"attachment-large size-large wp-image-1172\" alt=\"Trabajador poniendo todos los sushis juntos para llevarlos a la mesa\" srcset=\"https:\/\/sushidaro.com\/wp-content\/uploads\/2024\/01\/Sushi-restaurante-1024x724.png 1024w, https:\/\/sushidaro.com\/wp-content\/uploads\/2024\/01\/Sushi-restaurante-300x212.png 300w, https:\/\/sushidaro.com\/wp-content\/uploads\/2024\/01\/Sushi-restaurante-768x543.png 768w, https:\/\/sushidaro.com\/wp-content\/uploads\/2024\/01\/Sushi-restaurante-1536x1086.png 1536w, https:\/\/sushidaro.com\/wp-content\/uploads\/2024\/01\/Sushi-restaurante-18x12.png 18w, https:\/\/sushidaro.com\/wp-content\/uploads\/2024\/01\/Sushi-restaurante.png 2000w\" sizes=\"(max-width: 1024px) 100vw, 1024px\" \/>\t\t\t\t\t\t\t\t\t\t\t\t\t\t\t<\/div>\n\t\t\t\t<\/div>\n\t\t\t\t<div class=\"elementor-element elementor-element-5fa6cd5 elementor-align-center elementor-widget elementor-widget-button\" data-id=\"5fa6cd5\" data-element_type=\"widget\" data-widget_type=\"button.default\">\n\t\t\t\t<div class=\"elementor-widget-container\">\n\t\t\t\t\t\t\t\t\t<div class=\"elementor-button-wrapper\">\n\t\t\t\t\t<a class=\"elementor-button elementor-button-link elementor-size-sm\" href=\"https:\/\/sushidaro.com\/ca\/reservas-y-contacto\/\">\n\t\t\t\t\t\t<span class=\"elementor-button-content-wrapper\">\n\t\t\t\t\t\t\t\t\t<span class=\"elementor-button-text\">CONTACTA AMB NOSALTRES<\/span>\n\t\t\t\t\t<\/span>\n\t\t\t\t\t<\/a>\n\t\t\t\t<\/div>\n\t\t\t\t\t\t\t\t<\/div>\n\t\t\t\t<\/div>\n\t\t\t\t<div class=\"elementor-element elementor-element-7cbbe3e elementor-widget elementor-widget-text-editor\" data-id=\"7cbbe3e\" data-element_type=\"widget\" data-widget_type=\"text-editor.default\">\n\t\t\t\t<div class=\"elementor-widget-container\">\n\t\t\t\t\t\t\t\t\t<p style=\"text-align: justify;\">A m\u00e9s del nostre exquisit menjar, a Sushi d&#039;Aro ens esforcem per brindar un ambient acollidor i relaxat. El nostre elegant i modern local est\u00e0 dissenyat perqu\u00e8 et sentis c\u00f2mode mentre gaudeixes del teu menjar. Ja sigui que vinguis a sopar amb amics, en parella o en fam\u00edlia, el nostre amable personal et rebr\u00e0 amb un somriure i estar\u00e0 encantat d&#039;ajudar-te en tot all\u00f2 que necessitis.<\/p><p style=\"text-align: justify;\">A Sushi d&#039;Aro, ens esforcem per brindar als nostres clients una experi\u00e8ncia completa m\u00e9s enll\u00e0 del menjar excepcional que servim. Ens enorgulleix oferir un servei impecable i una atenci\u00f3 personalitzada per assegurar-nos que la teva visita sigui memorable.<\/p><p style=\"text-align: justify;\">El nostre equip de professionals apassionats pel sushi est\u00e0 sempre disposat a guiar-te a trav\u00e9s del nostre men\u00fa i respondre qualsevol pregunta que puguis tenir. Ja sigui que estiguis familiaritzat amb la cuina japonesa o que estiguis tastant el sushi per primera vegada, et garantim una experi\u00e8ncia plaent i educativa.<\/p><p style=\"text-align: justify;\">No us perdeu les nostres promocions i esdeveniments especials, on podreu gaudir de descomptes i degustacions exclusives. Tamb\u00e9 oferim servei de c\u00e0tering per a ocasions especials, brindant una experi\u00e8ncia de sushi de primera qualitat directament al teu esdeveniment.<\/p><p style=\"text-align: justify;\">En resum, si est\u00e0s buscant el millor\u00a0<strong>restaurant de sushi a Palam\u00f3s<\/strong>, no busquis m\u00e9s. Sushi d&#039;Aro t&#039;espera amb els bra\u00e7os oberts, a punt per oferir-te una experi\u00e8ncia gastron\u00f2mica \u00fanica plena de sabor, frescor i passi\u00f3 pel sushi. Vine i descobreix per qu\u00e8 som el lloc de refer\u00e8ncia per als amants del sushi a la Costa Brava!<\/p>\t\t\t\t\t\t\t\t<\/div>\n\t\t\t\t<\/div>\n\t\t\t\t\t<\/div>\n\t\t<\/div>\n\t\t\t\t<div class=\"elementor-column elementor-col-50 elementor-top-column elementor-element elementor-element-74719e3 elementor-invisible\" data-id=\"74719e3\" data-element_type=\"column\" data-settings=\"{&quot;animation&quot;:&quot;fadeInLeft&quot;}\">\n\t\t\t<div class=\"elementor-widget-wrap elementor-element-populated\">\n\t\t\t\t\t\t<section class=\"elementor-section elementor-inner-section elementor-element elementor-element-f5d5b0e elementor-section-boxed elementor-section-height-default elementor-section-height-default\" data-id=\"f5d5b0e\" data-element_type=\"section\" data-settings=\"{&quot;background_background&quot;:&quot;classic&quot;}\">\n\t\t\t\t\t\t<div class=\"elementor-container elementor-column-gap-default\">\n\t\t\t\t\t<div class=\"elementor-column elementor-col-100 elementor-inner-column elementor-element elementor-element-a9ae017\" data-id=\"a9ae017\" data-element_type=\"column\">\n\t\t\t<div class=\"elementor-widget-wrap elementor-element-populated\">\n\t\t\t\t\t\t<div class=\"elementor-element elementor-element-108db37 elementor-widget elementor-widget-heading\" data-id=\"108db37\" data-element_type=\"widget\" data-widget_type=\"heading.default\">\n\t\t\t\t<div class=\"elementor-widget-container\">\n\t\t\t\t\t<h2 class=\"elementor-heading-title elementor-size-default\">Contacta'ns<\/h2>\t\t\t\t<\/div>\n\t\t\t\t<\/div>\n\t\t\t\t<div class=\"elementor-element elementor-element-edcf080 elementor-button-align-stretch elementor-widget elementor-widget-form\" data-id=\"edcf080\" data-element_type=\"widget\" data-settings=\"{&quot;step_next_label&quot;:&quot;Next&quot;,&quot;step_previous_label&quot;:&quot;Previous&quot;,&quot;button_width&quot;:&quot;100&quot;,&quot;step_type&quot;:&quot;number_text&quot;,&quot;step_icon_shape&quot;:&quot;circle&quot;}\" data-widget_type=\"form.default\">\n\t\t\t\t<div class=\"elementor-widget-container\">\n\t\t\t\t\t\t\t<form class=\"elementor-form\" method=\"post\" name=\"New Form\" aria-label=\"New Form\" action=\"\">\n\t\t\t<input type=\"hidden\" name=\"post_id\" value=\"510\"\/>\n\t\t\t<input type=\"hidden\" name=\"form_id\" value=\"edcf080\"\/>\n\t\t\t<input type=\"hidden\" name=\"referer_title\" value=\"Sushi d&#039;Aro \u2013 Sushi Restaurant Platja d&#039;Aro\" \/>\n\n\t\t\t\n\t\t\t<div class=\"elementor-form-fields-wrapper elementor-labels-above\">\n\t\t\t\t\t\t\t\t<div class=\"elementor-field-type-text elementor-field-group elementor-column elementor-field-group-name elementor-col-100 elementor-field-required\">\n\t\t\t\t\t\t\t\t\t\t\t\t<label for=\"form-field-name\" class=\"elementor-field-label\">\n\t\t\t\t\t\t\t\tNom\t\t\t\t\t\t\t<\/label>\n\t\t\t\t\t\t\t\t\t\t\t\t\t\t<input size=\"1\" type=\"text\" name=\"form_fields[name]\" id=\"form-field-name\" class=\"elementor-field elementor-size-sm  elementor-field-textual\" placeholder=\"Nom\" required=\"required\">\n\t\t\t\t\t\t\t\t\t\t\t<\/div>\n\t\t\t\t\t\t\t\t<div class=\"elementor-field-type-tel elementor-field-group elementor-column elementor-field-group-field_109e067 elementor-col-100 elementor-field-required\">\n\t\t\t\t\t\t\t\t\t\t\t\t<label for=\"form-field-field_109e067\" class=\"elementor-field-label\">\n\t\t\t\t\t\t\t\tTel\u00e8fon\t\t\t\t\t\t\t<\/label>\n\t\t\t\t\t\t\t\t<input size=\"1\" type=\"tel\" name=\"form_fields[field_109e067]\" id=\"form-field-field_109e067\" class=\"elementor-field elementor-size-sm  elementor-field-textual\" placeholder=\"Tel\u00e8fon\" required=\"required\" pattern=\"[0-9()#&amp;+*-=.]+\" title=\"Only numbers and phone characters (#, -, *, etc) are accepted.\">\n\n\t\t\t\t\t\t<\/div>\n\t\t\t\t\t\t\t\t<div class=\"elementor-field-type-email elementor-field-group elementor-column elementor-field-group-email elementor-col-100 elementor-field-required\">\n\t\t\t\t\t\t\t\t\t\t\t\t<label for=\"form-field-email\" class=\"elementor-field-label\">\n\t\t\t\t\t\t\t\tCorreu electr\u00f2nic\t\t\t\t\t\t\t<\/label>\n\t\t\t\t\t\t\t\t\t\t\t\t\t\t<input size=\"1\" type=\"email\" name=\"form_fields[email]\" id=\"form-field-email\" class=\"elementor-field elementor-size-sm  elementor-field-textual\" placeholder=\"Correu electr\u00f2nic\" required=\"required\">\n\t\t\t\t\t\t\t\t\t\t\t<\/div>\n\t\t\t\t\t\t\t\t<div class=\"elementor-field-type-textarea elementor-field-group elementor-column elementor-field-group-message elementor-col-100 elementor-field-required\">\n\t\t\t\t\t\t\t\t\t\t\t\t<label for=\"form-field-message\" class=\"elementor-field-label\">\n\t\t\t\t\t\t\t\tMissatge o consulta\t\t\t\t\t\t\t<\/label>\n\t\t\t\t\t\t<textarea class=\"elementor-field-textual elementor-field  elementor-size-sm\" name=\"form_fields[message]\" id=\"form-field-message\" rows=\"4\" placeholder=\"Missatge o consulta\" required=\"required\"><\/textarea>\t\t\t\t<\/div>\n\t\t\t\t\t\t\t\t<div class=\"elementor-field-type-acceptance elementor-field-group elementor-column elementor-field-group-field_b102615 elementor-col-100 elementor-field-required\">\n\t\t\t\t\t\t\t<div class=\"elementor-field-subgroup\">\n\t\t\t<span class=\"elementor-field-option\">\n\t\t\t\t<input type=\"checkbox\" name=\"form_fields[field_b102615]\" id=\"form-field-field_b102615\" class=\"elementor-field elementor-size-sm  elementor-acceptance-field\" required=\"required\">\n\t\t\t\t<label for=\"form-field-field_b102615\">He llegit i accepto la <a href=\"https:\/\/sushidaro.com\/ca\/politica-de-privacidad\/\">pol\u00edtica de privadesa.<\/a><\/label>\t\t\t<\/span>\n\t\t<\/div>\n\t\t\t\t\t\t<\/div>\n\t\t\t\t\t\t\t\t<div class=\"elementor-field-type-recaptcha_v3 elementor-field-group elementor-column elementor-field-group-field_f04a588 elementor-col-100 recaptcha_v3-bottomleft\">\n\t\t\t\t\t<div class=\"elementor-field\" id=\"form-field-field_f04a588\"><div class=\"elementor-g-recaptcha\" data-sitekey=\"6LdKulsnAAAAAGT8Zgn4YkmpCobtOxGFwVt-iHnC\" data-type=\"v3\" data-action=\"Form\" data-badge=\"bottomleft\" data-size=\"invisible\"><\/div><\/div>\t\t\t\t<\/div>\n\t\t\t\t\t\t\t\t<div class=\"elementor-field-group elementor-column elementor-field-type-submit elementor-col-100 e-form__buttons\">\n\t\t\t\t\t<button class=\"elementor-button elementor-size-sm\" type=\"submit\">\n\t\t\t\t\t\t<span class=\"elementor-button-content-wrapper\">\n\t\t\t\t\t\t\t\t\t\t\t\t\t\t\t\t\t\t\t\t\t\t<span class=\"elementor-button-text\">ENVIAR<\/span>\n\t\t\t\t\t\t\t\t\t\t\t\t\t<\/span>\n\t\t\t\t\t<\/button>\n\t\t\t\t<\/div>\n\t\t\t<\/div>\n\t\t<input type=\"hidden\" name=\"trp-form-language\" value=\"ca\"\/><\/form>\n\t\t\t\t\t\t<\/div>\n\t\t\t\t<\/div>\n\t\t\t\t\t<\/div>\n\t\t<\/div>\n\t\t\t\t\t<\/div>\n\t\t<\/section>\n\t\t\t\t\t<\/div>\n\t\t<\/div>\n\t\t\t\t\t<\/div>\n\t\t<\/section>\n\t\t\t\t<\/div>","protected":false},"excerpt":{"rendered":"<p>\u00a1Bienvenido a Sushi d&#8217;Aro, el mejor restaurante de sushi en Palam\u00f3s! En Sushi d&#8217;Aro, nos enorgullece ofrecerte una experiencia culinaria \u00fanica, fusionando lo mejor de la gastronom\u00eda japonesa con productos frescos y de alta calidad. Nuestro restaurante est\u00e1 ubicado en el coraz\u00f3n de Palam\u00f3s, rodeado de la belleza del mar y el encanto de la&hellip;&nbsp;<a href=\"https:\/\/sushidaro.com\/ca\/restaurante-sushi-palamos\/\" rel=\"bookmark\"><span class=\"screen-reader-text\">Restaurant sushi Palam\u00f3s<\/span><\/a><\/p>","protected":false},"author":1,"featured_media":0,"parent":0,"menu_order":0,"comment_status":"closed","ping_status":"closed","template":"page-templates\/template-pagebuilder-full-width.php","meta":{"neve_meta_sidebar":"","neve_meta_container":"","neve_meta_enable_content_width":"off","neve_meta_content_width":100,"neve_meta_title_alignment":"","neve_meta_author_avatar":"","neve_post_elements_order":"","neve_meta_disable_header":"","neve_meta_disable_footer":"","neve_meta_disable_title":"","footnotes":""},"class_list":["post-510","page","type-page","status-publish","hentry"],"yoast_head":"<!-- This site is optimized with the Yoast SEO plugin v25.3.1 - https:\/\/yoast.com\/wordpress\/plugins\/seo\/ -->\n<title>Restaurante sushi Palam\u00f3s - Sushi d&#039;Aro \u2013 Sushi Restaurant Platja d&#039;Aro<\/title>\n<meta name=\"robots\" content=\"index, follow, max-snippet:-1, max-image-preview:large, max-video-preview:-1\" \/>\n<link rel=\"canonical\" href=\"https:\/\/sushidaro.com\/ca\/restaurante-sushi-palamos\/\" \/>\n<meta property=\"og:locale\" content=\"ca_ES\" \/>\n<meta property=\"og:type\" content=\"article\" \/>\n<meta property=\"og:title\" content=\"Restaurante sushi Palam\u00f3s - Sushi d&#039;Aro \u2013 Sushi Restaurant Platja d&#039;Aro\" \/>\n<meta property=\"og:description\" content=\"\u00a1Bienvenido a Sushi d&#8217;Aro, el mejor restaurante de sushi en Palam\u00f3s! En Sushi d&#8217;Aro, nos enorgullece ofrecerte una experiencia culinaria \u00fanica, fusionando lo mejor de la gastronom\u00eda japonesa con productos frescos y de alta calidad. Nuestro restaurante est\u00e1 ubicado en el coraz\u00f3n de Palam\u00f3s, rodeado de la belleza del mar y el encanto de la&hellip;&nbsp;Restaurante sushi Palam\u00f3s\" \/>\n<meta property=\"og:url\" content=\"https:\/\/sushidaro.com\/ca\/restaurante-sushi-palamos\/\" \/>\n<meta property=\"og:site_name\" content=\"Sushi d&#039;Aro \u2013 Sushi Restaurant Platja d&#039;Aro\" \/>\n<meta property=\"article:modified_time\" content=\"2024-01-17T11:31:27+00:00\" \/>\n<meta property=\"og:image\" content=\"https:\/\/sushidaro.com\/wp-content\/uploads\/2024\/01\/Sushi-restaurante-1024x724.png\" \/>\n<meta name=\"twitter:card\" content=\"summary_large_image\" \/>\n<meta name=\"twitter:label1\" content=\"Temps estimat de lectura\" \/>\n\t<meta name=\"twitter:data1\" content=\"3 minuts\" \/>\n<script type=\"application\/ld+json\" class=\"yoast-schema-graph\">{\"@context\":\"https:\/\/schema.org\",\"@graph\":[{\"@type\":\"WebPage\",\"@id\":\"https:\/\/sushidaro.com\/restaurante-sushi-palamos\/\",\"url\":\"https:\/\/sushidaro.com\/restaurante-sushi-palamos\/\",\"name\":\"Restaurante sushi Palam\u00f3s - Sushi d&#039;Aro \u2013 Sushi Restaurant Platja d&#039;Aro\",\"isPartOf\":{\"@id\":\"https:\/\/sushidaro.com\/#website\"},\"primaryImageOfPage\":{\"@id\":\"https:\/\/sushidaro.com\/restaurante-sushi-palamos\/#primaryimage\"},\"image\":{\"@id\":\"https:\/\/sushidaro.com\/restaurante-sushi-palamos\/#primaryimage\"},\"thumbnailUrl\":\"https:\/\/sushidaro.com\/wp-content\/uploads\/2024\/01\/Sushi-restaurante-1024x724.png\",\"datePublished\":\"2023-07-06T06:21:57+00:00\",\"dateModified\":\"2024-01-17T11:31:27+00:00\",\"breadcrumb\":{\"@id\":\"https:\/\/sushidaro.com\/restaurante-sushi-palamos\/#breadcrumb\"},\"inLanguage\":\"ca\",\"potentialAction\":[{\"@type\":\"ReadAction\",\"target\":[\"https:\/\/sushidaro.com\/restaurante-sushi-palamos\/\"]}]},{\"@type\":\"ImageObject\",\"inLanguage\":\"ca\",\"@id\":\"https:\/\/sushidaro.com\/restaurante-sushi-palamos\/#primaryimage\",\"url\":\"https:\/\/sushidaro.com\/wp-content\/uploads\/2024\/01\/Sushi-restaurante-1024x724.png\",\"contentUrl\":\"https:\/\/sushidaro.com\/wp-content\/uploads\/2024\/01\/Sushi-restaurante-1024x724.png\"},{\"@type\":\"BreadcrumbList\",\"@id\":\"https:\/\/sushidaro.com\/restaurante-sushi-palamos\/#breadcrumb\",\"itemListElement\":[{\"@type\":\"ListItem\",\"position\":1,\"name\":\"Portada\",\"item\":\"https:\/\/sushidaro.com\/\"},{\"@type\":\"ListItem\",\"position\":2,\"name\":\"Restaurante sushi Palam\u00f3s\"}]},{\"@type\":\"WebSite\",\"@id\":\"https:\/\/sushidaro.com\/#website\",\"url\":\"https:\/\/sushidaro.com\/\",\"name\":\"Sushi d&#039;Aro \u2013 Sushi Restaurant Platja d&#039;Aro\",\"description\":\"Restaurante de Sushi en Girona\",\"potentialAction\":[{\"@type\":\"SearchAction\",\"target\":{\"@type\":\"EntryPoint\",\"urlTemplate\":\"https:\/\/sushidaro.com\/?s={search_term_string}\"},\"query-input\":{\"@type\":\"PropertyValueSpecification\",\"valueRequired\":true,\"valueName\":\"search_term_string\"}}],\"inLanguage\":\"ca\"}]}<\/script>\n<!-- \/ Yoast SEO plugin. -->","yoast_head_json":{"title":"Restaurante sushi Palam\u00f3s - Sushi d&#039;Aro \u2013 Sushi Restaurant Platja d&#039;Aro","robots":{"index":"index","follow":"follow","max-snippet":"max-snippet:-1","max-image-preview":"max-image-preview:large","max-video-preview":"max-video-preview:-1"},"canonical":"https:\/\/sushidaro.com\/ca\/restaurante-sushi-palamos\/","og_locale":"ca_ES","og_type":"article","og_title":"Restaurante sushi Palam\u00f3s - Sushi d&#039;Aro \u2013 Sushi Restaurant Platja d&#039;Aro","og_description":"\u00a1Bienvenido a Sushi d&#8217;Aro, el mejor restaurante de sushi en Palam\u00f3s! En Sushi d&#8217;Aro, nos enorgullece ofrecerte una experiencia culinaria \u00fanica, fusionando lo mejor de la gastronom\u00eda japonesa con productos frescos y de alta calidad. Nuestro restaurante est\u00e1 ubicado en el coraz\u00f3n de Palam\u00f3s, rodeado de la belleza del mar y el encanto de la&hellip;&nbsp;Restaurante sushi Palam\u00f3s","og_url":"https:\/\/sushidaro.com\/ca\/restaurante-sushi-palamos\/","og_site_name":"Sushi d&#039;Aro \u2013 Sushi Restaurant Platja d&#039;Aro","article_modified_time":"2024-01-17T11:31:27+00:00","og_image":[{"url":"https:\/\/sushidaro.com\/wp-content\/uploads\/2024\/01\/Sushi-restaurante-1024x724.png","type":"","width":"","height":""}],"twitter_card":"summary_large_image","twitter_misc":{"Temps estimat de lectura":"3 minuts"},"schema":{"@context":"https:\/\/schema.org","@graph":[{"@type":"WebPage","@id":"https:\/\/sushidaro.com\/restaurante-sushi-palamos\/","url":"https:\/\/sushidaro.com\/restaurante-sushi-palamos\/","name":"Restaurante sushi Palam\u00f3s - Sushi d&#039;Aro \u2013 Sushi Restaurant Platja d&#039;Aro","isPartOf":{"@id":"https:\/\/sushidaro.com\/#website"},"primaryImageOfPage":{"@id":"https:\/\/sushidaro.com\/restaurante-sushi-palamos\/#primaryimage"},"image":{"@id":"https:\/\/sushidaro.com\/restaurante-sushi-palamos\/#primaryimage"},"thumbnailUrl":"https:\/\/sushidaro.com\/wp-content\/uploads\/2024\/01\/Sushi-restaurante-1024x724.png","datePublished":"2023-07-06T06:21:57+00:00","dateModified":"2024-01-17T11:31:27+00:00","breadcrumb":{"@id":"https:\/\/sushidaro.com\/restaurante-sushi-palamos\/#breadcrumb"},"inLanguage":"ca","potentialAction":[{"@type":"ReadAction","target":["https:\/\/sushidaro.com\/restaurante-sushi-palamos\/"]}]},{"@type":"ImageObject","inLanguage":"ca","@id":"https:\/\/sushidaro.com\/restaurante-sushi-palamos\/#primaryimage","url":"https:\/\/sushidaro.com\/wp-content\/uploads\/2024\/01\/Sushi-restaurante-1024x724.png","contentUrl":"https:\/\/sushidaro.com\/wp-content\/uploads\/2024\/01\/Sushi-restaurante-1024x724.png"},{"@type":"BreadcrumbList","@id":"https:\/\/sushidaro.com\/restaurante-sushi-palamos\/#breadcrumb","itemListElement":[{"@type":"ListItem","position":1,"name":"Portada","item":"https:\/\/sushidaro.com\/"},{"@type":"ListItem","position":2,"name":"Restaurante sushi Palam\u00f3s"}]},{"@type":"WebSite","@id":"https:\/\/sushidaro.com\/#website","url":"https:\/\/sushidaro.com\/","name":"Sushi d&#039;Aro \u2013 Sushi Restaurant Platja d&#039;Aro","description":"Restaurante de Sushi en Girona","potentialAction":[{"@type":"SearchAction","target":{"@type":"EntryPoint","urlTemplate":"https:\/\/sushidaro.com\/?s={search_term_string}"},"query-input":{"@type":"PropertyValueSpecification","valueRequired":true,"valueName":"search_term_string"}}],"inLanguage":"ca"}]}},"_links":{"self":[{"href":"https:\/\/sushidaro.com\/ca\/wp-json\/wp\/v2\/pages\/510","targetHints":{"allow":["GET"]}}],"collection":[{"href":"https:\/\/sushidaro.com\/ca\/wp-json\/wp\/v2\/pages"}],"about":[{"href":"https:\/\/sushidaro.com\/ca\/wp-json\/wp\/v2\/types\/page"}],"author":[{"embeddable":true,"href":"https:\/\/sushidaro.com\/ca\/wp-json\/wp\/v2\/users\/1"}],"replies":[{"embeddable":true,"href":"https:\/\/sushidaro.com\/ca\/wp-json\/wp\/v2\/comments?post=510"}],"version-history":[{"count":19,"href":"https:\/\/sushidaro.com\/ca\/wp-json\/wp\/v2\/pages\/510\/revisions"}],"predecessor-version":[{"id":1189,"href":"https:\/\/sushidaro.com\/ca\/wp-json\/wp\/v2\/pages\/510\/revisions\/1189"}],"wp:attachment":[{"href":"https:\/\/sushidaro.com\/ca\/wp-json\/wp\/v2\/media?parent=510"}],"curies":[{"name":"wp","href":"https:\/\/api.w.org\/{rel}","templated":true}]}}