{"id":509,"date":"2023-07-06T06:22:36","date_gmt":"2023-07-06T06:22:36","guid":{"rendered":"https:\/\/sushidaro.prelanzamiento.es\/?page_id=509"},"modified":"2024-01-17T11:28:17","modified_gmt":"2024-01-17T11:28:17","slug":"restaurante-sushi-girona","status":"publish","type":"page","link":"https:\/\/sushidaro.com\/ca\/restaurante-sushi-girona\/","title":{"rendered":"Restaurant sushi Girona"},"content":{"rendered":"<div data-elementor-type=\"wp-page\" data-elementor-id=\"509\" class=\"elementor elementor-509\" data-elementor-post-type=\"page\">\n\t\t\t\t\t\t<section class=\"elementor-section elementor-top-section elementor-element elementor-element-1772a82 elementor-section-full_width elementor-section-height-default elementor-section-height-default\" data-id=\"1772a82\" data-element_type=\"section\" data-settings=\"{&quot;background_background&quot;:&quot;classic&quot;}\">\n\t\t\t\t\t\t<div class=\"elementor-container elementor-column-gap-default\">\n\t\t\t\t\t<div class=\"elementor-column elementor-col-100 elementor-top-column elementor-element elementor-element-e70d6b8\" data-id=\"e70d6b8\" data-element_type=\"column\">\n\t\t\t<div class=\"elementor-widget-wrap elementor-element-populated\">\n\t\t\t\t\t<div class=\"elementor-background-overlay\"><\/div>\n\t\t\t\t\t\t<section class=\"elementor-section elementor-inner-section elementor-element elementor-element-9e888ad elementor-section-boxed elementor-section-height-default elementor-section-height-default\" data-id=\"9e888ad\" data-element_type=\"section\">\n\t\t\t\t\t\t<div class=\"elementor-container elementor-column-gap-default\">\n\t\t\t\t\t<div class=\"elementor-column elementor-col-100 elementor-inner-column elementor-element elementor-element-435dc27\" data-id=\"435dc27\" data-element_type=\"column\" data-settings=\"{&quot;background_background&quot;:&quot;classic&quot;}\">\n\t\t\t<div class=\"elementor-widget-wrap elementor-element-populated\">\n\t\t\t\t\t\t<div class=\"elementor-element elementor-element-c851e42 elementor-invisible elementor-widget elementor-widget-heading\" data-id=\"c851e42\" data-element_type=\"widget\" data-settings=\"{&quot;_animation&quot;:&quot;fadeInUp&quot;}\" data-widget_type=\"heading.default\">\n\t\t\t\t<div class=\"elementor-widget-container\">\n\t\t\t\t\t<h3 class=\"elementor-heading-title elementor-size-default\">Restaurant sushi Girona<\/h3>\t\t\t\t<\/div>\n\t\t\t\t<\/div>\n\t\t\t\t\t<\/div>\n\t\t<\/div>\n\t\t\t\t\t<\/div>\n\t\t<\/section>\n\t\t\t\t\t<\/div>\n\t\t<\/div>\n\t\t\t\t\t<\/div>\n\t\t<\/section>\n\t\t\t\t<section class=\"elementor-section elementor-top-section elementor-element elementor-element-4b88dc2d elementor-section-content-middle elementor-section-boxed elementor-section-height-default elementor-section-height-default\" data-id=\"4b88dc2d\" data-element_type=\"section\" data-settings=\"{&quot;background_background&quot;:&quot;classic&quot;}\">\n\t\t\t\t\t\t\t<div class=\"elementor-background-overlay\"><\/div>\n\t\t\t\t\t\t\t<div class=\"elementor-container elementor-column-gap-default\">\n\t\t\t\t\t<div class=\"elementor-column elementor-col-50 elementor-top-column elementor-element elementor-element-45a53d88 elementor-invisible\" data-id=\"45a53d88\" data-element_type=\"column\" data-settings=\"{&quot;animation&quot;:&quot;fadeInLeft&quot;}\">\n\t\t\t<div class=\"elementor-widget-wrap elementor-element-populated\">\n\t\t\t\t\t\t<div class=\"elementor-element elementor-element-7f783685 elementor-widget elementor-widget-text-editor\" data-id=\"7f783685\" data-element_type=\"widget\" data-widget_type=\"text-editor.default\">\n\t\t\t\t<div class=\"elementor-widget-container\">\n\t\t\t\t\t\t\t\t\t<p>Benvingut a Sushi d&#039;Aro, el millor <strong>restaurant de sushi a Girona<\/strong>!<\/p><p>Est\u00e0s buscant un lloc on gaudir de l&#039;aut\u00e8ntica experi\u00e8ncia del sushi a la ciutat de Girona? No busquis m\u00e9s! A Sushi d&#039;Aro, ens enorgulleix oferir-te una deliciosa selecci\u00f3 de plats japonesos preparats amb els ingredients m\u00e9s frescos i de la m\u00e9s alta qualitat.<\/p><p>El nostre <strong>restaurant de sushi est\u00e0<\/strong> ubicat al cor de <strong>Girona<\/strong>, i ens esforcem per brindar-te un ambient acollidor i sofisticat on puguis relaxar-te i gaudir d&#039;un \u00e0pat inoblidable. Des del moment que passis per les nostres portes, ser\u00e0s rebut pel nostre c\u00e0lid personal, llest per oferir-te un servei excepcional i assegurar-se que la teva experi\u00e8ncia sigui perfecta.<\/p><p>A Sushi d&#039;Aro, la nostra passi\u00f3 pel sushi es reflecteix a cada plat que servim. El nostre talent\u00f3s equip de xefs japonesos es dedica a crear aut\u00e8ntiques obres mestres culin\u00e0ries, utilitzant t\u00e8cniques tradicionals i combinant sabors frescos i delicats per oferir-te una explosi\u00f3 de sabors a cada mos.<\/p>\t\t\t\t\t\t\t\t<\/div>\n\t\t\t\t<\/div>\n\t\t\t\t<div class=\"elementor-element elementor-element-f95cfc1 elementor-widget elementor-widget-image\" data-id=\"f95cfc1\" data-element_type=\"widget\" data-widget_type=\"image.default\">\n\t\t\t\t<div class=\"elementor-widget-container\">\n\t\t\t\t\t\t\t\t\t\t\t\t\t\t\t<img fetchpriority=\"high\" decoding=\"async\" width=\"1024\" height=\"724\" src=\"https:\/\/sushidaro.com\/wp-content\/uploads\/2024\/01\/Restaurante-sushi-1024x724.png\" class=\"attachment-large size-large wp-image-1174\" alt=\"Proceso de elaboraci\u00f3n Sushi\" srcset=\"https:\/\/sushidaro.com\/wp-content\/uploads\/2024\/01\/Restaurante-sushi-1024x724.png 1024w, https:\/\/sushidaro.com\/wp-content\/uploads\/2024\/01\/Restaurante-sushi-300x212.png 300w, https:\/\/sushidaro.com\/wp-content\/uploads\/2024\/01\/Restaurante-sushi-768x543.png 768w, https:\/\/sushidaro.com\/wp-content\/uploads\/2024\/01\/Restaurante-sushi-1536x1086.png 1536w, https:\/\/sushidaro.com\/wp-content\/uploads\/2024\/01\/Restaurante-sushi-18x12.png 18w, https:\/\/sushidaro.com\/wp-content\/uploads\/2024\/01\/Restaurante-sushi.png 2000w\" sizes=\"(max-width: 1024px) 100vw, 1024px\" \/>\t\t\t\t\t\t\t\t\t\t\t\t\t\t\t<\/div>\n\t\t\t\t<\/div>\n\t\t\t\t<div class=\"elementor-element elementor-element-aac9581 elementor-align-center elementor-widget elementor-widget-button\" data-id=\"aac9581\" data-element_type=\"widget\" data-widget_type=\"button.default\">\n\t\t\t\t<div class=\"elementor-widget-container\">\n\t\t\t\t\t\t\t\t\t<div class=\"elementor-button-wrapper\">\n\t\t\t\t\t<a class=\"elementor-button elementor-button-link elementor-size-sm\" href=\"https:\/\/sushidaro.com\/ca\/reservas-y-contacto\/\">\n\t\t\t\t\t\t<span class=\"elementor-button-content-wrapper\">\n\t\t\t\t\t\t\t\t\t<span class=\"elementor-button-text\">CONTACTA AMB NOSALTRES<\/span>\n\t\t\t\t\t<\/span>\n\t\t\t\t\t<\/a>\n\t\t\t\t<\/div>\n\t\t\t\t\t\t\t\t<\/div>\n\t\t\t\t<\/div>\n\t\t\t\t<div class=\"elementor-element elementor-element-606d4d4 elementor-widget elementor-widget-text-editor\" data-id=\"606d4d4\" data-element_type=\"widget\" data-widget_type=\"text-editor.default\">\n\t\t\t\t<div class=\"elementor-widget-container\">\n\t\t\t\t\t\t\t\t\t<p style=\"text-align: justify;\">El nostre extens men\u00fa compta amb una \u00e0mplia varietat d&#039;opcions per a tots els gustos i prefer\u00e8ncies. Des dels cl\u00e0ssics nigiri i sashimi, fins a rolls creatius i saboroses opcions vegetarianes, tenim alguna cosa per a tothom. A m\u00e9s, oferim opcions de men\u00fa degustaci\u00f3 que us permetran tastar una varietat de plats i descobrir nous sabors.<\/p><p style=\"text-align: justify;\">Com el millor\u00a0<strong>restaurant de sushi a Girona<\/strong>, ens enorgulleix utilitzar nom\u00e9s els ingredients m\u00e9s frescos i de la m\u00e9s alta qualitat a cadascun dels nostres plats. Treballem en estreta col\u00b7laboraci\u00f3 amb prove\u00efdors locals per assegurar-nos oferir-te el millor en cada visita. Cada pe\u00e7a de peix fresc i cruixent, cada mossa d&#039;arr\u00f2s perfectament cuita i cada salsa acuradament elaborada s\u00f3n una prova del nostre comprom\u00eds amb l&#039;excel\u00b7l\u00e8ncia.<\/p><p style=\"text-align: justify;\">Ja sigui que estiguis buscant un lloc per a un sopar rom\u00e0ntic, un dinar de negocis o simplement vulguis gaudir d&#039;un delici\u00f3s menjar japon\u00e8s amb amics i familiars, Sushi d&#039;Aro \u00e9s el lloc perfecte. El nostre ambient elegant i relaxat, combinat amb la nostra atenci\u00f3 al detall i la nostra passi\u00f3 per la cuina japonesa, faran de la vostra visita una experi\u00e8ncia inoblidable.<\/p><p style=\"text-align: justify;\">No perdis l&#039;oportunitat de visitar Sushi d&#039;Aro, el\u00a0<strong>restaurant de sushi<\/strong>\u00a0m\u00e9s destacat a\u00a0<strong>Girona.<\/strong>\u00a0Vine i descobreix per qu\u00e8 els nostres clients tornen una vegada i una altra a la recerca del nostre delici\u00f3s menjar, servei excepcional i ambient acollidor. Reserva la teva taula avui mateix i deixa&#039;ns endur-te a un viatge culinari \u00fanic al cor de Girona. T&#039;esperem a Sushi d&#039;Aro!<\/p>\t\t\t\t\t\t\t\t<\/div>\n\t\t\t\t<\/div>\n\t\t\t\t\t<\/div>\n\t\t<\/div>\n\t\t\t\t<div class=\"elementor-column elementor-col-50 elementor-top-column elementor-element elementor-element-74719e3 elementor-invisible\" data-id=\"74719e3\" data-element_type=\"column\" data-settings=\"{&quot;animation&quot;:&quot;fadeInLeft&quot;}\">\n\t\t\t<div class=\"elementor-widget-wrap elementor-element-populated\">\n\t\t\t\t\t\t<section class=\"elementor-section elementor-inner-section elementor-element elementor-element-f5d5b0e elementor-section-boxed elementor-section-height-default elementor-section-height-default\" data-id=\"f5d5b0e\" data-element_type=\"section\" data-settings=\"{&quot;background_background&quot;:&quot;classic&quot;}\">\n\t\t\t\t\t\t<div class=\"elementor-container elementor-column-gap-default\">\n\t\t\t\t\t<div class=\"elementor-column elementor-col-100 elementor-inner-column elementor-element elementor-element-a9ae017\" data-id=\"a9ae017\" data-element_type=\"column\">\n\t\t\t<div class=\"elementor-widget-wrap elementor-element-populated\">\n\t\t\t\t\t\t<div class=\"elementor-element elementor-element-108db37 elementor-widget elementor-widget-heading\" data-id=\"108db37\" data-element_type=\"widget\" data-widget_type=\"heading.default\">\n\t\t\t\t<div class=\"elementor-widget-container\">\n\t\t\t\t\t<h2 class=\"elementor-heading-title elementor-size-default\">Contacta'ns<\/h2>\t\t\t\t<\/div>\n\t\t\t\t<\/div>\n\t\t\t\t<div class=\"elementor-element elementor-element-edcf080 elementor-button-align-stretch elementor-widget elementor-widget-form\" data-id=\"edcf080\" data-element_type=\"widget\" data-settings=\"{&quot;step_next_label&quot;:&quot;Next&quot;,&quot;step_previous_label&quot;:&quot;Previous&quot;,&quot;button_width&quot;:&quot;100&quot;,&quot;step_type&quot;:&quot;number_text&quot;,&quot;step_icon_shape&quot;:&quot;circle&quot;}\" data-widget_type=\"form.default\">\n\t\t\t\t<div class=\"elementor-widget-container\">\n\t\t\t\t\t\t\t<form class=\"elementor-form\" method=\"post\" name=\"New Form\" aria-label=\"New Form\" action=\"\">\n\t\t\t<input type=\"hidden\" name=\"post_id\" value=\"509\"\/>\n\t\t\t<input type=\"hidden\" name=\"form_id\" value=\"edcf080\"\/>\n\t\t\t<input type=\"hidden\" name=\"referer_title\" value=\"Sushi d&#039;Aro \u2013 Sushi Restaurant Platja d&#039;Aro\" \/>\n\n\t\t\t\n\t\t\t<div class=\"elementor-form-fields-wrapper elementor-labels-above\">\n\t\t\t\t\t\t\t\t<div class=\"elementor-field-type-text elementor-field-group elementor-column elementor-field-group-name elementor-col-100 elementor-field-required\">\n\t\t\t\t\t\t\t\t\t\t\t\t<label for=\"form-field-name\" class=\"elementor-field-label\">\n\t\t\t\t\t\t\t\tNom\t\t\t\t\t\t\t<\/label>\n\t\t\t\t\t\t\t\t\t\t\t\t\t\t<input size=\"1\" type=\"text\" name=\"form_fields[name]\" id=\"form-field-name\" class=\"elementor-field elementor-size-sm  elementor-field-textual\" placeholder=\"Nom\" required=\"required\">\n\t\t\t\t\t\t\t\t\t\t\t<\/div>\n\t\t\t\t\t\t\t\t<div class=\"elementor-field-type-tel elementor-field-group elementor-column elementor-field-group-field_109e067 elementor-col-100 elementor-field-required\">\n\t\t\t\t\t\t\t\t\t\t\t\t<label for=\"form-field-field_109e067\" class=\"elementor-field-label\">\n\t\t\t\t\t\t\t\tTel\u00e8fon\t\t\t\t\t\t\t<\/label>\n\t\t\t\t\t\t\t\t<input size=\"1\" type=\"tel\" name=\"form_fields[field_109e067]\" id=\"form-field-field_109e067\" class=\"elementor-field elementor-size-sm  elementor-field-textual\" placeholder=\"Tel\u00e8fon\" required=\"required\" pattern=\"[0-9()#&amp;+*-=.]+\" title=\"Only numbers and phone characters (#, -, *, etc) are accepted.\">\n\n\t\t\t\t\t\t<\/div>\n\t\t\t\t\t\t\t\t<div class=\"elementor-field-type-email elementor-field-group elementor-column elementor-field-group-email elementor-col-100 elementor-field-required\">\n\t\t\t\t\t\t\t\t\t\t\t\t<label for=\"form-field-email\" class=\"elementor-field-label\">\n\t\t\t\t\t\t\t\tCorreu electr\u00f2nic\t\t\t\t\t\t\t<\/label>\n\t\t\t\t\t\t\t\t\t\t\t\t\t\t<input size=\"1\" type=\"email\" name=\"form_fields[email]\" id=\"form-field-email\" class=\"elementor-field elementor-size-sm  elementor-field-textual\" placeholder=\"Correu electr\u00f2nic\" required=\"required\">\n\t\t\t\t\t\t\t\t\t\t\t<\/div>\n\t\t\t\t\t\t\t\t<div class=\"elementor-field-type-textarea elementor-field-group elementor-column elementor-field-group-message elementor-col-100 elementor-field-required\">\n\t\t\t\t\t\t\t\t\t\t\t\t<label for=\"form-field-message\" class=\"elementor-field-label\">\n\t\t\t\t\t\t\t\tMissatge o consulta\t\t\t\t\t\t\t<\/label>\n\t\t\t\t\t\t<textarea class=\"elementor-field-textual elementor-field  elementor-size-sm\" name=\"form_fields[message]\" id=\"form-field-message\" rows=\"4\" placeholder=\"Missatge o consulta\" required=\"required\"><\/textarea>\t\t\t\t<\/div>\n\t\t\t\t\t\t\t\t<div class=\"elementor-field-type-acceptance elementor-field-group elementor-column elementor-field-group-field_b102615 elementor-col-100 elementor-field-required\">\n\t\t\t\t\t\t\t<div class=\"elementor-field-subgroup\">\n\t\t\t<span class=\"elementor-field-option\">\n\t\t\t\t<input type=\"checkbox\" name=\"form_fields[field_b102615]\" id=\"form-field-field_b102615\" class=\"elementor-field elementor-size-sm  elementor-acceptance-field\" required=\"required\">\n\t\t\t\t<label for=\"form-field-field_b102615\">He llegit i accepto la <a href=\"https:\/\/sushidaro.com\/ca\/politica-de-privacidad\/\">pol\u00edtica de privadesa.<\/a><\/label>\t\t\t<\/span>\n\t\t<\/div>\n\t\t\t\t\t\t<\/div>\n\t\t\t\t\t\t\t\t<div class=\"elementor-field-type-recaptcha_v3 elementor-field-group elementor-column elementor-field-group-field_7d26d33 elementor-col-100 recaptcha_v3-bottomleft\">\n\t\t\t\t\t<div class=\"elementor-field\" id=\"form-field-field_7d26d33\"><div class=\"elementor-g-recaptcha\" data-sitekey=\"6LdKulsnAAAAAGT8Zgn4YkmpCobtOxGFwVt-iHnC\" data-type=\"v3\" data-action=\"Form\" data-badge=\"bottomleft\" data-size=\"invisible\"><\/div><\/div>\t\t\t\t<\/div>\n\t\t\t\t\t\t\t\t<div class=\"elementor-field-group elementor-column elementor-field-type-submit elementor-col-100 e-form__buttons\">\n\t\t\t\t\t<button class=\"elementor-button elementor-size-sm\" type=\"submit\">\n\t\t\t\t\t\t<span class=\"elementor-button-content-wrapper\">\n\t\t\t\t\t\t\t\t\t\t\t\t\t\t\t\t\t\t\t\t\t\t<span class=\"elementor-button-text\">ENVIAR<\/span>\n\t\t\t\t\t\t\t\t\t\t\t\t\t<\/span>\n\t\t\t\t\t<\/button>\n\t\t\t\t<\/div>\n\t\t\t<\/div>\n\t\t<input type=\"hidden\" name=\"trp-form-language\" value=\"ca\"\/><\/form>\n\t\t\t\t\t\t<\/div>\n\t\t\t\t<\/div>\n\t\t\t\t\t<\/div>\n\t\t<\/div>\n\t\t\t\t\t<\/div>\n\t\t<\/section>\n\t\t\t\t\t<\/div>\n\t\t<\/div>\n\t\t\t\t\t<\/div>\n\t\t<\/section>\n\t\t\t\t<\/div>","protected":false},"excerpt":{"rendered":"<p>\u00a1Bienvenido a Sushi d&#8217;Aro, el mejor restaurante de sushi en Girona! \u00bfEst\u00e1s buscando un lugar donde disfrutar de la aut\u00e9ntica experiencia del sushi en la hermosa ciudad de Girona? \u00a1No busques m\u00e1s! En Sushi d&#8217;Aro, nos enorgullece ofrecerte una deliciosa selecci\u00f3n de platos japoneses preparados con los ingredientes m\u00e1s frescos y de la m\u00e1s alta&hellip;&nbsp;<a href=\"https:\/\/sushidaro.com\/ca\/restaurante-sushi-girona\/\" rel=\"bookmark\"><span class=\"screen-reader-text\">Restaurant sushi Girona<\/span><\/a><\/p>","protected":false},"author":1,"featured_media":0,"parent":0,"menu_order":0,"comment_status":"closed","ping_status":"closed","template":"page-templates\/template-pagebuilder-full-width.php","meta":{"neve_meta_sidebar":"","neve_meta_container":"","neve_meta_enable_content_width":"off","neve_meta_content_width":100,"neve_meta_title_alignment":"","neve_meta_author_avatar":"","neve_post_elements_order":"","neve_meta_disable_header":"","neve_meta_disable_footer":"","neve_meta_disable_title":"","footnotes":""},"class_list":["post-509","page","type-page","status-publish","hentry"],"yoast_head":"<!-- This site is optimized with the Yoast SEO plugin v25.3.1 - https:\/\/yoast.com\/wordpress\/plugins\/seo\/ -->\n<title>Restaurante sushi Girona - Sushi d&#039;Aro \u2013 Sushi Restaurant Platja d&#039;Aro<\/title>\n<meta name=\"robots\" content=\"index, follow, max-snippet:-1, max-image-preview:large, max-video-preview:-1\" \/>\n<link rel=\"canonical\" href=\"https:\/\/sushidaro.com\/ca\/restaurante-sushi-girona\/\" \/>\n<meta property=\"og:locale\" content=\"ca_ES\" \/>\n<meta property=\"og:type\" content=\"article\" \/>\n<meta property=\"og:title\" content=\"Restaurante sushi Girona - Sushi d&#039;Aro \u2013 Sushi Restaurant Platja d&#039;Aro\" \/>\n<meta property=\"og:description\" content=\"\u00a1Bienvenido a Sushi d&#8217;Aro, el mejor restaurante de sushi en Girona! \u00bfEst\u00e1s buscando un lugar donde disfrutar de la aut\u00e9ntica experiencia del sushi en la hermosa ciudad de Girona? \u00a1No busques m\u00e1s! En Sushi d&#8217;Aro, nos enorgullece ofrecerte una deliciosa selecci\u00f3n de platos japoneses preparados con los ingredientes m\u00e1s frescos y de la m\u00e1s alta&hellip;&nbsp;Restaurante sushi Girona\" \/>\n<meta property=\"og:url\" content=\"https:\/\/sushidaro.com\/ca\/restaurante-sushi-girona\/\" \/>\n<meta property=\"og:site_name\" content=\"Sushi d&#039;Aro \u2013 Sushi Restaurant Platja d&#039;Aro\" \/>\n<meta property=\"article:modified_time\" content=\"2024-01-17T11:28:17+00:00\" \/>\n<meta property=\"og:image\" content=\"https:\/\/sushidaro.com\/wp-content\/uploads\/2024\/01\/Restaurante-sushi-1024x724.png\" \/>\n<meta name=\"twitter:card\" content=\"summary_large_image\" \/>\n<meta name=\"twitter:label1\" content=\"Temps estimat de lectura\" \/>\n\t<meta name=\"twitter:data1\" content=\"3 minuts\" \/>\n<script type=\"application\/ld+json\" class=\"yoast-schema-graph\">{\"@context\":\"https:\/\/schema.org\",\"@graph\":[{\"@type\":\"WebPage\",\"@id\":\"https:\/\/sushidaro.com\/restaurante-sushi-girona\/\",\"url\":\"https:\/\/sushidaro.com\/restaurante-sushi-girona\/\",\"name\":\"Restaurante sushi Girona - Sushi d&#039;Aro \u2013 Sushi Restaurant Platja d&#039;Aro\",\"isPartOf\":{\"@id\":\"https:\/\/sushidaro.com\/#website\"},\"primaryImageOfPage\":{\"@id\":\"https:\/\/sushidaro.com\/restaurante-sushi-girona\/#primaryimage\"},\"image\":{\"@id\":\"https:\/\/sushidaro.com\/restaurante-sushi-girona\/#primaryimage\"},\"thumbnailUrl\":\"https:\/\/sushidaro.com\/wp-content\/uploads\/2024\/01\/Restaurante-sushi-1024x724.png\",\"datePublished\":\"2023-07-06T06:22:36+00:00\",\"dateModified\":\"2024-01-17T11:28:17+00:00\",\"breadcrumb\":{\"@id\":\"https:\/\/sushidaro.com\/restaurante-sushi-girona\/#breadcrumb\"},\"inLanguage\":\"ca\",\"potentialAction\":[{\"@type\":\"ReadAction\",\"target\":[\"https:\/\/sushidaro.com\/restaurante-sushi-girona\/\"]}]},{\"@type\":\"ImageObject\",\"inLanguage\":\"ca\",\"@id\":\"https:\/\/sushidaro.com\/restaurante-sushi-girona\/#primaryimage\",\"url\":\"https:\/\/sushidaro.com\/wp-content\/uploads\/2024\/01\/Restaurante-sushi-1024x724.png\",\"contentUrl\":\"https:\/\/sushidaro.com\/wp-content\/uploads\/2024\/01\/Restaurante-sushi-1024x724.png\"},{\"@type\":\"BreadcrumbList\",\"@id\":\"https:\/\/sushidaro.com\/restaurante-sushi-girona\/#breadcrumb\",\"itemListElement\":[{\"@type\":\"ListItem\",\"position\":1,\"name\":\"Portada\",\"item\":\"https:\/\/sushidaro.com\/\"},{\"@type\":\"ListItem\",\"position\":2,\"name\":\"Restaurante sushi Girona\"}]},{\"@type\":\"WebSite\",\"@id\":\"https:\/\/sushidaro.com\/#website\",\"url\":\"https:\/\/sushidaro.com\/\",\"name\":\"Sushi d&#039;Aro \u2013 Sushi Restaurant Platja d&#039;Aro\",\"description\":\"Restaurante de Sushi en Girona\",\"potentialAction\":[{\"@type\":\"SearchAction\",\"target\":{\"@type\":\"EntryPoint\",\"urlTemplate\":\"https:\/\/sushidaro.com\/?s={search_term_string}\"},\"query-input\":{\"@type\":\"PropertyValueSpecification\",\"valueRequired\":true,\"valueName\":\"search_term_string\"}}],\"inLanguage\":\"ca\"}]}<\/script>\n<!-- \/ Yoast SEO plugin. -->","yoast_head_json":{"title":"Restaurante sushi Girona - Sushi d&#039;Aro \u2013 Sushi Restaurant Platja d&#039;Aro","robots":{"index":"index","follow":"follow","max-snippet":"max-snippet:-1","max-image-preview":"max-image-preview:large","max-video-preview":"max-video-preview:-1"},"canonical":"https:\/\/sushidaro.com\/ca\/restaurante-sushi-girona\/","og_locale":"ca_ES","og_type":"article","og_title":"Restaurante sushi Girona - Sushi d&#039;Aro \u2013 Sushi Restaurant Platja d&#039;Aro","og_description":"\u00a1Bienvenido a Sushi d&#8217;Aro, el mejor restaurante de sushi en Girona! \u00bfEst\u00e1s buscando un lugar donde disfrutar de la aut\u00e9ntica experiencia del sushi en la hermosa ciudad de Girona? \u00a1No busques m\u00e1s! En Sushi d&#8217;Aro, nos enorgullece ofrecerte una deliciosa selecci\u00f3n de platos japoneses preparados con los ingredientes m\u00e1s frescos y de la m\u00e1s alta&hellip;&nbsp;Restaurante sushi Girona","og_url":"https:\/\/sushidaro.com\/ca\/restaurante-sushi-girona\/","og_site_name":"Sushi d&#039;Aro \u2013 Sushi Restaurant Platja d&#039;Aro","article_modified_time":"2024-01-17T11:28:17+00:00","og_image":[{"url":"https:\/\/sushidaro.com\/wp-content\/uploads\/2024\/01\/Restaurante-sushi-1024x724.png","type":"","width":"","height":""}],"twitter_card":"summary_large_image","twitter_misc":{"Temps estimat de lectura":"3 minuts"},"schema":{"@context":"https:\/\/schema.org","@graph":[{"@type":"WebPage","@id":"https:\/\/sushidaro.com\/restaurante-sushi-girona\/","url":"https:\/\/sushidaro.com\/restaurante-sushi-girona\/","name":"Restaurante sushi Girona - Sushi d&#039;Aro \u2013 Sushi Restaurant Platja d&#039;Aro","isPartOf":{"@id":"https:\/\/sushidaro.com\/#website"},"primaryImageOfPage":{"@id":"https:\/\/sushidaro.com\/restaurante-sushi-girona\/#primaryimage"},"image":{"@id":"https:\/\/sushidaro.com\/restaurante-sushi-girona\/#primaryimage"},"thumbnailUrl":"https:\/\/sushidaro.com\/wp-content\/uploads\/2024\/01\/Restaurante-sushi-1024x724.png","datePublished":"2023-07-06T06:22:36+00:00","dateModified":"2024-01-17T11:28:17+00:00","breadcrumb":{"@id":"https:\/\/sushidaro.com\/restaurante-sushi-girona\/#breadcrumb"},"inLanguage":"ca","potentialAction":[{"@type":"ReadAction","target":["https:\/\/sushidaro.com\/restaurante-sushi-girona\/"]}]},{"@type":"ImageObject","inLanguage":"ca","@id":"https:\/\/sushidaro.com\/restaurante-sushi-girona\/#primaryimage","url":"https:\/\/sushidaro.com\/wp-content\/uploads\/2024\/01\/Restaurante-sushi-1024x724.png","contentUrl":"https:\/\/sushidaro.com\/wp-content\/uploads\/2024\/01\/Restaurante-sushi-1024x724.png"},{"@type":"BreadcrumbList","@id":"https:\/\/sushidaro.com\/restaurante-sushi-girona\/#breadcrumb","itemListElement":[{"@type":"ListItem","position":1,"name":"Portada","item":"https:\/\/sushidaro.com\/"},{"@type":"ListItem","position":2,"name":"Restaurante sushi Girona"}]},{"@type":"WebSite","@id":"https:\/\/sushidaro.com\/#website","url":"https:\/\/sushidaro.com\/","name":"Sushi d&#039;Aro \u2013 Sushi Restaurant Platja d&#039;Aro","description":"Restaurante de Sushi en Girona","potentialAction":[{"@type":"SearchAction","target":{"@type":"EntryPoint","urlTemplate":"https:\/\/sushidaro.com\/?s={search_term_string}"},"query-input":{"@type":"PropertyValueSpecification","valueRequired":true,"valueName":"search_term_string"}}],"inLanguage":"ca"}]}},"_links":{"self":[{"href":"https:\/\/sushidaro.com\/ca\/wp-json\/wp\/v2\/pages\/509","targetHints":{"allow":["GET"]}}],"collection":[{"href":"https:\/\/sushidaro.com\/ca\/wp-json\/wp\/v2\/pages"}],"about":[{"href":"https:\/\/sushidaro.com\/ca\/wp-json\/wp\/v2\/types\/page"}],"author":[{"embeddable":true,"href":"https:\/\/sushidaro.com\/ca\/wp-json\/wp\/v2\/users\/1"}],"replies":[{"embeddable":true,"href":"https:\/\/sushidaro.com\/ca\/wp-json\/wp\/v2\/comments?post=509"}],"version-history":[{"count":16,"href":"https:\/\/sushidaro.com\/ca\/wp-json\/wp\/v2\/pages\/509\/revisions"}],"predecessor-version":[{"id":1186,"href":"https:\/\/sushidaro.com\/ca\/wp-json\/wp\/v2\/pages\/509\/revisions\/1186"}],"wp:attachment":[{"href":"https:\/\/sushidaro.com\/ca\/wp-json\/wp\/v2\/media?parent=509"}],"curies":[{"name":"wp","href":"https:\/\/api.w.org\/{rel}","templated":true}]}}