{"id":459,"date":"2023-07-06T06:17:19","date_gmt":"2023-07-06T06:17:19","guid":{"rendered":"https:\/\/sushidaro.prelanzamiento.es\/?page_id=459"},"modified":"2024-01-18T08:24:22","modified_gmt":"2024-01-18T08:24:22","slug":"sushi-costa-brava","status":"publish","type":"page","link":"https:\/\/sushidaro.com\/ca\/sushi-costa-brava\/","title":{"rendered":"Sushi Costa Brava"},"content":{"rendered":"<div data-elementor-type=\"wp-page\" data-elementor-id=\"459\" class=\"elementor elementor-459\" data-elementor-post-type=\"page\">\n\t\t\t\t\t\t<section class=\"elementor-section elementor-top-section elementor-element elementor-element-3995524 elementor-section-full_width elementor-section-height-default elementor-section-height-default\" data-id=\"3995524\" data-element_type=\"section\" data-settings=\"{&quot;background_background&quot;:&quot;classic&quot;}\">\n\t\t\t\t\t\t<div class=\"elementor-container elementor-column-gap-default\">\n\t\t\t\t\t<div class=\"elementor-column elementor-col-100 elementor-top-column elementor-element elementor-element-0a4108d\" data-id=\"0a4108d\" data-element_type=\"column\">\n\t\t\t<div class=\"elementor-widget-wrap elementor-element-populated\">\n\t\t\t\t\t<div class=\"elementor-background-overlay\"><\/div>\n\t\t\t\t\t\t<section class=\"elementor-section elementor-inner-section elementor-element elementor-element-30a6c60 elementor-section-boxed elementor-section-height-default elementor-section-height-default\" data-id=\"30a6c60\" data-element_type=\"section\">\n\t\t\t\t\t\t<div class=\"elementor-container elementor-column-gap-default\">\n\t\t\t\t\t<div class=\"elementor-column elementor-col-100 elementor-inner-column elementor-element elementor-element-9ab8bf4\" data-id=\"9ab8bf4\" data-element_type=\"column\" data-settings=\"{&quot;background_background&quot;:&quot;classic&quot;}\">\n\t\t\t<div class=\"elementor-widget-wrap elementor-element-populated\">\n\t\t\t\t\t\t<div class=\"elementor-element elementor-element-5eb049e elementor-invisible elementor-widget elementor-widget-heading\" data-id=\"5eb049e\" data-element_type=\"widget\" data-settings=\"{&quot;_animation&quot;:&quot;fadeInUp&quot;}\" data-widget_type=\"heading.default\">\n\t\t\t\t<div class=\"elementor-widget-container\">\n\t\t\t\t\t<h3 class=\"elementor-heading-title elementor-size-default\">Sushi Costa Brava<\/h3>\t\t\t\t<\/div>\n\t\t\t\t<\/div>\n\t\t\t\t\t<\/div>\n\t\t<\/div>\n\t\t\t\t\t<\/div>\n\t\t<\/section>\n\t\t\t\t\t<\/div>\n\t\t<\/div>\n\t\t\t\t\t<\/div>\n\t\t<\/section>\n\t\t\t\t<section class=\"elementor-section elementor-top-section elementor-element elementor-element-4b88dc2d elementor-section-content-middle elementor-section-boxed elementor-section-height-default elementor-section-height-default\" data-id=\"4b88dc2d\" data-element_type=\"section\" data-settings=\"{&quot;background_background&quot;:&quot;classic&quot;}\">\n\t\t\t\t\t\t\t<div class=\"elementor-background-overlay\"><\/div>\n\t\t\t\t\t\t\t<div class=\"elementor-container elementor-column-gap-default\">\n\t\t\t\t\t<div class=\"elementor-column elementor-col-50 elementor-top-column elementor-element elementor-element-45a53d88 elementor-invisible\" data-id=\"45a53d88\" data-element_type=\"column\" data-settings=\"{&quot;animation&quot;:&quot;fadeInLeft&quot;}\">\n\t\t\t<div class=\"elementor-widget-wrap elementor-element-populated\">\n\t\t\t\t\t\t<div class=\"elementor-element elementor-element-7f783685 elementor-widget elementor-widget-text-editor\" data-id=\"7f783685\" data-element_type=\"widget\" data-widget_type=\"text-editor.default\">\n\t\t\t\t<div class=\"elementor-widget-container\">\n\t\t\t\t\t\t\t\t\t<p style=\"text-align: justify;\">Benvingut a Sushi d&#039;Aro, el teu dest\u00ed de <strong>sushi a la Costa Brava<\/strong>!<\/p><p style=\"text-align: justify;\">A Sushi d&#039;Aro ens enorgulleix oferir aut\u00e8ntica cuina japonesa al cor de la bella Costa Brava. El nostre objectiu \u00e9s portar al vostre paladar una experi\u00e8ncia culin\u00e0ria \u00fanica que combini els sabors tradicionals del sushi amb els ingredients frescos i locals que abunden en aquesta impressionant regi\u00f3.<\/p><p style=\"text-align: justify;\">Qu\u00e8 ens fa especials? En primer lloc, la nostra passi\u00f3 per la qualitat. Cada plat que servim de <strong>sushi a la Costa Brava<\/strong> \u00e9s preparat amb gran cura i atenci\u00f3 al detall. Els nostres xefs experts seleccionen amb cura els ingredients m\u00e9s frescos i d&#039;alta qualitat per garantir que cada mossegada sigui una explosi\u00f3 de sabor.<\/p><p style=\"text-align: justify;\">A m\u00e9s, ens enorgulleix de ser un restaurant que es preocupa pel medi ambient. Valorem la sostenibilitat i ens esforcem per treballar amb prove\u00efdors locals que comparteixen la nostra visi\u00f3. En utilitzar productes frescos i locals, redu\u00efm la nostra empremta de carboni i donem suport a la comunitat on ens trobem.<\/p><p style=\"text-align: justify;\">Ja sigui que estiguis buscant sushi tradicional com nigiri i sashimi, o prefereixis opcions m\u00e9s creatives com els rotllos d&#039;autor, a Sushi d&#039;Aro tenim alguna cosa per a tots els amants del sushi. El nostre extens men\u00fa compta amb una \u00e0mplia varietat de plats per satisfer els teus desitjos i delectar el teu paladar.<\/p>\t\t\t\t\t\t\t\t<\/div>\n\t\t\t\t<\/div>\n\t\t\t\t<div class=\"elementor-element elementor-element-629a942 elementor-widget elementor-widget-image\" data-id=\"629a942\" data-element_type=\"widget\" data-widget_type=\"image.default\">\n\t\t\t\t<div class=\"elementor-widget-container\">\n\t\t\t\t\t\t\t\t\t\t\t\t\t\t\t<img fetchpriority=\"high\" decoding=\"async\" width=\"1024\" height=\"724\" src=\"https:\/\/sushidaro.com\/wp-content\/uploads\/2024\/01\/Restaurante-sushi-1024x724.png\" class=\"attachment-large size-large wp-image-1174\" alt=\"Proceso de elaboraci\u00f3n Sushi\" srcset=\"https:\/\/sushidaro.com\/wp-content\/uploads\/2024\/01\/Restaurante-sushi-1024x724.png 1024w, https:\/\/sushidaro.com\/wp-content\/uploads\/2024\/01\/Restaurante-sushi-300x212.png 300w, https:\/\/sushidaro.com\/wp-content\/uploads\/2024\/01\/Restaurante-sushi-768x543.png 768w, https:\/\/sushidaro.com\/wp-content\/uploads\/2024\/01\/Restaurante-sushi-1536x1086.png 1536w, https:\/\/sushidaro.com\/wp-content\/uploads\/2024\/01\/Restaurante-sushi-18x12.png 18w, https:\/\/sushidaro.com\/wp-content\/uploads\/2024\/01\/Restaurante-sushi.png 2000w\" sizes=\"(max-width: 1024px) 100vw, 1024px\" \/>\t\t\t\t\t\t\t\t\t\t\t\t\t\t\t<\/div>\n\t\t\t\t<\/div>\n\t\t\t\t<div class=\"elementor-element elementor-element-ed61489 elementor-align-center elementor-widget elementor-widget-button\" data-id=\"ed61489\" data-element_type=\"widget\" data-widget_type=\"button.default\">\n\t\t\t\t<div class=\"elementor-widget-container\">\n\t\t\t\t\t\t\t\t\t<div class=\"elementor-button-wrapper\">\n\t\t\t\t\t<a class=\"elementor-button elementor-button-link elementor-size-sm\" href=\"https:\/\/sushidaro.com\/ca\/reservas-y-contacto\/\">\n\t\t\t\t\t\t<span class=\"elementor-button-content-wrapper\">\n\t\t\t\t\t\t\t\t\t<span class=\"elementor-button-text\">CONTACTA AMB NOSALTRES<\/span>\n\t\t\t\t\t<\/span>\n\t\t\t\t\t<\/a>\n\t\t\t\t<\/div>\n\t\t\t\t\t\t\t\t<\/div>\n\t\t\t\t<\/div>\n\t\t\t\t<div class=\"elementor-element elementor-element-5e551d6 elementor-widget elementor-widget-text-editor\" data-id=\"5e551d6\" data-element_type=\"widget\" data-widget_type=\"text-editor.default\">\n\t\t\t\t<div class=\"elementor-widget-container\">\n\t\t\t\t\t\t\t\t\t<p style=\"text-align: justify;\">A m\u00e9s, oferim opcions vegetarianes i veganes per a aquells que segueixen una dieta basada en plantes. Creiem que tothom hauria de poder gaudir de l&#039;experi\u00e8ncia del sushi, independentment de les seves prefer\u00e8ncies aliment\u00e0ries.<\/p><p style=\"text-align: justify;\">A Sushi d&#039;Aro, et convidem a gaudir del millor\u00a0<strong>sushi a la Costa Brava<\/strong>. El nostre ambient acollidor i elegant et far\u00e0 sentir com a casa, mentre et submergeixes en una deliciosa varietat de rotllos, nigiri i sashimi, tots preparats amb mestratge i presentats amb eleg\u00e0ncia.<\/p><p style=\"text-align: justify;\">El nostre comprom\u00eds amb l&#039;excel\u00b7l\u00e8ncia no nom\u00e9s es reflecteix als nostres plats, sin\u00f3 tamb\u00e9 al nostre servei impecable. El nostre personal capacitat est\u00e0 dedicat a oferir-te una experi\u00e8ncia \u00fanica i satisfact\u00f2ria. Estarem encantats de guiar-te a trav\u00e9s del nostre men\u00fa i recomanar-te les millors opcions segons les teves prefer\u00e8ncies.<\/p><p style=\"text-align: justify;\">Si est\u00e0s planejant una ocasi\u00f3 especial o simplement vols gaudir d&#039;un delici\u00f3s menjar en un ambient acollidor, el nostre amable i atent personal estar\u00e0 encantat de rebre&#039;t. Ens esforcem per brindar un servei excepcional i fer que la teva visita sigui inoblidable.<\/p><p style=\"text-align: justify;\">Vine a visitar-nos a Sushi d&#039;Aro, ubicat a la bonica Costa Brava. T\u00b4assegurem una experi\u00e8ncia culin\u00e0ria \u00fanica, on el sushi es troba amb l\u00b4encant mediterrani. No te&#039;n penedir\u00e0s!<\/p><p style=\"text-align: justify;\"><strong>Sushi Costa Brava<\/strong>, sushi d&#039;Aro: un matrimoni perfecte de sabors japonesos i la bellesa de la regi\u00f3.<\/p>\t\t\t\t\t\t\t\t<\/div>\n\t\t\t\t<\/div>\n\t\t\t\t\t<\/div>\n\t\t<\/div>\n\t\t\t\t<div class=\"elementor-column elementor-col-50 elementor-top-column elementor-element elementor-element-74719e3 elementor-invisible\" data-id=\"74719e3\" data-element_type=\"column\" data-settings=\"{&quot;animation&quot;:&quot;fadeInLeft&quot;}\">\n\t\t\t<div class=\"elementor-widget-wrap elementor-element-populated\">\n\t\t\t\t\t\t<section class=\"elementor-section elementor-inner-section elementor-element elementor-element-f5d5b0e elementor-section-boxed elementor-section-height-default elementor-section-height-default\" data-id=\"f5d5b0e\" data-element_type=\"section\" data-settings=\"{&quot;background_background&quot;:&quot;classic&quot;}\">\n\t\t\t\t\t\t<div class=\"elementor-container elementor-column-gap-default\">\n\t\t\t\t\t<div class=\"elementor-column elementor-col-100 elementor-inner-column elementor-element elementor-element-a9ae017\" data-id=\"a9ae017\" data-element_type=\"column\">\n\t\t\t<div class=\"elementor-widget-wrap elementor-element-populated\">\n\t\t\t\t\t\t<div class=\"elementor-element elementor-element-108db37 elementor-widget elementor-widget-heading\" data-id=\"108db37\" data-element_type=\"widget\" data-widget_type=\"heading.default\">\n\t\t\t\t<div class=\"elementor-widget-container\">\n\t\t\t\t\t<h2 class=\"elementor-heading-title elementor-size-default\">Contacta'ns<\/h2>\t\t\t\t<\/div>\n\t\t\t\t<\/div>\n\t\t\t\t<div class=\"elementor-element elementor-element-edcf080 elementor-button-align-stretch elementor-widget elementor-widget-form\" data-id=\"edcf080\" data-element_type=\"widget\" data-settings=\"{&quot;step_next_label&quot;:&quot;Next&quot;,&quot;step_previous_label&quot;:&quot;Previous&quot;,&quot;button_width&quot;:&quot;100&quot;,&quot;step_type&quot;:&quot;number_text&quot;,&quot;step_icon_shape&quot;:&quot;circle&quot;}\" data-widget_type=\"form.default\">\n\t\t\t\t<div class=\"elementor-widget-container\">\n\t\t\t\t\t\t\t<form class=\"elementor-form\" method=\"post\" name=\"New Form\" aria-label=\"New Form\" action=\"\">\n\t\t\t<input type=\"hidden\" name=\"post_id\" value=\"459\"\/>\n\t\t\t<input type=\"hidden\" name=\"form_id\" value=\"edcf080\"\/>\n\t\t\t<input type=\"hidden\" name=\"referer_title\" value=\"Sushi d&#039;Aro \u2013 Sushi Restaurant Platja d&#039;Aro\" \/>\n\n\t\t\t\n\t\t\t<div class=\"elementor-form-fields-wrapper elementor-labels-above\">\n\t\t\t\t\t\t\t\t<div class=\"elementor-field-type-text elementor-field-group elementor-column elementor-field-group-name elementor-col-100 elementor-field-required\">\n\t\t\t\t\t\t\t\t\t\t\t\t<label for=\"form-field-name\" class=\"elementor-field-label\">\n\t\t\t\t\t\t\t\tNom\t\t\t\t\t\t\t<\/label>\n\t\t\t\t\t\t\t\t\t\t\t\t\t\t<input size=\"1\" type=\"text\" name=\"form_fields[name]\" id=\"form-field-name\" class=\"elementor-field elementor-size-sm  elementor-field-textual\" placeholder=\"Nom\" required=\"required\">\n\t\t\t\t\t\t\t\t\t\t\t<\/div>\n\t\t\t\t\t\t\t\t<div class=\"elementor-field-type-tel elementor-field-group elementor-column elementor-field-group-field_109e067 elementor-col-100 elementor-field-required\">\n\t\t\t\t\t\t\t\t\t\t\t\t<label for=\"form-field-field_109e067\" class=\"elementor-field-label\">\n\t\t\t\t\t\t\t\tTel\u00e8fon\t\t\t\t\t\t\t<\/label>\n\t\t\t\t\t\t\t\t<input size=\"1\" type=\"tel\" name=\"form_fields[field_109e067]\" id=\"form-field-field_109e067\" class=\"elementor-field elementor-size-sm  elementor-field-textual\" placeholder=\"Tel\u00e8fon\" required=\"required\" pattern=\"[0-9()#&amp;+*-=.]+\" title=\"Only numbers and phone characters (#, -, *, etc) are accepted.\">\n\n\t\t\t\t\t\t<\/div>\n\t\t\t\t\t\t\t\t<div class=\"elementor-field-type-email elementor-field-group elementor-column elementor-field-group-email elementor-col-100 elementor-field-required\">\n\t\t\t\t\t\t\t\t\t\t\t\t<label for=\"form-field-email\" class=\"elementor-field-label\">\n\t\t\t\t\t\t\t\tCorreu electr\u00f2nic\t\t\t\t\t\t\t<\/label>\n\t\t\t\t\t\t\t\t\t\t\t\t\t\t<input size=\"1\" type=\"email\" name=\"form_fields[email]\" id=\"form-field-email\" class=\"elementor-field elementor-size-sm  elementor-field-textual\" placeholder=\"Correu electr\u00f2nic\" required=\"required\">\n\t\t\t\t\t\t\t\t\t\t\t<\/div>\n\t\t\t\t\t\t\t\t<div class=\"elementor-field-type-textarea elementor-field-group elementor-column elementor-field-group-message elementor-col-100 elementor-field-required\">\n\t\t\t\t\t\t\t\t\t\t\t\t<label for=\"form-field-message\" class=\"elementor-field-label\">\n\t\t\t\t\t\t\t\tMissatge o consulta\t\t\t\t\t\t\t<\/label>\n\t\t\t\t\t\t<textarea class=\"elementor-field-textual elementor-field  elementor-size-sm\" name=\"form_fields[message]\" id=\"form-field-message\" rows=\"4\" placeholder=\"Missatge o consulta\" required=\"required\"><\/textarea>\t\t\t\t<\/div>\n\t\t\t\t\t\t\t\t<div class=\"elementor-field-type-acceptance elementor-field-group elementor-column elementor-field-group-field_b102615 elementor-col-100 elementor-field-required\">\n\t\t\t\t\t\t\t<div class=\"elementor-field-subgroup\">\n\t\t\t<span class=\"elementor-field-option\">\n\t\t\t\t<input type=\"checkbox\" name=\"form_fields[field_b102615]\" id=\"form-field-field_b102615\" class=\"elementor-field elementor-size-sm  elementor-acceptance-field\" required=\"required\">\n\t\t\t\t<label for=\"form-field-field_b102615\">He llegit i accepto la <a href=\"https:\/\/sushidaro.com\/ca\/politica-de-privacidad\/\">pol\u00edtica de privadesa.<\/a><\/label>\t\t\t<\/span>\n\t\t<\/div>\n\t\t\t\t\t\t<\/div>\n\t\t\t\t\t\t\t\t<div class=\"elementor-field-type-recaptcha_v3 elementor-field-group elementor-column elementor-field-group-field_e6ea0a2 elementor-col-100 recaptcha_v3-bottomleft\">\n\t\t\t\t\t<div class=\"elementor-field\" id=\"form-field-field_e6ea0a2\"><div class=\"elementor-g-recaptcha\" data-sitekey=\"6LdKulsnAAAAAGT8Zgn4YkmpCobtOxGFwVt-iHnC\" data-type=\"v3\" data-action=\"Form\" data-badge=\"bottomleft\" data-size=\"invisible\"><\/div><\/div>\t\t\t\t<\/div>\n\t\t\t\t\t\t\t\t<div class=\"elementor-field-group elementor-column elementor-field-type-submit elementor-col-100 e-form__buttons\">\n\t\t\t\t\t<button class=\"elementor-button elementor-size-sm\" type=\"submit\">\n\t\t\t\t\t\t<span class=\"elementor-button-content-wrapper\">\n\t\t\t\t\t\t\t\t\t\t\t\t\t\t\t\t\t\t\t\t\t\t<span class=\"elementor-button-text\">ENVIAR<\/span>\n\t\t\t\t\t\t\t\t\t\t\t\t\t<\/span>\n\t\t\t\t\t<\/button>\n\t\t\t\t<\/div>\n\t\t\t<\/div>\n\t\t<input type=\"hidden\" name=\"trp-form-language\" value=\"ca\"\/><\/form>\n\t\t\t\t\t\t<\/div>\n\t\t\t\t<\/div>\n\t\t\t\t\t<\/div>\n\t\t<\/div>\n\t\t\t\t\t<\/div>\n\t\t<\/section>\n\t\t\t\t\t<\/div>\n\t\t<\/div>\n\t\t\t\t\t<\/div>\n\t\t<\/section>\n\t\t\t\t<\/div>","protected":false},"excerpt":{"rendered":"<p>\u00a1Bienvenido a Sushi d&#8217;Aro, tu destino de sushi en la Costa Brava! En Sushi d&#8217;Aro nos enorgullece ofrecer aut\u00e9ntica cocina japonesa en el coraz\u00f3n de la hermosa Costa Brava. Nuestro objetivo es llevar a tu paladar una experiencia culinaria \u00fanica que combine los sabores tradicionales del sushi con los ingredientes frescos y locales que abundan&hellip;&nbsp;<a href=\"https:\/\/sushidaro.com\/ca\/sushi-costa-brava\/\" rel=\"bookmark\"><span class=\"screen-reader-text\">Sushi Costa Brava<\/span><\/a><\/p>","protected":false},"author":1,"featured_media":0,"parent":0,"menu_order":0,"comment_status":"closed","ping_status":"closed","template":"page-templates\/template-pagebuilder-full-width.php","meta":{"neve_meta_sidebar":"","neve_meta_container":"","neve_meta_enable_content_width":"off","neve_meta_content_width":100,"neve_meta_title_alignment":"","neve_meta_author_avatar":"","neve_post_elements_order":"","neve_meta_disable_header":"","neve_meta_disable_footer":"","neve_meta_disable_title":"","footnotes":""},"class_list":["post-459","page","type-page","status-publish","hentry"],"yoast_head":"<!-- This site is optimized with the Yoast SEO plugin v25.3.1 - https:\/\/yoast.com\/wordpress\/plugins\/seo\/ -->\n<title>Sushi Costa Brava - Sushi d&#039;Aro \u2013 Sushi Restaurant Platja d&#039;Aro<\/title>\n<meta name=\"robots\" content=\"index, follow, max-snippet:-1, max-image-preview:large, max-video-preview:-1\" \/>\n<link rel=\"canonical\" href=\"https:\/\/sushidaro.com\/ca\/sushi-costa-brava\/\" \/>\n<meta property=\"og:locale\" content=\"ca_ES\" \/>\n<meta property=\"og:type\" content=\"article\" \/>\n<meta property=\"og:title\" content=\"Sushi Costa Brava - Sushi d&#039;Aro \u2013 Sushi Restaurant Platja d&#039;Aro\" \/>\n<meta property=\"og:description\" content=\"\u00a1Bienvenido a Sushi d&#8217;Aro, tu destino de sushi en la Costa Brava! En Sushi d&#8217;Aro nos enorgullece ofrecer aut\u00e9ntica cocina japonesa en el coraz\u00f3n de la hermosa Costa Brava. Nuestro objetivo es llevar a tu paladar una experiencia culinaria \u00fanica que combine los sabores tradicionales del sushi con los ingredientes frescos y locales que abundan&hellip;&nbsp;Sushi Costa Brava\" \/>\n<meta property=\"og:url\" content=\"https:\/\/sushidaro.com\/ca\/sushi-costa-brava\/\" \/>\n<meta property=\"og:site_name\" content=\"Sushi d&#039;Aro \u2013 Sushi Restaurant Platja d&#039;Aro\" \/>\n<meta property=\"article:modified_time\" content=\"2024-01-18T08:24:22+00:00\" \/>\n<meta property=\"og:image\" content=\"https:\/\/sushidaro.com\/wp-content\/uploads\/2024\/01\/Restaurante-sushi-1024x724.png\" \/>\n<meta name=\"twitter:card\" content=\"summary_large_image\" \/>\n<meta name=\"twitter:label1\" content=\"Temps estimat de lectura\" \/>\n\t<meta name=\"twitter:data1\" content=\"3 minuts\" \/>\n<script type=\"application\/ld+json\" class=\"yoast-schema-graph\">{\"@context\":\"https:\/\/schema.org\",\"@graph\":[{\"@type\":\"WebPage\",\"@id\":\"https:\/\/sushidaro.com\/sushi-costa-brava\/\",\"url\":\"https:\/\/sushidaro.com\/sushi-costa-brava\/\",\"name\":\"Sushi Costa Brava - Sushi d&#039;Aro \u2013 Sushi Restaurant Platja d&#039;Aro\",\"isPartOf\":{\"@id\":\"https:\/\/sushidaro.com\/#website\"},\"primaryImageOfPage\":{\"@id\":\"https:\/\/sushidaro.com\/sushi-costa-brava\/#primaryimage\"},\"image\":{\"@id\":\"https:\/\/sushidaro.com\/sushi-costa-brava\/#primaryimage\"},\"thumbnailUrl\":\"https:\/\/sushidaro.com\/wp-content\/uploads\/2024\/01\/Restaurante-sushi-1024x724.png\",\"datePublished\":\"2023-07-06T06:17:19+00:00\",\"dateModified\":\"2024-01-18T08:24:22+00:00\",\"breadcrumb\":{\"@id\":\"https:\/\/sushidaro.com\/sushi-costa-brava\/#breadcrumb\"},\"inLanguage\":\"ca\",\"potentialAction\":[{\"@type\":\"ReadAction\",\"target\":[\"https:\/\/sushidaro.com\/sushi-costa-brava\/\"]}]},{\"@type\":\"ImageObject\",\"inLanguage\":\"ca\",\"@id\":\"https:\/\/sushidaro.com\/sushi-costa-brava\/#primaryimage\",\"url\":\"https:\/\/sushidaro.com\/wp-content\/uploads\/2024\/01\/Restaurante-sushi-1024x724.png\",\"contentUrl\":\"https:\/\/sushidaro.com\/wp-content\/uploads\/2024\/01\/Restaurante-sushi-1024x724.png\"},{\"@type\":\"BreadcrumbList\",\"@id\":\"https:\/\/sushidaro.com\/sushi-costa-brava\/#breadcrumb\",\"itemListElement\":[{\"@type\":\"ListItem\",\"position\":1,\"name\":\"Portada\",\"item\":\"https:\/\/sushidaro.com\/\"},{\"@type\":\"ListItem\",\"position\":2,\"name\":\"Sushi Costa Brava\"}]},{\"@type\":\"WebSite\",\"@id\":\"https:\/\/sushidaro.com\/#website\",\"url\":\"https:\/\/sushidaro.com\/\",\"name\":\"Sushi d&#039;Aro \u2013 Sushi Restaurant Platja d&#039;Aro\",\"description\":\"Restaurante de Sushi en Girona\",\"potentialAction\":[{\"@type\":\"SearchAction\",\"target\":{\"@type\":\"EntryPoint\",\"urlTemplate\":\"https:\/\/sushidaro.com\/?s={search_term_string}\"},\"query-input\":{\"@type\":\"PropertyValueSpecification\",\"valueRequired\":true,\"valueName\":\"search_term_string\"}}],\"inLanguage\":\"ca\"}]}<\/script>\n<!-- \/ Yoast SEO plugin. -->","yoast_head_json":{"title":"Sushi Costa Brava - Sushi d&#039;Aro \u2013 Sushi Restaurant Platja d&#039;Aro","robots":{"index":"index","follow":"follow","max-snippet":"max-snippet:-1","max-image-preview":"max-image-preview:large","max-video-preview":"max-video-preview:-1"},"canonical":"https:\/\/sushidaro.com\/ca\/sushi-costa-brava\/","og_locale":"ca_ES","og_type":"article","og_title":"Sushi Costa Brava - Sushi d&#039;Aro \u2013 Sushi Restaurant Platja d&#039;Aro","og_description":"\u00a1Bienvenido a Sushi d&#8217;Aro, tu destino de sushi en la Costa Brava! En Sushi d&#8217;Aro nos enorgullece ofrecer aut\u00e9ntica cocina japonesa en el coraz\u00f3n de la hermosa Costa Brava. Nuestro objetivo es llevar a tu paladar una experiencia culinaria \u00fanica que combine los sabores tradicionales del sushi con los ingredientes frescos y locales que abundan&hellip;&nbsp;Sushi Costa Brava","og_url":"https:\/\/sushidaro.com\/ca\/sushi-costa-brava\/","og_site_name":"Sushi d&#039;Aro \u2013 Sushi Restaurant Platja d&#039;Aro","article_modified_time":"2024-01-18T08:24:22+00:00","og_image":[{"url":"https:\/\/sushidaro.com\/wp-content\/uploads\/2024\/01\/Restaurante-sushi-1024x724.png","type":"","width":"","height":""}],"twitter_card":"summary_large_image","twitter_misc":{"Temps estimat de lectura":"3 minuts"},"schema":{"@context":"https:\/\/schema.org","@graph":[{"@type":"WebPage","@id":"https:\/\/sushidaro.com\/sushi-costa-brava\/","url":"https:\/\/sushidaro.com\/sushi-costa-brava\/","name":"Sushi Costa Brava - Sushi d&#039;Aro \u2013 Sushi Restaurant Platja d&#039;Aro","isPartOf":{"@id":"https:\/\/sushidaro.com\/#website"},"primaryImageOfPage":{"@id":"https:\/\/sushidaro.com\/sushi-costa-brava\/#primaryimage"},"image":{"@id":"https:\/\/sushidaro.com\/sushi-costa-brava\/#primaryimage"},"thumbnailUrl":"https:\/\/sushidaro.com\/wp-content\/uploads\/2024\/01\/Restaurante-sushi-1024x724.png","datePublished":"2023-07-06T06:17:19+00:00","dateModified":"2024-01-18T08:24:22+00:00","breadcrumb":{"@id":"https:\/\/sushidaro.com\/sushi-costa-brava\/#breadcrumb"},"inLanguage":"ca","potentialAction":[{"@type":"ReadAction","target":["https:\/\/sushidaro.com\/sushi-costa-brava\/"]}]},{"@type":"ImageObject","inLanguage":"ca","@id":"https:\/\/sushidaro.com\/sushi-costa-brava\/#primaryimage","url":"https:\/\/sushidaro.com\/wp-content\/uploads\/2024\/01\/Restaurante-sushi-1024x724.png","contentUrl":"https:\/\/sushidaro.com\/wp-content\/uploads\/2024\/01\/Restaurante-sushi-1024x724.png"},{"@type":"BreadcrumbList","@id":"https:\/\/sushidaro.com\/sushi-costa-brava\/#breadcrumb","itemListElement":[{"@type":"ListItem","position":1,"name":"Portada","item":"https:\/\/sushidaro.com\/"},{"@type":"ListItem","position":2,"name":"Sushi Costa Brava"}]},{"@type":"WebSite","@id":"https:\/\/sushidaro.com\/#website","url":"https:\/\/sushidaro.com\/","name":"Sushi d&#039;Aro \u2013 Sushi Restaurant Platja d&#039;Aro","description":"Restaurante de Sushi en Girona","potentialAction":[{"@type":"SearchAction","target":{"@type":"EntryPoint","urlTemplate":"https:\/\/sushidaro.com\/?s={search_term_string}"},"query-input":{"@type":"PropertyValueSpecification","valueRequired":true,"valueName":"search_term_string"}}],"inLanguage":"ca"}]}},"_links":{"self":[{"href":"https:\/\/sushidaro.com\/ca\/wp-json\/wp\/v2\/pages\/459","targetHints":{"allow":["GET"]}}],"collection":[{"href":"https:\/\/sushidaro.com\/ca\/wp-json\/wp\/v2\/pages"}],"about":[{"href":"https:\/\/sushidaro.com\/ca\/wp-json\/wp\/v2\/types\/page"}],"author":[{"embeddable":true,"href":"https:\/\/sushidaro.com\/ca\/wp-json\/wp\/v2\/users\/1"}],"replies":[{"embeddable":true,"href":"https:\/\/sushidaro.com\/ca\/wp-json\/wp\/v2\/comments?post=459"}],"version-history":[{"count":16,"href":"https:\/\/sushidaro.com\/ca\/wp-json\/wp\/v2\/pages\/459\/revisions"}],"predecessor-version":[{"id":1210,"href":"https:\/\/sushidaro.com\/ca\/wp-json\/wp\/v2\/pages\/459\/revisions\/1210"}],"wp:attachment":[{"href":"https:\/\/sushidaro.com\/ca\/wp-json\/wp\/v2\/media?parent=459"}],"curies":[{"name":"wp","href":"https:\/\/api.w.org\/{rel}","templated":true}]}}