{"id":456,"date":"2023-07-06T06:14:49","date_gmt":"2023-07-06T06:14:49","guid":{"rendered":"https:\/\/sushidaro.prelanzamiento.es\/?page_id=456"},"modified":"2024-01-18T08:19:22","modified_gmt":"2024-01-18T08:19:22","slug":"sushi-para-llevar-costa-brava","status":"publish","type":"page","link":"https:\/\/sushidaro.com\/ca\/sushi-para-llevar-costa-brava\/","title":{"rendered":"Sushi per portar costa brava"},"content":{"rendered":"<div data-elementor-type=\"wp-page\" data-elementor-id=\"456\" class=\"elementor elementor-456\" data-elementor-post-type=\"page\">\n\t\t\t\t\t\t<section class=\"elementor-section elementor-top-section elementor-element elementor-element-70e9c9b elementor-section-full_width elementor-section-height-default elementor-section-height-default\" data-id=\"70e9c9b\" data-element_type=\"section\" data-settings=\"{&quot;background_background&quot;:&quot;classic&quot;}\">\n\t\t\t\t\t\t<div class=\"elementor-container elementor-column-gap-default\">\n\t\t\t\t\t<div class=\"elementor-column elementor-col-100 elementor-top-column elementor-element elementor-element-26bbe16\" data-id=\"26bbe16\" data-element_type=\"column\">\n\t\t\t<div class=\"elementor-widget-wrap elementor-element-populated\">\n\t\t\t\t\t<div class=\"elementor-background-overlay\"><\/div>\n\t\t\t\t\t\t<section class=\"elementor-section elementor-inner-section elementor-element elementor-element-35b598c elementor-section-boxed elementor-section-height-default elementor-section-height-default\" data-id=\"35b598c\" data-element_type=\"section\">\n\t\t\t\t\t\t<div class=\"elementor-container elementor-column-gap-default\">\n\t\t\t\t\t<div class=\"elementor-column elementor-col-100 elementor-inner-column elementor-element elementor-element-db5bc99\" data-id=\"db5bc99\" data-element_type=\"column\" data-settings=\"{&quot;background_background&quot;:&quot;classic&quot;}\">\n\t\t\t<div class=\"elementor-widget-wrap elementor-element-populated\">\n\t\t\t\t\t\t<div class=\"elementor-element elementor-element-eec1b80 elementor-invisible elementor-widget elementor-widget-heading\" data-id=\"eec1b80\" data-element_type=\"widget\" data-settings=\"{&quot;_animation&quot;:&quot;fadeInUp&quot;}\" data-widget_type=\"heading.default\">\n\t\t\t\t<div class=\"elementor-widget-container\">\n\t\t\t\t\t<h3 class=\"elementor-heading-title elementor-size-default\">Sushi per portar costa brava<\/h3>\t\t\t\t<\/div>\n\t\t\t\t<\/div>\n\t\t\t\t\t<\/div>\n\t\t<\/div>\n\t\t\t\t\t<\/div>\n\t\t<\/section>\n\t\t\t\t\t<\/div>\n\t\t<\/div>\n\t\t\t\t\t<\/div>\n\t\t<\/section>\n\t\t\t\t<section class=\"elementor-section elementor-top-section elementor-element elementor-element-4b88dc2d elementor-section-content-middle elementor-section-boxed elementor-section-height-default elementor-section-height-default\" data-id=\"4b88dc2d\" data-element_type=\"section\" data-settings=\"{&quot;background_background&quot;:&quot;classic&quot;}\">\n\t\t\t\t\t\t\t<div class=\"elementor-background-overlay\"><\/div>\n\t\t\t\t\t\t\t<div class=\"elementor-container elementor-column-gap-default\">\n\t\t\t\t\t<div class=\"elementor-column elementor-col-50 elementor-top-column elementor-element elementor-element-45a53d88 elementor-invisible\" data-id=\"45a53d88\" data-element_type=\"column\" data-settings=\"{&quot;animation&quot;:&quot;fadeInLeft&quot;}\">\n\t\t\t<div class=\"elementor-widget-wrap elementor-element-populated\">\n\t\t\t\t\t\t<div class=\"elementor-element elementor-element-7f783685 elementor-widget elementor-widget-text-editor\" data-id=\"7f783685\" data-element_type=\"widget\" data-widget_type=\"text-editor.default\">\n\t\t\t\t<div class=\"elementor-widget-container\">\n\t\t\t\t\t\t\t\t\t<p style=\"text-align: justify;\">Benvingut a Sushi d&#039;Aro: el teu dest\u00ed per <strong>sushi per emportar a la bella Costa Brava<\/strong>!<\/p><p style=\"text-align: justify;\">Descobreix una experi\u00e8ncia culin\u00e0ria \u00fanica en la comoditat de casa teva amb el nostre delici\u00f3s <strong>sushi per emportar a la Costa Brava<\/strong>. A Sushi d&#039;Aro, ens enorgulleix oferir-te una \u00e0mplia selecci\u00f3 de sushi fresc i aut\u00e8ntic que segurament satisfar\u00e0 els teus desitjos. Ja sigui que estiguis de vacances a la Costa Brava o siguis un resident local, el nostre sushi per emportar \u00e9s l&#039;elecci\u00f3 perfecta per a un menjar r\u00e0pid i delici\u00f3s.<\/p><p style=\"text-align: justify;\">A Sushi d&#039;Aro, ens apassiona utilitzar nom\u00e9s els ingredients m\u00e9s frescos i de la m\u00e9s alta qualitat per crear les nostres obres mestres de sushi. Els nostres xefs talentosos dominen l&#039;art de la preparaci\u00f3 del sushi, combinant t\u00e8cniques tradicionals amb un toc de creativitat per brindar-te una experi\u00e8ncia gastron\u00f2mica excepcional.<\/p><p style=\"text-align: justify;\">Qu\u00e8 fa que <strong>el nostre sushi per a porta a la Costa Brava<\/strong> sigui tan especial? En primer lloc, oferim una gran varietat d&#039;opcions per adaptar-nos a tots els gustos i prefer\u00e8ncies. Des dels cl\u00e0ssics rotllos de sushi com el Calif\u00f2rnia Roll i l&#039;Spicy Tuna Roll, fins a creacions exclusives de casa nostra, com el Sushi d&#039;Aro Roll, t&#039;assegurem que trobar\u00e0s alguna cosa que t&#039;encanti.<\/p>\t\t\t\t\t\t\t\t<\/div>\n\t\t\t\t<\/div>\n\t\t\t\t<div class=\"elementor-element elementor-element-e9d4dd0 elementor-widget elementor-widget-image\" data-id=\"e9d4dd0\" data-element_type=\"widget\" data-widget_type=\"image.default\">\n\t\t\t\t<div class=\"elementor-widget-container\">\n\t\t\t\t\t\t\t\t\t\t\t\t\t\t\t<img fetchpriority=\"high\" decoding=\"async\" width=\"1024\" height=\"724\" src=\"https:\/\/sushidaro.com\/wp-content\/uploads\/2024\/01\/Sushi-restaurante-1024x724.png\" class=\"attachment-large size-large wp-image-1172\" alt=\"Trabajador poniendo todos los sushis juntos para llevarlos a la mesa\" srcset=\"https:\/\/sushidaro.com\/wp-content\/uploads\/2024\/01\/Sushi-restaurante-1024x724.png 1024w, https:\/\/sushidaro.com\/wp-content\/uploads\/2024\/01\/Sushi-restaurante-300x212.png 300w, https:\/\/sushidaro.com\/wp-content\/uploads\/2024\/01\/Sushi-restaurante-768x543.png 768w, https:\/\/sushidaro.com\/wp-content\/uploads\/2024\/01\/Sushi-restaurante-1536x1086.png 1536w, https:\/\/sushidaro.com\/wp-content\/uploads\/2024\/01\/Sushi-restaurante-18x12.png 18w, https:\/\/sushidaro.com\/wp-content\/uploads\/2024\/01\/Sushi-restaurante.png 2000w\" sizes=\"(max-width: 1024px) 100vw, 1024px\" \/>\t\t\t\t\t\t\t\t\t\t\t\t\t\t\t<\/div>\n\t\t\t\t<\/div>\n\t\t\t\t<div class=\"elementor-element elementor-element-6cc340b elementor-align-center elementor-widget elementor-widget-button\" data-id=\"6cc340b\" data-element_type=\"widget\" data-widget_type=\"button.default\">\n\t\t\t\t<div class=\"elementor-widget-container\">\n\t\t\t\t\t\t\t\t\t<div class=\"elementor-button-wrapper\">\n\t\t\t\t\t<a class=\"elementor-button elementor-button-link elementor-size-sm\" href=\"https:\/\/sushidaro.com\/ca\/reservas-y-contacto\/\">\n\t\t\t\t\t\t<span class=\"elementor-button-content-wrapper\">\n\t\t\t\t\t\t\t\t\t<span class=\"elementor-button-text\">CONTACTA AMB NOSALTRES<\/span>\n\t\t\t\t\t<\/span>\n\t\t\t\t\t<\/a>\n\t\t\t\t<\/div>\n\t\t\t\t\t\t\t\t<\/div>\n\t\t\t\t<\/div>\n\t\t\t\t<div class=\"elementor-element elementor-element-0a8ce6f elementor-widget elementor-widget-text-editor\" data-id=\"0a8ce6f\" data-element_type=\"widget\" data-widget_type=\"text-editor.default\">\n\t\t\t\t<div class=\"elementor-widget-container\">\n\t\t\t\t\t\t\t\t\t<p style=\"text-align: justify;\">A m\u00e9s de la nostra incre\u00efble selecci\u00f3 de sushi, ens enorgulleix oferir un servei r\u00e0pid i convenient. Entra a la nostra botiga en l\u00ednia, tria els teus rotllos de sushi favorits i fes la teva comanda per emportar. El nostre equip s&#039;assegurar\u00e0 que el teu menjar estigui a punt perqu\u00e8 el recullis en poc temps. Imagina arribar a casa despr\u00e9s d&#039;un dia ple d&#039;emocions a la Costa Brava i trobar un fest\u00ed de sushi esperant-te, simplement delici\u00f3s!<\/p><p style=\"text-align: justify;\">A Sushi d&#039;Aro, entenem que la qualitat i el sabor s\u00f3n fonamentals quan es tracta de sushi per emportar. \u00c9s per aix\u00f2 que ens esforcem per superar les teves expectatives a cada visita. El nostre objectiu \u00e9s brindar-te una experi\u00e8ncia gastron\u00f2mica excepcional i fer que tornis per m\u00e9s.<\/p><p style=\"text-align: justify;\">Aleshores, si ets a la Costa Brava i desitges gaudir de sushi per portar d&#039;alta qualitat, no busquis m\u00e9s enll\u00e0 de Sushi d&#039;Aro. Et convidem a visitar la nostra p\u00e0gina web per descobrir el nostre men\u00fa complet, fer la teva comanda i delectar-te amb el millor\u00a0<strong>sushi per emportar a la Costa Brava<\/strong>. Vine i descobreix per qu\u00e8 som la destinaci\u00f3 favorita de sushi de la regi\u00f3!<\/p><p style=\"text-align: justify;\">A Sushi d&#039;Aro, ens dediquem a brindar-te una experi\u00e8ncia excepcional de sushi per portar a la impressionant Costa Brava! Ja sigui que estiguis explorant les belles platges de la regi\u00f3 o simplement buscant un delici\u00f3s menjar per emportar, estem aqu\u00ed per satisfer els teus desitjos de sushi.<\/p><p style=\"text-align: justify;\">Sushi per emportar Costa Brava: una experi\u00e8ncia culin\u00e0ria que no et pots perdre. Fes la teva comanda a Sushi d&#039;Aro avui mateix!<\/p>\t\t\t\t\t\t\t\t<\/div>\n\t\t\t\t<\/div>\n\t\t\t\t\t<\/div>\n\t\t<\/div>\n\t\t\t\t<div class=\"elementor-column elementor-col-50 elementor-top-column elementor-element elementor-element-74719e3 elementor-invisible\" data-id=\"74719e3\" data-element_type=\"column\" data-settings=\"{&quot;animation&quot;:&quot;fadeInLeft&quot;}\">\n\t\t\t<div class=\"elementor-widget-wrap elementor-element-populated\">\n\t\t\t\t\t\t<section class=\"elementor-section elementor-inner-section elementor-element elementor-element-f5d5b0e elementor-section-boxed elementor-section-height-default elementor-section-height-default\" data-id=\"f5d5b0e\" data-element_type=\"section\" data-settings=\"{&quot;background_background&quot;:&quot;classic&quot;}\">\n\t\t\t\t\t\t<div class=\"elementor-container elementor-column-gap-default\">\n\t\t\t\t\t<div class=\"elementor-column elementor-col-100 elementor-inner-column elementor-element elementor-element-a9ae017\" data-id=\"a9ae017\" data-element_type=\"column\">\n\t\t\t<div class=\"elementor-widget-wrap elementor-element-populated\">\n\t\t\t\t\t\t<div class=\"elementor-element elementor-element-108db37 elementor-widget elementor-widget-heading\" data-id=\"108db37\" data-element_type=\"widget\" data-widget_type=\"heading.default\">\n\t\t\t\t<div class=\"elementor-widget-container\">\n\t\t\t\t\t<h2 class=\"elementor-heading-title elementor-size-default\">Contacta'ns<\/h2>\t\t\t\t<\/div>\n\t\t\t\t<\/div>\n\t\t\t\t<div class=\"elementor-element elementor-element-edcf080 elementor-button-align-stretch elementor-widget elementor-widget-form\" data-id=\"edcf080\" data-element_type=\"widget\" data-settings=\"{&quot;step_next_label&quot;:&quot;Next&quot;,&quot;step_previous_label&quot;:&quot;Previous&quot;,&quot;button_width&quot;:&quot;100&quot;,&quot;step_type&quot;:&quot;number_text&quot;,&quot;step_icon_shape&quot;:&quot;circle&quot;}\" data-widget_type=\"form.default\">\n\t\t\t\t<div class=\"elementor-widget-container\">\n\t\t\t\t\t\t\t<form class=\"elementor-form\" method=\"post\" name=\"New Form\" aria-label=\"New Form\" action=\"\">\n\t\t\t<input type=\"hidden\" name=\"post_id\" value=\"456\"\/>\n\t\t\t<input type=\"hidden\" name=\"form_id\" value=\"edcf080\"\/>\n\t\t\t<input type=\"hidden\" name=\"referer_title\" value=\"Sushi d&#039;Aro \u2013 Sushi Restaurant Platja d&#039;Aro\" \/>\n\n\t\t\t\n\t\t\t<div class=\"elementor-form-fields-wrapper elementor-labels-above\">\n\t\t\t\t\t\t\t\t<div class=\"elementor-field-type-text elementor-field-group elementor-column elementor-field-group-name elementor-col-100 elementor-field-required\">\n\t\t\t\t\t\t\t\t\t\t\t\t<label for=\"form-field-name\" class=\"elementor-field-label\">\n\t\t\t\t\t\t\t\tNom\t\t\t\t\t\t\t<\/label>\n\t\t\t\t\t\t\t\t\t\t\t\t\t\t<input size=\"1\" type=\"text\" name=\"form_fields[name]\" id=\"form-field-name\" class=\"elementor-field elementor-size-sm  elementor-field-textual\" placeholder=\"Nom\" required=\"required\">\n\t\t\t\t\t\t\t\t\t\t\t<\/div>\n\t\t\t\t\t\t\t\t<div class=\"elementor-field-type-tel elementor-field-group elementor-column elementor-field-group-field_109e067 elementor-col-100 elementor-field-required\">\n\t\t\t\t\t\t\t\t\t\t\t\t<label for=\"form-field-field_109e067\" class=\"elementor-field-label\">\n\t\t\t\t\t\t\t\tTel\u00e8fon\t\t\t\t\t\t\t<\/label>\n\t\t\t\t\t\t\t\t<input size=\"1\" type=\"tel\" name=\"form_fields[field_109e067]\" id=\"form-field-field_109e067\" class=\"elementor-field elementor-size-sm  elementor-field-textual\" placeholder=\"Tel\u00e8fon\" required=\"required\" pattern=\"[0-9()#&amp;+*-=.]+\" title=\"Only numbers and phone characters (#, -, *, etc) are accepted.\">\n\n\t\t\t\t\t\t<\/div>\n\t\t\t\t\t\t\t\t<div class=\"elementor-field-type-email elementor-field-group elementor-column elementor-field-group-email elementor-col-100 elementor-field-required\">\n\t\t\t\t\t\t\t\t\t\t\t\t<label for=\"form-field-email\" class=\"elementor-field-label\">\n\t\t\t\t\t\t\t\tCorreu electr\u00f2nic\t\t\t\t\t\t\t<\/label>\n\t\t\t\t\t\t\t\t\t\t\t\t\t\t<input size=\"1\" type=\"email\" name=\"form_fields[email]\" id=\"form-field-email\" class=\"elementor-field elementor-size-sm  elementor-field-textual\" placeholder=\"Correu electr\u00f2nic\" required=\"required\">\n\t\t\t\t\t\t\t\t\t\t\t<\/div>\n\t\t\t\t\t\t\t\t<div class=\"elementor-field-type-textarea elementor-field-group elementor-column elementor-field-group-message elementor-col-100 elementor-field-required\">\n\t\t\t\t\t\t\t\t\t\t\t\t<label for=\"form-field-message\" class=\"elementor-field-label\">\n\t\t\t\t\t\t\t\tMissatge o consulta\t\t\t\t\t\t\t<\/label>\n\t\t\t\t\t\t<textarea class=\"elementor-field-textual elementor-field  elementor-size-sm\" name=\"form_fields[message]\" id=\"form-field-message\" rows=\"4\" placeholder=\"Missatge o consulta\" required=\"required\"><\/textarea>\t\t\t\t<\/div>\n\t\t\t\t\t\t\t\t<div class=\"elementor-field-type-acceptance elementor-field-group elementor-column elementor-field-group-field_b102615 elementor-col-100 elementor-field-required\">\n\t\t\t\t\t\t\t<div class=\"elementor-field-subgroup\">\n\t\t\t<span class=\"elementor-field-option\">\n\t\t\t\t<input type=\"checkbox\" name=\"form_fields[field_b102615]\" id=\"form-field-field_b102615\" class=\"elementor-field elementor-size-sm  elementor-acceptance-field\" required=\"required\">\n\t\t\t\t<label for=\"form-field-field_b102615\">He llegit i accepto la <a href=\"https:\/\/sushidaro.com\/ca\/politica-de-privacidad\/\">pol\u00edtica de privadesa.<\/a><\/label>\t\t\t<\/span>\n\t\t<\/div>\n\t\t\t\t\t\t<\/div>\n\t\t\t\t\t\t\t\t<div class=\"elementor-field-type-recaptcha_v3 elementor-field-group elementor-column elementor-field-group-field_1354c94 elementor-col-100 recaptcha_v3-bottomleft\">\n\t\t\t\t\t<div class=\"elementor-field\" id=\"form-field-field_1354c94\"><div class=\"elementor-g-recaptcha\" data-sitekey=\"6LdKulsnAAAAAGT8Zgn4YkmpCobtOxGFwVt-iHnC\" data-type=\"v3\" data-action=\"Form\" data-badge=\"bottomleft\" data-size=\"invisible\"><\/div><\/div>\t\t\t\t<\/div>\n\t\t\t\t\t\t\t\t<div class=\"elementor-field-group elementor-column elementor-field-type-submit elementor-col-100 e-form__buttons\">\n\t\t\t\t\t<button class=\"elementor-button elementor-size-sm\" type=\"submit\">\n\t\t\t\t\t\t<span class=\"elementor-button-content-wrapper\">\n\t\t\t\t\t\t\t\t\t\t\t\t\t\t\t\t\t\t\t\t\t\t<span class=\"elementor-button-text\">ENVIAR<\/span>\n\t\t\t\t\t\t\t\t\t\t\t\t\t<\/span>\n\t\t\t\t\t<\/button>\n\t\t\t\t<\/div>\n\t\t\t<\/div>\n\t\t<input type=\"hidden\" name=\"trp-form-language\" value=\"ca\"\/><\/form>\n\t\t\t\t\t\t<\/div>\n\t\t\t\t<\/div>\n\t\t\t\t\t<\/div>\n\t\t<\/div>\n\t\t\t\t\t<\/div>\n\t\t<\/section>\n\t\t\t\t\t<\/div>\n\t\t<\/div>\n\t\t\t\t\t<\/div>\n\t\t<\/section>\n\t\t\t\t<\/div>","protected":false},"excerpt":{"rendered":"<p>\u00a1Bienvenido a Sushi d&#8217;Aro: tu destino para sushi para llevar en la hermosa Costa Brava! Descubre una experiencia culinaria \u00fanica en la comodidad de tu hogar con nuestro delicioso sushi para llevar en la Costa Brava. En Sushi d&#8217;Aro, nos enorgullece ofrecerte una amplia selecci\u00f3n de sushi fresco y aut\u00e9ntico que seguramente satisfar\u00e1 tus antojos.&hellip;&nbsp;<a href=\"https:\/\/sushidaro.com\/ca\/sushi-para-llevar-costa-brava\/\" rel=\"bookmark\"><span class=\"screen-reader-text\">Sushi per portar costa brava<\/span><\/a><\/p>","protected":false},"author":1,"featured_media":0,"parent":0,"menu_order":0,"comment_status":"closed","ping_status":"closed","template":"page-templates\/template-pagebuilder-full-width.php","meta":{"neve_meta_sidebar":"","neve_meta_container":"","neve_meta_enable_content_width":"off","neve_meta_content_width":100,"neve_meta_title_alignment":"","neve_meta_author_avatar":"","neve_post_elements_order":"","neve_meta_disable_header":"","neve_meta_disable_footer":"","neve_meta_disable_title":"","footnotes":""},"class_list":["post-456","page","type-page","status-publish","hentry"],"yoast_head":"<!-- This site is optimized with the Yoast SEO plugin v25.3.1 - https:\/\/yoast.com\/wordpress\/plugins\/seo\/ -->\n<title>Sushi para llevar costa brava - Sushi d&#039;Aro \u2013 Sushi Restaurant Platja d&#039;Aro<\/title>\n<meta name=\"robots\" content=\"index, follow, max-snippet:-1, max-image-preview:large, max-video-preview:-1\" \/>\n<link rel=\"canonical\" href=\"https:\/\/sushidaro.com\/ca\/sushi-para-llevar-costa-brava\/\" \/>\n<meta property=\"og:locale\" content=\"ca_ES\" \/>\n<meta property=\"og:type\" content=\"article\" \/>\n<meta property=\"og:title\" content=\"Sushi para llevar costa brava - Sushi d&#039;Aro \u2013 Sushi Restaurant Platja d&#039;Aro\" \/>\n<meta property=\"og:description\" content=\"\u00a1Bienvenido a Sushi d&#8217;Aro: tu destino para sushi para llevar en la hermosa Costa Brava! Descubre una experiencia culinaria \u00fanica en la comodidad de tu hogar con nuestro delicioso sushi para llevar en la Costa Brava. En Sushi d&#8217;Aro, nos enorgullece ofrecerte una amplia selecci\u00f3n de sushi fresco y aut\u00e9ntico que seguramente satisfar\u00e1 tus antojos.&hellip;&nbsp;Sushi para llevar costa brava\" \/>\n<meta property=\"og:url\" content=\"https:\/\/sushidaro.com\/ca\/sushi-para-llevar-costa-brava\/\" \/>\n<meta property=\"og:site_name\" content=\"Sushi d&#039;Aro \u2013 Sushi Restaurant Platja d&#039;Aro\" \/>\n<meta property=\"article:modified_time\" content=\"2024-01-18T08:19:22+00:00\" \/>\n<meta property=\"og:image\" content=\"https:\/\/sushidaro.com\/wp-content\/uploads\/2024\/01\/Sushi-restaurante-1024x724.png\" \/>\n<meta name=\"twitter:card\" content=\"summary_large_image\" \/>\n<meta name=\"twitter:label1\" content=\"Temps estimat de lectura\" \/>\n\t<meta name=\"twitter:data1\" content=\"3 minuts\" \/>\n<script type=\"application\/ld+json\" class=\"yoast-schema-graph\">{\"@context\":\"https:\/\/schema.org\",\"@graph\":[{\"@type\":\"WebPage\",\"@id\":\"https:\/\/sushidaro.com\/sushi-para-llevar-costa-brava\/\",\"url\":\"https:\/\/sushidaro.com\/sushi-para-llevar-costa-brava\/\",\"name\":\"Sushi para llevar costa brava - Sushi d&#039;Aro \u2013 Sushi Restaurant Platja d&#039;Aro\",\"isPartOf\":{\"@id\":\"https:\/\/sushidaro.com\/#website\"},\"primaryImageOfPage\":{\"@id\":\"https:\/\/sushidaro.com\/sushi-para-llevar-costa-brava\/#primaryimage\"},\"image\":{\"@id\":\"https:\/\/sushidaro.com\/sushi-para-llevar-costa-brava\/#primaryimage\"},\"thumbnailUrl\":\"https:\/\/sushidaro.com\/wp-content\/uploads\/2024\/01\/Sushi-restaurante-1024x724.png\",\"datePublished\":\"2023-07-06T06:14:49+00:00\",\"dateModified\":\"2024-01-18T08:19:22+00:00\",\"breadcrumb\":{\"@id\":\"https:\/\/sushidaro.com\/sushi-para-llevar-costa-brava\/#breadcrumb\"},\"inLanguage\":\"ca\",\"potentialAction\":[{\"@type\":\"ReadAction\",\"target\":[\"https:\/\/sushidaro.com\/sushi-para-llevar-costa-brava\/\"]}]},{\"@type\":\"ImageObject\",\"inLanguage\":\"ca\",\"@id\":\"https:\/\/sushidaro.com\/sushi-para-llevar-costa-brava\/#primaryimage\",\"url\":\"https:\/\/sushidaro.com\/wp-content\/uploads\/2024\/01\/Sushi-restaurante-1024x724.png\",\"contentUrl\":\"https:\/\/sushidaro.com\/wp-content\/uploads\/2024\/01\/Sushi-restaurante-1024x724.png\"},{\"@type\":\"BreadcrumbList\",\"@id\":\"https:\/\/sushidaro.com\/sushi-para-llevar-costa-brava\/#breadcrumb\",\"itemListElement\":[{\"@type\":\"ListItem\",\"position\":1,\"name\":\"Portada\",\"item\":\"https:\/\/sushidaro.com\/\"},{\"@type\":\"ListItem\",\"position\":2,\"name\":\"Sushi para llevar costa brava\"}]},{\"@type\":\"WebSite\",\"@id\":\"https:\/\/sushidaro.com\/#website\",\"url\":\"https:\/\/sushidaro.com\/\",\"name\":\"Sushi d&#039;Aro \u2013 Sushi Restaurant Platja d&#039;Aro\",\"description\":\"Restaurante de Sushi en Girona\",\"potentialAction\":[{\"@type\":\"SearchAction\",\"target\":{\"@type\":\"EntryPoint\",\"urlTemplate\":\"https:\/\/sushidaro.com\/?s={search_term_string}\"},\"query-input\":{\"@type\":\"PropertyValueSpecification\",\"valueRequired\":true,\"valueName\":\"search_term_string\"}}],\"inLanguage\":\"ca\"}]}<\/script>\n<!-- \/ Yoast SEO plugin. -->","yoast_head_json":{"title":"Sushi para llevar costa brava - Sushi d&#039;Aro \u2013 Sushi Restaurant Platja d&#039;Aro","robots":{"index":"index","follow":"follow","max-snippet":"max-snippet:-1","max-image-preview":"max-image-preview:large","max-video-preview":"max-video-preview:-1"},"canonical":"https:\/\/sushidaro.com\/ca\/sushi-para-llevar-costa-brava\/","og_locale":"ca_ES","og_type":"article","og_title":"Sushi para llevar costa brava - Sushi d&#039;Aro \u2013 Sushi Restaurant Platja d&#039;Aro","og_description":"\u00a1Bienvenido a Sushi d&#8217;Aro: tu destino para sushi para llevar en la hermosa Costa Brava! Descubre una experiencia culinaria \u00fanica en la comodidad de tu hogar con nuestro delicioso sushi para llevar en la Costa Brava. En Sushi d&#8217;Aro, nos enorgullece ofrecerte una amplia selecci\u00f3n de sushi fresco y aut\u00e9ntico que seguramente satisfar\u00e1 tus antojos.&hellip;&nbsp;Sushi para llevar costa brava","og_url":"https:\/\/sushidaro.com\/ca\/sushi-para-llevar-costa-brava\/","og_site_name":"Sushi d&#039;Aro \u2013 Sushi Restaurant Platja d&#039;Aro","article_modified_time":"2024-01-18T08:19:22+00:00","og_image":[{"url":"https:\/\/sushidaro.com\/wp-content\/uploads\/2024\/01\/Sushi-restaurante-1024x724.png","type":"","width":"","height":""}],"twitter_card":"summary_large_image","twitter_misc":{"Temps estimat de lectura":"3 minuts"},"schema":{"@context":"https:\/\/schema.org","@graph":[{"@type":"WebPage","@id":"https:\/\/sushidaro.com\/sushi-para-llevar-costa-brava\/","url":"https:\/\/sushidaro.com\/sushi-para-llevar-costa-brava\/","name":"Sushi para llevar costa brava - Sushi d&#039;Aro \u2013 Sushi Restaurant Platja d&#039;Aro","isPartOf":{"@id":"https:\/\/sushidaro.com\/#website"},"primaryImageOfPage":{"@id":"https:\/\/sushidaro.com\/sushi-para-llevar-costa-brava\/#primaryimage"},"image":{"@id":"https:\/\/sushidaro.com\/sushi-para-llevar-costa-brava\/#primaryimage"},"thumbnailUrl":"https:\/\/sushidaro.com\/wp-content\/uploads\/2024\/01\/Sushi-restaurante-1024x724.png","datePublished":"2023-07-06T06:14:49+00:00","dateModified":"2024-01-18T08:19:22+00:00","breadcrumb":{"@id":"https:\/\/sushidaro.com\/sushi-para-llevar-costa-brava\/#breadcrumb"},"inLanguage":"ca","potentialAction":[{"@type":"ReadAction","target":["https:\/\/sushidaro.com\/sushi-para-llevar-costa-brava\/"]}]},{"@type":"ImageObject","inLanguage":"ca","@id":"https:\/\/sushidaro.com\/sushi-para-llevar-costa-brava\/#primaryimage","url":"https:\/\/sushidaro.com\/wp-content\/uploads\/2024\/01\/Sushi-restaurante-1024x724.png","contentUrl":"https:\/\/sushidaro.com\/wp-content\/uploads\/2024\/01\/Sushi-restaurante-1024x724.png"},{"@type":"BreadcrumbList","@id":"https:\/\/sushidaro.com\/sushi-para-llevar-costa-brava\/#breadcrumb","itemListElement":[{"@type":"ListItem","position":1,"name":"Portada","item":"https:\/\/sushidaro.com\/"},{"@type":"ListItem","position":2,"name":"Sushi para llevar costa brava"}]},{"@type":"WebSite","@id":"https:\/\/sushidaro.com\/#website","url":"https:\/\/sushidaro.com\/","name":"Sushi d&#039;Aro \u2013 Sushi Restaurant Platja d&#039;Aro","description":"Restaurante de Sushi en Girona","potentialAction":[{"@type":"SearchAction","target":{"@type":"EntryPoint","urlTemplate":"https:\/\/sushidaro.com\/?s={search_term_string}"},"query-input":{"@type":"PropertyValueSpecification","valueRequired":true,"valueName":"search_term_string"}}],"inLanguage":"ca"}]}},"_links":{"self":[{"href":"https:\/\/sushidaro.com\/ca\/wp-json\/wp\/v2\/pages\/456","targetHints":{"allow":["GET"]}}],"collection":[{"href":"https:\/\/sushidaro.com\/ca\/wp-json\/wp\/v2\/pages"}],"about":[{"href":"https:\/\/sushidaro.com\/ca\/wp-json\/wp\/v2\/types\/page"}],"author":[{"embeddable":true,"href":"https:\/\/sushidaro.com\/ca\/wp-json\/wp\/v2\/users\/1"}],"replies":[{"embeddable":true,"href":"https:\/\/sushidaro.com\/ca\/wp-json\/wp\/v2\/comments?post=456"}],"version-history":[{"count":16,"href":"https:\/\/sushidaro.com\/ca\/wp-json\/wp\/v2\/pages\/456\/revisions"}],"predecessor-version":[{"id":1204,"href":"https:\/\/sushidaro.com\/ca\/wp-json\/wp\/v2\/pages\/456\/revisions\/1204"}],"wp:attachment":[{"href":"https:\/\/sushidaro.com\/ca\/wp-json\/wp\/v2\/media?parent=456"}],"curies":[{"name":"wp","href":"https:\/\/api.w.org\/{rel}","templated":true}]}}