{"id":451,"date":"2023-07-06T06:05:27","date_gmt":"2023-07-06T06:05:27","guid":{"rendered":"https:\/\/sushidaro.prelanzamiento.es\/?page_id=451"},"modified":"2024-01-18T08:41:36","modified_gmt":"2024-01-18T08:41:36","slug":"tataki-de-atun-platja-daro","status":"publish","type":"page","link":"https:\/\/sushidaro.com\/ca\/tataki-de-atun-platja-daro\/","title":{"rendered":"Tataki de tonyina Platja d&#039;Aro"},"content":{"rendered":"<div data-elementor-type=\"wp-page\" data-elementor-id=\"451\" class=\"elementor elementor-451\" data-elementor-post-type=\"page\">\n\t\t\t\t\t\t<section class=\"elementor-section elementor-top-section elementor-element elementor-element-8f0701d elementor-section-full_width elementor-section-height-default elementor-section-height-default\" data-id=\"8f0701d\" data-element_type=\"section\" data-settings=\"{&quot;background_background&quot;:&quot;classic&quot;}\">\n\t\t\t\t\t\t<div class=\"elementor-container elementor-column-gap-default\">\n\t\t\t\t\t<div class=\"elementor-column elementor-col-100 elementor-top-column elementor-element elementor-element-510891b\" data-id=\"510891b\" data-element_type=\"column\">\n\t\t\t<div class=\"elementor-widget-wrap elementor-element-populated\">\n\t\t\t\t\t<div class=\"elementor-background-overlay\"><\/div>\n\t\t\t\t\t\t<section class=\"elementor-section elementor-inner-section elementor-element elementor-element-f171985 elementor-section-boxed elementor-section-height-default elementor-section-height-default\" data-id=\"f171985\" data-element_type=\"section\">\n\t\t\t\t\t\t<div class=\"elementor-container elementor-column-gap-default\">\n\t\t\t\t\t<div class=\"elementor-column elementor-col-100 elementor-inner-column elementor-element elementor-element-73bf25a\" data-id=\"73bf25a\" data-element_type=\"column\" data-settings=\"{&quot;background_background&quot;:&quot;classic&quot;}\">\n\t\t\t<div class=\"elementor-widget-wrap elementor-element-populated\">\n\t\t\t\t\t\t<div class=\"elementor-element elementor-element-77afa3e elementor-invisible elementor-widget elementor-widget-heading\" data-id=\"77afa3e\" data-element_type=\"widget\" data-settings=\"{&quot;_animation&quot;:&quot;fadeInUp&quot;}\" data-widget_type=\"heading.default\">\n\t\t\t\t<div class=\"elementor-widget-container\">\n\t\t\t\t\t<h3 class=\"elementor-heading-title elementor-size-default\">Tataki de tonyina Platja d&#039;Aro<\/h3>\t\t\t\t<\/div>\n\t\t\t\t<\/div>\n\t\t\t\t\t<\/div>\n\t\t<\/div>\n\t\t\t\t\t<\/div>\n\t\t<\/section>\n\t\t\t\t\t<\/div>\n\t\t<\/div>\n\t\t\t\t\t<\/div>\n\t\t<\/section>\n\t\t\t\t<section class=\"elementor-section elementor-top-section elementor-element elementor-element-4b88dc2d elementor-section-content-middle elementor-section-boxed elementor-section-height-default elementor-section-height-default\" data-id=\"4b88dc2d\" data-element_type=\"section\" data-settings=\"{&quot;background_background&quot;:&quot;classic&quot;}\">\n\t\t\t\t\t\t\t<div class=\"elementor-background-overlay\"><\/div>\n\t\t\t\t\t\t\t<div class=\"elementor-container elementor-column-gap-default\">\n\t\t\t\t\t<div class=\"elementor-column elementor-col-50 elementor-top-column elementor-element elementor-element-45a53d88 elementor-invisible\" data-id=\"45a53d88\" data-element_type=\"column\" data-settings=\"{&quot;animation&quot;:&quot;fadeInLeft&quot;}\">\n\t\t\t<div class=\"elementor-widget-wrap elementor-element-populated\">\n\t\t\t\t\t\t<div class=\"elementor-element elementor-element-7f783685 elementor-widget elementor-widget-text-editor\" data-id=\"7f783685\" data-element_type=\"widget\" data-widget_type=\"text-editor.default\">\n\t\t\t\t<div class=\"elementor-widget-container\">\n\t\t\t\t\t\t\t\t\t<p style=\"text-align: justify;\">Descobreix l\u00b4Exquisit <strong>Tataki de Tonyina Platja d&#039;Aro<\/strong> a Sushi d&#039;Aro<\/p><p style=\"text-align: justify;\">Benvingut a Sushi d&#039;Aro, la teva destinaci\u00f3 de confian\u00e7a per gaudir de l&#039;aut\u00e8ntica experi\u00e8ncia culin\u00e0ria japonesa a Platja d&#039;Aro. Si ets amant del sushi i els sabors exquisits, no pots deixar passar l&#039;oportunitat de tastar el nostre incre\u00efble <strong>tataki de tonyina Platja d&#039;Aro<\/strong>. Amb una combinaci\u00f3 perfecta de frescor, qualitat i sabor, t&#039;oferim una experi\u00e8ncia gastron\u00f2mica \u00fanica que no et voldr\u00e0s perdre.<\/p><p style=\"text-align: justify;\">Qu\u00e8 fa que el nostre <strong>tataki de tonyina Platja d&#039;Aro<\/strong> sigui tan especial? En primer lloc, seleccionem acuradament la tonyina m\u00e9s fresca i de m\u00e9s qualitat per garantir una experi\u00e8ncia de sabor excepcional. Els nostres xefs experts s&#039;encarreguen de preparar el tataki amb una t\u00e8cnica impecable, aconseguint un delicat equilibri entre l&#039;exterior lleugerament segellat i el centre tendre i suc\u00f3s de la tonyina. Cada mos \u00e9s una explosi\u00f3 de sabors, una veritable del\u00edcia per als amants del sushi.<\/p>\t\t\t\t\t\t\t\t<\/div>\n\t\t\t\t<\/div>\n\t\t\t\t<div class=\"elementor-element elementor-element-ad43d13 elementor-widget elementor-widget-image\" data-id=\"ad43d13\" data-element_type=\"widget\" data-widget_type=\"image.default\">\n\t\t\t\t<div class=\"elementor-widget-container\">\n\t\t\t\t\t\t\t\t\t\t\t\t\t\t\t<img fetchpriority=\"high\" decoding=\"async\" width=\"1024\" height=\"724\" src=\"https:\/\/sushidaro.com\/wp-content\/uploads\/2024\/01\/Sushi-restaurante-1024x724.png\" class=\"attachment-large size-large wp-image-1172\" alt=\"Trabajador poniendo todos los sushis juntos para llevarlos a la mesa\" srcset=\"https:\/\/sushidaro.com\/wp-content\/uploads\/2024\/01\/Sushi-restaurante-1024x724.png 1024w, https:\/\/sushidaro.com\/wp-content\/uploads\/2024\/01\/Sushi-restaurante-300x212.png 300w, https:\/\/sushidaro.com\/wp-content\/uploads\/2024\/01\/Sushi-restaurante-768x543.png 768w, https:\/\/sushidaro.com\/wp-content\/uploads\/2024\/01\/Sushi-restaurante-1536x1086.png 1536w, https:\/\/sushidaro.com\/wp-content\/uploads\/2024\/01\/Sushi-restaurante-18x12.png 18w, https:\/\/sushidaro.com\/wp-content\/uploads\/2024\/01\/Sushi-restaurante.png 2000w\" sizes=\"(max-width: 1024px) 100vw, 1024px\" \/>\t\t\t\t\t\t\t\t\t\t\t\t\t\t\t<\/div>\n\t\t\t\t<\/div>\n\t\t\t\t<div class=\"elementor-element elementor-element-6a7541f elementor-align-center elementor-widget elementor-widget-button\" data-id=\"6a7541f\" data-element_type=\"widget\" data-widget_type=\"button.default\">\n\t\t\t\t<div class=\"elementor-widget-container\">\n\t\t\t\t\t\t\t\t\t<div class=\"elementor-button-wrapper\">\n\t\t\t\t\t<a class=\"elementor-button elementor-button-link elementor-size-sm\" href=\"https:\/\/sushidaro.com\/ca\/reservas-y-contacto\/\">\n\t\t\t\t\t\t<span class=\"elementor-button-content-wrapper\">\n\t\t\t\t\t\t\t\t\t<span class=\"elementor-button-text\">CONTACTA AMB NOSALTRES<\/span>\n\t\t\t\t\t<\/span>\n\t\t\t\t\t<\/a>\n\t\t\t\t<\/div>\n\t\t\t\t\t\t\t\t<\/div>\n\t\t\t\t<\/div>\n\t\t\t\t<div class=\"elementor-element elementor-element-213d801 elementor-widget elementor-widget-text-editor\" data-id=\"213d801\" data-element_type=\"widget\" data-widget_type=\"text-editor.default\">\n\t\t\t\t<div class=\"elementor-widget-container\">\n\t\t\t\t\t\t\t\t\t<p style=\"text-align: justify;\">A Sushi d&#039;Aro, entenem que la presentaci\u00f3 \u00e9s clau per delectar tant el paladar com la vista. El nostre\u00a0<strong>tataki de tonyina Platja d&#039;Aro<\/strong>\u00a0se serveix amb una acurada disposici\u00f3 art\u00edstica, utilitzant ingredients frescos i colorits per real\u00e7ar encara m\u00e9s el seu aspecte apetit\u00f3s. Cada plat \u00e9s una obra mestra visual que et convida a submergir-te en una experi\u00e8ncia gastron\u00f2mica inoblidable.<\/p><p style=\"text-align: justify;\">A m\u00e9s del seu irresistible sabor i la seva presentaci\u00f3 excepcional, el tataki de tonyina Platja d&#039;Aro ofereix beneficis per a la salut. La tonyina \u00e9s una excel\u00b7lent font de prote\u00efnes magres i \u00e0cids grassos omega-3, que s\u00f3n essencials per a una dieta equilibrada. El nostre tataki de tonyina \u00e9s una opci\u00f3 nutritiva i delici\u00f3s que et permetr\u00e0 gaudir d&#039;un \u00e0pat sabor\u00f3s sense comprometre el teu benestar.<\/p><p style=\"text-align: justify;\">A Sushi d&#039;Aro ens enorgulleix oferir un servei impecable i una experi\u00e8ncia gastron\u00f2mica de primer nivell. El nostre personal amable i atent estar\u00e0 encantat de guiar-vos a trav\u00e9s del nostre men\u00fa, ajudant-vos a descobrir el tataki de tonyina Platja d&#039;Aro i altres opcions de sushi que s&#039;adaptin a les vostres prefer\u00e8ncies. Ja sigui que vulguis gaudir d&#039;un sopar \u00edntim, organitzar un esdeveniment especial o simplement passar una bona estona amb amics, a Sushi d&#039;Aro trobar\u00e0s l&#039;ambient perfecte per gaudir de moments inoblidables.<\/p><p style=\"text-align: justify;\">No perdis l&#039;oportunitat de tastar el nostre delici\u00f3s tataki de tonyina Platja d&#039;Aro. Visita&#039;ns avui mateix a Platja d&#039;Aro i deixa&#039;t captivar pels sabors aut\u00e8ntics del Jap\u00f3! Reserva ara i viu una experi\u00e8ncia culin\u00e0ria que et transportar\u00e0 a terres llunyanes.<\/p>\t\t\t\t\t\t\t\t<\/div>\n\t\t\t\t<\/div>\n\t\t\t\t\t<\/div>\n\t\t<\/div>\n\t\t\t\t<div class=\"elementor-column elementor-col-50 elementor-top-column elementor-element elementor-element-74719e3 elementor-invisible\" data-id=\"74719e3\" data-element_type=\"column\" data-settings=\"{&quot;animation&quot;:&quot;fadeInLeft&quot;}\">\n\t\t\t<div class=\"elementor-widget-wrap elementor-element-populated\">\n\t\t\t\t\t\t<section class=\"elementor-section elementor-inner-section elementor-element elementor-element-f5d5b0e elementor-section-boxed elementor-section-height-default elementor-section-height-default\" data-id=\"f5d5b0e\" data-element_type=\"section\" data-settings=\"{&quot;background_background&quot;:&quot;classic&quot;}\">\n\t\t\t\t\t\t<div class=\"elementor-container elementor-column-gap-default\">\n\t\t\t\t\t<div class=\"elementor-column elementor-col-100 elementor-inner-column elementor-element elementor-element-a9ae017\" data-id=\"a9ae017\" data-element_type=\"column\">\n\t\t\t<div class=\"elementor-widget-wrap elementor-element-populated\">\n\t\t\t\t\t\t<div class=\"elementor-element elementor-element-108db37 elementor-widget elementor-widget-heading\" data-id=\"108db37\" data-element_type=\"widget\" data-widget_type=\"heading.default\">\n\t\t\t\t<div class=\"elementor-widget-container\">\n\t\t\t\t\t<h2 class=\"elementor-heading-title elementor-size-default\">Contacta'ns<\/h2>\t\t\t\t<\/div>\n\t\t\t\t<\/div>\n\t\t\t\t<div class=\"elementor-element elementor-element-edcf080 elementor-button-align-stretch elementor-widget elementor-widget-form\" data-id=\"edcf080\" data-element_type=\"widget\" data-settings=\"{&quot;step_next_label&quot;:&quot;Next&quot;,&quot;step_previous_label&quot;:&quot;Previous&quot;,&quot;button_width&quot;:&quot;100&quot;,&quot;step_type&quot;:&quot;number_text&quot;,&quot;step_icon_shape&quot;:&quot;circle&quot;}\" data-widget_type=\"form.default\">\n\t\t\t\t<div class=\"elementor-widget-container\">\n\t\t\t\t\t\t\t<form class=\"elementor-form\" method=\"post\" name=\"New Form\" aria-label=\"New Form\" action=\"\">\n\t\t\t<input type=\"hidden\" name=\"post_id\" value=\"451\"\/>\n\t\t\t<input type=\"hidden\" name=\"form_id\" value=\"edcf080\"\/>\n\t\t\t<input type=\"hidden\" name=\"referer_title\" value=\"Sushi d&#039;Aro \u2013 Sushi Restaurant Platja d&#039;Aro\" \/>\n\n\t\t\t\n\t\t\t<div class=\"elementor-form-fields-wrapper elementor-labels-above\">\n\t\t\t\t\t\t\t\t<div class=\"elementor-field-type-text elementor-field-group elementor-column elementor-field-group-name elementor-col-100 elementor-field-required\">\n\t\t\t\t\t\t\t\t\t\t\t\t<label for=\"form-field-name\" class=\"elementor-field-label\">\n\t\t\t\t\t\t\t\tNom\t\t\t\t\t\t\t<\/label>\n\t\t\t\t\t\t\t\t\t\t\t\t\t\t<input size=\"1\" type=\"text\" name=\"form_fields[name]\" id=\"form-field-name\" class=\"elementor-field elementor-size-sm  elementor-field-textual\" placeholder=\"Nom\" required=\"required\">\n\t\t\t\t\t\t\t\t\t\t\t<\/div>\n\t\t\t\t\t\t\t\t<div class=\"elementor-field-type-tel elementor-field-group elementor-column elementor-field-group-field_109e067 elementor-col-100 elementor-field-required\">\n\t\t\t\t\t\t\t\t\t\t\t\t<label for=\"form-field-field_109e067\" class=\"elementor-field-label\">\n\t\t\t\t\t\t\t\tTel\u00e8fon\t\t\t\t\t\t\t<\/label>\n\t\t\t\t\t\t\t\t<input size=\"1\" type=\"tel\" name=\"form_fields[field_109e067]\" id=\"form-field-field_109e067\" class=\"elementor-field elementor-size-sm  elementor-field-textual\" placeholder=\"Tel\u00e8fon\" required=\"required\" pattern=\"[0-9()#&amp;+*-=.]+\" title=\"Only numbers and phone characters (#, -, *, etc) are accepted.\">\n\n\t\t\t\t\t\t<\/div>\n\t\t\t\t\t\t\t\t<div class=\"elementor-field-type-email elementor-field-group elementor-column elementor-field-group-email elementor-col-100 elementor-field-required\">\n\t\t\t\t\t\t\t\t\t\t\t\t<label for=\"form-field-email\" class=\"elementor-field-label\">\n\t\t\t\t\t\t\t\tCorreu electr\u00f2nic\t\t\t\t\t\t\t<\/label>\n\t\t\t\t\t\t\t\t\t\t\t\t\t\t<input size=\"1\" type=\"email\" name=\"form_fields[email]\" id=\"form-field-email\" class=\"elementor-field elementor-size-sm  elementor-field-textual\" placeholder=\"Correu electr\u00f2nic\" required=\"required\">\n\t\t\t\t\t\t\t\t\t\t\t<\/div>\n\t\t\t\t\t\t\t\t<div class=\"elementor-field-type-textarea elementor-field-group elementor-column elementor-field-group-message elementor-col-100 elementor-field-required\">\n\t\t\t\t\t\t\t\t\t\t\t\t<label for=\"form-field-message\" class=\"elementor-field-label\">\n\t\t\t\t\t\t\t\tMissatge o consulta\t\t\t\t\t\t\t<\/label>\n\t\t\t\t\t\t<textarea class=\"elementor-field-textual elementor-field  elementor-size-sm\" name=\"form_fields[message]\" id=\"form-field-message\" rows=\"4\" placeholder=\"Missatge o consulta\" required=\"required\"><\/textarea>\t\t\t\t<\/div>\n\t\t\t\t\t\t\t\t<div class=\"elementor-field-type-acceptance elementor-field-group elementor-column elementor-field-group-field_b102615 elementor-col-100 elementor-field-required\">\n\t\t\t\t\t\t\t<div class=\"elementor-field-subgroup\">\n\t\t\t<span class=\"elementor-field-option\">\n\t\t\t\t<input type=\"checkbox\" name=\"form_fields[field_b102615]\" id=\"form-field-field_b102615\" class=\"elementor-field elementor-size-sm  elementor-acceptance-field\" required=\"required\">\n\t\t\t\t<label for=\"form-field-field_b102615\">He llegit i accepto la <a href=\"https:\/\/sushidaro.com\/ca\/politica-de-privacidad\/\">pol\u00edtica de privadesa.<\/a><\/label>\t\t\t<\/span>\n\t\t<\/div>\n\t\t\t\t\t\t<\/div>\n\t\t\t\t\t\t\t\t<div class=\"elementor-field-type-recaptcha_v3 elementor-field-group elementor-column elementor-field-group-field_b14f8b1 elementor-col-100 recaptcha_v3-bottomleft\">\n\t\t\t\t\t<div class=\"elementor-field\" id=\"form-field-field_b14f8b1\"><div class=\"elementor-g-recaptcha\" data-sitekey=\"6LdKulsnAAAAAGT8Zgn4YkmpCobtOxGFwVt-iHnC\" data-type=\"v3\" data-action=\"Form\" data-badge=\"bottomleft\" data-size=\"invisible\"><\/div><\/div>\t\t\t\t<\/div>\n\t\t\t\t\t\t\t\t<div class=\"elementor-field-group elementor-column elementor-field-type-submit elementor-col-100 e-form__buttons\">\n\t\t\t\t\t<button class=\"elementor-button elementor-size-sm\" type=\"submit\">\n\t\t\t\t\t\t<span class=\"elementor-button-content-wrapper\">\n\t\t\t\t\t\t\t\t\t\t\t\t\t\t\t\t\t\t\t\t\t\t<span class=\"elementor-button-text\">ENVIAR<\/span>\n\t\t\t\t\t\t\t\t\t\t\t\t\t<\/span>\n\t\t\t\t\t<\/button>\n\t\t\t\t<\/div>\n\t\t\t<\/div>\n\t\t<input type=\"hidden\" name=\"trp-form-language\" value=\"ca\"\/><\/form>\n\t\t\t\t\t\t<\/div>\n\t\t\t\t<\/div>\n\t\t\t\t\t<\/div>\n\t\t<\/div>\n\t\t\t\t\t<\/div>\n\t\t<\/section>\n\t\t\t\t\t<\/div>\n\t\t<\/div>\n\t\t\t\t\t<\/div>\n\t\t<\/section>\n\t\t\t\t<\/div>","protected":false},"excerpt":{"rendered":"<p>Descubre el Exquisito Tataki de At\u00fan Platja d&#8217;Aro en Sushi d&#8217;Aro Bienvenido a Sushi d&#8217;Aro, tu destino de confianza para disfrutar de la aut\u00e9ntica experiencia culinaria japonesa en Platja d&#8217;Aro. Si eres amante del sushi y los sabores exquisitos, no puedes dejar pasar la oportunidad de probar nuestro incre\u00edble tataki de at\u00fan Platja d&#8217;Aro. Con&hellip;&nbsp;<a href=\"https:\/\/sushidaro.com\/ca\/tataki-de-atun-platja-daro\/\" rel=\"bookmark\"><span class=\"screen-reader-text\">Tataki de tonyina Platja d&#039;Aro<\/span><\/a><\/p>","protected":false},"author":1,"featured_media":0,"parent":0,"menu_order":0,"comment_status":"closed","ping_status":"closed","template":"page-templates\/template-pagebuilder-full-width.php","meta":{"neve_meta_sidebar":"","neve_meta_container":"","neve_meta_enable_content_width":"off","neve_meta_content_width":100,"neve_meta_title_alignment":"","neve_meta_author_avatar":"","neve_post_elements_order":"","neve_meta_disable_header":"","neve_meta_disable_footer":"","neve_meta_disable_title":"","footnotes":""},"class_list":["post-451","page","type-page","status-publish","hentry"],"yoast_head":"<!-- This site is optimized with the Yoast SEO plugin v25.3.1 - https:\/\/yoast.com\/wordpress\/plugins\/seo\/ -->\n<title>Tataki de at\u00fan Platja d&#039;Aro - Sushi d&#039;Aro \u2013 Sushi Restaurant Platja d&#039;Aro<\/title>\n<meta name=\"robots\" content=\"index, follow, max-snippet:-1, max-image-preview:large, max-video-preview:-1\" \/>\n<link rel=\"canonical\" href=\"https:\/\/sushidaro.com\/ca\/tataki-de-atun-platja-daro\/\" \/>\n<meta property=\"og:locale\" content=\"ca_ES\" \/>\n<meta property=\"og:type\" content=\"article\" \/>\n<meta property=\"og:title\" content=\"Tataki de at\u00fan Platja d&#039;Aro - Sushi d&#039;Aro \u2013 Sushi Restaurant Platja d&#039;Aro\" \/>\n<meta property=\"og:description\" content=\"Descubre el Exquisito Tataki de At\u00fan Platja d&#8217;Aro en Sushi d&#8217;Aro Bienvenido a Sushi d&#8217;Aro, tu destino de confianza para disfrutar de la aut\u00e9ntica experiencia culinaria japonesa en Platja d&#8217;Aro. Si eres amante del sushi y los sabores exquisitos, no puedes dejar pasar la oportunidad de probar nuestro incre\u00edble tataki de at\u00fan Platja d&#8217;Aro. Con&hellip;&nbsp;Tataki de at\u00fan Platja d&#8217;Aro\" \/>\n<meta property=\"og:url\" content=\"https:\/\/sushidaro.com\/ca\/tataki-de-atun-platja-daro\/\" \/>\n<meta property=\"og:site_name\" content=\"Sushi d&#039;Aro \u2013 Sushi Restaurant Platja d&#039;Aro\" \/>\n<meta property=\"article:modified_time\" content=\"2024-01-18T08:41:36+00:00\" \/>\n<meta property=\"og:image\" content=\"https:\/\/sushidaro.com\/wp-content\/uploads\/2024\/01\/Sushi-restaurante-1024x724.png\" \/>\n<meta name=\"twitter:card\" content=\"summary_large_image\" \/>\n<meta name=\"twitter:label1\" content=\"Temps estimat de lectura\" \/>\n\t<meta name=\"twitter:data1\" content=\"3 minuts\" \/>\n<script type=\"application\/ld+json\" class=\"yoast-schema-graph\">{\"@context\":\"https:\/\/schema.org\",\"@graph\":[{\"@type\":\"WebPage\",\"@id\":\"https:\/\/sushidaro.com\/tataki-de-atun-platja-daro\/\",\"url\":\"https:\/\/sushidaro.com\/tataki-de-atun-platja-daro\/\",\"name\":\"Tataki de at\u00fan Platja d'Aro - Sushi d&#039;Aro \u2013 Sushi Restaurant Platja d&#039;Aro\",\"isPartOf\":{\"@id\":\"https:\/\/sushidaro.com\/#website\"},\"primaryImageOfPage\":{\"@id\":\"https:\/\/sushidaro.com\/tataki-de-atun-platja-daro\/#primaryimage\"},\"image\":{\"@id\":\"https:\/\/sushidaro.com\/tataki-de-atun-platja-daro\/#primaryimage\"},\"thumbnailUrl\":\"https:\/\/sushidaro.com\/wp-content\/uploads\/2024\/01\/Sushi-restaurante-1024x724.png\",\"datePublished\":\"2023-07-06T06:05:27+00:00\",\"dateModified\":\"2024-01-18T08:41:36+00:00\",\"breadcrumb\":{\"@id\":\"https:\/\/sushidaro.com\/tataki-de-atun-platja-daro\/#breadcrumb\"},\"inLanguage\":\"ca\",\"potentialAction\":[{\"@type\":\"ReadAction\",\"target\":[\"https:\/\/sushidaro.com\/tataki-de-atun-platja-daro\/\"]}]},{\"@type\":\"ImageObject\",\"inLanguage\":\"ca\",\"@id\":\"https:\/\/sushidaro.com\/tataki-de-atun-platja-daro\/#primaryimage\",\"url\":\"https:\/\/sushidaro.com\/wp-content\/uploads\/2024\/01\/Sushi-restaurante-1024x724.png\",\"contentUrl\":\"https:\/\/sushidaro.com\/wp-content\/uploads\/2024\/01\/Sushi-restaurante-1024x724.png\"},{\"@type\":\"BreadcrumbList\",\"@id\":\"https:\/\/sushidaro.com\/tataki-de-atun-platja-daro\/#breadcrumb\",\"itemListElement\":[{\"@type\":\"ListItem\",\"position\":1,\"name\":\"Portada\",\"item\":\"https:\/\/sushidaro.com\/\"},{\"@type\":\"ListItem\",\"position\":2,\"name\":\"Tataki de at\u00fan Platja d&#8217;Aro\"}]},{\"@type\":\"WebSite\",\"@id\":\"https:\/\/sushidaro.com\/#website\",\"url\":\"https:\/\/sushidaro.com\/\",\"name\":\"Sushi d&#039;Aro \u2013 Sushi Restaurant Platja d&#039;Aro\",\"description\":\"Restaurante de Sushi en Girona\",\"potentialAction\":[{\"@type\":\"SearchAction\",\"target\":{\"@type\":\"EntryPoint\",\"urlTemplate\":\"https:\/\/sushidaro.com\/?s={search_term_string}\"},\"query-input\":{\"@type\":\"PropertyValueSpecification\",\"valueRequired\":true,\"valueName\":\"search_term_string\"}}],\"inLanguage\":\"ca\"}]}<\/script>\n<!-- \/ Yoast SEO plugin. -->","yoast_head_json":{"title":"Tataki de at\u00fan Platja d'Aro - Sushi d&#039;Aro \u2013 Sushi Restaurant Platja d&#039;Aro","robots":{"index":"index","follow":"follow","max-snippet":"max-snippet:-1","max-image-preview":"max-image-preview:large","max-video-preview":"max-video-preview:-1"},"canonical":"https:\/\/sushidaro.com\/ca\/tataki-de-atun-platja-daro\/","og_locale":"ca_ES","og_type":"article","og_title":"Tataki de at\u00fan Platja d'Aro - Sushi d&#039;Aro \u2013 Sushi Restaurant Platja d&#039;Aro","og_description":"Descubre el Exquisito Tataki de At\u00fan Platja d&#8217;Aro en Sushi d&#8217;Aro Bienvenido a Sushi d&#8217;Aro, tu destino de confianza para disfrutar de la aut\u00e9ntica experiencia culinaria japonesa en Platja d&#8217;Aro. Si eres amante del sushi y los sabores exquisitos, no puedes dejar pasar la oportunidad de probar nuestro incre\u00edble tataki de at\u00fan Platja d&#8217;Aro. Con&hellip;&nbsp;Tataki de at\u00fan Platja d&#8217;Aro","og_url":"https:\/\/sushidaro.com\/ca\/tataki-de-atun-platja-daro\/","og_site_name":"Sushi d&#039;Aro \u2013 Sushi Restaurant Platja d&#039;Aro","article_modified_time":"2024-01-18T08:41:36+00:00","og_image":[{"url":"https:\/\/sushidaro.com\/wp-content\/uploads\/2024\/01\/Sushi-restaurante-1024x724.png","type":"","width":"","height":""}],"twitter_card":"summary_large_image","twitter_misc":{"Temps estimat de lectura":"3 minuts"},"schema":{"@context":"https:\/\/schema.org","@graph":[{"@type":"WebPage","@id":"https:\/\/sushidaro.com\/tataki-de-atun-platja-daro\/","url":"https:\/\/sushidaro.com\/tataki-de-atun-platja-daro\/","name":"Tataki de at\u00fan Platja d'Aro - Sushi d&#039;Aro \u2013 Sushi Restaurant Platja d&#039;Aro","isPartOf":{"@id":"https:\/\/sushidaro.com\/#website"},"primaryImageOfPage":{"@id":"https:\/\/sushidaro.com\/tataki-de-atun-platja-daro\/#primaryimage"},"image":{"@id":"https:\/\/sushidaro.com\/tataki-de-atun-platja-daro\/#primaryimage"},"thumbnailUrl":"https:\/\/sushidaro.com\/wp-content\/uploads\/2024\/01\/Sushi-restaurante-1024x724.png","datePublished":"2023-07-06T06:05:27+00:00","dateModified":"2024-01-18T08:41:36+00:00","breadcrumb":{"@id":"https:\/\/sushidaro.com\/tataki-de-atun-platja-daro\/#breadcrumb"},"inLanguage":"ca","potentialAction":[{"@type":"ReadAction","target":["https:\/\/sushidaro.com\/tataki-de-atun-platja-daro\/"]}]},{"@type":"ImageObject","inLanguage":"ca","@id":"https:\/\/sushidaro.com\/tataki-de-atun-platja-daro\/#primaryimage","url":"https:\/\/sushidaro.com\/wp-content\/uploads\/2024\/01\/Sushi-restaurante-1024x724.png","contentUrl":"https:\/\/sushidaro.com\/wp-content\/uploads\/2024\/01\/Sushi-restaurante-1024x724.png"},{"@type":"BreadcrumbList","@id":"https:\/\/sushidaro.com\/tataki-de-atun-platja-daro\/#breadcrumb","itemListElement":[{"@type":"ListItem","position":1,"name":"Portada","item":"https:\/\/sushidaro.com\/"},{"@type":"ListItem","position":2,"name":"Tataki de at\u00fan Platja d&#8217;Aro"}]},{"@type":"WebSite","@id":"https:\/\/sushidaro.com\/#website","url":"https:\/\/sushidaro.com\/","name":"Sushi d&#039;Aro \u2013 Sushi Restaurant Platja d&#039;Aro","description":"Restaurante de Sushi en Girona","potentialAction":[{"@type":"SearchAction","target":{"@type":"EntryPoint","urlTemplate":"https:\/\/sushidaro.com\/?s={search_term_string}"},"query-input":{"@type":"PropertyValueSpecification","valueRequired":true,"valueName":"search_term_string"}}],"inLanguage":"ca"}]}},"_links":{"self":[{"href":"https:\/\/sushidaro.com\/ca\/wp-json\/wp\/v2\/pages\/451","targetHints":{"allow":["GET"]}}],"collection":[{"href":"https:\/\/sushidaro.com\/ca\/wp-json\/wp\/v2\/pages"}],"about":[{"href":"https:\/\/sushidaro.com\/ca\/wp-json\/wp\/v2\/types\/page"}],"author":[{"embeddable":true,"href":"https:\/\/sushidaro.com\/ca\/wp-json\/wp\/v2\/users\/1"}],"replies":[{"embeddable":true,"href":"https:\/\/sushidaro.com\/ca\/wp-json\/wp\/v2\/comments?post=451"}],"version-history":[{"count":16,"href":"https:\/\/sushidaro.com\/ca\/wp-json\/wp\/v2\/pages\/451\/revisions"}],"predecessor-version":[{"id":1237,"href":"https:\/\/sushidaro.com\/ca\/wp-json\/wp\/v2\/pages\/451\/revisions\/1237"}],"wp:attachment":[{"href":"https:\/\/sushidaro.com\/ca\/wp-json\/wp\/v2\/media?parent=451"}],"curies":[{"name":"wp","href":"https:\/\/api.w.org\/{rel}","templated":true}]}}