{"id":345,"date":"2023-07-02T19:36:45","date_gmt":"2023-07-02T19:36:45","guid":{"rendered":"https:\/\/sushidaro.prelanzamiento.es\/?page_id=345"},"modified":"2023-07-02T19:40:29","modified_gmt":"2023-07-02T19:40:29","slug":"declaracion-de-accesibilidad","status":"publish","type":"page","link":"https:\/\/sushidaro.com\/ca\/declaracion-de-accesibilidad\/","title":{"rendered":"Declaraci\u00f3 d&#039;accessibilitat"},"content":{"rendered":"<div data-elementor-type=\"wp-page\" data-elementor-id=\"345\" class=\"elementor elementor-345\" data-elementor-post-type=\"page\">\n\t\t\t\t\t\t<section class=\"elementor-section elementor-top-section elementor-element elementor-element-45eabb2a elementor-section-full_width elementor-section-height-default elementor-section-height-default\" data-id=\"45eabb2a\" data-element_type=\"section\">\n\t\t\t\t\t\t<div class=\"elementor-container elementor-column-gap-default\">\n\t\t\t\t\t<div class=\"elementor-column elementor-col-100 elementor-top-column elementor-element elementor-element-6642b5a\" data-id=\"6642b5a\" data-element_type=\"column\" data-settings=\"{&quot;background_background&quot;:&quot;classic&quot;}\">\n\t\t\t<div class=\"elementor-widget-wrap elementor-element-populated\">\n\t\t\t\t\t<div class=\"elementor-background-overlay\"><\/div>\n\t\t\t\t\t\t<section class=\"elementor-section elementor-inner-section elementor-element elementor-element-701b54a5 elementor-section-boxed elementor-section-height-default elementor-section-height-default\" data-id=\"701b54a5\" data-element_type=\"section\">\n\t\t\t\t\t\t<div class=\"elementor-container elementor-column-gap-default\">\n\t\t\t\t\t<div class=\"elementor-column elementor-col-100 elementor-inner-column elementor-element elementor-element-44a6ba5a\" data-id=\"44a6ba5a\" data-element_type=\"column\" data-settings=\"{&quot;background_background&quot;:&quot;classic&quot;}\">\n\t\t\t<div class=\"elementor-widget-wrap elementor-element-populated\">\n\t\t\t\t\t\t<div class=\"elementor-element elementor-element-4d80cb33 elementor-invisible elementor-widget elementor-widget-heading\" data-id=\"4d80cb33\" data-element_type=\"widget\" data-settings=\"{&quot;_animation&quot;:&quot;fadeInUp&quot;}\" data-widget_type=\"heading.default\">\n\t\t\t\t<div class=\"elementor-widget-container\">\n\t\t\t\t\t<h3 class=\"elementor-heading-title elementor-size-default\">Declaraci\u00f3 d&#039;accessibilitat<\/h3>\t\t\t\t<\/div>\n\t\t\t\t<\/div>\n\t\t\t\t\t<\/div>\n\t\t<\/div>\n\t\t\t\t\t<\/div>\n\t\t<\/section>\n\t\t\t\t\t<\/div>\n\t\t<\/div>\n\t\t\t\t\t<\/div>\n\t\t<\/section>\n\t\t\t\t<section class=\"elementor-section elementor-top-section elementor-element elementor-element-4b88dc2d elementor-section-content-middle elementor-section-boxed elementor-section-height-default elementor-section-height-default\" data-id=\"4b88dc2d\" data-element_type=\"section\" data-settings=\"{&quot;background_background&quot;:&quot;classic&quot;}\">\n\t\t\t\t\t\t\t<div class=\"elementor-background-overlay\"><\/div>\n\t\t\t\t\t\t\t<div class=\"elementor-container elementor-column-gap-default\">\n\t\t\t\t\t<div class=\"elementor-column elementor-col-100 elementor-top-column elementor-element elementor-element-45a53d88 elementor-invisible\" data-id=\"45a53d88\" data-element_type=\"column\" data-settings=\"{&quot;animation&quot;:&quot;fadeInLeft&quot;}\">\n\t\t\t<div class=\"elementor-widget-wrap elementor-element-populated\">\n\t\t\t\t\t\t<div class=\"elementor-element elementor-element-7f783685 elementor-widget elementor-widget-text-editor\" data-id=\"7f783685\" data-element_type=\"widget\" data-widget_type=\"text-editor.default\">\n\t\t\t\t<div class=\"elementor-widget-container\">\n\t\t\t\t\t\t\t\t\t<p>SUSHIDARO SL. \u00e9s amb la voluntat de fer accessible el lloc web, d&#039;acord amb el Reial Decret 1112\/2018 de 7 de setembre, sobre l&#039;accessibilitat dels llocs web i aplicacions per a m\u00f2bils del sector p\u00fablic.<\/p><p>Aquesta accessibilitat declaraci\u00f3 s&#039;aplica a la p\u00e0gina web\u00a0<a href=\"http:\/\/sushidaro.com\/ca\/\">sushidaro.com<\/a><\/p><p><strong>Estat de compliment<\/strong><\/p><p>Aquest web est\u00e0 desenvolupat d&#039;acord amb el RD 1112\/2018<\/p><p><strong>Preparaci\u00f3 per a la seg\u00fcent declaraci\u00f3 d&#039;accessibilitat<\/strong><\/p><p>Aquesta declaraci\u00f3 va ser elaborada el 2 de gener de 2023.<\/p><p>El m\u00e8tode utilitzat per preparar la declaraci\u00f3 ha estat a l&#039;auto-avaluaci\u00f3.<\/p><p><strong>Observacions i dades de contacte<\/strong><\/p><p>Podeu realitzar les comunicacions relatives als requisits d&#039;accessibilitat (article 10.2.a la RD 1112\/2018) com, per exemple:<\/p><ul><li>Informe de possibles errades en la part d&#039;aquest lloc web<\/li><li>Per transmetre altres dificultats d&#039;acc\u00e9s al contingut<\/li><li>Tenim altres dubtes o suggeriments de millora sobre l&#039;accessibilitat de la web<\/li><\/ul><p>a trav\u00e9s de la\u00a0<a href=\"https:\/\/sushidaro.com\/ca\/reservas-y-contacto\/\">formulari de contacte<\/a>\u00a0d&#039;aquest lloc web o mitjan\u00e7ant el n\u00famero de tel\u00e8fon (+34)\u00a0<a href=\"tel:615300334\">6615300334<\/a><\/p><p>Podeu enviar:<\/p><ul><li>Queixa sobre el compliment de les exig\u00e8ncies del RD 1112\/2018 o<\/li><li>L&#039;aplicaci\u00f3 d&#039;accedir a la Informaci\u00f3 relacionada a:<ul><li>Continguts que estan exclosos de l&#039;\u00e0mbit d&#039;aplicaci\u00f3 del RD 1112\/2018 que estableix l&#039;article 3, par\u00e0graf 4<\/li><li>Els continguts que s\u00f3n exempts del compliment dels requisits d&#039;accessibilitat per a imposar una c\u00e0rrega desproporcionada<\/li><\/ul><\/li><\/ul><p>A la Sol\u00b7licitud d&#039;informaci\u00f3 accessible, s&#039;han de donar compte, amb tota claredat, els fets, raons i petici\u00f3 que permet veure que aquesta petici\u00f3 \u00e9s raonable i leg\u00edtim.<\/p><p>Les queixes o reclamacions sobre la informaci\u00f3 accessible s&#039;ha de fer a trav\u00e9s de la seu electr\u00f2nica (<a href=\"https:\/\/sede.red.gob.es\/procedimientos\/quejas-y-sugerencias\">https:\/\/sede.red.gob.es\/procedimientos\/quejas-y-sugerencias)<\/a>i seran rebuts i tractats per l&#039;\u00e0rea de Sistemes de la Informaci\u00f3 de la Xarxa.\u00e9s.<\/p><p><strong>Opcional contingut<\/strong><\/p><p>Si voleu canviar la mida de la lletra del text en el principal gr\u00e0fica navegadors web utilitza els seg\u00fcents men\u00fas:<\/p><ul><li>Internet Explorer, Mozilla i Firefox: Visualitza &gt; Mida del text<\/li><li>\u00d2pera: Veure &gt; Zoom<\/li><li>Safari: Visualitza &gt; Fer m\u00e9s gran el text<\/li><li>Chrome: Controls de la p\u00e0gina actual &gt; Mida del text<\/li><li>Per canviar la mida dels elements de la p\u00e0gina:<ul><li>Ctrl + + per augmentar<\/li><li>Ctrl + \u2013 per a disminuir<\/li><li>Ctrl + 0 per restaurar la mida original del text<\/li><li>Si el que vols \u00e9s substituir el full d&#039;estil o modificar el color del text, que podeu consultar a la p\u00e0gina Com Canviar la Mida del Text o Colors de la WAI, que es pot llegir tradu\u00eft a l&#039;espanyol en Com canviar la mida del text o de colors?<\/li><\/ul><\/li><\/ul>\t\t\t\t\t\t\t\t<\/div>\n\t\t\t\t<\/div>\n\t\t\t\t\t<\/div>\n\t\t<\/div>\n\t\t\t\t\t<\/div>\n\t\t<\/section>\n\t\t\t\t<\/div>","protected":false},"excerpt":{"rendered":"<p>SUSHIDARO SL. se ha comprometido a hacer accesible su sitio web, de conformidad con el Real Decreto 1112\/2018, de 7 de septiembre, sobre accesibilidad de los sitios web y aplicaciones para dispositivos m\u00f3viles del sector p\u00fablico. La presente declaraci\u00f3n de accesibilidad se aplica al sitio web\u00a0sushidaro.com Situaci\u00f3n de cumplimiento Este sitio web se encuentra desarrollado&hellip;&nbsp;<a href=\"https:\/\/sushidaro.com\/ca\/declaracion-de-accesibilidad\/\" rel=\"bookmark\"><span class=\"screen-reader-text\">Declaraci\u00f3 d&#039;accessibilitat<\/span><\/a><\/p>","protected":false},"author":1,"featured_media":0,"parent":0,"menu_order":0,"comment_status":"closed","ping_status":"closed","template":"page-templates\/template-pagebuilder-full-width.php","meta":{"neve_meta_sidebar":"","neve_meta_container":"","neve_meta_enable_content_width":"off","neve_meta_content_width":100,"neve_meta_title_alignment":"","neve_meta_author_avatar":"","neve_post_elements_order":"","neve_meta_disable_header":"","neve_meta_disable_footer":"","neve_meta_disable_title":"","footnotes":""},"class_list":["post-345","page","type-page","status-publish","hentry"],"yoast_head":"<!-- This site is optimized with the Yoast SEO plugin v25.3.1 - https:\/\/yoast.com\/wordpress\/plugins\/seo\/ -->\n<title>Declaraci\u00f3n de accesibilidad - Sushi d&#039;Aro \u2013 Sushi Restaurant Platja d&#039;Aro<\/title>\n<meta name=\"robots\" content=\"index, follow, max-snippet:-1, max-image-preview:large, max-video-preview:-1\" \/>\n<link rel=\"canonical\" href=\"https:\/\/sushidaro.com\/ca\/declaracion-de-accesibilidad\/\" \/>\n<meta property=\"og:locale\" content=\"ca_ES\" \/>\n<meta property=\"og:type\" content=\"article\" \/>\n<meta property=\"og:title\" content=\"Declaraci\u00f3n de accesibilidad - Sushi d&#039;Aro \u2013 Sushi Restaurant Platja d&#039;Aro\" \/>\n<meta property=\"og:description\" content=\"SUSHIDARO SL. se ha comprometido a hacer accesible su sitio web, de conformidad con el Real Decreto 1112\/2018, de 7 de septiembre, sobre accesibilidad de los sitios web y aplicaciones para dispositivos m\u00f3viles del sector p\u00fablico. La presente declaraci\u00f3n de accesibilidad se aplica al sitio web\u00a0sushidaro.com Situaci\u00f3n de cumplimiento Este sitio web se encuentra desarrollado&hellip;&nbsp;Declaraci\u00f3n de accesibilidad\" \/>\n<meta property=\"og:url\" content=\"https:\/\/sushidaro.com\/ca\/declaracion-de-accesibilidad\/\" \/>\n<meta property=\"og:site_name\" content=\"Sushi d&#039;Aro \u2013 Sushi Restaurant Platja d&#039;Aro\" \/>\n<meta property=\"article:modified_time\" content=\"2023-07-02T19:40:29+00:00\" \/>\n<meta name=\"twitter:card\" content=\"summary_large_image\" \/>\n<meta name=\"twitter:label1\" content=\"Temps estimat de lectura\" \/>\n\t<meta name=\"twitter:data1\" content=\"2 minuts\" \/>\n<script type=\"application\/ld+json\" class=\"yoast-schema-graph\">{\"@context\":\"https:\/\/schema.org\",\"@graph\":[{\"@type\":\"WebPage\",\"@id\":\"https:\/\/sushidaro.com\/declaracion-de-accesibilidad\/\",\"url\":\"https:\/\/sushidaro.com\/declaracion-de-accesibilidad\/\",\"name\":\"Declaraci\u00f3n de accesibilidad - Sushi d&#039;Aro \u2013 Sushi Restaurant Platja d&#039;Aro\",\"isPartOf\":{\"@id\":\"https:\/\/sushidaro.com\/#website\"},\"datePublished\":\"2023-07-02T19:36:45+00:00\",\"dateModified\":\"2023-07-02T19:40:29+00:00\",\"breadcrumb\":{\"@id\":\"https:\/\/sushidaro.com\/declaracion-de-accesibilidad\/#breadcrumb\"},\"inLanguage\":\"ca\",\"potentialAction\":[{\"@type\":\"ReadAction\",\"target\":[\"https:\/\/sushidaro.com\/declaracion-de-accesibilidad\/\"]}]},{\"@type\":\"BreadcrumbList\",\"@id\":\"https:\/\/sushidaro.com\/declaracion-de-accesibilidad\/#breadcrumb\",\"itemListElement\":[{\"@type\":\"ListItem\",\"position\":1,\"name\":\"Portada\",\"item\":\"https:\/\/sushidaro.com\/\"},{\"@type\":\"ListItem\",\"position\":2,\"name\":\"Declaraci\u00f3n de accesibilidad\"}]},{\"@type\":\"WebSite\",\"@id\":\"https:\/\/sushidaro.com\/#website\",\"url\":\"https:\/\/sushidaro.com\/\",\"name\":\"Sushi d&#039;Aro \u2013 Sushi Restaurant Platja d&#039;Aro\",\"description\":\"Restaurante de Sushi en Girona\",\"potentialAction\":[{\"@type\":\"SearchAction\",\"target\":{\"@type\":\"EntryPoint\",\"urlTemplate\":\"https:\/\/sushidaro.com\/?s={search_term_string}\"},\"query-input\":{\"@type\":\"PropertyValueSpecification\",\"valueRequired\":true,\"valueName\":\"search_term_string\"}}],\"inLanguage\":\"ca\"}]}<\/script>\n<!-- \/ Yoast SEO plugin. -->","yoast_head_json":{"title":"Declaraci\u00f3n de accesibilidad - Sushi d&#039;Aro \u2013 Sushi Restaurant Platja d&#039;Aro","robots":{"index":"index","follow":"follow","max-snippet":"max-snippet:-1","max-image-preview":"max-image-preview:large","max-video-preview":"max-video-preview:-1"},"canonical":"https:\/\/sushidaro.com\/ca\/declaracion-de-accesibilidad\/","og_locale":"ca_ES","og_type":"article","og_title":"Declaraci\u00f3n de accesibilidad - Sushi d&#039;Aro \u2013 Sushi Restaurant Platja d&#039;Aro","og_description":"SUSHIDARO SL. se ha comprometido a hacer accesible su sitio web, de conformidad con el Real Decreto 1112\/2018, de 7 de septiembre, sobre accesibilidad de los sitios web y aplicaciones para dispositivos m\u00f3viles del sector p\u00fablico. La presente declaraci\u00f3n de accesibilidad se aplica al sitio web\u00a0sushidaro.com Situaci\u00f3n de cumplimiento Este sitio web se encuentra desarrollado&hellip;&nbsp;Declaraci\u00f3n de accesibilidad","og_url":"https:\/\/sushidaro.com\/ca\/declaracion-de-accesibilidad\/","og_site_name":"Sushi d&#039;Aro \u2013 Sushi Restaurant Platja d&#039;Aro","article_modified_time":"2023-07-02T19:40:29+00:00","twitter_card":"summary_large_image","twitter_misc":{"Temps estimat de lectura":"2 minuts"},"schema":{"@context":"https:\/\/schema.org","@graph":[{"@type":"WebPage","@id":"https:\/\/sushidaro.com\/declaracion-de-accesibilidad\/","url":"https:\/\/sushidaro.com\/declaracion-de-accesibilidad\/","name":"Declaraci\u00f3n de accesibilidad - Sushi d&#039;Aro \u2013 Sushi Restaurant Platja d&#039;Aro","isPartOf":{"@id":"https:\/\/sushidaro.com\/#website"},"datePublished":"2023-07-02T19:36:45+00:00","dateModified":"2023-07-02T19:40:29+00:00","breadcrumb":{"@id":"https:\/\/sushidaro.com\/declaracion-de-accesibilidad\/#breadcrumb"},"inLanguage":"ca","potentialAction":[{"@type":"ReadAction","target":["https:\/\/sushidaro.com\/declaracion-de-accesibilidad\/"]}]},{"@type":"BreadcrumbList","@id":"https:\/\/sushidaro.com\/declaracion-de-accesibilidad\/#breadcrumb","itemListElement":[{"@type":"ListItem","position":1,"name":"Portada","item":"https:\/\/sushidaro.com\/"},{"@type":"ListItem","position":2,"name":"Declaraci\u00f3n de accesibilidad"}]},{"@type":"WebSite","@id":"https:\/\/sushidaro.com\/#website","url":"https:\/\/sushidaro.com\/","name":"Sushi d&#039;Aro \u2013 Sushi Restaurant Platja d&#039;Aro","description":"Restaurante de Sushi en Girona","potentialAction":[{"@type":"SearchAction","target":{"@type":"EntryPoint","urlTemplate":"https:\/\/sushidaro.com\/?s={search_term_string}"},"query-input":{"@type":"PropertyValueSpecification","valueRequired":true,"valueName":"search_term_string"}}],"inLanguage":"ca"}]}},"_links":{"self":[{"href":"https:\/\/sushidaro.com\/ca\/wp-json\/wp\/v2\/pages\/345","targetHints":{"allow":["GET"]}}],"collection":[{"href":"https:\/\/sushidaro.com\/ca\/wp-json\/wp\/v2\/pages"}],"about":[{"href":"https:\/\/sushidaro.com\/ca\/wp-json\/wp\/v2\/types\/page"}],"author":[{"embeddable":true,"href":"https:\/\/sushidaro.com\/ca\/wp-json\/wp\/v2\/users\/1"}],"replies":[{"embeddable":true,"href":"https:\/\/sushidaro.com\/ca\/wp-json\/wp\/v2\/comments?post=345"}],"version-history":[{"count":4,"href":"https:\/\/sushidaro.com\/ca\/wp-json\/wp\/v2\/pages\/345\/revisions"}],"predecessor-version":[{"id":350,"href":"https:\/\/sushidaro.com\/ca\/wp-json\/wp\/v2\/pages\/345\/revisions\/350"}],"wp:attachment":[{"href":"https:\/\/sushidaro.com\/ca\/wp-json\/wp\/v2\/media?parent=345"}],"curies":[{"name":"wp","href":"https:\/\/api.w.org\/{rel}","templated":true}]}}