{"id":332,"date":"2023-07-02T19:24:33","date_gmt":"2023-07-02T19:24:33","guid":{"rendered":"https:\/\/sushidaro.prelanzamiento.es\/?page_id=332"},"modified":"2023-07-02T19:27:48","modified_gmt":"2023-07-02T19:27:48","slug":"politica-de-proteccion-de-datos","status":"publish","type":"page","link":"https:\/\/sushidaro.com\/ca\/politica-de-proteccion-de-datos\/","title":{"rendered":"Pol\u00edtica de protecci\u00f3 de dades"},"content":{"rendered":"<div data-elementor-type=\"wp-page\" data-elementor-id=\"332\" class=\"elementor elementor-332\" data-elementor-post-type=\"page\">\n\t\t\t\t\t\t<section class=\"elementor-section elementor-top-section elementor-element elementor-element-45eabb2a elementor-section-full_width elementor-section-height-default elementor-section-height-default\" data-id=\"45eabb2a\" data-element_type=\"section\">\n\t\t\t\t\t\t<div class=\"elementor-container elementor-column-gap-default\">\n\t\t\t\t\t<div class=\"elementor-column elementor-col-100 elementor-top-column elementor-element elementor-element-6642b5a\" data-id=\"6642b5a\" data-element_type=\"column\" data-settings=\"{&quot;background_background&quot;:&quot;classic&quot;}\">\n\t\t\t<div class=\"elementor-widget-wrap elementor-element-populated\">\n\t\t\t\t\t<div class=\"elementor-background-overlay\"><\/div>\n\t\t\t\t\t\t<section class=\"elementor-section elementor-inner-section elementor-element elementor-element-701b54a5 elementor-section-boxed elementor-section-height-default elementor-section-height-default\" data-id=\"701b54a5\" data-element_type=\"section\">\n\t\t\t\t\t\t<div class=\"elementor-container elementor-column-gap-default\">\n\t\t\t\t\t<div class=\"elementor-column elementor-col-100 elementor-inner-column elementor-element elementor-element-44a6ba5a\" data-id=\"44a6ba5a\" data-element_type=\"column\" data-settings=\"{&quot;background_background&quot;:&quot;classic&quot;}\">\n\t\t\t<div class=\"elementor-widget-wrap elementor-element-populated\">\n\t\t\t\t\t\t<div class=\"elementor-element elementor-element-4d80cb33 elementor-invisible elementor-widget elementor-widget-heading\" data-id=\"4d80cb33\" data-element_type=\"widget\" data-settings=\"{&quot;_animation&quot;:&quot;fadeInUp&quot;}\" data-widget_type=\"heading.default\">\n\t\t\t\t<div class=\"elementor-widget-container\">\n\t\t\t\t\t<h3 class=\"elementor-heading-title elementor-size-default\">Pol\u00edtica de protecci\u00f3 de dades<\/h3>\t\t\t\t<\/div>\n\t\t\t\t<\/div>\n\t\t\t\t\t<\/div>\n\t\t<\/div>\n\t\t\t\t\t<\/div>\n\t\t<\/section>\n\t\t\t\t\t<\/div>\n\t\t<\/div>\n\t\t\t\t\t<\/div>\n\t\t<\/section>\n\t\t\t\t<section class=\"elementor-section elementor-top-section elementor-element elementor-element-4b88dc2d elementor-section-content-middle elementor-section-boxed elementor-section-height-default elementor-section-height-default\" data-id=\"4b88dc2d\" data-element_type=\"section\" data-settings=\"{&quot;background_background&quot;:&quot;classic&quot;}\">\n\t\t\t\t\t\t\t<div class=\"elementor-background-overlay\"><\/div>\n\t\t\t\t\t\t\t<div class=\"elementor-container elementor-column-gap-default\">\n\t\t\t\t\t<div class=\"elementor-column elementor-col-100 elementor-top-column elementor-element elementor-element-45a53d88 elementor-invisible\" data-id=\"45a53d88\" data-element_type=\"column\" data-settings=\"{&quot;animation&quot;:&quot;fadeInLeft&quot;}\">\n\t\t\t<div class=\"elementor-widget-wrap elementor-element-populated\">\n\t\t\t\t\t\t<div class=\"elementor-element elementor-element-7f783685 elementor-widget elementor-widget-text-editor\" data-id=\"7f783685\" data-element_type=\"widget\" data-widget_type=\"text-editor.default\">\n\t\t\t\t<div class=\"elementor-widget-container\">\n\t\t\t\t\t\t\t\t\t<p>EL PROPIETARI es compromet a protegir la privacitat dels usuaris que accedeixin a aquest lloc web i\/o de qualsevol dels seus serveis. L&#039;\u00fas del lloc web i\/o de qualsevol dels serveis oferts pel PROPIETARI implica l&#039;acceptaci\u00f3 per l&#039;usuari de les disposicions incloses en aquesta Pol\u00edtica de Privacitat i que les seves dades personals siguin tractades d&#039;acord en aix\u00f2. Si us plau, tingueu en compte que malgrat el fet que hi pot haver enlla\u00e7os des del nostre lloc web a altres llocs web i les xarxes socials, aquesta Pol\u00edtica de Privacitat no s&#039;aplica a les p\u00e0gines web d&#039;altres empreses o organitzacions per a que la p\u00e0gina web es redirigeix. EL PROPIETARI no controla el contingut dels llocs de tercers, ni assumeix cap responsabilitat pel contingut o les pol\u00edtiques de privacitat d&#039;aquests llocs web.<\/p><p>\u00a0<\/p><p class=\"text-bold\"><strong>Informaci\u00f3 b\u00e0sica de processament de dades (Reglament (UE) 2016\/679 i QUE 3\/2018)<\/strong><\/p><table><tbody><tr><td>Responsable del tractament<\/td><td>EL TITULAR.<br \/>Les nostres dades contingudes en l&#039;\u00a0<a href=\"https:\/\/sushidaro.com\/ca\/aviso-legal\/\" target=\"blank\" rel=\"noopener\">av\u00eds legal<\/a>\u00a0d&#039;aquest lloc web.<\/td><\/tr><tr><td>Finalitat del tractament<\/td><td>Oferir i gestionar els nostres productes i\/o serveis.<\/td><\/tr><tr><td>Legitimaci\u00f3<\/td><td>Obtingut consentiment de l&#039;interessat. Realitzaci\u00f3 del servei d&#039;acord.<\/td><\/tr><tr><td>Destinataris<\/td><td>Les dades no seran comunicades a tercers, llevat que sigui necessari per a fer-ho per Llei o \u00e9s necessari per complir amb la finalitat del tractament.<\/td><\/tr><tr><td>Drets de les persones<\/td><td>Els interessats tenen dret a exercir els drets d&#039;acc\u00e9s, rectificaci\u00f3, limitaci\u00f3 de tractament, eliminaci\u00f3, la portabilitat i oposici\u00f3, dirigint la seva sol\u00b7licitud a l&#039;adre\u00e7a electr\u00f2nica.<\/td><\/tr><tr><td>Per\u00edode de conservaci\u00f3 de dades<\/td><td>Mentre la relaci\u00f3 comercial o durant els anys necessaris per a complir amb les obligacions legals.<\/td><\/tr><tr><td>Reclamaci\u00f3<\/td><td>Els interessats poden contactar amb l&#039;AEPD per a presentar la reclamaci\u00f3 que considereu convenient.<\/td><\/tr><tr><td>Informaci\u00f3 addicional<\/td><td>Podeu consultar la addicionals i informaci\u00f3 detallada a continuaci\u00f3 en les &#034;Preguntes sobre la privacitat&#034;.<\/td><\/tr><\/tbody><\/table><p>\u00a0<\/p><p class=\"titol text-bold text-uppercase\"><strong>Preguntes sobre la privacitat<\/strong><\/p><p>De conformitat amb el Reglament (UE) 2016\/679 del Parlament Europeu i del Consell, de 27 d&#039;abril de 2016, (RGPD), i de la Llei Org\u00e0nica 3\/2018, de 5 de desembre, de Protecci\u00f3 de Dades Personals i la garantia de drets digitals (LOPDGDD us oferim la seg\u00fcent informaci\u00f3 sobre el tractament de les seves dades de car\u00e0cter personal:<\/p><p>\u00a0<\/p><p class=\"text-bold\"><strong>Qui \u00e9s el responsable del tractament de les seves dades?<\/strong><\/p><p>EL TITULAR.<br \/>Les nostres dades contingudes en l&#039;\u00a0<a href=\"https:\/\/sushidaro.com\/ca\/aviso-legal\/\" target=\"blank\" rel=\"noopener\">av\u00eds legal<\/a>\u00a0d&#039;aquest lloc web.<\/p><p class=\"text-bold\">Quin prop\u00f2sit podem tractar les vostres dades personals?<\/p><div class=\"cont\"><ul><li>Tractem la informaci\u00f3 que vost\u00e8 ens proporciona, per oferir i bill els nostres serveis i productes.<\/li><\/ul><\/div><div class=\"cont\"><ul><li>Si ens donen el seu consentiment tamb\u00e9 podem tractament de les seves dades per enviar-li informaci\u00f3 sobre les nostres activitats, serveis i productes.<\/li><\/ul><\/div><div class=\"cont\"><ul><li>Si participeu en algun dels nostres sortejos i\/o concursos nosaltres posarem el teu nom i cognoms, i la seva imatge en els diferents espais i mitjans de comunicaci\u00f3 i difusi\u00f3 que fem servir, incloent-hi les xarxes socials, amb la finalitat de difondre les nostres activitats, serveis i productes.<\/li><\/ul><p>\u00a0<\/p><\/div><p class=\"text-bold\"><strong>Quant de temps hem de mantenir les vostres dades?<\/strong><\/p><p>Les dades personals facilitades es guardaran mentre vost\u00e8 \u00e9s un usuari dels nostres serveis o vols rebre informaci\u00f3, i si participen en la promoci\u00f3, mentre que vost\u00e8 est\u00e0 actiu, i despr\u00e9s, durant els per\u00edodes establerts per complir amb les nostres obligacions legals.<\/p><p>\u00a0<\/p><p class=\"text-bold\"><strong>Quina \u00e9s la legitimaci\u00f3 per al tractament de les seves dades?<\/strong><\/p><p>La base legal per al tractament de les seves dades s\u00f3n les que consenteix que vost\u00e8 ens d\u00f3na.<\/p><p>Respecte a la informaci\u00f3 que s&#039;envia per a menors de 16 anys, s&#039;ent\u00e9n que el que ha estat, amb el consentiment dels seus representants legals. Si no, el representant legal d&#039;un menor d&#039;edat ha de notificar-nos-ho tan aviat com tingui coneixement.<\/p><p>\u00a0<\/p><p class=\"text-bold\"><strong>Quins destinataris s&#039;comunicar les vostres dades a?<\/strong><\/p><p>Les dades no seran comunicades a tercers, llevat que sigui necessari per a fer-ho per Llei o \u00e9s necessari per complir amb la finalitat del tractament.<\/p><p>\u00a0<\/p><p class=\"text-bold\"><strong>Quins s\u00f3n els seus drets quan ens faciliteu les vostres dades?<\/strong><\/p><div class=\"cont\"><ul><li>Qualsevol persona t\u00e9 dret a obtenir la confirmaci\u00f3 sobre si volem o no de les seves dades de car\u00e0cter personal.<\/li><\/ul><\/div><div class=\"cont\"><ul><li>Les persones interessades tenen dret a accedir a les seves dades de car\u00e0cter personal, aix\u00ed com a sol\u00b7licitar la rectificaci\u00f3 de dades inexactes o, si escau, sol\u00b7licitar la seva eliminaci\u00f3 quan, entre altres raons, dades, ja no s\u00f3n necess\u00e0ries per a la finalitat per la qual van ser recollits.<\/li><\/ul><\/div><div class=\"cont\"><ul><li>En determinades circumst\u00e0ncies, les persones interessades podran sol\u00b7licitar la limitaci\u00f3 del tractament de les seves dades, en aquest cas nom\u00e9s conservar-lo per a l&#039;exercici o la defensa de les reclamacions.<\/li><\/ul><\/div><div class=\"cont\"><ul><li>Tamb\u00e9, en determinades circumst\u00e0ncies, i per motius relacionats amb la seva situaci\u00f3 particular, els interessats podran oposar-se al tractament de les seves dades.<\/li><\/ul><\/div><div class=\"cont\"><ul><li>Els interessats tenen dret a la portabilitat de les dades.<\/li><\/ul><\/div><div class=\"cont\"><ul><li>Finalment, els interessats tenen dret a presentar una reclamaci\u00f3 davant de la competent Autoritat supervisora.<\/li><\/ul><p>\u00a0<\/p><\/div><p class=\"text-bold\"><strong>Com us podeu exercir els vostres drets?<\/strong><\/p><p>Per escrit i adjuntant c\u00f2pia d&#039;un document que us identifiqui, a la nostra adre\u00e7a f\u00edsica o electr\u00f2nica.<\/p><p>\u00a0<\/p><p class=\"text-bold\"><strong>Com els hem obtingut les dades?<\/strong><\/p><p>Les dades personals que ens provenen de l&#039;interessat. L&#039;interessat garanteix que les dades personals facilitades s\u00f3n certes i es fa responsable de comunicar qualsevol modificaci\u00f3 d&#039;aquestes. Les dades que estan marcades amb un asterisc ser\u00e0 obligat\u00f2ria per a poder donar el servei sol\u00b7licitat.<\/p><p>\u00a0<\/p><p class=\"text-bold\"><strong>Quines dades podem tractar?<\/strong><\/p><p>Les categories de dades que tractem en la prestaci\u00f3 dels nostres serveis s\u00f3n:<\/p><div class=\"cont\"><ul><li>Dades de car\u00e0cter identificaci\u00f3<\/li><\/ul><\/div><div class=\"cont\"><ul><li>Adre\u00e7a Postal o electr\u00f2nica a les adreces<\/li><\/ul><\/div><div class=\"cont\"><ul><li>Altres dades que es sol\u00b7liciten en els nostres formularis<\/li><\/ul><\/div><p>Les dades s\u00f3n limitades, ja que nom\u00e9s tracta les dades necess\u00e0ries per a la prestaci\u00f3 dels nostres serveis i la gesti\u00f3 de la nostra activitat.<\/p><p>\u00a0<\/p><p class=\"text-bold\"><strong>Fem servir cookies?<\/strong><\/p><p>Vam utilitzar cookies durant la navegaci\u00f3 en la nostra web amb el consentiment informat de l&#039;usuari. L&#039;usuari pot configurar el seu navegador per a ser avisat de la utilitzaci\u00f3 de cookies i per impedir la seva utilitzaci\u00f3. Per a m\u00e9s informaci\u00f3, visiteu la nostra\u00a0<a href=\"https:\/\/sushidaro.com\/ca\/politica-de-cookies\/\" target=\"blank\" rel=\"noopener\">galetes pol\u00edtica<\/a>.<\/p><p>\u00a0<\/p><p class=\"text-bold\"><strong>Quines mesures de seguretat hem d&#039;aplicar?<\/strong><\/p><p>Aplicar les mesures de seguretat establertes en l&#039;article 32 de la RGPD, per tant, hem adoptat les mesures de seguretat necess\u00e0ries per garantir un nivell de seguretat apropiat al risc del tractament de dades que duem a terme, amb mecanismes que ens permetin garantir la confidencialitat, la integritat, la disponibilitat i la capacitat de recuperaci\u00f3 de la permanent i sistemes de tractament de serveis.<\/p><p>Algunes d&#039;aquestes mesures s\u00f3n:<\/p><div class=\"cont\"><ul><li>Informaci\u00f3 de la pol\u00edtica de tractament de dades personal.<\/li><\/ul><\/div><div class=\"cont\"><ul><li>Realitzaci\u00f3 de c\u00f2pies de seguretat regulars.<\/li><\/ul><\/div><div class=\"cont\"><ul><li>Control d&#039;acc\u00e9s a les dades.<\/li><\/ul><\/div><div class=\"cont\"><ul><li>Processos de verificaci\u00f3, avaluaci\u00f3 i avaluaci\u00f3 en base regular.<\/li><\/ul><\/div><p>\u00a0<\/p>\t\t\t\t\t\t\t\t<\/div>\n\t\t\t\t<\/div>\n\t\t\t\t\t<\/div>\n\t\t<\/div>\n\t\t\t\t\t<\/div>\n\t\t<\/section>\n\t\t\t\t<\/div>","protected":false},"excerpt":{"rendered":"<p>EL TITULAR se compromete a proteger la privacidad de los usuarios que accedan a esta web y\/o cualquiera de sus servicios. La utilizaci\u00f3n de la web y\/o de cualquiera de los servicios ofrecidos por EL TITULAR implica la aceptaci\u00f3n por el usuario de las disposiciones contenidas en la presente Pol\u00edtica de Privacidad y que sus&hellip;&nbsp;<a href=\"https:\/\/sushidaro.com\/ca\/politica-de-proteccion-de-datos\/\" rel=\"bookmark\"><span class=\"screen-reader-text\">Pol\u00edtica de protecci\u00f3 de dades<\/span><\/a><\/p>","protected":false},"author":1,"featured_media":0,"parent":0,"menu_order":0,"comment_status":"closed","ping_status":"closed","template":"page-templates\/template-pagebuilder-full-width.php","meta":{"neve_meta_sidebar":"","neve_meta_container":"","neve_meta_enable_content_width":"off","neve_meta_content_width":100,"neve_meta_title_alignment":"","neve_meta_author_avatar":"","neve_post_elements_order":"","neve_meta_disable_header":"","neve_meta_disable_footer":"","neve_meta_disable_title":"","footnotes":""},"class_list":["post-332","page","type-page","status-publish","hentry"],"yoast_head":"<!-- This site is optimized with the Yoast SEO plugin v25.3.1 - https:\/\/yoast.com\/wordpress\/plugins\/seo\/ -->\n<title>Pol\u00edtica de protecci\u00f3n de datos - Sushi d&#039;Aro \u2013 Sushi Restaurant Platja d&#039;Aro<\/title>\n<meta name=\"robots\" content=\"index, follow, max-snippet:-1, max-image-preview:large, max-video-preview:-1\" \/>\n<link rel=\"canonical\" href=\"https:\/\/sushidaro.com\/ca\/politica-de-proteccion-de-datos\/\" \/>\n<meta property=\"og:locale\" content=\"ca_ES\" \/>\n<meta property=\"og:type\" content=\"article\" \/>\n<meta property=\"og:title\" content=\"Pol\u00edtica de protecci\u00f3n de datos - Sushi d&#039;Aro \u2013 Sushi Restaurant Platja d&#039;Aro\" \/>\n<meta property=\"og:description\" content=\"EL TITULAR se compromete a proteger la privacidad de los usuarios que accedan a esta web y\/o cualquiera de sus servicios. La utilizaci\u00f3n de la web y\/o de cualquiera de los servicios ofrecidos por EL TITULAR implica la aceptaci\u00f3n por el usuario de las disposiciones contenidas en la presente Pol\u00edtica de Privacidad y que sus&hellip;&nbsp;Pol\u00edtica de protecci\u00f3n de datos\" \/>\n<meta property=\"og:url\" content=\"https:\/\/sushidaro.com\/ca\/politica-de-proteccion-de-datos\/\" \/>\n<meta property=\"og:site_name\" content=\"Sushi d&#039;Aro \u2013 Sushi Restaurant Platja d&#039;Aro\" \/>\n<meta property=\"article:modified_time\" content=\"2023-07-02T19:27:48+00:00\" \/>\n<meta name=\"twitter:card\" content=\"summary_large_image\" \/>\n<meta name=\"twitter:label1\" content=\"Temps estimat de lectura\" \/>\n\t<meta name=\"twitter:data1\" content=\"5 minuts\" \/>\n<script type=\"application\/ld+json\" class=\"yoast-schema-graph\">{\"@context\":\"https:\/\/schema.org\",\"@graph\":[{\"@type\":\"WebPage\",\"@id\":\"https:\/\/sushidaro.com\/politica-de-proteccion-de-datos\/\",\"url\":\"https:\/\/sushidaro.com\/politica-de-proteccion-de-datos\/\",\"name\":\"Pol\u00edtica de protecci\u00f3n de datos - Sushi d&#039;Aro \u2013 Sushi Restaurant Platja d&#039;Aro\",\"isPartOf\":{\"@id\":\"https:\/\/sushidaro.com\/#website\"},\"datePublished\":\"2023-07-02T19:24:33+00:00\",\"dateModified\":\"2023-07-02T19:27:48+00:00\",\"breadcrumb\":{\"@id\":\"https:\/\/sushidaro.com\/politica-de-proteccion-de-datos\/#breadcrumb\"},\"inLanguage\":\"ca\",\"potentialAction\":[{\"@type\":\"ReadAction\",\"target\":[\"https:\/\/sushidaro.com\/politica-de-proteccion-de-datos\/\"]}]},{\"@type\":\"BreadcrumbList\",\"@id\":\"https:\/\/sushidaro.com\/politica-de-proteccion-de-datos\/#breadcrumb\",\"itemListElement\":[{\"@type\":\"ListItem\",\"position\":1,\"name\":\"Portada\",\"item\":\"https:\/\/sushidaro.com\/\"},{\"@type\":\"ListItem\",\"position\":2,\"name\":\"Pol\u00edtica de protecci\u00f3n de datos\"}]},{\"@type\":\"WebSite\",\"@id\":\"https:\/\/sushidaro.com\/#website\",\"url\":\"https:\/\/sushidaro.com\/\",\"name\":\"Sushi d&#039;Aro \u2013 Sushi Restaurant Platja d&#039;Aro\",\"description\":\"Restaurante de Sushi en Girona\",\"potentialAction\":[{\"@type\":\"SearchAction\",\"target\":{\"@type\":\"EntryPoint\",\"urlTemplate\":\"https:\/\/sushidaro.com\/?s={search_term_string}\"},\"query-input\":{\"@type\":\"PropertyValueSpecification\",\"valueRequired\":true,\"valueName\":\"search_term_string\"}}],\"inLanguage\":\"ca\"}]}<\/script>\n<!-- \/ Yoast SEO plugin. -->","yoast_head_json":{"title":"Pol\u00edtica de protecci\u00f3n de datos - Sushi d&#039;Aro \u2013 Sushi Restaurant Platja d&#039;Aro","robots":{"index":"index","follow":"follow","max-snippet":"max-snippet:-1","max-image-preview":"max-image-preview:large","max-video-preview":"max-video-preview:-1"},"canonical":"https:\/\/sushidaro.com\/ca\/politica-de-proteccion-de-datos\/","og_locale":"ca_ES","og_type":"article","og_title":"Pol\u00edtica de protecci\u00f3n de datos - Sushi d&#039;Aro \u2013 Sushi Restaurant Platja d&#039;Aro","og_description":"EL TITULAR se compromete a proteger la privacidad de los usuarios que accedan a esta web y\/o cualquiera de sus servicios. La utilizaci\u00f3n de la web y\/o de cualquiera de los servicios ofrecidos por EL TITULAR implica la aceptaci\u00f3n por el usuario de las disposiciones contenidas en la presente Pol\u00edtica de Privacidad y que sus&hellip;&nbsp;Pol\u00edtica de protecci\u00f3n de datos","og_url":"https:\/\/sushidaro.com\/ca\/politica-de-proteccion-de-datos\/","og_site_name":"Sushi d&#039;Aro \u2013 Sushi Restaurant Platja d&#039;Aro","article_modified_time":"2023-07-02T19:27:48+00:00","twitter_card":"summary_large_image","twitter_misc":{"Temps estimat de lectura":"5 minuts"},"schema":{"@context":"https:\/\/schema.org","@graph":[{"@type":"WebPage","@id":"https:\/\/sushidaro.com\/politica-de-proteccion-de-datos\/","url":"https:\/\/sushidaro.com\/politica-de-proteccion-de-datos\/","name":"Pol\u00edtica de protecci\u00f3n de datos - Sushi d&#039;Aro \u2013 Sushi Restaurant Platja d&#039;Aro","isPartOf":{"@id":"https:\/\/sushidaro.com\/#website"},"datePublished":"2023-07-02T19:24:33+00:00","dateModified":"2023-07-02T19:27:48+00:00","breadcrumb":{"@id":"https:\/\/sushidaro.com\/politica-de-proteccion-de-datos\/#breadcrumb"},"inLanguage":"ca","potentialAction":[{"@type":"ReadAction","target":["https:\/\/sushidaro.com\/politica-de-proteccion-de-datos\/"]}]},{"@type":"BreadcrumbList","@id":"https:\/\/sushidaro.com\/politica-de-proteccion-de-datos\/#breadcrumb","itemListElement":[{"@type":"ListItem","position":1,"name":"Portada","item":"https:\/\/sushidaro.com\/"},{"@type":"ListItem","position":2,"name":"Pol\u00edtica de protecci\u00f3n de datos"}]},{"@type":"WebSite","@id":"https:\/\/sushidaro.com\/#website","url":"https:\/\/sushidaro.com\/","name":"Sushi d&#039;Aro \u2013 Sushi Restaurant Platja d&#039;Aro","description":"Restaurante de Sushi en Girona","potentialAction":[{"@type":"SearchAction","target":{"@type":"EntryPoint","urlTemplate":"https:\/\/sushidaro.com\/?s={search_term_string}"},"query-input":{"@type":"PropertyValueSpecification","valueRequired":true,"valueName":"search_term_string"}}],"inLanguage":"ca"}]}},"_links":{"self":[{"href":"https:\/\/sushidaro.com\/ca\/wp-json\/wp\/v2\/pages\/332","targetHints":{"allow":["GET"]}}],"collection":[{"href":"https:\/\/sushidaro.com\/ca\/wp-json\/wp\/v2\/pages"}],"about":[{"href":"https:\/\/sushidaro.com\/ca\/wp-json\/wp\/v2\/types\/page"}],"author":[{"embeddable":true,"href":"https:\/\/sushidaro.com\/ca\/wp-json\/wp\/v2\/users\/1"}],"replies":[{"embeddable":true,"href":"https:\/\/sushidaro.com\/ca\/wp-json\/wp\/v2\/comments?post=332"}],"version-history":[{"count":4,"href":"https:\/\/sushidaro.com\/ca\/wp-json\/wp\/v2\/pages\/332\/revisions"}],"predecessor-version":[{"id":337,"href":"https:\/\/sushidaro.com\/ca\/wp-json\/wp\/v2\/pages\/332\/revisions\/337"}],"wp:attachment":[{"href":"https:\/\/sushidaro.com\/ca\/wp-json\/wp\/v2\/media?parent=332"}],"curies":[{"name":"wp","href":"https:\/\/api.w.org\/{rel}","templated":true}]}}