{"id":325,"date":"2023-07-02T19:19:13","date_gmt":"2023-07-02T19:19:13","guid":{"rendered":"https:\/\/sushidaro.prelanzamiento.es\/?page_id=325"},"modified":"2023-07-02T19:23:17","modified_gmt":"2023-07-02T19:23:17","slug":"politica-de-cookies","status":"publish","type":"page","link":"https:\/\/sushidaro.com\/ca\/politica-de-cookies\/","title":{"rendered":"Galetes pol\u00edtica"},"content":{"rendered":"<div data-elementor-type=\"wp-page\" data-elementor-id=\"325\" class=\"elementor elementor-325\" data-elementor-post-type=\"page\">\n\t\t\t\t\t\t<section class=\"elementor-section elementor-top-section elementor-element elementor-element-45eabb2a elementor-section-full_width elementor-section-height-default elementor-section-height-default\" data-id=\"45eabb2a\" data-element_type=\"section\">\n\t\t\t\t\t\t<div class=\"elementor-container elementor-column-gap-default\">\n\t\t\t\t\t<div class=\"elementor-column elementor-col-100 elementor-top-column elementor-element elementor-element-6642b5a\" data-id=\"6642b5a\" data-element_type=\"column\" data-settings=\"{&quot;background_background&quot;:&quot;classic&quot;}\">\n\t\t\t<div class=\"elementor-widget-wrap elementor-element-populated\">\n\t\t\t\t\t<div class=\"elementor-background-overlay\"><\/div>\n\t\t\t\t\t\t<section class=\"elementor-section elementor-inner-section elementor-element elementor-element-701b54a5 elementor-section-boxed elementor-section-height-default elementor-section-height-default\" data-id=\"701b54a5\" data-element_type=\"section\">\n\t\t\t\t\t\t<div class=\"elementor-container elementor-column-gap-default\">\n\t\t\t\t\t<div class=\"elementor-column elementor-col-100 elementor-inner-column elementor-element elementor-element-44a6ba5a\" data-id=\"44a6ba5a\" data-element_type=\"column\" data-settings=\"{&quot;background_background&quot;:&quot;classic&quot;}\">\n\t\t\t<div class=\"elementor-widget-wrap elementor-element-populated\">\n\t\t\t\t\t\t<div class=\"elementor-element elementor-element-4d80cb33 elementor-invisible elementor-widget elementor-widget-heading\" data-id=\"4d80cb33\" data-element_type=\"widget\" data-settings=\"{&quot;_animation&quot;:&quot;fadeInUp&quot;}\" data-widget_type=\"heading.default\">\n\t\t\t\t<div class=\"elementor-widget-container\">\n\t\t\t\t\t<h3 class=\"elementor-heading-title elementor-size-default\">Galetes pol\u00edtica<\/h3>\t\t\t\t<\/div>\n\t\t\t\t<\/div>\n\t\t\t\t\t<\/div>\n\t\t<\/div>\n\t\t\t\t\t<\/div>\n\t\t<\/section>\n\t\t\t\t\t<\/div>\n\t\t<\/div>\n\t\t\t\t\t<\/div>\n\t\t<\/section>\n\t\t\t\t<section class=\"elementor-section elementor-top-section elementor-element elementor-element-4b88dc2d elementor-section-content-middle elementor-section-boxed elementor-section-height-default elementor-section-height-default\" data-id=\"4b88dc2d\" data-element_type=\"section\" data-settings=\"{&quot;background_background&quot;:&quot;classic&quot;}\">\n\t\t\t\t\t\t\t<div class=\"elementor-background-overlay\"><\/div>\n\t\t\t\t\t\t\t<div class=\"elementor-container elementor-column-gap-default\">\n\t\t\t\t\t<div class=\"elementor-column elementor-col-100 elementor-top-column elementor-element elementor-element-45a53d88 elementor-invisible\" data-id=\"45a53d88\" data-element_type=\"column\" data-settings=\"{&quot;animation&quot;:&quot;fadeInLeft&quot;}\">\n\t\t\t<div class=\"elementor-widget-wrap elementor-element-populated\">\n\t\t\t\t\t\t<div class=\"elementor-element elementor-element-7f783685 elementor-widget elementor-widget-text-editor\" data-id=\"7f783685\" data-element_type=\"widget\" data-widget_type=\"text-editor.default\">\n\t\t\t\t<div class=\"elementor-widget-container\">\n\t\t\t\t\t\t\t\t\t<p>El nostre lloc web sushidaro.com utilitza una tecnologia anomenada &#039;cookie&#039;, amb l&#039;objectiu d&#039;obtenir informaci\u00f3 sobre l&#039;\u00fas del lloc web, per millorar l&#039;experi\u00e8ncia de l&#039;usuari i assegurar-ne el correcte funcionament.<\/p><p>\u00a0<\/p><p class=\"titol text-bold\"><strong>Definici\u00f3 de Galeta<\/strong><\/p><p>Una cookie \u00e9s un petit fragment de text que els llocs web d&#039;enviar al navegador i s&#039;emmagatzema en una terminal d&#039;usuari (ordinador o dispositiu m\u00f2bil). Aquests fitxers tenen la finalitat d&#039;emmagatzemar les dades que es poden actualitzar i recuperat per l&#039;entitat responsable de la seva instal\u00b7laci\u00f3. Aix\u00ed, cada vegada que l&#039;usuari torna a la mateixa web, el navegador recupera el fitxer i l&#039;envia al servidor del lloc web. Les Cookies tenen diverses funcions, com ara recollir informaci\u00f3 sobre les seves prefer\u00e8ncies i recordar-lo, i, en general, per a facilitar l&#039;\u00fas del web per l&#039;usuari, fent que el lloc sigui m\u00e9s \u00fatil per personalitzar el seu contingut.<\/p><p>\u00a0<\/p><p><strong>Les galetes es poden classificar a partir de diferents par\u00e0metres:<\/strong><\/p><ol class=\"\"><li><div class=\"cont\"><p><span class=\"text-bold\">T\u00edtol:<\/span>\u00a0galetes pr\u00f2pies i les galetes de tercers: en funci\u00f3 de l&#039;entitat que gestiona el domini del que s\u00f3n les cookies enviades i tractar les dades obtingudes.<\/p><\/div><\/li><li><div class=\"cont\"><p><span class=\"text-bold\">Durada:<\/span>\u00a0les galetes de la sessi\u00f3 i les galetes persistents: d&#039;acord amb el per\u00edode de temps que es quedaran emmagatzemades a la terminal d&#039;usuari.<\/p><\/div><\/li><li><div class=\"cont\"><p><span class=\"text-bold\">Objectiu:<\/span>\u00a0t\u00e8cnic galetes, galetes, la personalitzaci\u00f3 de les galetes, l&#039;an\u00e0lisi de les galetes, galetes de publicitat publicitat comportamental, d&#039;acord amb la finalitat per a la qual es processen les dades obtingudes.<\/p><ul class=\"\"><li><div class=\"cont\"><p><span class=\"text-underline\">T\u00e8cnic De Galetes:<\/span>\u00a0s\u00f3n aquelles que permeten a l&#039;usuari navegar a trav\u00e9s de la p\u00e0gina web o aplicaci\u00f3 i \u00fas de les diferents opcions o serveis que existeixen. Per exemple, control de tr\u00e0nsit i de comunicaci\u00f3 de dades, identificar la sessi\u00f3 o accedir a la web parts d&#039;acc\u00e9s restringit.<\/p><\/div><\/li><li><div class=\"cont\"><p><span class=\"text-underline\">Galetes de personalitzaci\u00f3:<\/span>\u00a0s\u00f3n aquelles que permeten a l&#039;usuari accedir al servei amb alguns trets de car\u00e0cter general per defecte en el vostre terminal o que l&#039;usuari defineix. Per exemple, l&#039;idioma, el tipus de navegador a trav\u00e9s de la qual accedeix al servei, o el disseny de continguts seleccionats.<\/p><\/div><\/li><li><div class=\"cont\"><p><span class=\"text-underline\">Galetes d&#039;an\u00e0lisi:<\/span>\u00a0s\u00f3n aquells que o b\u00e9 siguin tractades per nosaltres o tercers, ens permeten quantificar el nombre d&#039;usuaris i per tant, realitzar una an\u00e0lisi estad\u00edstica de l&#039;\u00fas que els usuaris fan del servei ofert. Per aix\u00f2, analitzar la seva navegaci\u00f3 per la nostra p\u00e0gina web per tal de millorar l&#039;oferta de productes o serveis que oferim.<\/p><\/div><\/li><li><div class=\"cont\"><p><span class=\"text-underline\">Galetes de publicitat:<\/span>\u00a0s\u00f3n aquelles que permeten la gesti\u00f3, de la manera m\u00e9s eficient possible, dels espais publicitaris que, si s&#039;escau, l&#039;editor ha incl\u00f2s en una p\u00e0gina web, aplicaci\u00f3 o plataforma des de la que proporciona el servei sol\u00b7licitat basat en criteris com la redacci\u00f3 de continguts o la freq\u00fc\u00e8ncia en qu\u00e8 es mostren els anuncis.<\/p><\/div><\/li><li><div class=\"cont\"><p><span class=\"text-underline\">Galetes de publicitat comportamental:<\/span>\u00a0s\u00f3n aquelles que permeten la gesti\u00f3, de la manera m\u00e9s eficient possible, dels espais publicitaris que, si s&#039;escau, l&#039;editor ha incl\u00f2s en una p\u00e0gina web, aplicaci\u00f3 o plataforma d&#039;oferir el servei sol\u00b7licitat. Aquestes cookies no emmagatzemen informaci\u00f3 de l&#039;usuari comportament obtingut a trav\u00e9s d&#039;continuar l&#039;observaci\u00f3 dels seus h\u00e0bits de navegaci\u00f3, que permet desenvolupar un perfil espec\u00edfic per a mostrar la publicitat en funci\u00f3 de la mateixa.<\/p><p>\u00a0<\/p><\/div><\/li><\/ul><\/div><\/li><\/ol><p class=\"titol text-bold\"><strong>Les Cookies utilitzades en el nostre lloc web<\/strong><\/p><p>La nostra p\u00e0gina web fa servir galetes internes, que s\u00f3n enviats al dispositiu i gestionat exclusivament per nosaltres per al millor funcionament de la p\u00e0gina web, com les galetes de tercers, la funci\u00f3 dels quals \u00e9s servir com a eina per a l&#039;an\u00e0lisi de la interacci\u00f3 de l&#039;usuari amb la nostra p\u00e0gina web, gr\u00e0cies a ells, podem obtenir una informaci\u00f3 que pot ajudar a millorar la navegaci\u00f3 i oferir un millor servei als usuaris.<\/p><p>Ens \u00fas tant temporal galetes de sessi\u00f3 com a persistent galetes. Les galetes de sessi\u00f3 emmagatzemar dades nom\u00e9s mentre que l&#039;usuari accedeixi a la web i persistent galetes emmagatzemar dades a la terminal a ser consultat i utilitzat en m\u00e9s d&#039;una sessi\u00f3.<\/p><p>Concretament les cookies utilitzades en el nostre lloc web s\u00f3n:<\/p><p class=\"text-underline\">Primer partit de Galetes:<\/p><p>Primer partit de cookies utilitzades en el nostre lloc web s\u00f3n de naturalesa t\u00e8cnica, que s\u00f3n essencials per al funcionament de la p\u00e0gina web.<\/p><p class=\"text-underline\">Les Galetes de tercers:<\/p><table><tbody><tr><th>Galeta<\/th><th>Titular<\/th><th>Finalitat<\/th><th>Durada<\/th><\/tr><tr><td>__utmz, __ utmc, __utma, __utmb,__utmt, __ga, __gat<\/td><td>Google Inc. (Google Analytics)<\/td><td>Analytics: analitza el tr\u00e0nsit d&#039;aquest lloc web.<\/td><td>Sessi\u00f3 i persistent<\/td><\/tr><\/tbody><\/table><p>Per a m\u00e9s informaci\u00f3 sobre les galetes i\/o per a la seva desactivaci\u00f3 pot fer clic als enlla\u00e7os en el nom de les diferents propietaris.<\/p><p>Finalment, tamb\u00e9 fem servir les galetes complement (plug-in) per a l&#039;intercanvi de contingut social.<\/p><p>\u00a0<\/p><p class=\"titol text-bold\"><strong>Consentiment<\/strong><\/p><p>Quan la navegaci\u00f3 i continuar en el nostre lloc web vost\u00e8 ser\u00e0 consentint l&#039;\u00fas de cookies, abans de fixar per els per\u00edodes indicats i en les condicions contingudes en aquesta Galeta Pol\u00edtica<\/p><p>Tamb\u00e9 us informem que si veus contingut al nostre lloc web estan allotjats en p\u00e0gines web de tercers, aquests tenen la seva pr\u00f2pia galeta pol\u00edtica.<\/p><p>\u00a0<\/p><p class=\"titol text-bold\"><strong>La revocaci\u00f3 del consentiment<\/strong><\/p><p>L&#039;usuari podr\u00e0 revocar el seu consentiment en qualsevol moment en relaci\u00f3 amb aquesta Galeta Pol\u00edtica, per aix\u00f2 necessitar\u00e0 esborrar les cookies que existeixin al seu ordinador usant les opcions i configuracions del teu navegador d&#039;Internet.<\/p><p>\u00a0<\/p><p class=\"titol text-bold\"><strong>Modificaci\u00f3 de la configuraci\u00f3 de les galetes<\/strong><\/p><p><a name=\"cookies-config\"><\/a><\/p><p>L&#039;usuari pot restringir, bloquejar o esborrar les cookies des de qualsevol lloc web utilitzant el seu navegador. A cada navegador de l&#039;operaci\u00f3 \u00e9s diferent, per tal de comprovar els enlla\u00e7os que apareixen a continuaci\u00f3 com fer-ho<\/p><div class=\"cont\"><ul><li><b>Internet Explorer:<\/b>\u00a0<a href=\"https:\/\/support.microsoft.com\/es-es\/help\/17442\/windows-internet-explorer-delete-manage-cookies#ie=ie-11\" target=\"_blank\" rel=\"noopener\">https:\/\/support.microsoft.com\/es-es\/help\/17442\/windows-internet-explorer-delete-manage-cookies#ie=ie-11<\/a><\/li><\/ul><\/div><div class=\"cont\"><ul><li><b>Vora:<\/b>\u00a0<a href=\"https:\/\/support.microsoft.com\/es-es\/help\/4468242\/microsoft-edge-browsing-data-and-privacy-microsoft-privacy\" target=\"_blank\" rel=\"noopener\">https:\/\/support.microsoft.com\/es-es\/help\/4468242\/microsoft-edge-browsing-data-and-privacy-microsoft-privacy<\/a><\/li><\/ul><\/div><div class=\"cont\"><ul><li><b>FireFox:<\/b>\u00a0<a href=\"https:\/\/support.mozilla.org\/es\/kb\/clear-cookies-and-site-data-firefox\" target=\"_blank\" rel=\"noopener\">https:\/\/support.mozilla.org\/es\/kb\/clear-cookies-and-site-data-firefox<\/a><\/li><\/ul><\/div><div class=\"cont\"><ul><li><b>Chrome:<\/b>\u00a0<a href=\"https:\/\/support.google.com\/chrome\/answer\/95647?hl=es\" target=\"_blank\" rel=\"noopener\">https:\/\/support.google.com\/chrome\/answer\/95647?hl=es<\/a><\/li><\/ul><\/div><div class=\"cont\"><ul><li><b>Safari (mac):<\/b>\u00a0<a href=\"https:\/\/support.apple.com\/es-es\/guide\/safari\/manage-cookies-and-website-data-sfri11471\/mac\" target=\"_blank\" rel=\"noopener\">https:\/\/support.apple.com\/es-es\/guide\/safari\/manage-cookies-and-website-data-sfri11471\/mac<\/a><\/li><\/ul><\/div><div class=\"cont\"><ul><li><b>Safari (iPhone\/iPad):<\/b>\u00a0<a href=\"https:\/\/support.apple.com\/es-es\/HT201265\" target=\"_blank\" rel=\"noopener\">https:\/\/support.apple.com\/es-es\/HT201265<\/a><\/li><\/ul><\/div><div class=\"cont\"><ul><li><b>Opera:<\/b>\u00a0<a href=\"https:\/\/help.opera.com\/en\/latest\/web-preferences\/#cookies\" target=\"_blank\" rel=\"noopener\">https:\/\/help.opera.com\/en\/latest\/web-preferences\/#cookies<\/a><\/li><\/ul><\/div><p>Per a m\u00e9s informaci\u00f3 sobre esborrar o desactivar el bloqueig de galetes tamb\u00e9 poden visitar:<br \/><a href=\"http:\/\/www.aboutcookies.org\/Default.aspx?page=2\" target=\"_blank\" rel=\"noopener\">http:\/\/www.aboutcookies.org\/Default.aspx?page=2<\/a><\/p><p>\u00a0<\/p><p class=\"titol text-bold\"><strong>Actualitzar la pol\u00edtica de galetes<\/strong><\/p><p>Aquest lloc web pot modificar aquesta Galeta Pol\u00edtica, per tant, us recomanem que reviseu aquesta pol\u00edtica cada vegada que accedeixi a la nostra p\u00e0gina web per tal d&#039;estar ben informats sobre l&#039;\u00fas que fem de les cookies.<\/p>\t\t\t\t\t\t\t\t<\/div>\n\t\t\t\t<\/div>\n\t\t\t\t\t<\/div>\n\t\t<\/div>\n\t\t\t\t\t<\/div>\n\t\t<\/section>\n\t\t\t\t<\/div>","protected":false},"excerpt":{"rendered":"<p>Nuestro sitio web sushidaro.com utiliza una tecnolog\u00eda llamada \u2018cookie\u2019, con el fin de poder obtener informaci\u00f3n sobre el uso del sitio web, mejorar la experiencia del usuario y garantizar el su correcto funcionamiento. \u00a0 Definici\u00f3n de Cookie Una \u2018cookie\u2019 es un peque\u00f1o fragmento de texto que los sitios web env\u00edan al navegador y que se&hellip;&nbsp;<a href=\"https:\/\/sushidaro.com\/ca\/politica-de-cookies\/\" rel=\"bookmark\"><span class=\"screen-reader-text\">Galetes pol\u00edtica<\/span><\/a><\/p>","protected":false},"author":1,"featured_media":0,"parent":0,"menu_order":0,"comment_status":"closed","ping_status":"closed","template":"page-templates\/template-pagebuilder-full-width.php","meta":{"neve_meta_sidebar":"","neve_meta_container":"","neve_meta_enable_content_width":"off","neve_meta_content_width":100,"neve_meta_title_alignment":"","neve_meta_author_avatar":"","neve_post_elements_order":"","neve_meta_disable_header":"","neve_meta_disable_footer":"","neve_meta_disable_title":"","footnotes":""},"class_list":["post-325","page","type-page","status-publish","hentry"],"yoast_head":"<!-- This site is optimized with the Yoast SEO plugin v25.3.1 - https:\/\/yoast.com\/wordpress\/plugins\/seo\/ -->\n<title>Pol\u00edtica de cookies - Sushi d&#039;Aro \u2013 Sushi Restaurant Platja d&#039;Aro<\/title>\n<meta name=\"robots\" content=\"index, follow, max-snippet:-1, max-image-preview:large, max-video-preview:-1\" \/>\n<link rel=\"canonical\" href=\"https:\/\/sushidaro.com\/ca\/politica-de-cookies\/\" \/>\n<meta property=\"og:locale\" content=\"ca_ES\" \/>\n<meta property=\"og:type\" content=\"article\" \/>\n<meta property=\"og:title\" content=\"Pol\u00edtica de cookies - Sushi d&#039;Aro \u2013 Sushi Restaurant Platja d&#039;Aro\" \/>\n<meta property=\"og:description\" content=\"Nuestro sitio web sushidaro.com utiliza una tecnolog\u00eda llamada \u2018cookie\u2019, con el fin de poder obtener informaci\u00f3n sobre el uso del sitio web, mejorar la experiencia del usuario y garantizar el su correcto funcionamiento. \u00a0 Definici\u00f3n de Cookie Una \u2018cookie\u2019 es un peque\u00f1o fragmento de texto que los sitios web env\u00edan al navegador y que se&hellip;&nbsp;Pol\u00edtica de cookies\" \/>\n<meta property=\"og:url\" content=\"https:\/\/sushidaro.com\/ca\/politica-de-cookies\/\" \/>\n<meta property=\"og:site_name\" content=\"Sushi d&#039;Aro \u2013 Sushi Restaurant Platja d&#039;Aro\" \/>\n<meta property=\"article:modified_time\" content=\"2023-07-02T19:23:17+00:00\" \/>\n<meta name=\"twitter:card\" content=\"summary_large_image\" \/>\n<meta name=\"twitter:label1\" content=\"Temps estimat de lectura\" \/>\n\t<meta name=\"twitter:data1\" content=\"5 minuts\" \/>\n<script type=\"application\/ld+json\" class=\"yoast-schema-graph\">{\"@context\":\"https:\/\/schema.org\",\"@graph\":[{\"@type\":\"WebPage\",\"@id\":\"https:\/\/sushidaro.com\/politica-de-cookies\/\",\"url\":\"https:\/\/sushidaro.com\/politica-de-cookies\/\",\"name\":\"Pol\u00edtica de cookies - Sushi d&#039;Aro \u2013 Sushi Restaurant Platja d&#039;Aro\",\"isPartOf\":{\"@id\":\"https:\/\/sushidaro.com\/#website\"},\"datePublished\":\"2023-07-02T19:19:13+00:00\",\"dateModified\":\"2023-07-02T19:23:17+00:00\",\"breadcrumb\":{\"@id\":\"https:\/\/sushidaro.com\/politica-de-cookies\/#breadcrumb\"},\"inLanguage\":\"ca\",\"potentialAction\":[{\"@type\":\"ReadAction\",\"target\":[\"https:\/\/sushidaro.com\/politica-de-cookies\/\"]}]},{\"@type\":\"BreadcrumbList\",\"@id\":\"https:\/\/sushidaro.com\/politica-de-cookies\/#breadcrumb\",\"itemListElement\":[{\"@type\":\"ListItem\",\"position\":1,\"name\":\"Portada\",\"item\":\"https:\/\/sushidaro.com\/\"},{\"@type\":\"ListItem\",\"position\":2,\"name\":\"Pol\u00edtica de cookies\"}]},{\"@type\":\"WebSite\",\"@id\":\"https:\/\/sushidaro.com\/#website\",\"url\":\"https:\/\/sushidaro.com\/\",\"name\":\"Sushi d&#039;Aro \u2013 Sushi Restaurant Platja d&#039;Aro\",\"description\":\"Restaurante de Sushi en Girona\",\"potentialAction\":[{\"@type\":\"SearchAction\",\"target\":{\"@type\":\"EntryPoint\",\"urlTemplate\":\"https:\/\/sushidaro.com\/?s={search_term_string}\"},\"query-input\":{\"@type\":\"PropertyValueSpecification\",\"valueRequired\":true,\"valueName\":\"search_term_string\"}}],\"inLanguage\":\"ca\"}]}<\/script>\n<!-- \/ Yoast SEO plugin. -->","yoast_head_json":{"title":"Pol\u00edtica de cookies - Sushi d&#039;Aro \u2013 Sushi Restaurant Platja d&#039;Aro","robots":{"index":"index","follow":"follow","max-snippet":"max-snippet:-1","max-image-preview":"max-image-preview:large","max-video-preview":"max-video-preview:-1"},"canonical":"https:\/\/sushidaro.com\/ca\/politica-de-cookies\/","og_locale":"ca_ES","og_type":"article","og_title":"Pol\u00edtica de cookies - Sushi d&#039;Aro \u2013 Sushi Restaurant Platja d&#039;Aro","og_description":"Nuestro sitio web sushidaro.com utiliza una tecnolog\u00eda llamada \u2018cookie\u2019, con el fin de poder obtener informaci\u00f3n sobre el uso del sitio web, mejorar la experiencia del usuario y garantizar el su correcto funcionamiento. \u00a0 Definici\u00f3n de Cookie Una \u2018cookie\u2019 es un peque\u00f1o fragmento de texto que los sitios web env\u00edan al navegador y que se&hellip;&nbsp;Pol\u00edtica de cookies","og_url":"https:\/\/sushidaro.com\/ca\/politica-de-cookies\/","og_site_name":"Sushi d&#039;Aro \u2013 Sushi Restaurant Platja d&#039;Aro","article_modified_time":"2023-07-02T19:23:17+00:00","twitter_card":"summary_large_image","twitter_misc":{"Temps estimat de lectura":"5 minuts"},"schema":{"@context":"https:\/\/schema.org","@graph":[{"@type":"WebPage","@id":"https:\/\/sushidaro.com\/politica-de-cookies\/","url":"https:\/\/sushidaro.com\/politica-de-cookies\/","name":"Pol\u00edtica de cookies - Sushi d&#039;Aro \u2013 Sushi Restaurant Platja d&#039;Aro","isPartOf":{"@id":"https:\/\/sushidaro.com\/#website"},"datePublished":"2023-07-02T19:19:13+00:00","dateModified":"2023-07-02T19:23:17+00:00","breadcrumb":{"@id":"https:\/\/sushidaro.com\/politica-de-cookies\/#breadcrumb"},"inLanguage":"ca","potentialAction":[{"@type":"ReadAction","target":["https:\/\/sushidaro.com\/politica-de-cookies\/"]}]},{"@type":"BreadcrumbList","@id":"https:\/\/sushidaro.com\/politica-de-cookies\/#breadcrumb","itemListElement":[{"@type":"ListItem","position":1,"name":"Portada","item":"https:\/\/sushidaro.com\/"},{"@type":"ListItem","position":2,"name":"Pol\u00edtica de cookies"}]},{"@type":"WebSite","@id":"https:\/\/sushidaro.com\/#website","url":"https:\/\/sushidaro.com\/","name":"Sushi d&#039;Aro \u2013 Sushi Restaurant Platja d&#039;Aro","description":"Restaurante de Sushi en Girona","potentialAction":[{"@type":"SearchAction","target":{"@type":"EntryPoint","urlTemplate":"https:\/\/sushidaro.com\/?s={search_term_string}"},"query-input":{"@type":"PropertyValueSpecification","valueRequired":true,"valueName":"search_term_string"}}],"inLanguage":"ca"}]}},"_links":{"self":[{"href":"https:\/\/sushidaro.com\/ca\/wp-json\/wp\/v2\/pages\/325","targetHints":{"allow":["GET"]}}],"collection":[{"href":"https:\/\/sushidaro.com\/ca\/wp-json\/wp\/v2\/pages"}],"about":[{"href":"https:\/\/sushidaro.com\/ca\/wp-json\/wp\/v2\/types\/page"}],"author":[{"embeddable":true,"href":"https:\/\/sushidaro.com\/ca\/wp-json\/wp\/v2\/users\/1"}],"replies":[{"embeddable":true,"href":"https:\/\/sushidaro.com\/ca\/wp-json\/wp\/v2\/comments?post=325"}],"version-history":[{"count":5,"href":"https:\/\/sushidaro.com\/ca\/wp-json\/wp\/v2\/pages\/325\/revisions"}],"predecessor-version":[{"id":331,"href":"https:\/\/sushidaro.com\/ca\/wp-json\/wp\/v2\/pages\/325\/revisions\/331"}],"wp:attachment":[{"href":"https:\/\/sushidaro.com\/ca\/wp-json\/wp\/v2\/media?parent=325"}],"curies":[{"name":"wp","href":"https:\/\/api.w.org\/{rel}","templated":true}]}}