{"id":317,"date":"2023-07-02T19:14:05","date_gmt":"2023-07-02T19:14:05","guid":{"rendered":"https:\/\/sushidaro.prelanzamiento.es\/?page_id=317"},"modified":"2023-07-02T19:18:40","modified_gmt":"2023-07-02T19:18:40","slug":"aviso-legal","status":"publish","type":"page","link":"https:\/\/sushidaro.com\/ca\/aviso-legal\/","title":{"rendered":"Av\u00eds Legal"},"content":{"rendered":"<div data-elementor-type=\"wp-page\" data-elementor-id=\"317\" class=\"elementor elementor-317\" data-elementor-post-type=\"page\">\n\t\t\t\t\t\t<section class=\"elementor-section elementor-top-section elementor-element elementor-element-45eabb2a elementor-section-full_width elementor-section-height-default elementor-section-height-default\" data-id=\"45eabb2a\" data-element_type=\"section\">\n\t\t\t\t\t\t<div class=\"elementor-container elementor-column-gap-default\">\n\t\t\t\t\t<div class=\"elementor-column elementor-col-100 elementor-top-column elementor-element elementor-element-6642b5a\" data-id=\"6642b5a\" data-element_type=\"column\" data-settings=\"{&quot;background_background&quot;:&quot;classic&quot;}\">\n\t\t\t<div class=\"elementor-widget-wrap elementor-element-populated\">\n\t\t\t\t\t<div class=\"elementor-background-overlay\"><\/div>\n\t\t\t\t\t\t<section class=\"elementor-section elementor-inner-section elementor-element elementor-element-701b54a5 elementor-section-boxed elementor-section-height-default elementor-section-height-default\" data-id=\"701b54a5\" data-element_type=\"section\">\n\t\t\t\t\t\t<div class=\"elementor-container elementor-column-gap-default\">\n\t\t\t\t\t<div class=\"elementor-column elementor-col-100 elementor-inner-column elementor-element elementor-element-44a6ba5a\" data-id=\"44a6ba5a\" data-element_type=\"column\" data-settings=\"{&quot;background_background&quot;:&quot;classic&quot;}\">\n\t\t\t<div class=\"elementor-widget-wrap elementor-element-populated\">\n\t\t\t\t\t\t<div class=\"elementor-element elementor-element-4d80cb33 elementor-invisible elementor-widget elementor-widget-heading\" data-id=\"4d80cb33\" data-element_type=\"widget\" data-settings=\"{&quot;_animation&quot;:&quot;fadeInUp&quot;}\" data-widget_type=\"heading.default\">\n\t\t\t\t<div class=\"elementor-widget-container\">\n\t\t\t\t\t<h3 class=\"elementor-heading-title elementor-size-default\">Av\u00eds Legal<\/h3>\t\t\t\t<\/div>\n\t\t\t\t<\/div>\n\t\t\t\t\t<\/div>\n\t\t<\/div>\n\t\t\t\t\t<\/div>\n\t\t<\/section>\n\t\t\t\t\t<\/div>\n\t\t<\/div>\n\t\t\t\t\t<\/div>\n\t\t<\/section>\n\t\t\t\t<section class=\"elementor-section elementor-top-section elementor-element elementor-element-4b88dc2d elementor-section-content-middle elementor-section-boxed elementor-section-height-default elementor-section-height-default\" data-id=\"4b88dc2d\" data-element_type=\"section\" data-settings=\"{&quot;background_background&quot;:&quot;classic&quot;}\">\n\t\t\t\t\t\t\t<div class=\"elementor-background-overlay\"><\/div>\n\t\t\t\t\t\t\t<div class=\"elementor-container elementor-column-gap-default\">\n\t\t\t\t\t<div class=\"elementor-column elementor-col-100 elementor-top-column elementor-element elementor-element-45a53d88 elementor-invisible\" data-id=\"45a53d88\" data-element_type=\"column\" data-settings=\"{&quot;animation&quot;:&quot;fadeInLeft&quot;}\">\n\t\t\t<div class=\"elementor-widget-wrap elementor-element-populated\">\n\t\t\t\t\t\t<div class=\"elementor-element elementor-element-7f783685 elementor-widget elementor-widget-text-editor\" data-id=\"7f783685\" data-element_type=\"widget\" data-widget_type=\"text-editor.default\">\n\t\t\t\t<div class=\"elementor-widget-container\">\n\t\t\t\t\t\t\t\t\t<p>En compliment de la Llei 34\/2002, de Serveis de la Societat de la Informaci\u00f3 i de Comer\u00e7 Electr\u00f2nic, l&#039;informem que aquesta p\u00e0gina web \u00e9s propietat de SUSHIDARO SL, (d&#039;ara endavant EL &#034;TITULAR&#034;), amb CIF: B55222269, amb domicili social al CARRER JOSEP BAS 21, 17250 PLATJA D ARO, Girona; tel\u00e8fon 615300334.<\/p><p>\u00a0<\/p><p class=\"titol text-bold text-uppercase\"><strong>PROPIETAT INTEL\u00b7LECTUAL I INDUSTRIAL<\/strong><\/p><p>Els continguts d&#039;aquest lloc, incloent-hi els textos, imatges i dissenys gr\u00e0fics, pertanyen AL TITULAR, o a tercers que n&#039;han autoritzat el seu \u00fas. EL TITULAR presenta aquests continguts amb finalitats d&#039;informaci\u00f3 i promoci\u00f3. EL TITULAR autoritza la seva utilitzaci\u00f3 exclusivament amb aquestes finalitats. Qualsevol utilitzaci\u00f3 d&#039;aquests dissenys, imatges o textos haur\u00e0 de citar expressament la seva pertinen\u00e7a AL PROPIETARI, que es reserva el dret a iniciar les accions legals oportunes per reparar els danys i perjudicis causats per qualsevol acte que vulneri els seus drets de propietat intel\u00b7lectual o industrial.<\/p><p>\u00a0<\/p><p class=\"titol text-bold text-uppercase\"><strong>EXCLUSI\u00d3 DE RESPONSABILITAT<\/strong><\/p><p>EL TITULAR actua amb la m\u00e0xima dilig\u00e8ncia possible, de manera que les dades i la informaci\u00f3 que ofereix en el seu web \u00e9s la vigent i en la presa de temps, per\u00f2 no garanteix ni es fa responsable de l&#039;exactitud i actualitzaci\u00f3 dels continguts de la web, i es reserva el dret a modificar aquests continguts en qualsevol moment. EL PROPIETARI no ser\u00e0 responsable de la informaci\u00f3 que es pot obtenir a trav\u00e9s d&#039;enlla\u00e7os inclosos en el lloc web.<\/p><p>Les relacions comercials amb els clients es regir\u00e0 per les Condicions Generals que, en el seu cas, puguin ser establerts per part de L&#039;empresa en un document concret a aquest efecte, o per acords concrets que podria ser acordats amb els clients.<\/p><p>\u00a0<\/p><p class=\"titol text-bold text-uppercase\"><strong>TERMES D&#039;\u00daS<\/strong><\/p><p>L&#039;\u00fas d&#039;aquest web implica l&#039;acceptaci\u00f3 plena dels termes i condicions del present av\u00eds legal. Els possibles conflictes relatius a aquest web es regiran exclusivament pel dret de l&#039;Estat espanyol. Tots els usuaris de la p\u00e0gina web, independentment de la jurisdicci\u00f3 territorial des de la qual es produeixi el seu acc\u00e9s, accepta el compliment i respecte d&#039;aquests termes i condicions, amb ren\u00fancia expressa a qualsevol altre fur que li pogu\u00e9s correspondre.<\/p>\t\t\t\t\t\t\t\t<\/div>\n\t\t\t\t<\/div>\n\t\t\t\t\t<\/div>\n\t\t<\/div>\n\t\t\t\t\t<\/div>\n\t\t<\/section>\n\t\t\t\t<\/div>","protected":false},"excerpt":{"rendered":"<p>De conformidad con la Ley 34\/2002, de Servicios de la Sociedad de la Informaci\u00f3n y de Comercio Electr\u00f3nico, le informamos que esta web es titularidad de SUSHIDARO SL, (en adelante \u201cEL TITULAR\u201d), con CIF: B55222269, con domicilio en CARRER JOSEP BAS 21, 17250 PLATJA D\u2019ARO, Girona; tel\u00e9fono 615300334. \u00a0 PROPIEDAD INTELECTUAL E INDUSTRIAL Los contenidos&hellip;&nbsp;<a href=\"https:\/\/sushidaro.com\/ca\/aviso-legal\/\" rel=\"bookmark\"><span class=\"screen-reader-text\">Av\u00eds Legal<\/span><\/a><\/p>","protected":false},"author":1,"featured_media":0,"parent":0,"menu_order":0,"comment_status":"closed","ping_status":"closed","template":"page-templates\/template-pagebuilder-full-width.php","meta":{"neve_meta_sidebar":"","neve_meta_container":"","neve_meta_enable_content_width":"off","neve_meta_content_width":100,"neve_meta_title_alignment":"","neve_meta_author_avatar":"","neve_post_elements_order":"","neve_meta_disable_header":"","neve_meta_disable_footer":"","neve_meta_disable_title":"","footnotes":""},"class_list":["post-317","page","type-page","status-publish","hentry"],"yoast_head":"<!-- This site is optimized with the Yoast SEO plugin v25.3.1 - https:\/\/yoast.com\/wordpress\/plugins\/seo\/ -->\n<title>Aviso legal - Sushi d&#039;Aro \u2013 Sushi Restaurant Platja d&#039;Aro<\/title>\n<meta name=\"robots\" content=\"index, follow, max-snippet:-1, max-image-preview:large, max-video-preview:-1\" \/>\n<link rel=\"canonical\" href=\"https:\/\/sushidaro.com\/ca\/aviso-legal\/\" \/>\n<meta property=\"og:locale\" content=\"ca_ES\" \/>\n<meta property=\"og:type\" content=\"article\" \/>\n<meta property=\"og:title\" content=\"Aviso legal - Sushi d&#039;Aro \u2013 Sushi Restaurant Platja d&#039;Aro\" \/>\n<meta property=\"og:description\" content=\"De conformidad con la Ley 34\/2002, de Servicios de la Sociedad de la Informaci\u00f3n y de Comercio Electr\u00f3nico, le informamos que esta web es titularidad de SUSHIDARO SL, (en adelante \u201cEL TITULAR\u201d), con CIF: B55222269, con domicilio en CARRER JOSEP BAS 21, 17250 PLATJA D\u2019ARO, Girona; tel\u00e9fono 615300334. \u00a0 PROPIEDAD INTELECTUAL E INDUSTRIAL Los contenidos&hellip;&nbsp;Aviso legal\" \/>\n<meta property=\"og:url\" content=\"https:\/\/sushidaro.com\/ca\/aviso-legal\/\" \/>\n<meta property=\"og:site_name\" content=\"Sushi d&#039;Aro \u2013 Sushi Restaurant Platja d&#039;Aro\" \/>\n<meta property=\"article:modified_time\" content=\"2023-07-02T19:18:40+00:00\" \/>\n<meta name=\"twitter:card\" content=\"summary_large_image\" \/>\n<meta name=\"twitter:label1\" content=\"Temps estimat de lectura\" \/>\n\t<meta name=\"twitter:data1\" content=\"2 minuts\" \/>\n<script type=\"application\/ld+json\" class=\"yoast-schema-graph\">{\"@context\":\"https:\/\/schema.org\",\"@graph\":[{\"@type\":\"WebPage\",\"@id\":\"https:\/\/sushidaro.com\/aviso-legal\/\",\"url\":\"https:\/\/sushidaro.com\/aviso-legal\/\",\"name\":\"Aviso legal - Sushi d&#039;Aro \u2013 Sushi Restaurant Platja d&#039;Aro\",\"isPartOf\":{\"@id\":\"https:\/\/sushidaro.com\/#website\"},\"datePublished\":\"2023-07-02T19:14:05+00:00\",\"dateModified\":\"2023-07-02T19:18:40+00:00\",\"breadcrumb\":{\"@id\":\"https:\/\/sushidaro.com\/aviso-legal\/#breadcrumb\"},\"inLanguage\":\"ca\",\"potentialAction\":[{\"@type\":\"ReadAction\",\"target\":[\"https:\/\/sushidaro.com\/aviso-legal\/\"]}]},{\"@type\":\"BreadcrumbList\",\"@id\":\"https:\/\/sushidaro.com\/aviso-legal\/#breadcrumb\",\"itemListElement\":[{\"@type\":\"ListItem\",\"position\":1,\"name\":\"Portada\",\"item\":\"https:\/\/sushidaro.com\/\"},{\"@type\":\"ListItem\",\"position\":2,\"name\":\"Aviso legal\"}]},{\"@type\":\"WebSite\",\"@id\":\"https:\/\/sushidaro.com\/#website\",\"url\":\"https:\/\/sushidaro.com\/\",\"name\":\"Sushi d&#039;Aro \u2013 Sushi Restaurant Platja d&#039;Aro\",\"description\":\"Restaurante de Sushi en Girona\",\"potentialAction\":[{\"@type\":\"SearchAction\",\"target\":{\"@type\":\"EntryPoint\",\"urlTemplate\":\"https:\/\/sushidaro.com\/?s={search_term_string}\"},\"query-input\":{\"@type\":\"PropertyValueSpecification\",\"valueRequired\":true,\"valueName\":\"search_term_string\"}}],\"inLanguage\":\"ca\"}]}<\/script>\n<!-- \/ Yoast SEO plugin. -->","yoast_head_json":{"title":"Aviso legal - Sushi d&#039;Aro \u2013 Sushi Restaurant Platja d&#039;Aro","robots":{"index":"index","follow":"follow","max-snippet":"max-snippet:-1","max-image-preview":"max-image-preview:large","max-video-preview":"max-video-preview:-1"},"canonical":"https:\/\/sushidaro.com\/ca\/aviso-legal\/","og_locale":"ca_ES","og_type":"article","og_title":"Aviso legal - Sushi d&#039;Aro \u2013 Sushi Restaurant Platja d&#039;Aro","og_description":"De conformidad con la Ley 34\/2002, de Servicios de la Sociedad de la Informaci\u00f3n y de Comercio Electr\u00f3nico, le informamos que esta web es titularidad de SUSHIDARO SL, (en adelante \u201cEL TITULAR\u201d), con CIF: B55222269, con domicilio en CARRER JOSEP BAS 21, 17250 PLATJA D\u2019ARO, Girona; tel\u00e9fono 615300334. \u00a0 PROPIEDAD INTELECTUAL E INDUSTRIAL Los contenidos&hellip;&nbsp;Aviso legal","og_url":"https:\/\/sushidaro.com\/ca\/aviso-legal\/","og_site_name":"Sushi d&#039;Aro \u2013 Sushi Restaurant Platja d&#039;Aro","article_modified_time":"2023-07-02T19:18:40+00:00","twitter_card":"summary_large_image","twitter_misc":{"Temps estimat de lectura":"2 minuts"},"schema":{"@context":"https:\/\/schema.org","@graph":[{"@type":"WebPage","@id":"https:\/\/sushidaro.com\/aviso-legal\/","url":"https:\/\/sushidaro.com\/aviso-legal\/","name":"Aviso legal - Sushi d&#039;Aro \u2013 Sushi Restaurant Platja d&#039;Aro","isPartOf":{"@id":"https:\/\/sushidaro.com\/#website"},"datePublished":"2023-07-02T19:14:05+00:00","dateModified":"2023-07-02T19:18:40+00:00","breadcrumb":{"@id":"https:\/\/sushidaro.com\/aviso-legal\/#breadcrumb"},"inLanguage":"ca","potentialAction":[{"@type":"ReadAction","target":["https:\/\/sushidaro.com\/aviso-legal\/"]}]},{"@type":"BreadcrumbList","@id":"https:\/\/sushidaro.com\/aviso-legal\/#breadcrumb","itemListElement":[{"@type":"ListItem","position":1,"name":"Portada","item":"https:\/\/sushidaro.com\/"},{"@type":"ListItem","position":2,"name":"Aviso legal"}]},{"@type":"WebSite","@id":"https:\/\/sushidaro.com\/#website","url":"https:\/\/sushidaro.com\/","name":"Sushi d&#039;Aro \u2013 Sushi Restaurant Platja d&#039;Aro","description":"Restaurante de Sushi en Girona","potentialAction":[{"@type":"SearchAction","target":{"@type":"EntryPoint","urlTemplate":"https:\/\/sushidaro.com\/?s={search_term_string}"},"query-input":{"@type":"PropertyValueSpecification","valueRequired":true,"valueName":"search_term_string"}}],"inLanguage":"ca"}]}},"_links":{"self":[{"href":"https:\/\/sushidaro.com\/ca\/wp-json\/wp\/v2\/pages\/317","targetHints":{"allow":["GET"]}}],"collection":[{"href":"https:\/\/sushidaro.com\/ca\/wp-json\/wp\/v2\/pages"}],"about":[{"href":"https:\/\/sushidaro.com\/ca\/wp-json\/wp\/v2\/types\/page"}],"author":[{"embeddable":true,"href":"https:\/\/sushidaro.com\/ca\/wp-json\/wp\/v2\/users\/1"}],"replies":[{"embeddable":true,"href":"https:\/\/sushidaro.com\/ca\/wp-json\/wp\/v2\/comments?post=317"}],"version-history":[{"count":7,"href":"https:\/\/sushidaro.com\/ca\/wp-json\/wp\/v2\/pages\/317\/revisions"}],"predecessor-version":[{"id":324,"href":"https:\/\/sushidaro.com\/ca\/wp-json\/wp\/v2\/pages\/317\/revisions\/324"}],"wp:attachment":[{"href":"https:\/\/sushidaro.com\/ca\/wp-json\/wp\/v2\/media?parent=317"}],"curies":[{"name":"wp","href":"https:\/\/api.w.org\/{rel}","templated":true}]}}